{"id":4381,"date":"2023-06-20T20:23:00","date_gmt":"2023-06-20T18:23:00","guid":{"rendered":"https:\/\/sgap-sppa.com\/?page_id=4381"},"modified":"2024-01-03T14:01:38","modified_gmt":"2024-01-03T13:01:38","slug":"weiterbildung","status":"publish","type":"page","link":"https:\/\/sgap-sppa.ch\/de\/weiterbildung\/","title":{"rendered":"Weiterbildung"},"content":{"rendered":"<p>[et_pb_section fb_built=&#8220;1&#8243; module_class=&#8220;page-hero-section-image&#8220; _builder_version=&#8220;4.21.0&#8243; _module_preset=&#8220;default&#8220; background_image=&#8220;https:\/\/sgap-sppa.ch\/wp-content\/uploads\/2023\/08\/mesh-gradient-3c.jpg&#8220; background_last_edited=&#8220;on|phone&#8220; background_image_phone=&#8220;https:\/\/sgap-sppa.ch\/wp-content\/uploads\/2023\/08\/mesh-gradient-3-mobile-2.jpg&#8220; background_enable_image_phone=&#8220;on&#8220; saved_tabs=&#8220;all&#8220; global_colors_info=&#8220;{}&#8220;][et_pb_row _builder_version=&#8220;4.16&#8243; _module_preset=&#8220;default&#8220; global_colors_info=&#8220;{}&#8220;][et_pb_column type=&#8220;4_4&#8243; _builder_version=&#8220;4.16&#8243; _module_preset=&#8220;default&#8220; global_colors_info=&#8220;{}&#8220;][et_pb_text _builder_version=&#8220;4.16&#8243; _module_preset=&#8220;default&#8220; global_colors_info=&#8220;{}&#8220;]<\/p>\n<h1>Weiterbildung<\/h1>\n<p>[\/et_pb_text][\/et_pb_column][\/et_pb_row][\/et_pb_section][et_pb_section fb_built=&#8220;1&#8243; module_class=&#8220;elementColor-grey400&#8243; _builder_version=&#8220;4.16&#8243; _module_preset=&#8220;default&#8220; global_colors_info=&#8220;{}&#8220;][et_pb_row _builder_version=&#8220;4.16&#8243; _module_preset=&#8220;default&#8220; global_colors_info=&#8220;{}&#8220;][et_pb_column type=&#8220;4_4&#8243; _builder_version=&#8220;4.16&#8243; _module_preset=&#8220;default&#8220; global_colors_info=&#8220;{}&#8220;][et_pb_text module_class=&#8220;font-weight-400&#8243; _builder_version=&#8220;4.21.0&#8243; _module_preset=&#8220;default&#8220; global_colors_info=&#8220;{}&#8220;]<\/p>\n<h3 class=\"\">&#8222;Ich mache den Schwerpunkt!&#8220;<\/h3>\n<h3 class=\"\">Spezialisierung in Alterspsychiatrie und -psychotherapie<\/h3>\n<p>[\/et_pb_text][\/et_pb_column][\/et_pb_row][\/et_pb_section][et_pb_section fb_built=&#8220;1&#8243; _builder_version=&#8220;4.21.0&#8243; _module_preset=&#8220;default&#8220; global_colors_info=&#8220;{}&#8220;][et_pb_row _builder_version=&#8220;4.21.0&#8243; _module_preset=&#8220;default&#8220; global_colors_info=&#8220;{}&#8220;][et_pb_column type=&#8220;4_4&#8243; _builder_version=&#8220;4.21.0&#8243; _module_preset=&#8220;default&#8220; global_colors_info=&#8220;{}&#8220;][et_pb_text _builder_version=&#8220;4.21.0&#8243; _module_preset=&#8220;default&#8220; global_colors_info=&#8220;{}&#8220;]<\/p>\n<h1>Den Schwerpunkt Alterspsychiatrie und \u2013psychotherapie zu erwerben, lohnt sich!<\/h1>\n<p>[\/et_pb_text][\/et_pb_column][\/et_pb_row][et_pb_row _builder_version=&#8220;4.21.0&#8243; _module_preset=&#8220;default&#8220; global_colors_info=&#8220;{}&#8220;][et_pb_column type=&#8220;4_4&#8243; _builder_version=&#8220;4.21.0&#8243; _module_preset=&#8220;default&#8220; global_colors_info=&#8220;{}&#8220;][et_pb_text _builder_version=&#8220;4.21.0&#8243; _module_preset=&#8220;default&#8220; global_colors_info=&#8220;{}&#8220;]<\/p>\n<p>Das Bewusstsein der M\u00f6glichkeit und sogar Notwendigkeit, etwas f\u00fcr die \u00e4rztliche Unterst\u00fctzung alter Menschen mit psychischen St\u00f6rungen zu unternehmen, ist noch gar nicht so alt.<br \/>Bis vor nicht allzu langer Zeit gingen nur wenige \u00e4ltere Menschen freiwillig zum Psychiater, nicht zuletzt darum, weil dieser auch eigene Ber\u00fchrungs\u00e4ngste hatte, besonders zu somatischen Fragen.<br \/>Die Anzahl \u00e4lterer Menschen nimmt stetig zu und ihre Anspr\u00fcche ver\u00e4ndern sich: sie erwarten qualitativ hochstehende psychiatrische Dienstleistungen &#8211; auch f\u00fcr ihre Altersgruppe. Somit werden heute Alterspsychiater\/Innen gesucht, deren Fachkompetenz auf dem neusten Stand ist.<\/p>\n<p>[\/et_pb_text][et_pb_text _builder_version=&#8220;4.21.0&#8243; _module_preset=&#8220;default&#8220; global_colors_info=&#8220;{}&#8220;]<\/p>\n<div class=\"ce-textpic ce-center ce-above\">\n<div class=\"ce-bodytext\">\n<h3>Hier nur ein paar Gr\u00fcnde f\u00fcr Ihren Schwerpunkt:<\/h3>\n<ul>\n<li>Die 6-monatige alterspsychiatrische Weiterbildungsperiode im Rahmen der Facharztweiterbildung reicht nicht aus, um vertiefte Kompetenzen in diesem Gebiet zu erwerben.<\/li>\n<\/ul>\n<ul>\n<li>Die zunehmende Zahl \u00e4lterer Menschen aber auch die geringere Hemmung, psychiatrische Unterst\u00fctzung in Anspruch zu nehmen, machen die Alterspsychiater\/innen zu zunehmend gefragten Fachleuten.<\/li>\n<\/ul>\n<ul>\n<li>Berufspolitisch und bez\u00fcglich der Entwicklung der alterspsychiatrischen Versorgungsstrukturen nimmt die Schweiz eine Vorreiterrolle ein! In Europa ist sie eines der wenigen L\u00e4nder, in denen ein Schwerpunkt in Alterspsychiatrie und -psychotherapie angeboten wird, im deutschsprachigen Raum sogar das einzige. Ein Plus, das Kompetenzen und Qualit\u00e4t des Schwerpunkttr\u00e4gers ausweist und so seine berufliche Laufbahn beg\u00fcnstigt und seine Vernetzung beschleunigt.<\/li>\n<\/ul>\n<ul>\n<li>Nur jene Institution, die von einem Schwerpunkttitel-Tr\u00e4ger geleitet wird, kann als Weiterbildungsst\u00e4tte f\u00fcr Alterspsychiatrie und \u2013psychotherapie von der FMH anerkannt werden.<\/li>\n<\/ul>\n<\/div>\n<\/div>\n<p>[\/et_pb_text][\/et_pb_column][\/et_pb_row][\/et_pb_section][et_pb_section fb_built=&#8220;1&#8243; _builder_version=&#8220;4.21.0&#8243; _module_preset=&#8220;default&#8220; global_colors_info=&#8220;{}&#8220;][et_pb_row column_structure=&#8220;1_2,1_2&#8243; _builder_version=&#8220;4.21.0&#8243; _module_preset=&#8220;default&#8220; global_colors_info=&#8220;{}&#8220;][et_pb_column type=&#8220;1_2&#8243; _builder_version=&#8220;4.21.0&#8243; _module_preset=&#8220;default&#8220; global_colors_info=&#8220;{}&#8220;][et_pb_image src=&#8220;https:\/\/sgap-sppa.ch\/wp-content\/uploads\/2024\/01\/SGAP_Icon_Weiterbildung-Teal-1.svg&#8220; title_text=&#8220;SGAP_Icon_Weiterbildung Teal&#8220; module_class=&#8220;sgap-image-wide&#8220; _builder_version=&#8220;4.23.4&#8243; _module_preset=&#8220;default&#8220; background_color=&#8220;#d6f2f8&#8243; hover_enabled=&#8220;0&#8243; global_colors_info=&#8220;{}&#8220; sticky_enabled=&#8220;0&#8243;][\/et_pb_image][\/et_pb_column][et_pb_column type=&#8220;1_2&#8243; _builder_version=&#8220;4.21.0&#8243; _module_preset=&#8220;default&#8220; global_colors_info=&#8220;{}&#8220;][et_pb_text _builder_version=&#8220;4.21.0&#8243; _module_preset=&#8220;default&#8220; global_colors_info=&#8220;{}&#8220;]<\/p>\n<h2>Weiterbildungskurse und Pr\u00fcfungen<\/h2>\n<p>[\/et_pb_text][et_pb_text _builder_version=&#8220;4.21.0&#8243; _module_preset=&#8220;default&#8220; global_colors_info=&#8220;{}&#8220;]<\/p>\n<p>Finden Sie hier alle Informationen und Termine zu den Weiterbildungskursen der SGAP und den Pr\u00fcfungen (schriftlich und m\u00fcndlich).<\/p>\n<p>[\/et_pb_text][et_pb_button button_url=&#8220;@ET-DC@eyJkeW5hbWljIjp0cnVlLCJjb250ZW50IjoicG9zdF9saW5rX3VybF9wYWdlIiwic2V0dGluZ3MiOnsicG9zdF9pZCI6IjQzOTUifX0=@&#8220; button_text=&#8220;Weiter&#8220; module_class=&#8220;vv-et-btn-accent-outline-light&#8220; _builder_version=&#8220;4.21.0&#8243; _dynamic_attributes=&#8220;button_url&#8220; _module_preset=&#8220;default&#8220; global_colors_info=&#8220;{}&#8220;][\/et_pb_button][\/et_pb_column][\/et_pb_row][\/et_pb_section][et_pb_section fb_built=&#8220;1&#8243; _builder_version=&#8220;4.21.0&#8243; _module_preset=&#8220;default&#8220; global_colors_info=&#8220;{}&#8220;][et_pb_row column_structure=&#8220;1_2,1_2&#8243; _builder_version=&#8220;4.21.0&#8243; _module_preset=&#8220;default&#8220; global_colors_info=&#8220;{}&#8220;][et_pb_column type=&#8220;1_2&#8243; _builder_version=&#8220;4.21.0&#8243; _module_preset=&#8220;default&#8220; global_colors_info=&#8220;{}&#8220;][et_pb_text _builder_version=&#8220;4.22.1&#8243; _module_preset=&#8220;default&#8220; link_option_url_new_window=&#8220;on&#8220; global_colors_info=&#8220;{}&#8220;]<\/p>\n<header>\n<h3 class=\"\">Weiterbildungsprogramm (WBP)<\/h3>\n<\/header>\n<div class=\"ce-textpic ce-center ce-above\">\n<div class=\"ce-bodytext\">\n<p>Das Weiterbildungsprogramm f\u00fcr den Facharzt f\u00fcr Psychiatrie und Psychotherapie\u00a0inkl. den Schwerpunkt Alterspsychiatrie -und Psychotherapie sowie s\u00e4mtliche weitere Informationen zur Weiterbildung\u00a0finden Sie auf der Internetseite der FMH.<\/p>\n<\/div>\n<\/div>\n<p>[\/et_pb_text][et_pb_button button_url=&#8220;https:\/\/www.siwf.ch\/weiterbildung\/facharzttitel-und-schwerpunkte\/psychiatrie-und-psychotherapie.cfm&#8220; url_new_window=&#8220;on&#8220; button_text=&#8220;Zum Weiterbildungsprogramm&#8220; module_class=&#8220;vv-et-btn-accent-outline-light&#8220; _builder_version=&#8220;4.21.0&#8243; _module_preset=&#8220;default&#8220; global_colors_info=&#8220;{}&#8220;][\/et_pb_button][\/et_pb_column][et_pb_column type=&#8220;1_2&#8243; _builder_version=&#8220;4.21.0&#8243; _module_preset=&#8220;default&#8220; global_colors_info=&#8220;{}&#8220;][et_pb_image src=&#8220;https:\/\/sgap-sppa.ch\/wp-content\/uploads\/2023\/08\/SIWF_Logo_3x2.png&#8220; title_text=&#8220;SIWF_Logo_3x2&#8243; module_class=&#8220;sgap-image-wide elementColor-grey400&#8243; _builder_version=&#8220;4.22.2&#8243; _module_preset=&#8220;default&#8220; background_color=&#8220;RGBA(255,255,255,0)&#8220; global_colors_info=&#8220;{}&#8220;][\/et_pb_image][\/et_pb_column][\/et_pb_row][\/et_pb_section][et_pb_section fb_built=&#8220;1&#8243; _builder_version=&#8220;4.21.0&#8243; _module_preset=&#8220;default&#8220; global_colors_info=&#8220;{}&#8220;][et_pb_row column_structure=&#8220;1_2,1_2&#8243; _builder_version=&#8220;4.21.0&#8243; _module_preset=&#8220;default&#8220; global_colors_info=&#8220;{}&#8220;][et_pb_column type=&#8220;1_2&#8243; _builder_version=&#8220;4.21.0&#8243; _module_preset=&#8220;default&#8220; global_colors_info=&#8220;{}&#8220;][et_pb_image src=&#8220;https:\/\/sgap-sppa.ch\/wp-content\/uploads\/2024\/01\/SGAP_Icon_Register-SIWF-Teal-1.svg&#8220; title_text=&#8220;SGAP_Icon_Register-SIWF Teal&#8220; align=&#8220;center&#8220; module_class=&#8220;sgap-image-wide&#8220; _builder_version=&#8220;4.23.4&#8243; _module_preset=&#8220;default&#8220; background_color=&#8220;#d6f2f8&#8243; hover_enabled=&#8220;0&#8243; global_colors_info=&#8220;{}&#8220; sticky_enabled=&#8220;0&#8243;][\/et_pb_image][\/et_pb_column][et_pb_column type=&#8220;1_2&#8243; _builder_version=&#8220;4.21.0&#8243; _module_preset=&#8220;default&#8220; global_colors_info=&#8220;{}&#8220;][et_pb_text _builder_version=&#8220;4.21.0&#8243; _module_preset=&#8220;default&#8220; global_colors_info=&#8220;{}&#8220;]<\/p>\n<div id=\"c7034\" class=\"csc-frame csc-frame-greybox frame-type-textmedia frame-layout-0\">\n<header>\n<h3 class=\"\">Weiterbildungsst\u00e4tten<\/h3>\n<h5 class=\"\">Wichtige Mitteilung an die Leiter von spezifischen und nicht spezifischen alterspsychiatrischer WB-St\u00e4tten:<\/h5>\n<\/header>\n<div class=\"ce-textpic ce-center ce-above\">\n<div class=\"ce-bodytext\">\n<p>Wir bitten die Leiter aller WB-St\u00e4tten der folgenden Facharzt- und Schwerpunkttitel,\u00a0Ihre Weiterbildungen mit alterspsychiatrischen Schwerpunktthemen der SGAP zu melden.<\/p>\n<ul>\n<li>Psychiatrie und Psychotherapie<\/li>\n<li>Alterspsychiatrie und -Psychotherapie<\/li>\n<li>Neurologie<\/li>\n<li>Geriatrie<\/li>\n<\/ul>\n<\/div>\n<\/div>\n<\/div>\n<p>[\/et_pb_text][et_pb_button button_url=&#8220;https:\/\/www.siwf-register.ch\/&#8220; url_new_window=&#8220;on&#8220; button_text=&#8220;Register der zertifizierten Weiterbildungsst\u00e4tten&#8220; module_class=&#8220;vv-et-btn-accent-outline-light&#8220; _builder_version=&#8220;4.21.0&#8243; _module_preset=&#8220;default&#8220; global_colors_info=&#8220;{}&#8220;][\/et_pb_button][\/et_pb_column][\/et_pb_row][\/et_pb_section]<\/p>\n","protected":false},"excerpt":{"rendered":"<p>Weiterbildung&#8220;Ich mache den Schwerpunkt!&#8220; Spezialisierung in Alterspsychiatrie und -psychotherapieDen Schwerpunkt Alterspsychiatrie und \u2013psychotherapie zu erwerben, lohnt sich!Das Bewusstsein der M\u00f6glichkeit und sogar Notwendigkeit, etwas f\u00fcr die \u00e4rztliche Unterst\u00fctzung alter Menschen [&hellip;]<\/p>\n","protected":false},"author":1,"featured_media":0,"parent":0,"menu_order":0,"comment_status":"closed","ping_status":"closed","template":"","meta":{"_et_pb_use_builder":"on","_et_pb_old_content":"","_et_gb_content_width":"","footnotes":""},"class_list":["post-4381","page","type-page","status-publish","hentry"],"_links":{"self":[{"href":"https:\/\/sgap-sppa.ch\/de\/wp-json\/wp\/v2\/pages\/4381","targetHints":{"allow":["GET"]}}],"collection":[{"href":"https:\/\/sgap-sppa.ch\/de\/wp-json\/wp\/v2\/pages"}],"about":[{"href":"https:\/\/sgap-sppa.ch\/de\/wp-json\/wp\/v2\/types\/page"}],"author":[{"embeddable":true,"href":"https:\/\/sgap-sppa.ch\/de\/wp-json\/wp\/v2\/users\/1"}],"replies":[{"embeddable":true,"href":"https:\/\/sgap-sppa.ch\/de\/wp-json\/wp\/v2\/comments?post=4381"}],"version-history":[{"count":29,"href":"https:\/\/sgap-sppa.ch\/de\/wp-json\/wp\/v2\/pages\/4381\/revisions"}],"predecessor-version":[{"id":6754,"href":"https:\/\/sgap-sppa.ch\/de\/wp-json\/wp\/v2\/pages\/4381\/revisions\/6754"}],"wp:attachment":[{"href":"https:\/\/sgap-sppa.ch\/de\/wp-json\/wp\/v2\/media?parent=4381"}],"curies":[{"name":"wp","href":"https:\/\/api.w.org\/{rel}","templated":true}]}}