{"id":4395,"date":"2023-06-22T09:56:53","date_gmt":"2023-06-22T07:56:53","guid":{"rendered":"https:\/\/sgap-sppa.com\/?page_id=4395"},"modified":"2026-02-11T13:58:13","modified_gmt":"2026-02-11T12:58:13","slug":"kurse-und-pruefung","status":"publish","type":"page","link":"https:\/\/sgap-sppa.ch\/de\/weiterbildung\/kurse-und-pruefung\/","title":{"rendered":"Kurse und Pr\u00fcfung"},"content":{"rendered":"<p>[et_pb_section fb_built=&#8220;1&#8243; module_class=&#8220;page-hero-section-image&#8220; _builder_version=&#8220;4.22.1&#8243; _module_preset=&#8220;default&#8220; background_image=&#8220;https:\/\/sgap-sppa.ch\/wp-content\/uploads\/2023\/08\/mesh-gradient-3c.jpg&#8220; background_last_edited=&#8220;on|phone&#8220; background_image_phone=&#8220;https:\/\/sgap-sppa.ch\/wp-content\/uploads\/2023\/08\/mesh-gradient-3-mobile-2.jpg&#8220; background_enable_image_phone=&#8220;on&#8220; saved_tabs=&#8220;all&#8220; global_colors_info=&#8220;{}&#8220;][et_pb_row _builder_version=&#8220;4.16&#8243; _module_preset=&#8220;default&#8220; global_colors_info=&#8220;{}&#8220;][et_pb_column type=&#8220;4_4&#8243; _builder_version=&#8220;4.16&#8243; _module_preset=&#8220;default&#8220; global_colors_info=&#8220;{}&#8220;][et_pb_text _builder_version=&#8220;4.22.1&#8243; _module_preset=&#8220;default&#8220; background_enable_image=&#8220;off&#8220; global_colors_info=&#8220;{}&#8220;]<\/p>\n<h1>Kurse, Pr\u00fcfungen und Credits<\/h1>\n<p>[\/et_pb_text][\/et_pb_column][\/et_pb_row][\/et_pb_section][et_pb_section fb_built=&#8220;1&#8243; disabled_on=&#8220;on|on|on&#8220; module_class=&#8220;vv-section-breadcrumb&#8220; _builder_version=&#8220;4.23.1&#8243; _module_preset=&#8220;default&#8220; disabled=&#8220;on&#8220; global_colors_info=&#8220;{}&#8220;][et_pb_row _builder_version=&#8220;4.21.0&#8243; _module_preset=&#8220;default&#8220; global_colors_info=&#8220;{}&#8220;][et_pb_column type=&#8220;4_4&#8243; _builder_version=&#8220;4.21.0&#8243; _module_preset=&#8220;default&#8220; global_colors_info=&#8220;{}&#8220;][et_pb_text _builder_version=&#8220;4.23&#8243; _module_preset=&#8220;default&#8220; global_colors_info=&#8220;{}&#8220;]<\/p>\n<ul class=\"vv-breadcrumb\">\n<li><a href=\"\/de\">Home<\/a><\/li>\n<li><a href=\"https:\/\/sgap-sppa.ch\/de\/weiterbildung\/\">Weiterbildung<\/a><\/li>\n<li><strong>Kurse, Pr\u00fcfungen und Credits<br \/><\/strong><\/li>\n<\/ul>\n<p>[\/et_pb_text][\/et_pb_column][\/et_pb_row][\/et_pb_section][et_pb_section fb_built=&#8220;1&#8243; _builder_version=&#8220;4.21.0&#8243; _module_preset=&#8220;default&#8220; global_colors_info=&#8220;{}&#8220;][et_pb_row _builder_version=&#8220;4.21.0&#8243; _module_preset=&#8220;default&#8220; global_colors_info=&#8220;{}&#8220;][et_pb_column type=&#8220;4_4&#8243; _builder_version=&#8220;4.21.0&#8243; _module_preset=&#8220;default&#8220; global_colors_info=&#8220;{}&#8220;][et_pb_text _builder_version=&#8220;4.23.1&#8243; _module_preset=&#8220;default&#8220; global_colors_info=&#8220;{}&#8220;]<\/p>\n<h1>SGAP-Weiterbildungskurs<\/h1>\n<p>[\/et_pb_text][et_pb_text _builder_version=&#8220;4.27.4&#8243; _module_preset=&#8220;default&#8220; global_colors_info=&#8220;{}&#8220;]<\/p>\n<header>Um den Schwerpunktitel Alterspsychiatrie und -psychotherapie f\u00fcr Fach\u00e4rztinnen\/-\u00e4rzte Psychiatrie und Psychotherapie zu erlangen, m\u00fcssen mindestens 40 Credits im Weiterbildungskurs der SGAP erworben werden.<\/p>\n<p>&nbsp;<\/p>\n<p>Der Weiterbildungskurs dauert jeweils zwei Jahre und beinhaltet theoretische Grundlagen in 14 Modulen:<\/p>\n<ul>\n<li>1. Teil: Modul 1 bis 7<\/li>\n<li>2. Teil: Modul 8 bis 14<\/li>\n<\/ul>\n<\/header>\n<p>[\/et_pb_text][\/et_pb_column][\/et_pb_row][et_pb_row column_structure=&#8220;1_2,1_2&#8243; _builder_version=&#8220;4.21.0&#8243; _module_preset=&#8220;default&#8220; global_colors_info=&#8220;{}&#8220;][et_pb_column type=&#8220;1_2&#8243; _builder_version=&#8220;4.21.0&#8243; _module_preset=&#8220;default&#8220; global_colors_info=&#8220;{}&#8220;][et_pb_text _builder_version=&#8220;4.24.3&#8243; _module_preset=&#8220;default&#8220; global_colors_info=&#8220;{}&#8220;]<\/p>\n<h3>Credits<\/h3>\n<p>Um den Schwerpunktitel Alterspsychiatrie und -psychotherapie f\u00fcr Fach\u00e4rztinnen\/-\u00e4rzte Psychiatrie und Psychotherapie zu erlangen, m\u00fcssen gem\u00e4ss <a href=\"https:\/\/www.siwf.ch\/weiterbildung\/facharzttitel-und-schwerpunkte\/psychiatrie-und-psychotherapie.cfm#i114721\" target=\"_blank\" rel=\"noopener noreferrer\">Anhang 2 (Ziff. 2.2) des Weiterbildungsprogramms<\/a> mindestens 60 Stunden (Credits) theoretische Weiterbildung nachgewiesen werden. Davon sind mindestens 40 Credits in anerkannten regionalen Weiterbildungskursen der SGAP zu absolvieren, die restlichen Credits in den von der SGAP anerkannten Weiterbildungskurse freier Wahl. Diese Kurse werden auf der SGAP-Website aufgef\u00fchrt.<\/p>\n<p>Die Credits f\u00fcr die theoretische Weiterbildung k\u00f6nnen nicht gleichzeitig f\u00fcr den Facharzttitel und den Schwerpunkt angerechnet werden.<\/p>\n<p>Neben dedizierten Weiterbildungskursen k\u00f6nnen auch Besuche internationaler Kongresse sowie Symposien der Weiterbildungsst\u00e4tten als g\u00fcltiges Format f\u00fcr eine Weiterbildung besucht werden. Anerkannte Veranstaltungen werden auf der Webseite in der entsprechenden Kategorie (\u201eanerkannter Kurs f\u00fcr den Schwerpunkt\u201c) ver\u00f6ffentlicht.<\/p>\n<p>[\/et_pb_text][\/et_pb_column][et_pb_column type=&#8220;1_2&#8243; _builder_version=&#8220;4.23&#8243; _module_preset=&#8220;default&#8220; global_colors_info=&#8220;{}&#8220;][et_pb_text _builder_version=&#8220;4.27.4&#8243; _module_preset=&#8220;default&#8220; global_colors_info=&#8220;{}&#8220;]<\/p>\n<h3>Kosten<\/h3>\n<p>Die Kurskosten ab 2026 beziehen sich auf 8 Module (7 Module aus Teil 2 sowie das vorgezogene Modul 1 (Teil 1 aus 2027):<\/p>\n<p>&#8211;&gt; CHF 2&#8217;800.00 (CHF 350.00\/ Modul)<\/p>\n<p>[\/et_pb_text][\/et_pb_column][\/et_pb_row][et_pb_row column_structure=&#8220;1_2,1_2&#8243; _builder_version=&#8220;4.21.0&#8243; _module_preset=&#8220;default&#8220; global_colors_info=&#8220;{}&#8220;][et_pb_column type=&#8220;1_2&#8243; _builder_version=&#8220;4.21.0&#8243; _module_preset=&#8220;default&#8220; global_colors_info=&#8220;{}&#8220;][et_pb_text _builder_version=&#8220;4.24.3&#8243; _module_preset=&#8220;default&#8220; global_colors_info=&#8220;{}&#8220;]<\/p>\n<h3>Anmeldung und Stornierung<\/h3>\n<p>Die Kursanmeldungen aus Teil 1 werden nicht automatisch auf den 2. Teil \u00fcbertragen und umgekehrt. Die Teilnehmer werden gebeten sich f\u00fcr den jeweiligen Teil separat anzumelden.<strong><\/strong><\/p>\n<p>Bitte beachten Sie, dass mit der Einreichung Ihrer Anmeldung folgende Bedingungen in Kraft treten:<\/p>\n<p><strong>Anmeldung<\/strong><\/p>\n<ul>\n<li>Es gibt keine Anmeldefrist.<\/li>\n<li>In den Kurs kann laufend eingestiegen werden.<\/li>\n<\/ul>\n<p><strong>Stornierung\/ Nachholung<\/strong><\/p>\n<ul>\n<li>Wir bitten um Mitteilung, wenn an einem Modul nicht teilgenommen werden kann. Der Anspruch auf die Leistung verf\u00e4llt dann jedoch nicht. Das Modul kann entweder<br \/>a) im \u00fcbern\u00e4chsten Jahr wiederholt werden, wenn der Kurs erneut stattfindet<br \/>b) durch ein beliebig gew\u00e4hltes Modul getauscht werden.<\/li>\n<li>Bei Abwesenheit erfolgt keine Gutschrift oder Stornierung.<\/li>\n<\/ul>\n<p>Um die verpasste Leistung in Anspruch nehmen zu k\u00f6nnen, bedarf es einer erneuten Anmeldung. Bitte weisen Sie unbedingt darauf hin, dass es sich um eine Nachholung handelt.<\/p>\n<p>[\/et_pb_text][\/et_pb_column][et_pb_column type=&#8220;1_2&#8243; _builder_version=&#8220;4.23&#8243; _module_preset=&#8220;default&#8220; global_colors_info=&#8220;{}&#8220;][et_pb_text _builder_version=&#8220;4.27.4&#8243; _module_preset=&#8220;default&#8220; global_colors_info=&#8220;{}&#8220;]<\/p>\n<h3>Neu in 2025\/ 2026<\/h3>\n<p>Bitte beachten Sie, dass der Weiterbildungskurs an einem neuen Standort stattfinden wird.<\/p>\n<p>Seminar- und Konferenzhotel Arte<br \/>Riggenbachstr. 10<br \/>4600 Olten<\/p>\n<p>Bitte beachten Sie auch, dass der Weiterbidungskurs ab 2026 ganzt\u00e4gig stattfinden wird. Weitere Informationen k\u00f6nnen Sie dem Programm 2026 entnehmen.<\/p>\n<p>Vielen Dank f\u00fcr Ihr Verst\u00e4ndnis.<a href=\"https:\/\/www.google.com\/maps\/place\/\/data=!4m2!3m1!1s0x479030336f414efb:0x4e0c5403e8fcc651?sa=X&amp;ved=1t:8290&amp;ictx=111\" style=\"cursor: pointer;\" data-url=\"\/maps\/place\/\/data=!4m2!3m1!1s0x479030336f414efb:0x4e0c5403e8fcc651?sa=X&amp;ved=2ahUKEwit2qPxyMeIAxXg8LsIHbMlK1cQ4kB6BAgGEAA\" data-sb=\"\/url?sa=t&amp;source=web&amp;rct=j&amp;opi=89978449&amp;url=\/maps\/place\/\/data%3D!4m2!3m1!1s0x479030336f414efb:0x4e0c5403e8fcc651%3Fsa%3DX%26ved%3D1t:8290%26ictx%3D111&amp;ved=2ahUKEwit2qPxyMeIAxXg8LsIHbMlK1cQ4kB6BAguEAM&amp;usg=AOvVaw1xXaP_plP4JkqXa7s3wQnA\" tabindex=\"0\"><span><\/span><\/a><\/p>\n<p>[\/et_pb_text][\/et_pb_column][\/et_pb_row][et_pb_row column_structure=&#8220;1_2,1_2&#8243; _builder_version=&#8220;4.24.3&#8243; _module_preset=&#8220;default&#8220; global_colors_info=&#8220;{}&#8220;][et_pb_column type=&#8220;1_2&#8243; _builder_version=&#8220;4.24.3&#8243; _module_preset=&#8220;default&#8220; global_colors_info=&#8220;{}&#8220;][et_pb_text _builder_version=&#8220;4.27.4&#8243; _module_preset=&#8220;default&#8220; global_colors_info=&#8220;{}&#8220;]<\/p>\n<h3>Termine 2026: Teil 2<\/h3>\n<p>Der Kurs findet jeweils am Mittwochnachmittag von 9:00 bis 17:00 Uhr in Olten statt.<\/p>\n<p>8. Modul: <strong>14. Januar 2026<\/strong><br \/>9. Modul: <strong>14. Januar 2026<\/strong><br \/>11. Modul: <strong>1. April 2026<\/strong><br \/>10. Modul: <strong>1. April 2026<\/strong><br \/>12. Modul: <strong>27. Mai\u00a02026<\/strong><br \/>13. Modul: <strong>27. Mai\u00a02026<\/strong><br \/>14. Modul: <strong>14. Oktober 2026<br \/><\/strong>1. Modul:<strong> 14. Oktober 2026<\/strong><strong><\/strong><\/p>\n<p>[\/et_pb_text][et_pb_button button_url=&#8220;https:\/\/sgap-sppa.ch\/wp-content\/uploads\/2026\/02\/Programm_Weiterbildung_2026.pdf&#8220; url_new_window=&#8220;on&#8220; button_text=&#8220;Programm Weiterbildungskurs 2026&#8243; module_class=&#8220;vv-et-btn-accent-outline-light&#8220; _builder_version=&#8220;4.27.4&#8243; _module_preset=&#8220;default&#8220; hover_enabled=&#8220;0&#8243; global_colors_info=&#8220;{}&#8220; sticky_enabled=&#8220;0&#8243;][\/et_pb_button][et_pb_button button_url=&#8220;https:\/\/sgap-sppa.ch\/wp-content\/uploads\/2025\/09\/Anmeldung_Weiterbildung_2026-1.pdf&#8220; url_new_window=&#8220;on&#8220; button_text=&#8220;Anmeldeformular Weiterbildungskurs 2026&#8243; module_class=&#8220;vv-et-btn-accent-outline-light&#8220; _builder_version=&#8220;4.27.4&#8243; _module_preset=&#8220;default&#8220; global_colors_info=&#8220;{}&#8220;][\/et_pb_button][et_pb_button module_class=&#8220;vv-et-btn-accent-outline-light&#8220; _builder_version=&#8220;4.24.3&#8243; _module_preset=&#8220;default&#8220; global_colors_info=&#8220;{}&#8220;][\/et_pb_button][\/et_pb_column][et_pb_column type=&#8220;1_2&#8243; _builder_version=&#8220;4.27.4&#8243; _module_preset=&#8220;default&#8220; global_colors_info=&#8220;{}&#8220;][\/et_pb_column][\/et_pb_row][\/et_pb_section][et_pb_section fb_built=&#8220;1&#8243; module_class=&#8220;elementColor-grey400&#8243; _builder_version=&#8220;4.21.0&#8243; _module_preset=&#8220;default&#8220; global_colors_info=&#8220;{}&#8220;][et_pb_row _builder_version=&#8220;4.21.0&#8243; _module_preset=&#8220;default&#8220; global_colors_info=&#8220;{}&#8220;][et_pb_column type=&#8220;4_4&#8243; _builder_version=&#8220;4.21.0&#8243; _module_preset=&#8220;default&#8220; global_colors_info=&#8220;{}&#8220;][et_pb_text _builder_version=&#8220;4.23.1&#8243; _module_preset=&#8220;default&#8220; global_colors_info=&#8220;{}&#8220;]<\/p>\n<h1>SGAP-Schwerpunktpr\u00fcfung<\/h1>\n<p>[\/et_pb_text][\/et_pb_column][\/et_pb_row][et_pb_row column_structure=&#8220;1_2,1_2&#8243; _builder_version=&#8220;4.21.0&#8243; _module_preset=&#8220;default&#8220; global_colors_info=&#8220;{}&#8220;][et_pb_column type=&#8220;1_2&#8243; _builder_version=&#8220;4.21.0&#8243; _module_preset=&#8220;default&#8220; global_colors_info=&#8220;{}&#8220;][et_pb_text _builder_version=&#8220;4.21.0&#8243; _module_preset=&#8220;default&#8220; link_option_url_new_window=&#8220;on&#8220; global_colors_info=&#8220;{}&#8220;]<\/p>\n<header><\/header>\n<div class=\"ce-textpic ce-center ce-above\">\n<div class=\"ce-bodytext\">\n<h3>Organisation der Schwerpunktpr\u00fcfung<\/h3>\n<p>Die Facharztpr\u00fcfung zur Erlangung des Schwerpunkts f\u00fcr Alterspsychiatrie und Alterspsychotherapie zum Facharzttitel f\u00fcr Psychiatrie und Psychotherapie\u00a0besteht aus einem schriftlichen und einem m\u00fcndlichen Teil.<\/p>\n<ul>\n<li>1. Teil: schriftliche Pr\u00fcfung, jeweils im November<br \/>(Pr\u00fcfungsgeb\u00fchr CHF 700.-)<\/li>\n<li>2. Teil: m\u00fcndliche Pr\u00fcfung, jeweils Ende April\/ Anfangs Mai (Pr\u00fcfungsgeb\u00fchr CHF 700.-)<\/li>\n<\/ul>\n<\/div>\n<\/div>\n<p>[\/et_pb_text][et_pb_text _builder_version=&#8220;4.21.0&#8243; _module_preset=&#8220;default&#8220; global_colors_info=&#8220;{}&#8220;]<\/p>\n<h3>Zulassungsbedingungen<\/h3>\n<p>Ab 1. Januar 2010 sind ausschliesslich \u00c4rztinnen und \u00c4rzte mit einem eidgen\u00f6ssischen oder vom BAG anerkannten ausl\u00e4ndischen Arztdiplom zur Facharztpr\u00fcfung zugelassen (Art. 23 WBO). Die \u00dcbergangsbestimmungen sind in Art. 69 Abs. 3 der WBO festgehalten.<\/p>\n<p>Zur m\u00fcndlichen Pr\u00fcfung werden nur die Kandidaten zugelassen, die den schriftlichen Teil bestanden haben.<\/p>\n<p>[\/et_pb_text][et_pb_text _builder_version=&#8220;4.27.4&#8243; _module_preset=&#8220;default&#8220; global_colors_info=&#8220;{}&#8220;]<\/p>\n<h3>Anmeldung und Stornierung<\/h3>\n<p>Bitte beachten Sie die folgenden Anmelde- und Stornierungsbedingungen.<\/p>\n<p>Wenn Sie Ihre Anmeldung bei uns eingereicht haben, treten die Bedingungen in Kraft.<\/p>\n<p><strong>Anmeldung<\/strong><em><\/em><\/p>\n<ul>\n<li>Die Anmeldefristen f\u00fcr die schriftliche und m\u00fcndliche Pr\u00fcfung k\u00f6nnen Sie der Webseite und dem Anmeldeformular entnehmen.<\/li>\n<li>Die Anmeldung zur Pr\u00fcfung verpflichtet Sie zur Zahlung der Pr\u00fcfungsgeb\u00fchr (700.00 CHF). Diese muss bis vier Wochen vor dem Pr\u00fcfungsdatum auf unserem Konto eingegangen sein.<\/li>\n<li>Bitte beachten Sie, dass Sie nicht zur Pr\u00fcfung zugelassen werden, wenn Ihre Zahlung bis zum Pr\u00fcfungstag nicht bei uns verbucht werden konnte.<\/li>\n<\/ul>\n<p><strong>Stornierung<\/strong><em><\/em><\/p>\n<ul>\n<li>Sollten Sie einen Pr\u00fcfungstermin aufgrund von Krankheit\/ Unfall nicht wahrnehmen k\u00f6nnen, wird die Pr\u00fcfungsgeb\u00fchr nicht erstattet.<\/li>\n<li>Eine Abmeldung von der Pr\u00fcfung aus anderen Gr\u00fcnden schliesst eine Erstattung der Pr\u00fcfungsgeb\u00fchr ebenfalls aus.<\/li>\n<\/ul>\n<p>[\/et_pb_text][et_pb_text _builder_version=&#8220;4.21.0&#8243; _module_preset=&#8220;default&#8220; global_colors_info=&#8220;{}&#8220;]<\/p>\n<h3>Informationen<\/h3>\n<p>Das Bestehen der Facharztpr\u00fcfung ist Voraussetzung f\u00fcr den Erwerb des Schwerpunkttitels Alterspsychiatrie und -psychotherapie zum Facharzttitel f\u00fcr Psychiatrie und Psychotherapie.<\/p>\n<p>Weitere Informationen finden Sie im Weiterbildungsprogramm.<\/p>\n<p>[\/et_pb_text][et_pb_button button_url=&#8220;https:\/\/www.siwf.ch\/weiterbildung\/facharzttitel-und-schwerpunkte\/psychiatrie-und-psychotherapie.cfm&#8220; url_new_window=&#8220;on&#8220; button_text=&#8220;Zum Weiterbildungsprogramm des SIWF&#8220; module_class=&#8220;vv-et-btn-accent-outline-light&#8220; _builder_version=&#8220;4.21.0&#8243; _module_preset=&#8220;default&#8220; global_colors_info=&#8220;{}&#8220;][\/et_pb_button][\/et_pb_column][et_pb_column type=&#8220;1_2&#8243; _builder_version=&#8220;4.21.0&#8243; _module_preset=&#8220;default&#8220; global_colors_info=&#8220;{}&#8220;][et_pb_text _builder_version=&#8220;4.27.4&#8243; _module_preset=&#8220;default&#8220; global_colors_info=&#8220;{}&#8220;]<\/p>\n<h3 style=\"text-align: left;\">2. Teil: m\u00fcndliche Schwerpunktpr\u00fcfung 2026<\/h3>\n<p><strong>Datum:<\/strong><br \/>Freitag, 1. Mai 2026<\/p>\n<p><strong>Ort:<\/strong><br \/>Universit\u00e4re Psychiatrische Dienste Bern<br \/>Murtenstrasse 21<br \/>3008 Bern<\/p>\n<p><strong>Anmeldeschluss:<\/strong><br \/>Freitag, 27. Februar 2026<\/p>\n<p>[\/et_pb_text][et_pb_button button_url=&#8220;https:\/\/sgap-sppa.ch\/wp-content\/uploads\/2025\/11\/Pruefung-muendlich-01.05.2026_D_Anmeldung.pdf&#8220; url_new_window=&#8220;on&#8220; button_text=&#8220;Anmeldeformular&#8220; button_alignment=&#8220;left&#8220; module_class=&#8220;vv-et-btn-accent-outline-light&#8220; _builder_version=&#8220;4.27.4&#8243; _module_preset=&#8220;default&#8220; global_colors_info=&#8220;{}&#8220;][\/et_pb_button][et_pb_text _builder_version=&#8220;4.27.4&#8243; _module_preset=&#8220;default&#8220; global_colors_info=&#8220;{}&#8220;]<\/p>\n<h3 style=\"text-align: left;\">1. Teil: schriftliche Schwerpunktpr\u00fcfung 2026<\/h3>\n<p><strong>Datum:<\/strong><br \/>Mittwoch, 4. November 2026<\/p>\n<p><strong>Ort:<\/strong><br \/>Universit\u00e4re Psychiatrische Dienste Bern<br \/>Bolligenstrasse 111<br \/>3000 Bern 60<\/p>\n<p><strong>Anmeldeschluss:<br \/><\/strong>28. August 2026<\/p>\n<p>[\/et_pb_text][et_pb_button button_url=&#8220;https:\/\/sgap-sppa.ch\/wp-content\/uploads\/2025\/11\/Pruefung-schriftlich_D_Anmeldung-04.11.2026.pdf&#8220; url_new_window=&#8220;on&#8220; button_text=&#8220;Anmeldeformular&#8220; module_class=&#8220;vv-et-btn-accent-outline-light&#8220; _builder_version=&#8220;4.27.4&#8243; _module_preset=&#8220;default&#8220; global_colors_info=&#8220;{}&#8220;][\/et_pb_button][\/et_pb_column][\/et_pb_row][\/et_pb_section][et_pb_section fb_built=&#8220;1&#8243; _builder_version=&#8220;4.21.0&#8243; _module_preset=&#8220;default&#8220; global_colors_info=&#8220;{}&#8220;][et_pb_row _builder_version=&#8220;4.21.0&#8243; _module_preset=&#8220;default&#8220; global_colors_info=&#8220;{}&#8220;][et_pb_column type=&#8220;4_4&#8243; _builder_version=&#8220;4.21.0&#8243; _module_preset=&#8220;default&#8220; global_colors_info=&#8220;{}&#8220;][et_pb_text _builder_version=&#8220;4.21.0&#8243; _module_preset=&#8220;default&#8220; global_colors_info=&#8220;{}&#8220;]<\/p>\n<h1>Credits\/ Schwerpunktgesuch<\/h1>\n<p>[\/et_pb_text][et_pb_text _builder_version=&#8220;4.27.4&#8243; _module_preset=&#8220;default&#8220; global_colors_info=&#8220;{}&#8220;]<\/p>\n<header>\n<ul>\n<li>minimal 40 Stunden\/Credits Weiterbildung in SGAP Kursen (max.: bis 56)<\/li>\n<li>Frei gew\u00e4hlte, aber durch die SGAP anerkannte WB-Kurse bis das Minimum von 60 WB-Stunden\/Credits erreicht ist<\/li>\n<li>Ausnahme: Wer s\u00e4mtliche Punkte des WB-Programms bis am 30. Juni 2019 erf\u00fcllt hat, kann den Titel noch wie bisher mit dem Minimum von 40 anerkannten WB-Credits aus SGAP-Kursen erhalten (\u00dcbergangsbestimmung)<\/li>\n<\/ul>\n<\/header>\n<div class=\"ce-textpic ce-center ce-above\">\n<div class=\"ce-bodytext\">\n<div class=\"ce-textpic ce-center ce-above\">\n<div class=\"ce-bodytext\">\n<ul><\/ul>\n<\/div>\n<\/div>\n<\/div>\n<\/div>\n<p>[\/et_pb_text][\/et_pb_column][\/et_pb_row][et_pb_row column_structure=&#8220;1_4,1_4,1_4,1_4&#8243; make_equal=&#8220;on&#8220; _builder_version=&#8220;4.23&#8243; _module_preset=&#8220;default&#8220; global_colors_info=&#8220;{}&#8220;][et_pb_column type=&#8220;1_4&#8243; _builder_version=&#8220;4.22.1&#8243; _module_preset=&#8220;default&#8220; global_colors_info=&#8220;{}&#8220;][et_pb_blurb title=&#8220;E-Logbuch&#8220; image=&#8220;https:\/\/sgap-sppa.ch\/wp-content\/uploads\/2024\/01\/SGAP_Icon_ELogbuch-B-1.svg&#8220; module_class=&#8220;elementColor-grey400&#8243; _builder_version=&#8220;4.23.4&#8243; _module_preset=&#8220;default&#8220; custom_margin=&#8220;||||false|false&#8220; custom_padding=&#8220;||||false|true&#8220; global_colors_info=&#8220;{}&#8220;]<\/p>\n<p>Dient der Dokumentation Ihrer besuchten Weiterbildungen. Die erfassten Daten werden beim SIWF gespeichert und k\u00f6nnen jederzeit aufgerufen und gedruckt werden.<\/p>\n<p>\u2192 <a href=\"https:\/\/www.siwf.ch\/weiterbildung\/e-logbuch.cfm\" target=\"_blank\" rel=\"noopener\">Zum Logbuch<\/a><\/p>\n<p>[\/et_pb_blurb][\/et_pb_column][et_pb_column type=&#8220;1_4&#8243; _builder_version=&#8220;4.22.1&#8243; _module_preset=&#8220;default&#8220; global_colors_info=&#8220;{}&#8220;][et_pb_blurb title=&#8220;Credit-Anerkennung&#8220; image=&#8220;https:\/\/sgap-sppa.ch\/wp-content\/uploads\/2024\/01\/SGAP_Icon_Creditanerkennung-II-B.svg&#8220; module_class=&#8220;elementColor-grey400&#8243; _builder_version=&#8220;4.23.4&#8243; _module_preset=&#8220;default&#8220; min_height=&#8220;100%&#8220; global_colors_info=&#8220;{}&#8220;]<\/p>\n<p>F\u00fcr die Teilnahme an Veranstaltungen im Rahmen der Weiterbildung mit dem Schwerpunkt Alterspsychiatrie und -psychotherapie.<\/p>\n<p>\u2192\u00a0<a href=\"https:\/\/sgap-sppa.ch\/wp-content\/uploads\/2023\/09\/Weiterbildung-Teilnahme-Veranstaltungen-Creditbeantragung.pdf\" target=\"_blank\" rel=\"noopener\">Formular herunterladen<\/a><\/p>\n<p>[\/et_pb_blurb][\/et_pb_column][et_pb_column type=&#8220;1_4&#8243; _builder_version=&#8220;4.22.1&#8243; _module_preset=&#8220;default&#8220; global_colors_info=&#8220;{}&#8220;][\/et_pb_column][et_pb_column type=&#8220;1_4&#8243; _builder_version=&#8220;4.22.1&#8243; _module_preset=&#8220;default&#8220; global_colors_info=&#8220;{}&#8220;][\/et_pb_column][\/et_pb_row][\/et_pb_section]<\/p>\n","protected":false},"excerpt":{"rendered":"<p>Kurse, Pr\u00fcfungen und Credits Home Weiterbildung Kurse, Pr\u00fcfungen und Credits SGAP-WeiterbildungskursUm den Schwerpunktitel Alterspsychiatrie und -psychotherapie f\u00fcr Fach\u00e4rztinnen\/-\u00e4rzte Psychiatrie und Psychotherapie zu erlangen, m\u00fcssen mindestens 40 Credits im Weiterbildungskurs der [&hellip;]<\/p>\n","protected":false},"author":1,"featured_media":0,"parent":4381,"menu_order":0,"comment_status":"closed","ping_status":"closed","template":"","meta":{"_et_pb_use_builder":"on","_et_pb_old_content":"","_et_gb_content_width":"","footnotes":""},"class_list":["post-4395","page","type-page","status-publish","hentry"],"_links":{"self":[{"href":"https:\/\/sgap-sppa.ch\/de\/wp-json\/wp\/v2\/pages\/4395","targetHints":{"allow":["GET"]}}],"collection":[{"href":"https:\/\/sgap-sppa.ch\/de\/wp-json\/wp\/v2\/pages"}],"about":[{"href":"https:\/\/sgap-sppa.ch\/de\/wp-json\/wp\/v2\/types\/page"}],"author":[{"embeddable":true,"href":"https:\/\/sgap-sppa.ch\/de\/wp-json\/wp\/v2\/users\/1"}],"replies":[{"embeddable":true,"href":"https:\/\/sgap-sppa.ch\/de\/wp-json\/wp\/v2\/comments?post=4395"}],"version-history":[{"count":102,"href":"https:\/\/sgap-sppa.ch\/de\/wp-json\/wp\/v2\/pages\/4395\/revisions"}],"predecessor-version":[{"id":7990,"href":"https:\/\/sgap-sppa.ch\/de\/wp-json\/wp\/v2\/pages\/4395\/revisions\/7990"}],"up":[{"embeddable":true,"href":"https:\/\/sgap-sppa.ch\/de\/wp-json\/wp\/v2\/pages\/4381"}],"wp:attachment":[{"href":"https:\/\/sgap-sppa.ch\/de\/wp-json\/wp\/v2\/media?parent=4395"}],"curies":[{"name":"wp","href":"https:\/\/api.w.org\/{rel}","templated":true}]}}