{"id":4411,"date":"2023-06-22T20:31:30","date_gmt":"2023-06-22T18:31:30","guid":{"rendered":"https:\/\/sgap-sppa.com\/?page_id=4411"},"modified":"2025-01-15T10:50:48","modified_gmt":"2025-01-15T09:50:48","slug":"ueber-uns","status":"publish","type":"page","link":"https:\/\/sgap-sppa.ch\/de\/ueber-uns\/","title":{"rendered":"\u00dcber uns"},"content":{"rendered":"<p>[et_pb_section fb_built=&#8220;1&#8243; module_class=&#8220;page-hero-section-image&#8220; _builder_version=&#8220;4.22.1&#8243; _module_preset=&#8220;default&#8220; background_image=&#8220;https:\/\/sgap-sppa.ch\/wp-content\/uploads\/2023\/08\/mesh-gradient-3c.jpg&#8220; background_last_edited=&#8220;on|phone&#8220; background_image_phone=&#8220;https:\/\/sgap-sppa.ch\/wp-content\/uploads\/2023\/08\/mesh-gradient-3-mobile-2.jpg&#8220; background_enable_image_phone=&#8220;on&#8220; saved_tabs=&#8220;all&#8220; global_colors_info=&#8220;{}&#8220;][et_pb_row _builder_version=&#8220;4.16&#8243; _module_preset=&#8220;default&#8220; global_colors_info=&#8220;{}&#8220;][et_pb_column type=&#8220;4_4&#8243; _builder_version=&#8220;4.16&#8243; _module_preset=&#8220;default&#8220; global_colors_info=&#8220;{}&#8220;][et_pb_text _builder_version=&#8220;4.21.0&#8243; _module_preset=&#8220;default&#8220; global_colors_info=&#8220;{}&#8220;]<\/p>\n<h1>Wir stellen uns vor<\/h1>\n<p>[\/et_pb_text][\/et_pb_column][\/et_pb_row][\/et_pb_section][et_pb_section fb_built=&#8220;1&#8243; module_class=&#8220;elementColor-grey400&#8243; _builder_version=&#8220;4.22.1&#8243; _module_preset=&#8220;default&#8220; global_colors_info=&#8220;{}&#8220;][et_pb_row _builder_version=&#8220;4.16&#8243; _module_preset=&#8220;default&#8220; global_colors_info=&#8220;{}&#8220;][et_pb_column type=&#8220;4_4&#8243; _builder_version=&#8220;4.16&#8243; _module_preset=&#8220;default&#8220; global_colors_info=&#8220;{}&#8220;][et_pb_text module_class=&#8220;font-weight-400&#8243; _builder_version=&#8220;4.24.0&#8243; _module_preset=&#8220;default&#8220; global_colors_info=&#8220;{}&#8220;]<\/p>\n<h4>Die Schweizerische Gesellschaft f\u00fcr Alterspsychiatrie und \u2013psychotherapie (SGAP) ist die Fachvereinigung der in der Schweiz t\u00e4tigen Psychiater\/innen und Psychotherapeuten\/innen, die sich schwerpunktm\u00e4ssig mit der Pr\u00e4vention, Diagnostik, Therapie und Forschung der alterspsychiatrischen St\u00f6rungen befassen. Die konfessionell und politisch unabh\u00e4ngige \u00e4rztliche Gesellschaft wurde 1991 gegr\u00fcndet.<\/h4>\n<p>[\/et_pb_text][\/et_pb_column][\/et_pb_row][\/et_pb_section][et_pb_section fb_built=&#8220;1&#8243; _builder_version=&#8220;4.21.0&#8243; _module_preset=&#8220;default&#8220; global_colors_info=&#8220;{}&#8220;][et_pb_row _builder_version=&#8220;4.21.0&#8243; _module_preset=&#8220;default&#8220; global_colors_info=&#8220;{}&#8220;][et_pb_column type=&#8220;4_4&#8243; _builder_version=&#8220;4.21.0&#8243; _module_preset=&#8220;default&#8220; global_colors_info=&#8220;{}&#8220;][et_pb_text _builder_version=&#8220;4.21.0&#8243; _module_preset=&#8220;default&#8220; global_colors_info=&#8220;{}&#8220;]<\/p>\n<h1>Aufgaben und Ziele<\/h1>\n<p>[\/et_pb_text][et_pb_text _builder_version=&#8220;4.21.0&#8243; _module_preset=&#8220;default&#8220; global_colors_info=&#8220;{}&#8220;]<\/p>\n<p>Der Aufgabenbereich der Alterspsychiatrie und \u2013psychotherapie umfasst die Vorbeugung, Diagnostik, Behandlung, Beratung, Rehabilitation und Forschung bei alterspsychiatrischen Erkrankungen. Zu diesem Zweck organisiert bzw. f\u00f6rdert die SGAP die fachspezifischen Weiter- und Fortbildungen, Kongresse und Konferenzen, Arbeitsgruppen und die Publikationst\u00e4tigkeit. Die SGAP informiert und sensibilisiert zu alterspsychiatrischen Themen und vertritt das Fach auf nationaler Ebene in den medizinischen Organisationen (Verbindung der Schweizer \u00c4rzte FMH,\u00a0Schweizerische Gesellschaft f\u00fcr Psychiatrie und Psychotherapie SGPP) als auch in der \u00d6ffentlichkeit. Die SGAP setzt sich ein f\u00fcr den Auf- und Ausbau von konsiliarischen, ambulanten, teilstation\u00e4ren und station\u00e4ren Angeboten f\u00fcr psychisch kranke Menschen im h\u00f6heren Alter. Sie f\u00f6rdert innovative Projekte im Bereich der Alterspsychiatrie und verwandten Disziplinen. Sie ist bestrebt, in der alterspsychiatrischen und \u2013psychotherapeutischen Versorgung die h\u00f6chstm\u00f6gliche Qualit\u00e4t zu sichern.<\/p>\n<p>Die SGAP tritt f\u00fcr die Rechte psychisch kranker alter Menschen und derer Angeh\u00f6rige ein und engagiert sich f\u00fcr Bedingungen, in denen diese Menschen nach neuesten Standards und in W\u00fcrde behandelt werden.<\/p>\n<p>[\/et_pb_text][\/et_pb_column][\/et_pb_row][et_pb_row _builder_version=&#8220;4.21.0&#8243; _module_preset=&#8220;default&#8220; global_colors_info=&#8220;{}&#8220;][et_pb_column type=&#8220;4_4&#8243; _builder_version=&#8220;4.21.0&#8243; _module_preset=&#8220;default&#8220; global_colors_info=&#8220;{}&#8220;][et_pb_text _builder_version=&#8220;4.21.0&#8243; _module_preset=&#8220;default&#8220; min_height=&#8220;17px&#8220; global_colors_info=&#8220;{}&#8220;]<\/p>\n<h1>Weiter- und Fortbildung<\/h1>\n<p>[\/et_pb_text][et_pb_text _builder_version=&#8220;4.21.0&#8243; _module_preset=&#8220;default&#8220; global_colors_info=&#8220;{}&#8220;]<\/p>\n<p>Die SGAP vertritt das Fachgebiet Alterspsychiatrie und \u2013psychotherapie im Rahmen der SGPP, deren angegliederte Gesellschaft sie ist, und der FMH. Sie nimmt wichtige Funktionen im Rahmen der Weiter- und Fortbildung wahr: Sie ist mitverantwortlich f\u00fcr das Weiterbildungsprogramm \u201eSchwerpunkt Alterspsychiatrie und \u2013psychotherapie\u201c und organisiert die Pr\u00fcfungen zum Erlangen des Schwerpunkttitels. Weiter ernennt die SGAP ihre Vertreter an der Delegiertenversammlung der SGPP und bestimmt ihre Delegierte in der Titel- und der Weiterbildungsst\u00e4ttenkommission des Schweizerischen Instituts f\u00fcr \u00e4rztliche Weiter- und Fortbildung (SIWF).<\/p>\n<p>[\/et_pb_text][\/et_pb_column][\/et_pb_row][et_pb_row _builder_version=&#8220;4.21.0&#8243; _module_preset=&#8220;default&#8220; global_colors_info=&#8220;{}&#8220;][et_pb_column type=&#8220;4_4&#8243; _builder_version=&#8220;4.21.0&#8243; _module_preset=&#8220;default&#8220; global_colors_info=&#8220;{}&#8220;][et_pb_text _builder_version=&#8220;4.21.0&#8243; _module_preset=&#8220;default&#8220; global_colors_info=&#8220;{}&#8220;]<\/p>\n<h1>Forschung<\/h1>\n<p>[\/et_pb_text][et_pb_text _builder_version=&#8220;4.21.0&#8243; _module_preset=&#8220;default&#8220; global_colors_info=&#8220;{}&#8220;]<\/p>\n<p>Die SGAP beteiligt sich an Entwicklung, Durchf\u00fchrung und Unterst\u00fctzung von Forschungsprojekten in Alterspsychiatrie und -psychotherapie.<\/p>\n<p>[\/et_pb_text][\/et_pb_column][\/et_pb_row][et_pb_row _builder_version=&#8220;4.21.0&#8243; _module_preset=&#8220;default&#8220; global_colors_info=&#8220;{}&#8220;][et_pb_column type=&#8220;4_4&#8243; _builder_version=&#8220;4.21.0&#8243; _module_preset=&#8220;default&#8220; global_colors_info=&#8220;{}&#8220;][et_pb_text _builder_version=&#8220;4.21.0&#8243; _module_preset=&#8220;default&#8220; global_colors_info=&#8220;{}&#8220;]<\/p>\n<h1>Geschichte<\/h1>\n<p>[\/et_pb_text][et_pb_text _builder_version=&#8220;4.24.0&#8243; _module_preset=&#8220;default&#8220; global_colors_info=&#8220;{}&#8220;]<\/p>\n<p>Frau Dr. med. Eva Krebs-Roubicek hat aus ihrer Sicht die Geschichte der Alterspsychiatrie in der Schweiz verfasst. <a href=\"https:\/\/sgap-sppa.ch\/wp-content\/uploads\/2023\/09\/Geschichte_der_Alterspsychiatrie_D.pdf\" class=\"download-link\" target=\"_blank\" rel=\"noopener\">Lesen Sie hier die Geschichte<\/a>.<\/p>\n<p>[\/et_pb_text][\/et_pb_column][\/et_pb_row][et_pb_row _builder_version=&#8220;4.24.0&#8243; _module_preset=&#8220;default&#8220; global_colors_info=&#8220;{}&#8220;][et_pb_column type=&#8220;4_4&#8243; _builder_version=&#8220;4.24.0&#8243; _module_preset=&#8220;default&#8220; global_colors_info=&#8220;{}&#8220;][et_pb_text _builder_version=&#8220;4.21.0&#8243; _module_preset=&#8220;default&#8220; global_colors_info=&#8220;{}&#8220;]<\/p>\n<h1>Statuten<\/h1>\n<p>[\/et_pb_text][et_pb_text _builder_version=&#8220;4.24.0&#8243; _module_preset=&#8220;default&#8220; global_colors_info=&#8220;{}&#8220;]<\/p>\n<p>Laden Sie hier die aktuellen Statuten der Schweizerischen Gesellschaft f\u00fcr Alterspsychiatrie und \u2013psychotherapie SGAP herunter.<\/p>\n<p>[\/et_pb_text][et_pb_button button_url=&#8220;https:\/\/sgap-sppa.ch\/wp-content\/uploads\/2023\/07\/D_Statuten_2023.pdf&#8220; url_new_window=&#8220;on&#8220; button_text=&#8220;Statuten herunterladen&#8220; module_class=&#8220;vv-et-btn-accent-outline-light&#8220; _builder_version=&#8220;4.24.0&#8243; _module_preset=&#8220;default&#8220; global_colors_info=&#8220;{}&#8220;][\/et_pb_button][\/et_pb_column][\/et_pb_row][\/et_pb_section][et_pb_section fb_built=&#8220;1&#8243; module_class=&#8220;elementColor-grey400&#8243; _builder_version=&#8220;4.21.0&#8243; _module_preset=&#8220;default&#8220; locked=&#8220;off&#8220; global_colors_info=&#8220;{}&#8220;][et_pb_row column_structure=&#8220;1_4,1_2,1_4&#8243; _builder_version=&#8220;4.21.0&#8243; _module_preset=&#8220;default&#8220; global_colors_info=&#8220;{}&#8220;][et_pb_column type=&#8220;1_4&#8243; _builder_version=&#8220;4.21.0&#8243; _module_preset=&#8220;default&#8220; global_colors_info=&#8220;{}&#8220;][\/et_pb_column][et_pb_column type=&#8220;1_2&#8243; _builder_version=&#8220;4.21.0&#8243; _module_preset=&#8220;default&#8220; global_colors_info=&#8220;{}&#8220;][et_pb_image src=&#8220;https:\/\/sgap-sppa.ch\/wp-content\/uploads\/2024\/01\/SGAP_Icon_Mitglieder-Solid-1-1.svg&#8220; title_text=&#8220;SGAP_Icon_Mitglieder Solid 1-1&#8243; align=&#8220;center&#8220; _builder_version=&#8220;4.23.4&#8243; _module_preset=&#8220;default&#8220; global_colors_info=&#8220;{}&#8220;][\/et_pb_image][et_pb_text _builder_version=&#8220;4.21.0&#8243; _module_preset=&#8220;default&#8220; global_colors_info=&#8220;{}&#8220;]<\/p>\n<h1 style=\"text-align: center;\">Sie wollen Mitglied werden?<\/h1>\n<p>[\/et_pb_text][et_pb_text _builder_version=&#8220;4.21.0&#8243; _module_preset=&#8220;default&#8220; global_colors_info=&#8220;{}&#8220;]<\/p>\n<p style=\"text-align: center;\"><span>Auf der n\u00e4chsten Seite erhalten Sie weitere Informationen zu Antragsstellung und Kosten.<br \/><\/span><\/p>\n<p>[\/et_pb_text][et_pb_button button_url=&#8220;@ET-DC@eyJkeW5hbWljIjp0cnVlLCJjb250ZW50IjoicG9zdF9saW5rX3VybF9wYWdlIiwic2V0dGluZ3MiOnsicG9zdF9pZCI6IjQ0NjgifX0=@&#8220; button_text=&#8220;Mitglied werden&#8220; button_alignment=&#8220;center&#8220; module_class=&#8220;vv-et-btn-accent-outline-light&#8220; _builder_version=&#8220;4.24.0&#8243; _dynamic_attributes=&#8220;button_url&#8220; _module_preset=&#8220;default&#8220; global_colors_info=&#8220;{}&#8220;][\/et_pb_button][\/et_pb_column][et_pb_column type=&#8220;1_4&#8243; _builder_version=&#8220;4.21.0&#8243; _module_preset=&#8220;default&#8220; global_colors_info=&#8220;{}&#8220;][\/et_pb_column][\/et_pb_row][\/et_pb_section][et_pb_section fb_built=&#8220;1&#8243; _builder_version=&#8220;4.24.0&#8243; _module_preset=&#8220;default&#8220; locked=&#8220;off&#8220; global_colors_info=&#8220;{}&#8220;][et_pb_row column_structure=&#8220;1_4,1_2,1_4&#8243; _builder_version=&#8220;4.21.0&#8243; _module_preset=&#8220;default&#8220; global_colors_info=&#8220;{}&#8220;][et_pb_column type=&#8220;1_4&#8243; _builder_version=&#8220;4.21.0&#8243; _module_preset=&#8220;default&#8220; global_colors_info=&#8220;{}&#8220;][\/et_pb_column][et_pb_column type=&#8220;1_2&#8243; _builder_version=&#8220;4.21.0&#8243; _module_preset=&#8220;default&#8220; global_colors_info=&#8220;{}&#8220;][et_pb_image src=&#8220;https:\/\/sgap-sppa.ch\/wp-content\/uploads\/2023\/08\/SGAP_Icon_WertheimerPreis-B-300&#215;225.png&#8220; title_text=&#8220;SGAP_Icon_WertheimerPreis B&#8220; align=&#8220;center&#8220; _builder_version=&#8220;4.24.0&#8243; _module_preset=&#8220;default&#8220; global_colors_info=&#8220;{}&#8220;][\/et_pb_image][et_pb_text _builder_version=&#8220;4.24.3&#8243; _module_preset=&#8220;default&#8220; hover_enabled=&#8220;0&#8243; global_colors_info=&#8220;{}&#8220; sticky_enabled=&#8220;0&#8243;]<\/p>\n<h1 style=\"text-align: center;\">Richard-Wertheimer-Preis<\/h1>\n<p>[\/et_pb_text][et_pb_text _builder_version=&#8220;4.24.0&#8243; _module_preset=&#8220;default&#8220; global_colors_info=&#8220;{}&#8220;]<\/p>\n<p style=\"text-align: center;\"><span>Erfahren Sie hier alles Wissenswerte \u00fcber den F\u00f6rderpreis sowie die Wettbewerbsregeln und die Teilnahmebedingungen.<\/span><\/p>\n<p>[\/et_pb_text][et_pb_button button_url=&#8220;@ET-DC@eyJkeW5hbWljIjp0cnVlLCJjb250ZW50IjoicG9zdF9saW5rX3VybF9wYWdlIiwic2V0dGluZ3MiOnsicG9zdF9pZCI6IjQ0NTYifX0=@&#8220; button_text=&#8220;Mehr Informationen&#8220; button_alignment=&#8220;center&#8220; module_class=&#8220;vv-et-btn-accent-outline-light&#8220; _builder_version=&#8220;4.24.0&#8243; _dynamic_attributes=&#8220;button_url&#8220; _module_preset=&#8220;default&#8220; global_colors_info=&#8220;{}&#8220;][\/et_pb_button][\/et_pb_column][et_pb_column type=&#8220;1_4&#8243; _builder_version=&#8220;4.21.0&#8243; _module_preset=&#8220;default&#8220; global_colors_info=&#8220;{}&#8220;][\/et_pb_column][\/et_pb_row][\/et_pb_section]<\/p>\n","protected":false},"excerpt":{"rendered":"<p>Wir stellen uns vorDie Schweizerische Gesellschaft f\u00fcr Alterspsychiatrie und \u2013psychotherapie (SGAP) ist die Fachvereinigung der in der Schweiz t\u00e4tigen Psychiater\/innen und Psychotherapeuten\/innen, die sich schwerpunktm\u00e4ssig mit der Pr\u00e4vention, Diagnostik, Therapie [&hellip;]<\/p>\n","protected":false},"author":1,"featured_media":0,"parent":0,"menu_order":0,"comment_status":"closed","ping_status":"closed","template":"","meta":{"_et_pb_use_builder":"on","_et_pb_old_content":"","_et_gb_content_width":"","footnotes":""},"class_list":["post-4411","page","type-page","status-publish","hentry"],"_links":{"self":[{"href":"https:\/\/sgap-sppa.ch\/de\/wp-json\/wp\/v2\/pages\/4411","targetHints":{"allow":["GET"]}}],"collection":[{"href":"https:\/\/sgap-sppa.ch\/de\/wp-json\/wp\/v2\/pages"}],"about":[{"href":"https:\/\/sgap-sppa.ch\/de\/wp-json\/wp\/v2\/types\/page"}],"author":[{"embeddable":true,"href":"https:\/\/sgap-sppa.ch\/de\/wp-json\/wp\/v2\/users\/1"}],"replies":[{"embeddable":true,"href":"https:\/\/sgap-sppa.ch\/de\/wp-json\/wp\/v2\/comments?post=4411"}],"version-history":[{"count":49,"href":"https:\/\/sgap-sppa.ch\/de\/wp-json\/wp\/v2\/pages\/4411\/revisions"}],"predecessor-version":[{"id":7498,"href":"https:\/\/sgap-sppa.ch\/de\/wp-json\/wp\/v2\/pages\/4411\/revisions\/7498"}],"wp:attachment":[{"href":"https:\/\/sgap-sppa.ch\/de\/wp-json\/wp\/v2\/media?parent=4411"}],"curies":[{"name":"wp","href":"https:\/\/api.w.org\/{rel}","templated":true}]}}