{"id":4431,"date":"2023-06-24T18:14:35","date_gmt":"2023-06-24T16:14:35","guid":{"rendered":"https:\/\/sgap-sppa.com\/?page_id=4431"},"modified":"2025-12-16T11:29:34","modified_gmt":"2025-12-16T10:29:34","slug":"vorstand","status":"publish","type":"page","link":"https:\/\/sgap-sppa.ch\/de\/ueber-uns\/vorstand\/","title":{"rendered":"Vorstand"},"content":{"rendered":"<p>[et_pb_section fb_built=&#8220;1&#8243; module_class=&#8220;header-section-container&#8220; _builder_version=&#8220;4.21.0&#8243; _module_preset=&#8220;default&#8220; background_color=&#8220;#FFFFFF&#8220; positioning=&#8220;fixed&#8220; position_origin_f=&#8220;top_center&#8220; custom_padding=&#8220;0px||0px||false|false&#8220; box_shadow_style=&#8220;preset1&#8243; global_colors_info=&#8220;{}&#8220;][et_pb_row use_custom_gutter=&#8220;on&#8220; gutter_width=&#8220;2&#8243; custom_padding_last_edited=&#8220;on|phone&#8220; _builder_version=&#8220;4.22.1&#8243; _module_preset=&#8220;default&#8220; width=&#8220;100%&#8220; max_width=&#8220;100%&#8220; custom_padding=&#8220;10px||10px||false|false&#8220; custom_padding_tablet=&#8220;2%||2%||false|false&#8220; custom_padding_phone=&#8220;4%||4%||false|false&#8220; custom_css_main_element=&#8220;display: flex;||align-items: center;&#8220; global_colors_info=&#8220;{}&#8220;][et_pb_column type=&#8220;4_4&#8243; _builder_version=&#8220;4.21.0&#8243; _module_preset=&#8220;default&#8220; global_colors_info=&#8220;{}&#8220;][et_pb_menu dropdown_menu_line_color=&#8220;RGBA(255,255,255,0)&#8220; logo=&#8220;https:\/\/sgap-sppa.ch\/wp-content\/uploads\/2023\/11\/SGAP-webicon-header.svg&#8220; logo_url=&#8220;@ET-DC@eyJkeW5hbWljIjp0cnVlLCJjb250ZW50IjoiaG9tZV91cmwiLCJzZXR0aW5ncyI6e319@&#8220; show_search_icon=&#8220;on&#8220; _builder_version=&#8220;4.23.1&#8243; _dynamic_attributes=&#8220;logo_url&#8220; _module_preset=&#8220;default&#8220; menu_font_size=&#8220;16px&#8220; background_enable_color=&#8220;off&#8220; custom_margin=&#8220;||0px|10%|false|false&#8220; custom_margin_tablet=&#8220;|5%|0px|5%|false|false&#8220; custom_margin_phone=&#8220;|5%|0px|5%|false|false&#8220; custom_margin_last_edited=&#8220;on|tablet&#8220; custom_css_menu_logo=&#8220;margin-right: 8vw !important;&#8220; global_colors_info=&#8220;{}&#8220; custom_css_menu_logo_last_edited=&#8220;on|desktop&#8220; custom_css_menu_logo_tablet=&#8220;margin-right: 0px !important;&#8220; custom_css_menu_logo_phone=&#8220;margin-right: 0px !important;&#8220;][\/et_pb_menu][et_pb_code _builder_version=&#8220;4.21.0&#8243; _module_preset=&#8220;default&#8220; global_colors_info=&#8220;{}&#8220;]<script><!-- [et_pb_line_break_holder] -->jQuery(function($){<!-- [et_pb_line_break_holder] -->   <!-- [et_pb_line_break_holder] -->var headerSection = $('.header-section-container');   <!-- [et_pb_line_break_holder] -->headerSection.wrap('<\/p>\n<div class=\"header-placeholder\"><\/div>\n<p>');<!-- [et_pb_line_break_holder] -->var headerWrap = $('.header-placeholder');<!-- [et_pb_line_break_holder] -->    <!-- [et_pb_line_break_holder] -->var headerHeight = headerSection.outerHeight();<!-- [et_pb_line_break_holder] -->headerWrap.css('height', headerHeight);  <!-- [et_pb_line_break_holder] -->   <!-- [et_pb_line_break_holder] -->$(window).resize(function() {<!-- [et_pb_line_break_holder] -->  headerHeight = headerSection.outerHeight();<!-- [et_pb_line_break_holder] -->  headerWrap.css('height', headerHeight);<!-- [et_pb_line_break_holder] -->});  <!-- [et_pb_line_break_holder] -->   <!-- [et_pb_line_break_holder] -->});<!-- [et_pb_line_break_holder] --><\/script><!-- [et_pb_line_break_holder] --><!-- [et_pb_line_break_holder] --><\/p>\n<style><!-- [et_pb_line_break_holder] -->.et_pb_column {<!-- [et_pb_line_break_holder] -->margin-bottom: 0px !important;<!-- [et_pb_line_break_holder] -->}<!-- [et_pb_line_break_holder] --><\/style>\n<p>[\/et_pb_code][\/et_pb_column][\/et_pb_row][\/et_pb_section][et_pb_section fb_built=&#8220;1&#8243; module_class=&#8220;page-hero-section-image&#8220; _builder_version=&#8220;4.22.1&#8243; _module_preset=&#8220;default&#8220; background_image=&#8220;https:\/\/sgap-sppa.ch\/wp-content\/uploads\/2023\/08\/mesh-gradient-3c.jpg&#8220; background_last_edited=&#8220;on|phone&#8220; background_image_phone=&#8220;https:\/\/sgap-sppa.ch\/wp-content\/uploads\/2023\/08\/mesh-gradient-3-mobile-2.jpg&#8220; background_enable_image_phone=&#8220;on&#8220; saved_tabs=&#8220;all&#8220; global_colors_info=&#8220;{}&#8220;][et_pb_row _builder_version=&#8220;4.16&#8243; _module_preset=&#8220;default&#8220; global_colors_info=&#8220;{}&#8220;][et_pb_column type=&#8220;4_4&#8243; _builder_version=&#8220;4.16&#8243; _module_preset=&#8220;default&#8220; global_colors_info=&#8220;{}&#8220;][et_pb_text _builder_version=&#8220;4.21.0&#8243; _module_preset=&#8220;default&#8220; global_colors_info=&#8220;{}&#8220;]<\/p>\n<h1>Vorstand<\/h1>\n<p>[\/et_pb_text][\/et_pb_column][\/et_pb_row][\/et_pb_section][et_pb_section fb_built=&#8220;1&#8243; _builder_version=&#8220;4.21.0&#8243; _module_preset=&#8220;default&#8220; global_colors_info=&#8220;{}&#8220;][et_pb_row _builder_version=&#8220;4.21.0&#8243; _module_preset=&#8220;default&#8220; global_colors_info=&#8220;{}&#8220;][et_pb_column type=&#8220;4_4&#8243; _builder_version=&#8220;4.21.0&#8243; _module_preset=&#8220;default&#8220; global_colors_info=&#8220;{}&#8220;][et_pb_text _builder_version=&#8220;4.21.0&#8243; _module_preset=&#8220;default&#8220; global_colors_info=&#8220;{}&#8220;]<\/p>\n<h1>Pr\u00e4sidium<\/h1>\n<p>[\/et_pb_text][\/et_pb_column][\/et_pb_row][et_pb_row column_structure=&#8220;1_3,1_3,1_3&#8243; _builder_version=&#8220;4.21.0&#8243; _module_preset=&#8220;default&#8220; global_colors_info=&#8220;{}&#8220;][et_pb_column type=&#8220;1_3&#8243; _builder_version=&#8220;4.21.0&#8243; _module_preset=&#8220;default&#8220; global_colors_info=&#8220;{}&#8220;][et_pb_blurb title=&#8220;Dr. med. Dan Georgescu&#8220; image=&#8220;https:\/\/sgap-sppa.ch\/wp-content\/uploads\/2023\/12\/Vorstand_Dan_Gerogescu-1.jpg&#8220; _builder_version=&#8220;4.27.4&#8243; _module_preset=&#8220;default&#8220; hover_enabled=&#8220;0&#8243; global_colors_info=&#8220;{}&#8220; sticky_enabled=&#8220;0&#8243;]<\/p>\n<p>Co-Pr\u00e4sident<\/p>\n<p>Praxis f\u00fcr Alters- und Neuropsychiatrie<br \/>Konsiliarpsychiatrie und Psychosomatik<br \/>Neumattstrasse 15<br \/>5000 Aarau<\/p>\n<p><a href=\"mailto:dan.georgescu@hin.ch\">dan.georgescu@hin.ch<\/a><\/p>\n<p>[\/et_pb_blurb][\/et_pb_column][et_pb_column type=&#8220;1_3&#8243; _builder_version=&#8220;4.21.0&#8243; _module_preset=&#8220;default&#8220; global_colors_info=&#8220;{}&#8220;][et_pb_blurb title=&#8220;Prof. Dr. med. Egemen Savaskan&#8220; image=&#8220;https:\/\/sgap-sppa.ch\/wp-content\/uploads\/2023\/12\/Vorstand_Egeman_Savaskan-1.jpg&#8220; _builder_version=&#8220;4.23.1&#8243; _module_preset=&#8220;default&#8220; global_colors_info=&#8220;{}&#8220;]<\/p>\n<p>Co-Pr\u00e4sident<\/p>\n<p><strong><\/strong>Psychiatrische Universit\u00e4tsklinik Z\u00fcrich<br \/>Klinik f\u00fcr Alterspsychiatrie<br \/>Minervastrasse 145<br \/>8032 Z\u00fcrich<\/p>\n<p>Tel. +41 44 389 16 58<br \/><a href=\"https:\/\/www.sgap-sppa.ch\/oeffentlichkeit\/vorstand#\" data-mailto-token=\"ocknvq,gigogp0ucxcumcpBrwmbj0ej\" data-mailto-vector=\"2\">egemen.savaskan@pukzh.ch<\/a><\/p>\n<p>[\/et_pb_blurb][\/et_pb_column][et_pb_column type=&#8220;1_3&#8243; _builder_version=&#8220;4.21.0&#8243; _module_preset=&#8220;default&#8220; global_colors_info=&#8220;{}&#8220;][et_pb_blurb title=&#8220;PD Dr. med. Dr. phil. Ulrich Hemmeter&#8220; image=&#8220;https:\/\/sgap-sppa.ch\/wp-content\/uploads\/2023\/12\/Vorstand_Ulrich_Hemmeter-1.jpg&#8220; _builder_version=&#8220;4.23.1&#8243; _module_preset=&#8220;default&#8220; global_colors_info=&#8220;{}&#8220;]<\/p>\n<p>Vize-Pr\u00e4sident<\/p>\n<p>Psychiatrische Dienste Graub\u00fcnden<br \/>Lo\u00ebstrasse 220<br \/>7000 Chur<\/p>\n<p><a href=\"https:\/\/www.sgap-sppa.ch\/oeffentlichkeit\/vorstand#\" data-mailto-token=\"ocknvq,wntkej0jgoogvgtBrfit0ej\" data-mailto-vector=\"2\">ulrich.hemmeter@pdgr.ch<\/a><\/p>\n<p>[\/et_pb_blurb][\/et_pb_column][\/et_pb_row][\/et_pb_section][et_pb_section fb_built=&#8220;1&#8243; _builder_version=&#8220;4.16&#8243; _module_preset=&#8220;default&#8220; global_colors_info=&#8220;{}&#8220;][et_pb_row _builder_version=&#8220;4.21.0&#8243; _module_preset=&#8220;default&#8220; global_colors_info=&#8220;{}&#8220;][et_pb_column type=&#8220;4_4&#8243; _builder_version=&#8220;4.21.0&#8243; _module_preset=&#8220;default&#8220; global_colors_info=&#8220;{}&#8220;][et_pb_text _builder_version=&#8220;4.21.0&#8243; _module_preset=&#8220;default&#8220; global_colors_info=&#8220;{}&#8220;]<\/p>\n<h1>Beisitzer und Kassier<\/h1>\n<p>[\/et_pb_text][\/et_pb_column][\/et_pb_row][et_pb_row column_structure=&#8220;1_3,1_3,1_3&#8243; _builder_version=&#8220;4.21.0&#8243; _module_preset=&#8220;default&#8220; global_colors_info=&#8220;{}&#8220;][et_pb_column type=&#8220;1_3&#8243; _builder_version=&#8220;4.21.0&#8243; _module_preset=&#8220;default&#8220; global_colors_info=&#8220;{}&#8220;][et_pb_blurb title=&#8220;Prof. Dr. med. Armin von Gunten&#8220; image=&#8220;https:\/\/sgap-sppa.ch\/wp-content\/uploads\/2023\/12\/Vorstand_Armin_von_Gunten-1.jpg&#8220; _builder_version=&#8220;4.23.1&#8243; _module_preset=&#8220;default&#8220; global_colors_info=&#8220;{}&#8220;]<\/p>\n<p>Beisitzer<strong><br \/><\/strong><\/p>\n<p>Centre hospitalier universitaire vaudois (CHUV)<br \/>Service universitaire de psychiatrie de l\u2019\u00e2ge avanc\u00e9 (SUPAA)<br \/>D\u00e9partement de psychiatrie<br \/>Site de Cery<br \/>1008 Prilly<\/p>\n<p>Tel. +41 21 643 62 67<br \/><a href=\"https:\/\/www.sgap-sppa.ch\/oeffentlichkeit\/vorstand#\" class=\"mail-link\" data-mailto-token=\"ocknvq,ctokp0xqp\/iwpvgpBejwx0ej\" data-mailto-vector=\"2\">armin.von-gunten@chuv.ch<\/a><\/p>\n<p>[\/et_pb_blurb][\/et_pb_column][et_pb_column type=&#8220;1_3&#8243; _builder_version=&#8220;4.21.0&#8243; _module_preset=&#8220;default&#8220; global_colors_info=&#8220;{}&#8220;][et_pb_blurb title=&#8220;Dr. med. Jacqueline Minder&#8220; image=&#8220;https:\/\/sgap-sppa.ch\/wp-content\/uploads\/2023\/12\/Vorstand_Jacqueline_Minder-1.jpg&#8220; _builder_version=&#8220;4.23.1&#8243; _module_preset=&#8220;default&#8220; global_colors_info=&#8220;{}&#8220;]<\/p>\n<p>Beisitzerin<strong><br \/><\/strong><\/p>\n<p>Integrierte Psychiatrie Winterthur &#8211; Z\u00fcricher Unterland (IPW)<br \/>Wieshofstr. 102<br \/>8408 Winterthur<\/p>\n<p>Tel. +41 52 224 35 22<br \/><a href=\"https:\/\/www.sgap-sppa.ch\/oeffentlichkeit\/vorstand#\" class=\"mail-link\" data-mailto-token=\"ocknvq,Lceswgnkpg0OkpfgtBkry0ej\" data-mailto-vector=\"2\">Jacqueline.Minder@ipw.ch<\/a><\/p>\n<p>[\/et_pb_blurb][\/et_pb_column][et_pb_column type=&#8220;1_3&#8243; _builder_version=&#8220;4.21.0&#8243; _module_preset=&#8220;default&#8220; global_colors_info=&#8220;{}&#8220;][et_pb_blurb title=&#8220;Prof. Dr. med. Paul G. Unschuld&#8220; image=&#8220;https:\/\/sgap-sppa.ch\/wp-content\/uploads\/2023\/12\/Vorstand_Paul_Unschuld-1.jpg&#8220; _builder_version=&#8220;4.23.1&#8243; _module_preset=&#8220;default&#8220; global_colors_info=&#8220;{}&#8220;]<\/p>\n<p>Beisitzer<strong><br \/><\/strong><\/p>\n<p>Service de psychiatrie g\u00e9riatrique<br \/>D\u00e9partement de psychiatrie<br \/>H\u00f4pitaux Universitaires de Gen\u00e8ve<br \/>Chemin du Petit-Bel-Air<br \/>1226 Th\u00f4nex<\/p>\n<p>Tel:\u00a0 +41 22 305 50 13<br \/><a href=\"https:\/\/www.sgap-sppa.ch\/oeffentlichkeit\/vorstand#\" class=\"mail-link\" data-mailto-token=\"ocknvq,rcwn0wpuejwnfBjewig0ej\" data-mailto-vector=\"2\">paul.unschuld@hcuge.ch<\/a><\/p>\n<p>[\/et_pb_blurb][\/et_pb_column][\/et_pb_row][et_pb_row column_structure=&#8220;1_3,1_3,1_3&#8243; _builder_version=&#8220;4.21.0&#8243; _module_preset=&#8220;default&#8220; global_colors_info=&#8220;{}&#8220;][et_pb_column type=&#8220;1_3&#8243; _builder_version=&#8220;4.21.0&#8243; _module_preset=&#8220;default&#8220; global_colors_info=&#8220;{}&#8220;][et_pb_blurb title=&#8220;Prof. Dr. med. Stefan Kl\u00f6ppel&#8220; image=&#8220;https:\/\/sgap-sppa.ch\/wp-content\/uploads\/2023\/12\/Vorstand_Stefan_Kloeppel-1.jpg&#8220; _builder_version=&#8220;4.23.1&#8243; _module_preset=&#8220;default&#8220; global_colors_info=&#8220;{}&#8220;]<\/p>\n<p>Beisitzer<strong><\/strong><strong><\/strong><\/p>\n<p>Universit\u00e4re Psychiatrische Dienste Bern (UPD)<br \/>Universit\u00e4tsklinik f\u00fcr Alterspsychiatrie<br \/>und Psychotherapie<br \/>Murtenstrasse 21<br \/>3008 Bern<\/p>\n<p>Tel. +41 31 632 88 17<br \/><a href=\"https:\/\/www.sgap-sppa.ch\/oeffentlichkeit\/vorstand#\" data-mailto-token=\"ocknvq,Uvghcp0MnqgrrgnBwrf0ej\" data-mailto-vector=\"2\">Stefan.Kloeppel@upd.ch<\/a><\/p>\n<p><a href=\"https:\/\/www.sgap-sppa.ch\/oeffentlichkeit\/vorstand#\" class=\"mail-link\" data-mailto-token=\"ocknvq,ctokp0xqp\/iwpvgpBejwx0ej\" data-mailto-vector=\"2\"><\/a><\/p>\n<p>[\/et_pb_blurb][\/et_pb_column][et_pb_column type=&#8220;1_3&#8243; _builder_version=&#8220;4.21.0&#8243; _module_preset=&#8220;default&#8220; global_colors_info=&#8220;{}&#8220;][et_pb_blurb title=&#8220;Dr. med. Franziska Wenger&#8220; image=&#8220;https:\/\/sgap-sppa.ch\/wp-content\/uploads\/2023\/12\/Vorstand_Franziska_Wenger-1.jpg&#8220; _builder_version=&#8220;4.23.1&#8243; _module_preset=&#8220;default&#8220; global_colors_info=&#8220;{}&#8220;]<\/p>\n<p>Beisitzerin<strong><\/strong><strong><\/strong><\/p>\n<p>Spital STS AG<br \/>Krankenhausstrasse 12<br \/>3600 Thun<\/p>\n<p>Tel. +41 58 636 47 11<br \/><a href=\"https:\/\/www.sgap-sppa.ch\/oeffentlichkeit\/vorstand#\" title=\"mailto:dieter.hofer@stsag.ch\" data-mailto-token=\"ocknvq,htcpbkumc0ygpigtBurkvcnuvuci0ej\" data-mailto-vector=\"2\">franziska.wenger@spitalstsag.ch<\/a><\/p>\n<p><a href=\"https:\/\/www.sgap-sppa.ch\/oeffentlichkeit\/vorstand#\" class=\"mail-link\" data-mailto-token=\"ocknvq,Lceswgnkpg0OkpfgtBkry0ej\" data-mailto-vector=\"2\"><\/a><\/p>\n<p>[\/et_pb_blurb][\/et_pb_column][et_pb_column type=&#8220;1_3&#8243; _builder_version=&#8220;4.21.0&#8243; _module_preset=&#8220;default&#8220; global_colors_info=&#8220;{}&#8220;][et_pb_blurb title=&#8220;Dr. med. Silvia Ten\u00e9s Reino&#8220; image=&#8220;https:\/\/sgap-sppa.ch\/wp-content\/uploads\/2023\/12\/Vorstand_Silvia_Tenes-1.jpg&#8220; _builder_version=&#8220;4.23.1&#8243; _module_preset=&#8220;default&#8220; global_colors_info=&#8220;{}&#8220;]<\/p>\n<p>Beisitzerin<strong><\/strong><strong><\/strong><\/p>\n<p>Psychiatrie Baselland<br \/>Bienentalstrasse 7<br \/>4410 Liestal<\/p>\n<p>Tel. +41 61 553 52 81<br \/><a href=\"https:\/\/www.sgap-sppa.ch\/oeffentlichkeit\/vorstand#\" class=\"mail-link\" data-mailto-token=\"ocknvq,uknxkc0vgpguBrdn0ej\" data-mailto-vector=\"2\">silvia.tenes@pbl.ch<\/a><\/p>\n<p><a href=\"https:\/\/www.sgap-sppa.ch\/oeffentlichkeit\/vorstand#\" class=\"mail-link\" data-mailto-token=\"ocknvq,rcwn0wpuejwnfBjewig0ej\" data-mailto-vector=\"2\"><\/a><\/p>\n<p>[\/et_pb_blurb][\/et_pb_column][\/et_pb_row][et_pb_row column_structure=&#8220;1_3,1_3,1_3&#8243; _builder_version=&#8220;4.21.0&#8243; _module_preset=&#8220;default&#8220; global_colors_info=&#8220;{}&#8220;][et_pb_column type=&#8220;1_3&#8243; _builder_version=&#8220;4.21.0&#8243; _module_preset=&#8220;default&#8220; global_colors_info=&#8220;{}&#8220;][et_pb_blurb title=&#8220;PD Dr. med. Bernd Ibach&#8220; image=&#8220;https:\/\/sgap-sppa.ch\/wp-content\/uploads\/2023\/12\/Vorstand_Bernd_Ibach-1.jpg&#8220; _builder_version=&#8220;4.24.3&#8243; _module_preset=&#8220;default&#8220; global_colors_info=&#8220;{}&#8220;]<\/p>\n<p>Beisitzer<strong><\/strong><strong><\/strong><strong><\/strong><\/p>\n<p>ehem. Chefarzt<strong><br \/><\/strong><a href=\"mailto:bernd.ibach@uzh.ch\">bernd.ibach@uzh.ch<\/a><\/p>\n<p><a href=\"https:\/\/www.sgap-sppa.ch\/oeffentlichkeit\/vorstand#\" data-mailto-token=\"ocknvq,Uvghcp0MnqgrrgnBwrf0ej\" data-mailto-vector=\"2\"><\/a><\/p>\n<p><a href=\"https:\/\/www.sgap-sppa.ch\/oeffentlichkeit\/vorstand#\" class=\"mail-link\" data-mailto-token=\"ocknvq,ctokp0xqp\/iwpvgpBejwx0ej\" data-mailto-vector=\"2\"><\/a><\/p>\n<p>[\/et_pb_blurb][\/et_pb_column][et_pb_column type=&#8220;1_3&#8243; _builder_version=&#8220;4.21.0&#8243; _module_preset=&#8220;default&#8220; global_colors_info=&#8220;{}&#8220;][et_pb_blurb title=&#8220;Dr.  med. Jean-Luc Boss&#8220; image=&#8220;https:\/\/sgap-sppa.ch\/wp-content\/uploads\/2023\/12\/Vorstand_Jean_Luc_Boss-1.jpg&#8220; _builder_version=&#8220;4.23.1&#8243; _module_preset=&#8220;default&#8220; global_colors_info=&#8220;{}&#8220;]<\/p>\n<p>Kassier<\/p>\n<p>Rue du Mont-Blanc 21<br \/>1201 Geneve<\/p>\n<p>Tel: +41 22-738 88 28<br \/><a href=\"https:\/\/www.sgap-sppa.ch\/oeffentlichkeit\/vorstand#\" class=\"mail-link\" data-mailto-token=\"ocknvq,lndquuBjkp0ej\" data-mailto-vector=\"2\">jlboss@hin.ch<\/a><\/p>\n<p><a href=\"https:\/\/www.sgap-sppa.ch\/oeffentlichkeit\/vorstand#\" title=\"mailto:dieter.hofer@stsag.ch\" data-mailto-token=\"ocknvq,htcpbkumc0ygpigtBurkvcnuvuci0ej\" data-mailto-vector=\"2\"><\/a><\/p>\n<p><a href=\"https:\/\/www.sgap-sppa.ch\/oeffentlichkeit\/vorstand#\" class=\"mail-link\" data-mailto-token=\"ocknvq,Lceswgnkpg0OkpfgtBkry0ej\" data-mailto-vector=\"2\"><\/a><\/p>\n<p>[\/et_pb_blurb][\/et_pb_column][et_pb_column type=&#8220;1_3&#8243; _builder_version=&#8220;4.21.0&#8243; _module_preset=&#8220;default&#8220; global_colors_info=&#8220;{}&#8220;][et_pb_blurb title=&#8220;Dr.  med. Anton Gietl&#8220; image=&#8220;https:\/\/sgap-sppa.ch\/wp-content\/uploads\/2025\/06\/Vorstand_Gietl.jpg&#8220; _builder_version=&#8220;4.27.4&#8243; _module_preset=&#8220;default&#8220; global_colors_info=&#8220;{}&#8220;]<\/p>\n<p>Beisitzer<\/p>\n<p>Psychiatrische Universit\u00e4tsklinik Z\u00fcrich<br \/>Alterspsychiatrie und Psychotherapie<br \/>Minervastrasse 145<br \/>8032 Z\u00fcrich<\/p>\n<p>Tel: +41 58 384 44 49<br \/><a href=\"https:\/\/www.sgap-sppa.ch\/oeffentlichkeit\/vorstand#\" class=\"mail-link\" data-mailto-token=\"ocknvq,lndquuBjkp0ej\" data-mailto-vector=\"2\">anton.gietl@pukzh.ch<\/a><\/p>\n<p><a href=\"https:\/\/www.sgap-sppa.ch\/oeffentlichkeit\/vorstand#\" title=\"mailto:dieter.hofer@stsag.ch\" data-mailto-token=\"ocknvq,htcpbkumc0ygpigtBurkvcnuvuci0ej\" data-mailto-vector=\"2\"><\/a><\/p>\n<p><a href=\"https:\/\/www.sgap-sppa.ch\/oeffentlichkeit\/vorstand#\" class=\"mail-link\" data-mailto-token=\"ocknvq,Lceswgnkpg0OkpfgtBkry0ej\" data-mailto-vector=\"2\"><\/a><\/p>\n<p>[\/et_pb_blurb][\/et_pb_column][\/et_pb_row][et_pb_row column_structure=&#8220;1_3,1_3,1_3&#8243; _builder_version=&#8220;4.21.0&#8243; _module_preset=&#8220;default&#8220; global_colors_info=&#8220;{}&#8220;][et_pb_column type=&#8220;1_3&#8243; _builder_version=&#8220;4.21.0&#8243; _module_preset=&#8220;default&#8220; global_colors_info=&#8220;{}&#8220;][et_pb_blurb title=&#8220;Dr.  med. Rafael Meyer&#8220; image=&#8220;https:\/\/sgap-sppa.ch\/wp-content\/uploads\/2025\/06\/Vorstand_Rafael_Meyer.jpg&#8220; _builder_version=&#8220;4.27.4&#8243; _module_preset=&#8220;default&#8220; global_colors_info=&#8220;{}&#8220;]<\/p>\n<p>Beisitzer<\/p>\n<p>Psychiatrische Diensta Aargau (PDAG)<br \/>K\u00f6nigsfelderstrasse 1<br \/>5210 Windisch<\/p>\n<p>Tel: +41 56 461 97 00<br \/><a>Rafael.Meyer@pdag.ch\u00a0<\/a><a href=\"https:\/\/www.sgap-sppa.ch\/oeffentlichkeit\/vorstand#\" class=\"mail-link\" data-mailto-token=\"ocknvq,lndquuBjkp0ej\" data-mailto-vector=\"2\"><\/a><\/p>\n<p>[\/et_pb_blurb][\/et_pb_column][et_pb_column type=&#8220;1_3&#8243; _builder_version=&#8220;4.21.0&#8243; _module_preset=&#8220;default&#8220; global_colors_info=&#8220;{}&#8220;][et_pb_blurb title=&#8220;Dr.  Sacha Celik&#8220; image=&#8220;https:\/\/sgap-sppa.ch\/wp-content\/uploads\/2025\/06\/Vorstand_Sascha_Celik.jpg&#8220; _builder_version=&#8220;4.27.4&#8243; _module_preset=&#8220;default&#8220; global_colors_info=&#8220;{}&#8220;]<\/p>\n<p>Beisitzer<\/p>\n<p>H\u00f4pital de Mal\u00e9voz<br \/>Route de Morgins 10<br \/>1870 Monthey<\/p>\n<p><a>sacha.celik@hopitalvs.ch<\/a><\/p>\n<p>[\/et_pb_blurb][\/et_pb_column][et_pb_column type=&#8220;1_3&#8243; _builder_version=&#8220;4.21.0&#8243; _module_preset=&#8220;default&#8220; global_colors_info=&#8220;{}&#8220;][\/et_pb_column][\/et_pb_row][\/et_pb_section]<\/p>\n","protected":false},"excerpt":{"rendered":"<p>VorstandPr\u00e4sidiumCo-Pr\u00e4sident Praxis f\u00fcr Alters- und NeuropsychiatrieKonsiliarpsychiatrie und PsychosomatikNeumattstrasse 155000 Aarau dan.georgescu@hin.chCo-Pr\u00e4sident Psychiatrische Universit\u00e4tsklinik Z\u00fcrichKlinik f\u00fcr AlterspsychiatrieMinervastrasse 1458032 Z\u00fcrich Tel. +41 44 389 16 58egemen.savaskan@pukzh.chVize-Pr\u00e4sident Psychiatrische Dienste Graub\u00fcndenLo\u00ebstrasse 2207000 Chur ulrich.hemmeter@pdgr.chBeisitzer [&hellip;]<\/p>\n","protected":false},"author":1,"featured_media":0,"parent":4411,"menu_order":0,"comment_status":"closed","ping_status":"closed","template":"","meta":{"_et_pb_use_builder":"on","_et_pb_old_content":"","_et_gb_content_width":"","footnotes":""},"class_list":["post-4431","page","type-page","status-publish","hentry"],"_links":{"self":[{"href":"https:\/\/sgap-sppa.ch\/de\/wp-json\/wp\/v2\/pages\/4431","targetHints":{"allow":["GET"]}}],"collection":[{"href":"https:\/\/sgap-sppa.ch\/de\/wp-json\/wp\/v2\/pages"}],"about":[{"href":"https:\/\/sgap-sppa.ch\/de\/wp-json\/wp\/v2\/types\/page"}],"author":[{"embeddable":true,"href":"https:\/\/sgap-sppa.ch\/de\/wp-json\/wp\/v2\/users\/1"}],"replies":[{"embeddable":true,"href":"https:\/\/sgap-sppa.ch\/de\/wp-json\/wp\/v2\/comments?post=4431"}],"version-history":[{"count":26,"href":"https:\/\/sgap-sppa.ch\/de\/wp-json\/wp\/v2\/pages\/4431\/revisions"}],"predecessor-version":[{"id":7964,"href":"https:\/\/sgap-sppa.ch\/de\/wp-json\/wp\/v2\/pages\/4431\/revisions\/7964"}],"up":[{"embeddable":true,"href":"https:\/\/sgap-sppa.ch\/de\/wp-json\/wp\/v2\/pages\/4411"}],"wp:attachment":[{"href":"https:\/\/sgap-sppa.ch\/de\/wp-json\/wp\/v2\/media?parent=4431"}],"curies":[{"name":"wp","href":"https:\/\/api.w.org\/{rel}","templated":true}]}}