{"id":4456,"date":"2023-06-24T18:14:22","date_gmt":"2023-06-24T16:14:22","guid":{"rendered":"https:\/\/sgap-sppa.com\/?page_id=4456"},"modified":"2025-09-08T15:50:44","modified_gmt":"2025-09-08T13:50:44","slug":"jacques-richard-jean-wertheimer-award","status":"publish","type":"page","link":"https:\/\/sgap-sppa.ch\/de\/ueber-uns\/jacques-richard-jean-wertheimer-award\/","title":{"rendered":"Jacques Richard-Jean Wertheimer-Award"},"content":{"rendered":"<p>[et_pb_section fb_built=&#8220;1&#8243; module_class=&#8220;page-hero-section-image&#8220; _builder_version=&#8220;4.22.1&#8243; _module_preset=&#8220;default&#8220; background_image=&#8220;https:\/\/sgap-sppa.ch\/wp-content\/uploads\/2023\/08\/mesh-gradient-3c.jpg&#8220; background_last_edited=&#8220;on|phone&#8220; background_image_phone=&#8220;https:\/\/sgap-sppa.ch\/wp-content\/uploads\/2023\/08\/mesh-gradient-3-mobile-2.jpg&#8220; background_enable_image_phone=&#8220;on&#8220; saved_tabs=&#8220;all&#8220; global_colors_info=&#8220;{}&#8220;][et_pb_row _builder_version=&#8220;4.16&#8243; _module_preset=&#8220;default&#8220; global_colors_info=&#8220;{}&#8220;][et_pb_column type=&#8220;4_4&#8243; _builder_version=&#8220;4.16&#8243; _module_preset=&#8220;default&#8220; global_colors_info=&#8220;{}&#8220;][et_pb_text _builder_version=&#8220;4.21.0&#8243; _module_preset=&#8220;default&#8220; global_colors_info=&#8220;{}&#8220;]<\/p>\n<h1>Jacques Richard-Jean Wertheimer-Award<\/h1>\n<p>[\/et_pb_text][\/et_pb_column][\/et_pb_row][\/et_pb_section][et_pb_section fb_built=&#8220;1&#8243; _builder_version=&#8220;4.21.0&#8243; _module_preset=&#8220;default&#8220; global_colors_info=&#8220;{}&#8220;][et_pb_row _builder_version=&#8220;4.21.0&#8243; _module_preset=&#8220;default&#8220; global_colors_info=&#8220;{}&#8220;][et_pb_column type=&#8220;4_4&#8243; _builder_version=&#8220;4.21.0&#8243; _module_preset=&#8220;default&#8220; global_colors_info=&#8220;{}&#8220;][et_pb_text module_class=&#8220;font-weight-400&#8243; _builder_version=&#8220;4.27.4&#8243; _module_preset=&#8220;default&#8220; hover_enabled=&#8220;0&#8243; global_colors_info=&#8220;{}&#8220; sticky_enabled=&#8220;0&#8243;]<\/p>\n<h4>Prof. Jean Wertheimer (1933 -1999) war ein Pionier auf dem Gebiet der Alterspsychiatrie. Im Jahr 1971 wurde er an die Universit\u00e4t Lausanne berufen, wo er den ersten Lehrstuhl f\u00fcr Alterspsychiatrie in der Schweiz innehatte. Er trug dazu bei, eine weltweit anerkannte Alterspsychiatrie zu etablieren. Sp\u00e4ter war er Vorsitzender der Geriatrischen Psychiatrie-Sektion der WHO.<\/h4>\n<h4>Prof. Dr. Jacques Richard (1932) war Chefarzt und Alterspsychiater an der Universit\u00e4t Genf. Er unterst\u00fctzte das Fachgebiet und die Gr\u00fcndung der Schweizerische Gesellschaft f\u00fcr Alterspsychiatrie und -psychotherapie. F\u00fcr den Jacques Richard-Jean Wertheimer-Award stellte er die finanziellen Mittel zur Verf\u00fcgung. Deswegen ist der Preis nach den beiden Pionieren der Alterspsychiatrie in der Schweiz genannt.<span style=\"font-size: 11.0pt; font-family: 'Trebuchet MS',sans-serif; color: windowtext; font-style: normal;\"><o:p><\/o:p><\/span><\/h4>\n<h4>Zu ihren Ehren hat die Schweizerische Gesellschaft f\u00fcr Alterspsychiatrie und -psychotherapie den F\u00f6rderpreis zur Unterst\u00fctzung innovatier klinischer Forschungsprojekte in der Schweiz geschaffen. Der Preis wird alle zwei Jahre verliehen.<span style=\"font-size: 11.0pt; font-family: 'Trebuchet MS',sans-serif; color: windowtext; font-style: normal;\"><o:p><\/o:p><\/span><\/h4>\n<p>[\/et_pb_text][\/et_pb_column][\/et_pb_row][\/et_pb_section][et_pb_section fb_built=&#8220;1&#8243; module_class=&#8220;elementColor-grey400&#8243; _builder_version=&#8220;4.21.0&#8243; _module_preset=&#8220;default&#8220; global_colors_info=&#8220;{}&#8220;][et_pb_row column_structure=&#8220;1_2,1_2&#8243; make_equal=&#8220;on&#8220; _builder_version=&#8220;4.27.4&#8243; _module_preset=&#8220;default&#8220; global_colors_info=&#8220;{}&#8220;][et_pb_column type=&#8220;1_2&#8243; _builder_version=&#8220;4.27.4&#8243; _module_preset=&#8220;default&#8220; global_colors_info=&#8220;{}&#8220;][et_pb_image src=&#8220;https:\/\/sgap-sppa.ch\/wp-content\/uploads\/2025\/06\/20250619_162139-scaled-e1750671110134.jpg&#8220; title_text=&#8220;20250619_162139&#8243; _builder_version=&#8220;4.27.4&#8243; _module_preset=&#8220;default&#8220; global_colors_info=&#8220;{}&#8220;][\/et_pb_image][\/et_pb_column][et_pb_column type=&#8220;1_2&#8243; _builder_version=&#8220;4.27.4&#8243; _module_preset=&#8220;default&#8220; global_colors_info=&#8220;{}&#8220;][et_pb_text _builder_version=&#8220;4.27.4&#8243; _module_preset=&#8220;default&#8220; global_colors_info=&#8220;{}&#8220;][\/et_pb_text][et_pb_text _builder_version=&#8220;4.27.4&#8243; _module_preset=&#8220;default&#8220; global_colors_info=&#8220;{}&#8220;]<\/p>\n<header>\n<h1 style=\"text-align: center;\">Gewinnerin 2025<\/h1>\n<\/header>\n<p>[\/et_pb_text][et_pb_text _builder_version=&#8220;4.27.4&#8243; _module_preset=&#8220;default&#8220; hover_enabled=&#8220;0&#8243; global_colors_info=&#8220;{}&#8220; sticky_enabled=&#8220;0&#8243;]<\/p>\n<p style=\"text-align: center;\">Die Verleihung des Jacques Richard-Jean Wertheimer-Award hat am 19. Juni im Rahmen der Generalversammlung stattgefunden.<\/p>\n<p style=\"text-align: center;\">Der Preis ging an <strong>Frau Beatriz Pozuelo Moyano<\/strong><\/p>\n<p style=\"text-align: center;\">Herzlichen Gl\u00fcckwunsch!<\/p>\n<p>[\/et_pb_text][\/et_pb_column][\/et_pb_row][\/et_pb_section][et_pb_section fb_built=&#8220;1&#8243; _builder_version=&#8220;4.21.0&#8243; _module_preset=&#8220;default&#8220; global_colors_info=&#8220;{}&#8220;][et_pb_row _builder_version=&#8220;4.21.0&#8243; _module_preset=&#8220;default&#8220; global_colors_info=&#8220;{}&#8220;][et_pb_column type=&#8220;4_4&#8243; _builder_version=&#8220;4.21.0&#8243; _module_preset=&#8220;default&#8220; global_colors_info=&#8220;{}&#8220;][et_pb_text _builder_version=&#8220;4.21.0&#8243; _module_preset=&#8220;default&#8220; global_colors_info=&#8220;{}&#8220;]<\/p>\n<h1>Wettbewerbsregeln<\/h1>\n<p>[\/et_pb_text][\/et_pb_column][\/et_pb_row][et_pb_row column_structure=&#8220;1_2,1_2&#8243; _builder_version=&#8220;4.21.0&#8243; _module_preset=&#8220;default&#8220; global_colors_info=&#8220;{}&#8220;][et_pb_column type=&#8220;1_2&#8243; _builder_version=&#8220;4.21.0&#8243; _module_preset=&#8220;default&#8220; global_colors_info=&#8220;{}&#8220;][et_pb_text _builder_version=&#8220;4.27.4&#8243; _module_preset=&#8220;default&#8220; hover_enabled=&#8220;0&#8243; global_colors_info=&#8220;{}&#8220; sticky_enabled=&#8220;0&#8243;]<\/p>\n<h3>Ziel<\/h3>\n<p>Der Preis m\u00f6chte junge Forscherinnen oder Forscher f\u00f6rdern, die mit einem originellen wissenschaftlichen Projekt der klinischen Forschung in der Alterspsychiatrie beitragen. Die eingereichten Arbeiten m\u00fcssen sich durch ihren innovativen Aspekt auszeichnen und ihre klinische Bedeutung nachweisen.<\/p>\n<p>Der Jacques Richard-Jean Wertheimer-Award wird an eine einzige Person verliehen. Die Preissumme betr\u00e4gt CHF 10\u2019000. Preis wird dem Preistr\u00e4ger pers\u00f6nlich anl\u00e4sslich der Jahresversammlung der Schweizerischen Gesellschaft f\u00fcr Alterspsychiatrie \u00fcberreicht.<\/p>\n<p>[\/et_pb_text][\/et_pb_column][et_pb_column type=&#8220;1_2&#8243; _builder_version=&#8220;4.21.0&#8243; _module_preset=&#8220;default&#8220; global_colors_info=&#8220;{}&#8220;][et_pb_text _builder_version=&#8220;4.24.3&#8243; _module_preset=&#8220;default&#8220; global_colors_info=&#8220;{}&#8220;]<\/p>\n<h3>Jury<\/h3>\n<p>Der Preis wird alle zwei Jahre vergeben und die Jury entscheidet auf der Basis eines differenzierten Auswahlverfahrens, wem der Preis verliehen wird.<\/p>\n<p>Die Jury besteht aus dem Vorstand der SGAP-SPPA sowie externen Experten als erweitertes Gremium.<\/p>\n<p>Die Jury ist in allen ihren Entscheidungen frei und unabh\u00e4ngig. Die Entscheidungen k\u00f6nnen nicht angefochten werden, der Rechtsweg ist ausgeschlossen. Nicht ber\u00fccksichtigte Projekte werden ohne Begr\u00fcndung an den Absender zur\u00fcckgeschickt, ohne dass damit eine positive oder negative Beurteilung verbunden ist. Die Vergabe des Preises kann ausgesetzt werden, wenn die eingereichten Projekte als qualitativ oder quantitativ unzureichend erachtet werden.<\/p>\n<p>[\/et_pb_text][\/et_pb_column][\/et_pb_row][et_pb_row column_structure=&#8220;1_2,1_2&#8243; _builder_version=&#8220;4.21.0&#8243; _module_preset=&#8220;default&#8220; global_colors_info=&#8220;{}&#8220;][et_pb_column type=&#8220;1_2&#8243; _builder_version=&#8220;4.21.0&#8243; _module_preset=&#8220;default&#8220; global_colors_info=&#8220;{}&#8220;][et_pb_text _builder_version=&#8220;4.27.4&#8243; _module_preset=&#8220;default&#8220; global_colors_info=&#8220;{}&#8220;]<\/p>\n<h3>Einreichung\/ Kriterien<\/h3>\n<p>Die eingereichte Arbeit muss haupts\u00e4chlich in der Schweiz durchgef\u00fchrt worden sein. Der Arbeitsort des Hauptautors muss sich in der Schweiz befinden. Die Arbeit kann in Deutsch, Franz\u00f6sisch, oder Englisch eingereicht werden.<\/p>\n<p>Folgende Dokumente m\u00fcssen der Bewerbung beiliegen:<\/p>\n<ul>\n<li>Lebenslauf und Liste der Ver\u00f6ffentlichungen<\/li>\n<li>Begleitschreiben in dem die Relevanz der eingereichten Arbeit dargelegt wird<\/li>\n<li>Zusammenfassung des wissenschaftlichen Projektes und der bisherigen Ergebnisse, falls vorhanden (Master- und Doktorarbeiten, Publikationen, Kongressbeitr\u00e4ge, usw.), im Umfang von maximal einer A4-Seite<\/li>\n<li>Im Rahmen des Projektes m\u00f6glicherweise bereits publizierte Originalarbeiten<\/li>\n<li>Das Projekt und die Originalarbeiten d\u00fcrfen nicht, falls vorhanden, bereits einen anderen wissenschaftlichen Preis erhalten haben oder f\u00fcr einen solchen Preis ausgew\u00e4hlt worden sein. Parallele Teilnahmen an mehreren Wettbewerben m\u00fcssen bei der Einreichung angek\u00fcndigt werden.<\/li>\n<li>Der Preis soll hochwertige, laufende Projekte unterst\u00fctzen, die das Potenzial haben, die Zukunft der Alterspsychiatrie zu gestalten.<\/li>\n<\/ul>\n<p>[\/et_pb_text][\/et_pb_column][et_pb_column type=&#8220;1_2&#8243; _builder_version=&#8220;4.21.0&#8243; _module_preset=&#8220;default&#8220; global_colors_info=&#8220;{}&#8220;][et_pb_text _builder_version=&#8220;4.27.4&#8243; _module_preset=&#8220;default&#8220; hover_enabled=&#8220;0&#8243; global_colors_info=&#8220;{}&#8220; sticky_enabled=&#8220;0&#8243;]<\/p>\n<h3>Frist und Anschrift<\/h3>\n<p>Bewerbungen f\u00fcr den Jacques Richard-Jean Wertheimer-Award konnten bis zum <strong>01.05.2025<\/strong> eingereicht werden.<\/p>\n<p>Richten Sie Ihre Bewerbung bitte an:<br \/>SGAP-SPPA<br \/>Kehlhofh\u00f6he 1B<br \/>6043 Adligenswil<\/p>\n<p>E-Mail-Adresse: <a href=\"mailto:info@sgap-sppa.ch\">info@sgap-sppa.ch<\/a><\/p>\n<p>Die Preisverleihung fand 2025 anl\u00e4sslich der Generalversammlung statt.<\/p>\n<p>[\/et_pb_text][\/et_pb_column][\/et_pb_row][\/et_pb_section]<\/p>\n","protected":false},"excerpt":{"rendered":"<p>Jacques Richard-Jean Wertheimer-AwardProf. Jean Wertheimer (1933 -1999) war ein Pionier auf dem Gebiet der Alterspsychiatrie. Im Jahr 1971 wurde er an die Universit\u00e4t Lausanne berufen, wo er den ersten Lehrstuhl [&hellip;]<\/p>\n","protected":false},"author":1,"featured_media":0,"parent":4411,"menu_order":0,"comment_status":"closed","ping_status":"closed","template":"","meta":{"_et_pb_use_builder":"on","_et_pb_old_content":"","_et_gb_content_width":"","footnotes":""},"class_list":["post-4456","page","type-page","status-publish","hentry"],"_links":{"self":[{"href":"https:\/\/sgap-sppa.ch\/de\/wp-json\/wp\/v2\/pages\/4456","targetHints":{"allow":["GET"]}}],"collection":[{"href":"https:\/\/sgap-sppa.ch\/de\/wp-json\/wp\/v2\/pages"}],"about":[{"href":"https:\/\/sgap-sppa.ch\/de\/wp-json\/wp\/v2\/types\/page"}],"author":[{"embeddable":true,"href":"https:\/\/sgap-sppa.ch\/de\/wp-json\/wp\/v2\/users\/1"}],"replies":[{"embeddable":true,"href":"https:\/\/sgap-sppa.ch\/de\/wp-json\/wp\/v2\/comments?post=4456"}],"version-history":[{"count":39,"href":"https:\/\/sgap-sppa.ch\/de\/wp-json\/wp\/v2\/pages\/4456\/revisions"}],"predecessor-version":[{"id":7794,"href":"https:\/\/sgap-sppa.ch\/de\/wp-json\/wp\/v2\/pages\/4456\/revisions\/7794"}],"up":[{"embeddable":true,"href":"https:\/\/sgap-sppa.ch\/de\/wp-json\/wp\/v2\/pages\/4411"}],"wp:attachment":[{"href":"https:\/\/sgap-sppa.ch\/de\/wp-json\/wp\/v2\/media?parent=4456"}],"curies":[{"name":"wp","href":"https:\/\/api.w.org\/{rel}","templated":true}]}}