{"id":4468,"date":"2023-06-24T12:54:16","date_gmt":"2023-06-24T10:54:16","guid":{"rendered":"https:\/\/sgap-sppa.com\/?page_id=4468"},"modified":"2024-02-11T18:44:06","modified_gmt":"2024-02-11T17:44:06","slug":"mitgliedschaft","status":"publish","type":"page","link":"https:\/\/sgap-sppa.ch\/de\/ueber-uns\/mitgliedschaft\/","title":{"rendered":"Mitgliedschaft"},"content":{"rendered":"<p>[et_pb_section fb_built=&#8220;1&#8243; module_class=&#8220;page-hero-section-image&#8220; _builder_version=&#8220;4.22.1&#8243; _module_preset=&#8220;default&#8220; background_image=&#8220;https:\/\/sgap-sppa.ch\/wp-content\/uploads\/2023\/08\/mesh-gradient-3c.jpg&#8220; background_last_edited=&#8220;on|phone&#8220; background_image_phone=&#8220;https:\/\/sgap-sppa.ch\/wp-content\/uploads\/2023\/08\/mesh-gradient-3-mobile-2.jpg&#8220; background_enable_image_phone=&#8220;on&#8220; saved_tabs=&#8220;all&#8220; global_colors_info=&#8220;{}&#8220;][et_pb_row _builder_version=&#8220;4.16&#8243; _module_preset=&#8220;default&#8220; global_colors_info=&#8220;{}&#8220;][et_pb_column type=&#8220;4_4&#8243; _builder_version=&#8220;4.16&#8243; _module_preset=&#8220;default&#8220; global_colors_info=&#8220;{}&#8220;][et_pb_text _builder_version=&#8220;4.21.0&#8243; _module_preset=&#8220;default&#8220; global_colors_info=&#8220;{}&#8220;]<\/p>\n<h1>Mitgliedschaft<\/h1>\n<p>[\/et_pb_text][\/et_pb_column][\/et_pb_row][\/et_pb_section][et_pb_section fb_built=&#8220;1&#8243; _builder_version=&#8220;4.21.0&#8243; _module_preset=&#8220;default&#8220; global_colors_info=&#8220;{}&#8220;][et_pb_row _builder_version=&#8220;4.21.0&#8243; _module_preset=&#8220;default&#8220; global_colors_info=&#8220;{}&#8220;][et_pb_column type=&#8220;4_4&#8243; _builder_version=&#8220;4.21.0&#8243; _module_preset=&#8220;default&#8220; global_colors_info=&#8220;{}&#8220;][et_pb_text _builder_version=&#8220;4.21.0&#8243; _module_preset=&#8220;default&#8220; global_colors_info=&#8220;{}&#8220;]<\/p>\n<h1>Werden Sie Mitglied bei der SGAP. Folgende Gr\u00fcnde sprechen daf\u00fcr:<\/h1>\n<p>[\/et_pb_text][\/et_pb_column][\/et_pb_row][et_pb_row _builder_version=&#8220;4.21.0&#8243; _module_preset=&#8220;default&#8220; global_colors_info=&#8220;{}&#8220;][et_pb_column type=&#8220;4_4&#8243; _builder_version=&#8220;4.21.0&#8243; _module_preset=&#8220;default&#8220; global_colors_info=&#8220;{}&#8220;][et_pb_text _builder_version=&#8220;4.22.1&#8243; _module_preset=&#8220;default&#8220; global_colors_info=&#8220;{}&#8220;]<\/p>\n<ul>\n<li>Die SGAP vertritt Ihre berufspolitischen Anliegen und Interessen als Schwerpunkttr\u00e4ger \u201eAlterspsychiatrie und \u2013psychotherapie\u201c auf standespolitischer Ebene. Je mehr Alterspsychiater\/innen in der Fachgesellschaft organisiert sind, desto besser kann sie ihre Interessen vertreten.<\/li>\n<li>Durch ihr Mitwirken in der Fachgesellschaft k\u00f6nnen Sie ihre eigenen Ideen einbringen und mit demokratischen Mitteln vertreten.<\/li>\n<li>Die SGAP engagiert sich \u00f6ffentlich und politisch f\u00fcr die Bed\u00fcrfnisse von psychisch kranken Menschen.<\/li>\n<li>In Ihrer Fachgesellschaft k\u00f6nnen Sie sich als Freipraktizierende\/r, Assistenzarzt\/\u00e4rztin oder Kaderarzt\/\u00e4rztin mit Kollegen\/innen austauschen und vernetzen.<\/li>\n<li>Die SGAP informiert Sie zum aktuellen Fortbildungsprogramm und weiteren Veranstaltungen.<\/li>\n<\/ul>\n<ul><\/ul>\n<p>[\/et_pb_text][\/et_pb_column][\/et_pb_row][et_pb_row _builder_version=&#8220;4.21.0&#8243; _module_preset=&#8220;default&#8220; global_colors_info=&#8220;{}&#8220; column_structure=&#8220;1_2,1_2&#8243;][et_pb_column type=&#8220;1_2&#8243; _builder_version=&#8220;4.21.0&#8243; _module_preset=&#8220;default&#8220; global_colors_info=&#8220;{}&#8220;][et_pb_text _builder_version=&#8220;4.24.0&#8243; _module_preset=&#8220;default&#8220; hover_enabled=&#8220;0&#8243; global_colors_info=&#8220;{}&#8220; sticky_enabled=&#8220;0&#8243;]<\/p>\n<h1>Jahresbeitr\u00e4ge<\/h1>\n<p>[\/et_pb_text][\/et_pb_column][et_pb_column type=&#8220;1_2&#8243; _builder_version=&#8220;4.21.0&#8243; _module_preset=&#8220;default&#8220; global_colors_info=&#8220;{}&#8220;][et_pb_text _builder_version=&#8220;4.24.0&#8243; _module_preset=&#8220;default&#8220; hover_enabled=&#8220;0&#8243; sticky_enabled=&#8220;0&#8243;]<\/p>\n<h1>Anmeldeformulare<\/h1>\n<p>[\/et_pb_text][\/et_pb_column][\/et_pb_row][et_pb_row column_structure=&#8220;1_2,1_2&#8243; _builder_version=&#8220;4.21.0&#8243; _module_preset=&#8220;default&#8220; global_colors_info=&#8220;{}&#8220;][et_pb_column type=&#8220;1_2&#8243; _builder_version=&#8220;4.21.0&#8243; _module_preset=&#8220;default&#8220; global_colors_info=&#8220;{}&#8220;][et_pb_text _builder_version=&#8220;4.21.0&#8243; _module_preset=&#8220;default&#8220; global_colors_info=&#8220;{}&#8220;]<\/p>\n<ul>\n<li><strong>Kollektivmitglieder<\/strong> (anerkannte Weiterbildungsst\u00e4tten): <br \/>CHF 500.-<\/li>\n<li><strong>Ordentliche Mitglieder<\/strong> (Schwerpunkttiteltr\u00e4ger):<br \/>CHF 250.-<\/li>\n<li><strong>Ausserordentliche Mitglieder<\/strong> (\u00c4rzte oder Interessenten anderer Berufsgruppen):<br \/>CHF 100.-<\/li>\n<\/ul>\n<p>[\/et_pb_text][\/et_pb_column][et_pb_column type=&#8220;1_2&#8243; _builder_version=&#8220;4.21.0&#8243; _module_preset=&#8220;default&#8220; global_colors_info=&#8220;{}&#8220;][et_pb_button button_url=&#8220;https:\/\/sgap-sppa.ch\/wp-content\/uploads\/2023\/08\/Antrag_Kollektivmitgliedschaft_SGAP_D_final.docx&#8220; url_new_window=&#8220;on&#8220; button_text=&#8220;Antrag Kollektivmitgliedschaft&#8220; module_class=&#8220;vv-et-btn-accent-outline-light&#8220; _builder_version=&#8220;4.24.0&#8243; _module_preset=&#8220;default&#8220; hover_enabled=&#8220;0&#8243; global_colors_info=&#8220;{}&#8220; sticky_enabled=&#8220;0&#8243;][\/et_pb_button][et_pb_button button_url=&#8220;https:\/\/sgap-sppa.ch\/wp-content\/uploads\/2023\/08\/Antrag_Mitgliedschaft_SGAP_D_final.docx&#8220; url_new_window=&#8220;on&#8220; button_text=&#8220;Antrag ordentliche\/ ausserordentliche Mitgliedschaft&#8220; module_class=&#8220;vv-et-btn-accent-outline-light&#8220; _builder_version=&#8220;4.24.0&#8243; _module_preset=&#8220;default&#8220; hover_enabled=&#8220;0&#8243; global_colors_info=&#8220;{}&#8220; sticky_enabled=&#8220;0&#8243;][\/et_pb_button][et_pb_button button_url=&#8220;https:\/\/sgap-sppa.ch\/wp-content\/uploads\/2023\/08\/Beitragsreglement_2021_D_final_.docx&#8220; url_new_window=&#8220;on&#8220; button_text=&#8220;Beitragsreglement&#8220; module_class=&#8220;vv-et-btn-accent-outline-light&#8220; _builder_version=&#8220;4.21.0&#8243; _module_preset=&#8220;default&#8220; global_colors_info=&#8220;{}&#8220;][\/et_pb_button][\/et_pb_column][\/et_pb_row][\/et_pb_section]<\/p>\n","protected":false},"excerpt":{"rendered":"<p>MitgliedschaftWerden Sie Mitglied bei der SGAP. Folgende Gr\u00fcnde sprechen daf\u00fcr: Die SGAP vertritt Ihre berufspolitischen Anliegen und Interessen als Schwerpunkttr\u00e4ger \u201eAlterspsychiatrie und \u2013psychotherapie\u201c auf standespolitischer Ebene. Je mehr Alterspsychiater\/innen in [&hellip;]<\/p>\n","protected":false},"author":1,"featured_media":0,"parent":4411,"menu_order":4,"comment_status":"closed","ping_status":"closed","template":"","meta":{"_et_pb_use_builder":"on","_et_pb_old_content":"","_et_gb_content_width":"","footnotes":""},"class_list":["post-4468","page","type-page","status-publish","hentry"],"_links":{"self":[{"href":"https:\/\/sgap-sppa.ch\/de\/wp-json\/wp\/v2\/pages\/4468","targetHints":{"allow":["GET"]}}],"collection":[{"href":"https:\/\/sgap-sppa.ch\/de\/wp-json\/wp\/v2\/pages"}],"about":[{"href":"https:\/\/sgap-sppa.ch\/de\/wp-json\/wp\/v2\/types\/page"}],"author":[{"embeddable":true,"href":"https:\/\/sgap-sppa.ch\/de\/wp-json\/wp\/v2\/users\/1"}],"replies":[{"embeddable":true,"href":"https:\/\/sgap-sppa.ch\/de\/wp-json\/wp\/v2\/comments?post=4468"}],"version-history":[{"count":20,"href":"https:\/\/sgap-sppa.ch\/de\/wp-json\/wp\/v2\/pages\/4468\/revisions"}],"predecessor-version":[{"id":7042,"href":"https:\/\/sgap-sppa.ch\/de\/wp-json\/wp\/v2\/pages\/4468\/revisions\/7042"}],"up":[{"embeddable":true,"href":"https:\/\/sgap-sppa.ch\/de\/wp-json\/wp\/v2\/pages\/4411"}],"wp:attachment":[{"href":"https:\/\/sgap-sppa.ch\/de\/wp-json\/wp\/v2\/media?parent=4468"}],"curies":[{"name":"wp","href":"https:\/\/api.w.org\/{rel}","templated":true}]}}