{"id":4489,"date":"2023-06-24T18:34:21","date_gmt":"2023-06-24T16:34:21","guid":{"rendered":"https:\/\/sgap-sppa.com\/?page_id=4489"},"modified":"2024-04-06T18:17:49","modified_gmt":"2024-04-06T16:17:49","slug":"fachleute","status":"publish","type":"page","link":"https:\/\/sgap-sppa.ch\/de\/fachleute\/","title":{"rendered":"\u00c4rztelisten"},"content":{"rendered":"<p>[et_pb_section fb_built=&#8220;1&#8243; disabled_on=&#8220;on|on|on&#8220; module_class=&#8220;header-section-container&#8220; _builder_version=&#8220;4.24.2&#8243; _module_preset=&#8220;default&#8220; background_color=&#8220;#FFFFFF&#8220; positioning=&#8220;fixed&#8220; position_origin_f=&#8220;top_center&#8220; custom_padding=&#8220;0px||0px||false|false&#8220; box_shadow_style=&#8220;preset1&#8243; disabled=&#8220;on&#8220; global_colors_info=&#8220;{}&#8220;][et_pb_row use_custom_gutter=&#8220;on&#8220; gutter_width=&#8220;2&#8243; custom_padding_last_edited=&#8220;on|phone&#8220; _builder_version=&#8220;4.22.1&#8243; _module_preset=&#8220;default&#8220; width=&#8220;100%&#8220; max_width=&#8220;100%&#8220; custom_padding=&#8220;10px||10px||false|false&#8220; custom_padding_tablet=&#8220;2%||2%||false|false&#8220; custom_padding_phone=&#8220;4%||4%||false|false&#8220; custom_css_main_element=&#8220;display: flex;||align-items: center;&#8220; global_colors_info=&#8220;{}&#8220;][et_pb_column type=&#8220;4_4&#8243; _builder_version=&#8220;4.21.0&#8243; _module_preset=&#8220;default&#8220; global_colors_info=&#8220;{}&#8220;][et_pb_menu dropdown_menu_line_color=&#8220;RGBA(255,255,255,0)&#8220; logo=&#8220;https:\/\/sgap-sppa.ch\/wp-content\/uploads\/2023\/11\/SGAP-webicon-header.svg&#8220; logo_url=&#8220;@ET-DC@eyJkeW5hbWljIjp0cnVlLCJjb250ZW50IjoiaG9tZV91cmwiLCJzZXR0aW5ncyI6e319@&#8220; show_search_icon=&#8220;on&#8220; _builder_version=&#8220;4.23.1&#8243; _dynamic_attributes=&#8220;logo_url&#8220; _module_preset=&#8220;default&#8220; menu_font_size=&#8220;16px&#8220; background_enable_color=&#8220;off&#8220; custom_margin=&#8220;||0px|10%|false|false&#8220; custom_margin_tablet=&#8220;|5%|0px|5%|false|false&#8220; custom_margin_phone=&#8220;|5%|0px|5%|false|false&#8220; custom_margin_last_edited=&#8220;on|tablet&#8220; custom_css_menu_logo=&#8220;margin-right: 8vw !important;&#8220; global_colors_info=&#8220;{}&#8220; custom_css_menu_logo_last_edited=&#8220;on|desktop&#8220; custom_css_menu_logo_tablet=&#8220;margin-right: 0px !important;&#8220; custom_css_menu_logo_phone=&#8220;margin-right: 0px !important;&#8220;][\/et_pb_menu][et_pb_code _builder_version=&#8220;4.21.0&#8243; _module_preset=&#8220;default&#8220; global_colors_info=&#8220;{}&#8220;]<script><!-- [et_pb_line_break_holder] -->jQuery(function($){<!-- [et_pb_line_break_holder] -->   <!-- [et_pb_line_break_holder] -->var headerSection = $('.header-section-container');   <!-- [et_pb_line_break_holder] -->headerSection.wrap('<\/p>\n<div class=\"header-placeholder\"><\/div>\n<p>');<!-- [et_pb_line_break_holder] -->var headerWrap = $('.header-placeholder');<!-- [et_pb_line_break_holder] -->    <!-- [et_pb_line_break_holder] -->var headerHeight = headerSection.outerHeight();<!-- [et_pb_line_break_holder] -->headerWrap.css('height', headerHeight);  <!-- [et_pb_line_break_holder] -->   <!-- [et_pb_line_break_holder] -->$(window).resize(function() {<!-- [et_pb_line_break_holder] -->  headerHeight = headerSection.outerHeight();<!-- [et_pb_line_break_holder] -->  headerWrap.css('height', headerHeight);<!-- [et_pb_line_break_holder] -->});  <!-- [et_pb_line_break_holder] -->   <!-- [et_pb_line_break_holder] -->});<!-- [et_pb_line_break_holder] --><\/script><!-- [et_pb_line_break_holder] --><!-- [et_pb_line_break_holder] --><\/p>\n<style><!-- [et_pb_line_break_holder] -->.et_pb_column {<!-- [et_pb_line_break_holder] -->margin-bottom: 0px !important;<!-- [et_pb_line_break_holder] -->}<!-- [et_pb_line_break_holder] --><\/style>\n<p>[\/et_pb_code][\/et_pb_column][\/et_pb_row][\/et_pb_section][et_pb_section fb_built=&#8220;1&#8243; module_class=&#8220;page-hero-section-image&#8220; _builder_version=&#8220;4.21.0&#8243; _module_preset=&#8220;default&#8220; background_image=&#8220;https:\/\/sgap-sppa.ch\/wp-content\/uploads\/2023\/08\/mesh-gradient-3c.jpg&#8220; background_last_edited=&#8220;on|phone&#8220; background_image_phone=&#8220;https:\/\/sgap-sppa.ch\/wp-content\/uploads\/2023\/08\/mesh-gradient-3-mobile-2.jpg&#8220; background_enable_image_phone=&#8220;on&#8220; saved_tabs=&#8220;all&#8220; global_colors_info=&#8220;{}&#8220;][et_pb_row _builder_version=&#8220;4.16&#8243; _module_preset=&#8220;default&#8220; global_colors_info=&#8220;{}&#8220;][et_pb_column type=&#8220;4_4&#8243; _builder_version=&#8220;4.16&#8243; _module_preset=&#8220;default&#8220; global_colors_info=&#8220;{}&#8220;][et_pb_text _builder_version=&#8220;4.24.0&#8243; _module_preset=&#8220;default&#8220; global_colors_info=&#8220;{}&#8220;]<\/p>\n<h1>\u00c4rztelisten<\/h1>\n<p>[\/et_pb_text][\/et_pb_column][\/et_pb_row][\/et_pb_section][et_pb_section fb_built=&#8220;1&#8243; module_class=&#8220;elementColor-grey400&#8243; _builder_version=&#8220;4.16&#8243; _module_preset=&#8220;default&#8220; locked=&#8220;off&#8220; global_colors_info=&#8220;{}&#8220;][et_pb_row _builder_version=&#8220;4.16&#8243; _module_preset=&#8220;default&#8220; global_colors_info=&#8220;{}&#8220;][et_pb_column type=&#8220;4_4&#8243; _builder_version=&#8220;4.16&#8243; _module_preset=&#8220;default&#8220; global_colors_info=&#8220;{}&#8220;][et_pb_text module_class=&#8220;font-weight-400&#8243; _builder_version=&#8220;4.24.3&#8243; _module_preset=&#8220;default&#8220; hover_enabled=&#8220;0&#8243; global_colors_info=&#8220;{}&#8220; sticky_enabled=&#8220;0&#8243;]<\/p>\n<h3>Finden Sie Ihren Spezialisten.<\/h3>\n<p>[\/et_pb_text][\/et_pb_column][\/et_pb_row][\/et_pb_section][et_pb_section fb_built=&#8220;1&#8243; _builder_version=&#8220;4.21.0&#8243; _module_preset=&#8220;default&#8220; global_colors_info=&#8220;{}&#8220;][et_pb_row column_structure=&#8220;1_2,1_2&#8243; _builder_version=&#8220;4.21.0&#8243; _module_preset=&#8220;default&#8220; global_colors_info=&#8220;{}&#8220;][et_pb_column type=&#8220;1_2&#8243; _builder_version=&#8220;4.21.0&#8243; _module_preset=&#8220;default&#8220; global_colors_info=&#8220;{}&#8220;][et_pb_text _builder_version=&#8220;4.24.0&#8243; _module_preset=&#8220;default&#8220; global_colors_info=&#8220;{}&#8220;]<\/p>\n<h1>F\u00fcr Patienten und Zuweiser<\/h1>\n<p>[\/et_pb_text][et_pb_button button_url=&#8220;https:\/\/www.psychiatrie.ch\/sgpp\/patienten-und-angehoerige\/psychiatersuche&#8220; url_new_window=&#8220;on&#8220; button_text=&#8220;SGPP-Psychiatersuche&#8220; module_class=&#8220;vv-et-btn-accent vv-et-btn-100&#8243; _builder_version=&#8220;4.24.0&#8243; _module_preset=&#8220;default&#8220; global_colors_info=&#8220;{}&#8220;][\/et_pb_button][\/et_pb_column][et_pb_column type=&#8220;1_2&#8243; _builder_version=&#8220;4.21.0&#8243; _module_preset=&#8220;default&#8220; global_colors_info=&#8220;{}&#8220;][\/et_pb_column][\/et_pb_row][et_pb_row column_structure=&#8220;1_2,1_2&#8243; _builder_version=&#8220;4.21.0&#8243; _module_preset=&#8220;default&#8220; global_colors_info=&#8220;{}&#8220;][et_pb_column type=&#8220;1_2&#8243; _builder_version=&#8220;4.21.0&#8243; _module_preset=&#8220;default&#8220; global_colors_info=&#8220;{}&#8220;][et_pb_text _builder_version=&#8220;4.24.0&#8243; _module_preset=&#8220;default&#8220; global_colors_info=&#8220;{}&#8220;]<\/p>\n<h1>F\u00fcr Fachleute und Kliniken<\/h1>\n<p>[\/et_pb_text][et_pb_text _builder_version=&#8220;4.24.0&#8243; _module_preset=&#8220;default&#8220; global_colors_info=&#8220;{}&#8220;]<\/p>\n<p>\u00c4rzte mit Schwerpunkttitel in Alterspsychiatrie und -psychotherapie<\/p>\n<p>[\/et_pb_text][et_pb_button button_url=&#8220;https:\/\/www.doctorfmh.ch\/&#8220; url_new_window=&#8220;on&#8220; button_text=&#8220;doctorfmh &#8211; FMH-\u00c4rzteverzeichnis&#8220; module_class=&#8220;vv-et-btn-accent vv-et-btn-100&#8243; _builder_version=&#8220;4.24.0&#8243; _module_preset=&#8220;default&#8220; global_colors_info=&#8220;{}&#8220;][\/et_pb_button][\/et_pb_column][et_pb_column type=&#8220;1_2&#8243; _builder_version=&#8220;4.21.0&#8243; _module_preset=&#8220;default&#8220; global_colors_info=&#8220;{}&#8220;][\/et_pb_column][\/et_pb_row][\/et_pb_section]<\/p>\n","protected":false},"excerpt":{"rendered":"<p>\u00c4rztelistenFinden Sie Ihren Spezialisten.F\u00fcr Patienten und ZuweiserF\u00fcr Fachleute und Kliniken\u00c4rzte mit Schwerpunkttitel in Alterspsychiatrie und -psychotherapie<\/p>\n","protected":false},"author":1,"featured_media":0,"parent":0,"menu_order":0,"comment_status":"closed","ping_status":"closed","template":"","meta":{"_et_pb_use_builder":"on","_et_pb_old_content":"","_et_gb_content_width":"","footnotes":""},"class_list":["post-4489","page","type-page","status-publish","hentry"],"_links":{"self":[{"href":"https:\/\/sgap-sppa.ch\/de\/wp-json\/wp\/v2\/pages\/4489","targetHints":{"allow":["GET"]}}],"collection":[{"href":"https:\/\/sgap-sppa.ch\/de\/wp-json\/wp\/v2\/pages"}],"about":[{"href":"https:\/\/sgap-sppa.ch\/de\/wp-json\/wp\/v2\/types\/page"}],"author":[{"embeddable":true,"href":"https:\/\/sgap-sppa.ch\/de\/wp-json\/wp\/v2\/users\/1"}],"replies":[{"embeddable":true,"href":"https:\/\/sgap-sppa.ch\/de\/wp-json\/wp\/v2\/comments?post=4489"}],"version-history":[{"count":61,"href":"https:\/\/sgap-sppa.ch\/de\/wp-json\/wp\/v2\/pages\/4489\/revisions"}],"predecessor-version":[{"id":7237,"href":"https:\/\/sgap-sppa.ch\/de\/wp-json\/wp\/v2\/pages\/4489\/revisions\/7237"}],"wp:attachment":[{"href":"https:\/\/sgap-sppa.ch\/de\/wp-json\/wp\/v2\/media?parent=4489"}],"curies":[{"name":"wp","href":"https:\/\/api.w.org\/{rel}","templated":true}]}}