{"id":487,"date":"2021-10-23T23:09:31","date_gmt":"2021-10-23T21:09:31","guid":{"rendered":"https:\/\/visitvisp.ch\/?page_id=487"},"modified":"2026-01-26T15:13:57","modified_gmt":"2026-01-26T14:13:57","slug":"entdecken","status":"publish","type":"page","link":"https:\/\/sgap-sppa.ch\/de\/","title":{"rendered":"SGAP Home"},"content":{"rendered":"<p>[et_pb_section fb_built=&#8220;1&#8243; module_class=&#8220;page-hero-section-image&#8220; _builder_version=&#8220;4.22.1&#8243; _module_preset=&#8220;default&#8220; background_image=&#8220;https:\/\/sgap-sppa.ch\/wp-content\/uploads\/2023\/08\/mesh-gradient-3c.jpg&#8220; background_last_edited=&#8220;on|phone&#8220; background_image_phone=&#8220;https:\/\/sgap-sppa.ch\/wp-content\/uploads\/2023\/08\/mesh-gradient-3-mobile-2.jpg&#8220; background_enable_image_phone=&#8220;on&#8220; saved_tabs=&#8220;all&#8220; global_colors_info=&#8220;{}&#8220;][et_pb_row _builder_version=&#8220;4.16&#8243; _module_preset=&#8220;default&#8220; global_colors_info=&#8220;{}&#8220;][et_pb_column type=&#8220;4_4&#8243; _builder_version=&#8220;4.16&#8243; _module_preset=&#8220;default&#8220; global_colors_info=&#8220;{}&#8220;][et_pb_text _builder_version=&#8220;4.21.0&#8243; _module_preset=&#8220;default&#8220; global_colors_info=&#8220;{}&#8220;]<\/p>\n<h1>Willkommen bei der SGAP!<\/h1>\n<p>[\/et_pb_text][\/et_pb_column][\/et_pb_row][\/et_pb_section][et_pb_section fb_built=&#8220;1&#8243; module_class=&#8220;elementColor-grey400&#8243; _builder_version=&#8220;4.16&#8243; _module_preset=&#8220;default&#8220; global_colors_info=&#8220;{}&#8220;][et_pb_row _builder_version=&#8220;4.16&#8243; _module_preset=&#8220;default&#8220; global_colors_info=&#8220;{}&#8220;][et_pb_column type=&#8220;4_4&#8243; _builder_version=&#8220;4.16&#8243; _module_preset=&#8220;default&#8220; global_colors_info=&#8220;{}&#8220;][et_pb_text module_class=&#8220;font-weight-400&#8243; _builder_version=&#8220;4.22.2&#8243; _module_preset=&#8220;default&#8220; global_colors_info=&#8220;{}&#8220;]<\/p>\n<h3>Die Schweizerische Gesellschaft f\u00fcr Alterspsychiatrie und \u2013psychotherapie SGAP ist die Fachvereinigung der in der Schweiz t\u00e4tigen Psychiater\/innen und Psychotherapeuten\/innen, die sich schwerpunktm\u00e4ssig mit der Pr\u00e4vention, Diagnostik, Therapie und Forschung der alterspsychiatrischen St\u00f6rungen befassen. Die konfessionell und politisch unabh\u00e4ngige \u00e4rztliche Gesellschaft wurde 1991 gegr\u00fcndet.<\/h3>\n<p>[\/et_pb_text][\/et_pb_column][\/et_pb_row][\/et_pb_section][et_pb_section fb_built=&#8220;1&#8243; _builder_version=&#8220;4.21.0&#8243; _module_preset=&#8220;default&#8220; global_colors_info=&#8220;{}&#8220;][et_pb_row _builder_version=&#8220;4.21.0&#8243; _module_preset=&#8220;default&#8220; global_colors_info=&#8220;{}&#8220;][et_pb_column type=&#8220;4_4&#8243; _builder_version=&#8220;4.21.0&#8243; _module_preset=&#8220;default&#8220; global_colors_info=&#8220;{}&#8220;][et_pb_text _builder_version=&#8220;4.24.0&#8243; _module_preset=&#8220;default&#8220; global_colors_info=&#8220;{}&#8220;]<\/p>\n<h1 style=\"text-align: left;\">Servicebereich f\u00fcr Patienten, Angeh\u00f6rige und \u00c4rzte<\/h1>\n<p>[\/et_pb_text][\/et_pb_column][\/et_pb_row][et_pb_row column_structure=&#8220;1_3,1_3,1_3&#8243; _builder_version=&#8220;4.21.0&#8243; _module_preset=&#8220;default&#8220; global_colors_info=&#8220;{}&#8220;][et_pb_column type=&#8220;1_3&#8243; _builder_version=&#8220;4.21.0&#8243; _module_preset=&#8220;default&#8220; global_colors_info=&#8220;{}&#8220;][et_pb_blurb title=&#8220;\u00c4rztelisten&#8220; image_icon_background_color=&#8220;#5dc3da&#8220; image=&#8220;https:\/\/sgap-sppa.ch\/wp-content\/uploads\/2024\/01\/SGAP_Icon_Aerzteliste-Teal-1.svg&#8220; _builder_version=&#8220;4.23.4&#8243; _dynamic_attributes=&#8220;link_option_url&#8220; _module_preset=&#8220;default&#8220; link_option_url=&#8220;@ET-DC@eyJkeW5hbWljIjp0cnVlLCJjb250ZW50IjoicG9zdF9saW5rX3VybF9wYWdlIiwic2V0dGluZ3MiOnsicG9zdF9pZCI6IjQ0ODkifX0=@&#8220; global_colors_info=&#8220;{}&#8220;]<\/p>\n<p>Finden Sie Ihren Spezialisten als Patient, Angeh\u00f6riger oder Zuweiser im \u00c4rzteverzeichnis.<\/p>\n<p>[\/et_pb_blurb][\/et_pb_column][et_pb_column type=&#8220;1_3&#8243; _builder_version=&#8220;4.21.0&#8243; _module_preset=&#8220;default&#8220; global_colors_info=&#8220;{}&#8220;][et_pb_blurb title=&#8220;Stellenmarkt&#8220; image_icon_background_color=&#8220;#93d7e7&#8243; image=&#8220;https:\/\/sgap-sppa.ch\/wp-content\/uploads\/2024\/01\/SGAP_Icon_Stellensuche-1.svg&#8220; _builder_version=&#8220;4.27.4&#8243; _dynamic_attributes=&#8220;link_option_url&#8220; _module_preset=&#8220;default&#8220; link_option_url=&#8220;@ET-DC@eyJkeW5hbWljIjp0cnVlLCJjb250ZW50IjoicG9zdF9saW5rX3VybF9wYWdlIiwic2V0dGluZ3MiOnsicG9zdF9pZCI6IjY5NDMifX0=@&#8220; hover_enabled=&#8220;0&#8243; global_colors_info=&#8220;{}&#8220; sticky_enabled=&#8220;0&#8243;]<\/p>\n<p><span class=\"bc-singleevent-tag job\">Aktuell 3 offene Position(en)<\/span><br \/>Sehen Sie hier Vakanzen ein und finden die passende Stelle f\u00fcr Sie.<\/p>\n<p>[\/et_pb_blurb][\/et_pb_column][et_pb_column type=&#8220;1_3&#8243; _builder_version=&#8220;4.21.0&#8243; _module_preset=&#8220;default&#8220; global_colors_info=&#8220;{}&#8220;][et_pb_blurb title=&#8220;Vernetzung&#8220; image_icon_background_color=&#8220;#c9ebf3&#8243; image=&#8220;https:\/\/sgap-sppa.ch\/wp-content\/uploads\/2024\/01\/SGAP_Icon_Vernetzung-Teal-1.svg&#8220; _builder_version=&#8220;4.23.4&#8243; _dynamic_attributes=&#8220;link_option_url&#8220; _module_preset=&#8220;default&#8220; link_option_url=&#8220;@ET-DC@eyJkeW5hbWljIjp0cnVlLCJjb250ZW50IjoicG9zdF9saW5rX3VybF9wYWdlIiwic2V0dGluZ3MiOnsicG9zdF9pZCI6IjQ0MjgifX0=@&#8220; global_colors_info=&#8220;{}&#8220;]<\/p>\n<p>Erfahren Sie hier mehr \u00fcber die Verbindungen von SGAP zu anderen Organisationen.<\/p>\n<p>[\/et_pb_blurb][\/et_pb_column][\/et_pb_row][\/et_pb_section][et_pb_section fb_built=&#8220;1&#8243; _builder_version=&#8220;4.21.0&#8243; _module_preset=&#8220;default&#8220; global_colors_info=&#8220;{}&#8220;][et_pb_row _builder_version=&#8220;4.21.0&#8243; _module_preset=&#8220;default&#8220; global_colors_info=&#8220;{}&#8220;][et_pb_column type=&#8220;4_4&#8243; _builder_version=&#8220;4.21.0&#8243; _module_preset=&#8220;default&#8220; global_colors_info=&#8220;{}&#8220;][et_pb_text _builder_version=&#8220;4.23.1&#8243; _module_preset=&#8220;default&#8220; global_colors_info=&#8220;{}&#8220;]<\/p>\n<h1 style=\"text-align: left;\">Servicebereich f\u00fcr Mitglieder<\/h1>\n<p>[\/et_pb_text][\/et_pb_column][\/et_pb_row][et_pb_row column_structure=&#8220;1_3,1_3,1_3&#8243; _builder_version=&#8220;4.21.0&#8243; _module_preset=&#8220;default&#8220; global_colors_info=&#8220;{}&#8220;][et_pb_column type=&#8220;1_3&#8243; _builder_version=&#8220;4.21.0&#8243; _module_preset=&#8220;default&#8220; global_colors_info=&#8220;{}&#8220;][et_pb_blurb title=&#8220;Guidelines&#8220; image_icon_background_color=&#8220;#fad298&#8243; image=&#8220;https:\/\/sgap-sppa.ch\/wp-content\/uploads\/2024\/01\/SGAP_Icon_Fachpublikationen-Yellow.svg&#8220; _builder_version=&#8220;4.23.4&#8243; _dynamic_attributes=&#8220;link_option_url&#8220; _module_preset=&#8220;default&#8220; link_option_url=&#8220;@ET-DC@eyJkeW5hbWljIjp0cnVlLCJjb250ZW50IjoicG9zdF9saW5rX3VybF9wYWdlIiwic2V0dGluZ3MiOnsicG9zdF9pZCI6IjYyNTAifX0=@&#8220; global_colors_info=&#8220;{}&#8220;]<\/p>\n<p>Chronologisch sortierte Guidelines finden Sie in dieser Sektion.<\/p>\n<p>[\/et_pb_blurb][\/et_pb_column][et_pb_column type=&#8220;1_3&#8243; _builder_version=&#8220;4.21.0&#8243; _module_preset=&#8220;default&#8220; global_colors_info=&#8220;{}&#8220;][et_pb_blurb title=&#8220;Fachliteratur&#8220; url=&#8220;@ET-DC@eyJkeW5hbWljIjp0cnVlLCJjb250ZW50IjoicG9zdF9saW5rX3VybF9wYWdlIiwic2V0dGluZ3MiOnsicG9zdF9pZCI6IjYzMTcifX0=@&#8220; image_icon_background_color=&#8220;#fbe1bb&#8220; image=&#8220;https:\/\/sgap-sppa.ch\/wp-content\/uploads\/2024\/01\/SGAP_Icon_Literatursuche-Yellow.svg&#8220; _builder_version=&#8220;4.24.3&#8243; _dynamic_attributes=&#8220;link_option_url,url&#8220; _module_preset=&#8220;default&#8220; link_option_url=&#8220;@ET-DC@eyJkeW5hbWljIjp0cnVlLCJjb250ZW50IjoicG9zdF9saW5rX3VybF9wYWdlIiwic2V0dGluZ3MiOnsicG9zdF9pZCI6IjYzMjEifX0=@&#8220; global_colors_info=&#8220;{}&#8220;]<\/p>\n<p>F\u00fcr Ihre Weiterbildung mit dem Schwerpunkt\u00a0Alterspsychiatrie und Alterspsychotherapie empfehlen wir Fachliteratur in Deutsch, Franz\u00f6sisch und Englisch.<\/p>\n<p>[\/et_pb_blurb][\/et_pb_column][et_pb_column type=&#8220;1_3&#8243; _builder_version=&#8220;4.21.0&#8243; _module_preset=&#8220;default&#8220; global_colors_info=&#8220;{}&#8220;][et_pb_blurb title=&#8220;SGAP-Kurs- und Pr\u00fcfungstermine&#8220; image_icon_background_color=&#8220;#fdf0dd&#8220; image=&#8220;https:\/\/sgap-sppa.ch\/wp-content\/uploads\/2024\/01\/SGAP_Icon_Kalender-Yellow.svg&#8220; _builder_version=&#8220;4.23.4&#8243; _dynamic_attributes=&#8220;link_option_url&#8220; _module_preset=&#8220;default&#8220; link_option_url=&#8220;@ET-DC@eyJkeW5hbWljIjp0cnVlLCJjb250ZW50IjoicG9zdF9saW5rX3VybF9wYWdlIiwic2V0dGluZ3MiOnsicG9zdF9pZCI6IjUwNTYifX0=@&#8220; global_colors_info=&#8220;{}&#8220;]<\/p>\n<p>Termine f\u00fcr die Weiterbildungs- und Fortbildungskurse sowie Pr\u00fcfungen &#8211; alles auf einen Blick!<\/p>\n<p>[\/et_pb_blurb][\/et_pb_column][\/et_pb_row][\/et_pb_section][et_pb_section fb_built=&#8220;1&#8243; module_class=&#8220;vv-modern-grid-section&#8220; _builder_version=&#8220;4.16&#8243; _module_preset=&#8220;default&#8220; locked=&#8220;off&#8220; global_colors_info=&#8220;{}&#8220;][et_pb_row _builder_version=&#8220;4.22.1&#8243; _module_preset=&#8220;default&#8220; global_colors_info=&#8220;{}&#8220;][et_pb_column type=&#8220;4_4&#8243; _builder_version=&#8220;4.22.1&#8243; _module_preset=&#8220;default&#8220; global_colors_info=&#8220;{}&#8220;][et_pb_text _builder_version=&#8220;4.21.0&#8243; _module_preset=&#8220;default&#8220; global_colors_info=&#8220;{}&#8220;]<\/p>\n<h1><span>Veranstaltungen<\/span><\/h1>\n<p>[\/et_pb_text][et_pb_code _builder_version=&#8220;4.23.4&#8243; _module_preset=&#8220;default&#8220; global_colors_info=&#8220;{}&#8220;]<div class=\"em em-view-container\" id=\"em-view-1831096181\" data-view=\"list\">\r\n\t<div class=\"em-list em-events-list\" id=\"em-events-list-1831096181\" data-view-id=\"1831096181\">\r\n\t<!-- [et_pb_line_break_holder] --><\/p>\n<div class=\"et_pb_module et_clickable et_pb_text_align_left bc-eventlist\"><!-- [et_pb_line_break_holder] -->    <\/p>\n<div class=\"bc-eventlist-topinfo\"><!-- [et_pb_line_break_holder] -->                <!-- [et_pb_line_break_holder] -->        <!-- [et_pb_line_break_holder] -->        <!-- [et_pb_line_break_holder] -->        <span class=\"bc-eventlist-tag veranstaltung\">Veranstaltung<\/span><!-- [et_pb_line_break_holder] -->        <span style=\"text-transform:uppercase\"><\/p>\n<h4 class=\"et_pb_module_header font-weight-400\">25 Juni<\/h4>\n<p><\/span><!-- [et_pb_line_break_holder] -->    <\/div>\n<p><!-- [et_pb_line_break_holder] -->    <\/p>\n<h3 class=\"bc-eventlist-header\"><a href=\"https:\/\/sgap-sppa.ch\/de\/veranstaltungen\/save-the-date-generalversammlung-2026\/\">Save the date: Generalversammlung 2026<\/a><\/h3>\n<p><!-- [et_pb_line_break_holder] -->    <\/p>\n<div class=\"bc-eventlist-detailinfo\"><!-- [et_pb_line_break_holder] -->        <!-- [et_pb_line_break_holder] -->            00:00 \u2013 23:59<!-- [et_pb_line_break_holder] -->            Sorell Hotel Ador<!-- [et_pb_line_break_holder] -->        <!-- [et_pb_line_break_holder] -->        <!-- [et_pb_line_break_holder] -->            &amp;LongRightArrow; <a href=\"https:\/\/sgap-sppa.ch\/de\/veranstaltungen\/save-the-date-generalversammlung-2026\/\">Details<\/a><!-- [et_pb_line_break_holder] -->        <!-- [et_pb_line_break_holder] -->    <\/div>\n<p><!-- [et_pb_line_break_holder] --><\/div>\n<p><!-- [et_pb_line_break_holder] -->\t<\/div>\r\n<\/div>[\/et_pb_code][et_pb_button button_url=&#8220;@ET-DC@eyJkeW5hbWljIjp0cnVlLCJjb250ZW50IjoicG9zdF9saW5rX3VybF9wYWdlIiwic2V0dGluZ3MiOnsicG9zdF9pZCI6IjQ0NDUifX0=@&#8220; button_text=&#8220;Alle Veranstaltungen&#8220; module_class=&#8220;vv-et-btn-accent-outline-light&#8220; _builder_version=&#8220;4.22.1&#8243; _dynamic_attributes=&#8220;button_url&#8220; _module_preset=&#8220;default&#8220; global_colors_info=&#8220;{}&#8220;][\/et_pb_button][\/et_pb_column][\/et_pb_row][\/et_pb_section]<\/p>\n","protected":false},"excerpt":{"rendered":"<p>Willkommen bei der SGAP!Die Schweizerische Gesellschaft f\u00fcr Alterspsychiatrie und \u2013psychotherapie SGAP ist die Fachvereinigung der in der Schweiz t\u00e4tigen Psychiater\/innen und Psychotherapeuten\/innen, die sich schwerpunktm\u00e4ssig mit der Pr\u00e4vention, Diagnostik, Therapie [&hellip;]<\/p>\n","protected":false},"author":1,"featured_media":0,"parent":0,"menu_order":0,"comment_status":"closed","ping_status":"closed","template":"","meta":{"_et_pb_use_builder":"on","_et_pb_old_content":"","_et_gb_content_width":"","footnotes":""},"class_list":["post-487","page","type-page","status-publish","hentry"],"_links":{"self":[{"href":"https:\/\/sgap-sppa.ch\/de\/wp-json\/wp\/v2\/pages\/487","targetHints":{"allow":["GET"]}}],"collection":[{"href":"https:\/\/sgap-sppa.ch\/de\/wp-json\/wp\/v2\/pages"}],"about":[{"href":"https:\/\/sgap-sppa.ch\/de\/wp-json\/wp\/v2\/types\/page"}],"author":[{"embeddable":true,"href":"https:\/\/sgap-sppa.ch\/de\/wp-json\/wp\/v2\/users\/1"}],"replies":[{"embeddable":true,"href":"https:\/\/sgap-sppa.ch\/de\/wp-json\/wp\/v2\/comments?post=487"}],"version-history":[{"count":79,"href":"https:\/\/sgap-sppa.ch\/de\/wp-json\/wp\/v2\/pages\/487\/revisions"}],"predecessor-version":[{"id":7973,"href":"https:\/\/sgap-sppa.ch\/de\/wp-json\/wp\/v2\/pages\/487\/revisions\/7973"}],"wp:attachment":[{"href":"https:\/\/sgap-sppa.ch\/de\/wp-json\/wp\/v2\/media?parent=487"}],"curies":[{"name":"wp","href":"https:\/\/api.w.org\/{rel}","templated":true}]}}