{"id":6250,"date":"2023-11-10T10:03:45","date_gmt":"2023-11-10T09:03:45","guid":{"rendered":"https:\/\/sgap-sppa.com\/?page_id=6250"},"modified":"2024-08-20T13:08:24","modified_gmt":"2024-08-20T11:08:24","slug":"guidelines-und-literatur","status":"publish","type":"page","link":"https:\/\/sgap-sppa.ch\/de\/guidelines-und-literatur\/","title":{"rendered":"Guidelines und Literatur"},"content":{"rendered":"<p>[et_pb_section fb_built=&#8220;1&#8243; module_class=&#8220;header-section-container&#8220; _builder_version=&#8220;4.21.0&#8243; _module_preset=&#8220;default&#8220; background_color=&#8220;#FFFFFF&#8220; positioning=&#8220;fixed&#8220; position_origin_f=&#8220;top_center&#8220; custom_padding=&#8220;0px||0px||false|false&#8220; box_shadow_style=&#8220;preset1&#8243; global_colors_info=&#8220;{}&#8220;][et_pb_row use_custom_gutter=&#8220;on&#8220; gutter_width=&#8220;2&#8243; custom_padding_last_edited=&#8220;on|phone&#8220; _builder_version=&#8220;4.22.1&#8243; _module_preset=&#8220;default&#8220; width=&#8220;100%&#8220; max_width=&#8220;100%&#8220; custom_padding=&#8220;10px||10px||false|false&#8220; custom_padding_tablet=&#8220;2%||2%||false|false&#8220; custom_padding_phone=&#8220;4%||4%||false|false&#8220; custom_css_main_element=&#8220;display: flex;||align-items: center;&#8220; global_colors_info=&#8220;{}&#8220;][et_pb_column type=&#8220;4_4&#8243; _builder_version=&#8220;4.21.0&#8243; _module_preset=&#8220;default&#8220; global_colors_info=&#8220;{}&#8220;][et_pb_menu dropdown_menu_line_color=&#8220;RGBA(255,255,255,0)&#8220; logo=&#8220;https:\/\/sgap-sppa.ch\/wp-content\/uploads\/2023\/11\/SGAP-webicon-header.svg&#8220; logo_url=&#8220;@ET-DC@eyJkeW5hbWljIjp0cnVlLCJjb250ZW50IjoiaG9tZV91cmwiLCJzZXR0aW5ncyI6e319@&#8220; show_search_icon=&#8220;on&#8220; _builder_version=&#8220;4.23.1&#8243; _dynamic_attributes=&#8220;logo_url&#8220; _module_preset=&#8220;default&#8220; menu_font_size=&#8220;16px&#8220; background_enable_color=&#8220;off&#8220; custom_margin=&#8220;||0px|10%|false|false&#8220; custom_margin_tablet=&#8220;|5%|0px|5%|false|false&#8220; custom_margin_phone=&#8220;|5%|0px|5%|false|false&#8220; custom_margin_last_edited=&#8220;on|tablet&#8220; custom_css_menu_logo=&#8220;margin-right: 8vw !important;&#8220; global_colors_info=&#8220;{}&#8220; custom_css_menu_logo_last_edited=&#8220;on|desktop&#8220; custom_css_menu_logo_tablet=&#8220;margin-right: 0px !important;&#8220; custom_css_menu_logo_phone=&#8220;margin-right: 0px !important;&#8220;][\/et_pb_menu][et_pb_code _builder_version=&#8220;4.21.0&#8243; _module_preset=&#8220;default&#8220; global_colors_info=&#8220;{}&#8220;]<script><!-- [et_pb_line_break_holder] -->jQuery(function($){<!-- [et_pb_line_break_holder] -->   <!-- [et_pb_line_break_holder] -->var headerSection = $('.header-section-container');   <!-- [et_pb_line_break_holder] -->headerSection.wrap('<\/p>\n<div class=\"header-placeholder\"><\/div>\n<p>');<!-- [et_pb_line_break_holder] -->var headerWrap = $('.header-placeholder');<!-- [et_pb_line_break_holder] -->    <!-- [et_pb_line_break_holder] -->var headerHeight = headerSection.outerHeight();<!-- [et_pb_line_break_holder] -->headerWrap.css('height', headerHeight);  <!-- [et_pb_line_break_holder] -->   <!-- [et_pb_line_break_holder] -->$(window).resize(function() {<!-- [et_pb_line_break_holder] -->  headerHeight = headerSection.outerHeight();<!-- [et_pb_line_break_holder] -->  headerWrap.css('height', headerHeight);<!-- [et_pb_line_break_holder] -->});  <!-- [et_pb_line_break_holder] -->   <!-- [et_pb_line_break_holder] -->});<!-- [et_pb_line_break_holder] --><\/script><!-- [et_pb_line_break_holder] --><!-- [et_pb_line_break_holder] --><\/p>\n<style><!-- [et_pb_line_break_holder] -->.et_pb_column {<!-- [et_pb_line_break_holder] -->margin-bottom: 0px !important;<!-- [et_pb_line_break_holder] -->}<!-- [et_pb_line_break_holder] --><\/style>\n<p>[\/et_pb_code][\/et_pb_column][\/et_pb_row][\/et_pb_section][et_pb_section fb_built=&#8220;1&#8243; disabled_on=&#8220;on|on|on&#8220; module_class=&#8220;header-section-container&#8220; _builder_version=&#8220;4.24.2&#8243; _module_preset=&#8220;default&#8220; background_color=&#8220;#FFFFFF&#8220; positioning=&#8220;fixed&#8220; position_origin_f=&#8220;top_center&#8220; custom_padding=&#8220;0px||0px||false|false&#8220; box_shadow_style=&#8220;preset1&#8243; disabled=&#8220;on&#8220; global_colors_info=&#8220;{}&#8220;][et_pb_row use_custom_gutter=&#8220;on&#8220; gutter_width=&#8220;2&#8243; custom_padding_last_edited=&#8220;on|phone&#8220; _builder_version=&#8220;4.22.1&#8243; _module_preset=&#8220;default&#8220; width=&#8220;100%&#8220; max_width=&#8220;100%&#8220; custom_padding=&#8220;10px||10px||false|false&#8220; custom_padding_tablet=&#8220;2%||2%||false|false&#8220; custom_padding_phone=&#8220;4%||4%||false|false&#8220; custom_css_main_element=&#8220;display: flex;||align-items: center;&#8220; global_colors_info=&#8220;{}&#8220;][et_pb_column type=&#8220;4_4&#8243; _builder_version=&#8220;4.21.0&#8243; _module_preset=&#8220;default&#8220; global_colors_info=&#8220;{}&#8220;][et_pb_menu dropdown_menu_line_color=&#8220;RGBA(255,255,255,0)&#8220; logo=&#8220;https:\/\/sgap-sppa.ch\/wp-content\/uploads\/2023\/11\/SGAP-webicon-header.svg&#8220; logo_url=&#8220;@ET-DC@eyJkeW5hbWljIjp0cnVlLCJjb250ZW50IjoiaG9tZV91cmwiLCJzZXR0aW5ncyI6e319@&#8220; show_search_icon=&#8220;on&#8220; _builder_version=&#8220;4.23.1&#8243; _dynamic_attributes=&#8220;logo_url&#8220; _module_preset=&#8220;default&#8220; menu_font_size=&#8220;16px&#8220; background_enable_color=&#8220;off&#8220; custom_margin=&#8220;||0px|10%|false|false&#8220; custom_margin_tablet=&#8220;|5%|0px|5%|false|false&#8220; custom_margin_phone=&#8220;|5%|0px|5%|false|false&#8220; custom_margin_last_edited=&#8220;on|tablet&#8220; custom_css_menu_logo=&#8220;margin-right: 8vw !important;&#8220; global_colors_info=&#8220;{}&#8220; custom_css_menu_logo_last_edited=&#8220;on|desktop&#8220; custom_css_menu_logo_tablet=&#8220;margin-right: 0px !important;&#8220; custom_css_menu_logo_phone=&#8220;margin-right: 0px !important;&#8220;][\/et_pb_menu][et_pb_code disabled_on=&#8220;off|off|off&#8220; _builder_version=&#8220;4.24.2&#8243; _module_preset=&#8220;default&#8220; global_colors_info=&#8220;{}&#8220;]<script><!-- [et_pb_line_break_holder] -->jQuery(function($){<!-- [et_pb_line_break_holder] -->   <!-- [et_pb_line_break_holder] -->var headerSection = $('.header-section-container');   <!-- [et_pb_line_break_holder] -->headerSection.wrap('<\/p>\n<div class=\"header-placeholder\"><\/div>\n<p>');<!-- [et_pb_line_break_holder] -->var headerWrap = $('.header-placeholder');<!-- [et_pb_line_break_holder] -->    <!-- [et_pb_line_break_holder] -->var headerHeight = headerSection.outerHeight();<!-- [et_pb_line_break_holder] -->headerWrap.css('height', headerHeight);  <!-- [et_pb_line_break_holder] -->   <!-- [et_pb_line_break_holder] -->$(window).resize(function() {<!-- [et_pb_line_break_holder] -->  headerHeight = headerSection.outerHeight();<!-- [et_pb_line_break_holder] -->  headerWrap.css('height', headerHeight);<!-- [et_pb_line_break_holder] -->});  <!-- [et_pb_line_break_holder] -->   <!-- [et_pb_line_break_holder] -->});<!-- [et_pb_line_break_holder] --><\/script><!-- [et_pb_line_break_holder] --><!-- [et_pb_line_break_holder] --><\/p>\n<style><!-- [et_pb_line_break_holder] -->.et_pb_column {<!-- [et_pb_line_break_holder] -->margin-bottom: 0px !important;<!-- [et_pb_line_break_holder] -->}<!-- [et_pb_line_break_holder] --><\/style>\n<p>[\/et_pb_code][\/et_pb_column][\/et_pb_row][\/et_pb_section][et_pb_section fb_built=&#8220;1&#8243; admin_label=&#8220;Sektion&#8220; module_class=&#8220;page-hero-section-image&#8220; _builder_version=&#8220;4.21.0&#8243; _module_preset=&#8220;default&#8220; background_image=&#8220;https:\/\/sgap-sppa.ch\/wp-content\/uploads\/2023\/08\/mesh-gradient-3c.jpg&#8220; background_last_edited=&#8220;on|phone&#8220; background_image_phone=&#8220;https:\/\/sgap-sppa.ch\/wp-content\/uploads\/2023\/08\/mesh-gradient-3-mobile-2.jpg&#8220; background_enable_image_phone=&#8220;on&#8220; saved_tabs=&#8220;all&#8220; global_colors_info=&#8220;{}&#8220;][et_pb_row _builder_version=&#8220;4.23.1&#8243; _module_preset=&#8220;default&#8220; global_colors_info=&#8220;{}&#8220;][et_pb_column type=&#8220;4_4&#8243; _builder_version=&#8220;4.23.1&#8243; _module_preset=&#8220;default&#8220; global_colors_info=&#8220;{}&#8220;][et_pb_text _builder_version=&#8220;4.23.1&#8243; _module_preset=&#8220;default&#8220; global_colors_info=&#8220;{}&#8220;]<\/p>\n<h1>Guidelines<\/h1>\n<p>[\/et_pb_text][\/et_pb_column][\/et_pb_row][\/et_pb_section][et_pb_section fb_built=&#8220;1&#8243; module_class=&#8220;elementColor-grey400&#8243; _builder_version=&#8220;4.23.4&#8243; _module_preset=&#8220;default&#8220; global_colors_info=&#8220;{}&#8220;][et_pb_row column_structure=&#8220;1_3,1_3,1_3&#8243; make_equal=&#8220;on&#8220; _builder_version=&#8220;4.23.1&#8243; _module_preset=&#8220;default&#8220; global_colors_info=&#8220;{}&#8220;][et_pb_column type=&#8220;1_3&#8243; _builder_version=&#8220;4.23.1&#8243; _module_preset=&#8220;default&#8220; global_colors_info=&#8220;{}&#8220;][et_pb_button button_url=&#8220;@ET-DC@eyJkeW5hbWljIjp0cnVlLCJjb250ZW50IjoicG9zdF9saW5rX3VybF9wYWdlIiwic2V0dGluZ3MiOnsicG9zdF9pZCI6IjYyNTAifX0=@&#8220; button_text=&#8220;Guidelines&#8220; button_alignment=&#8220;center&#8220; module_class=&#8220;vv-et-btn-accent vv-et-btn-100&#8243; _builder_version=&#8220;4.23.4&#8243; _dynamic_attributes=&#8220;button_url&#8220; _module_preset=&#8220;default&#8220; global_colors_info=&#8220;{}&#8220;][\/et_pb_button][\/et_pb_column][et_pb_column type=&#8220;1_3&#8243; _builder_version=&#8220;4.23.1&#8243; _module_preset=&#8220;default&#8220; global_colors_info=&#8220;{}&#8220;][et_pb_button button_url=&#8220;@ET-DC@eyJkeW5hbWljIjp0cnVlLCJjb250ZW50IjoicG9zdF9saW5rX3VybF9wYWdlIiwic2V0dGluZ3MiOnsicG9zdF9pZCI6IjYzMjUifX0=@&#8220; button_text=&#8220;Nationalen Strategien&#8220; button_alignment=&#8220;center&#8220; module_class=&#8220;vv-et-btn-accent-outline-light vv-et-btn-100&#8243; _builder_version=&#8220;4.23.4&#8243; _dynamic_attributes=&#8220;button_url&#8220; _module_preset=&#8220;default&#8220; global_colors_info=&#8220;{}&#8220;][\/et_pb_button][\/et_pb_column][et_pb_column type=&#8220;1_3&#8243; _builder_version=&#8220;4.23.1&#8243; _module_preset=&#8220;default&#8220; global_colors_info=&#8220;{}&#8220;][et_pb_button button_url=&#8220;@ET-DC@eyJkeW5hbWljIjp0cnVlLCJjb250ZW50IjoicG9zdF9saW5rX3VybF9wYWdlIiwic2V0dGluZ3MiOnsicG9zdF9pZCI6IjYzMTcifX0=@&#8220; button_text=&#8220;Empfohlene Fachliteratur&#8220; button_alignment=&#8220;center&#8220; module_class=&#8220;vv-et-btn-accent-outline-light vv-et-btn-100&#8243; _builder_version=&#8220;4.24.2&#8243; _dynamic_attributes=&#8220;button_url&#8220; _module_preset=&#8220;default&#8220; global_colors_info=&#8220;{}&#8220;][\/et_pb_button][\/et_pb_column][\/et_pb_row][\/et_pb_section][et_pb_section fb_built=&#8220;1&#8243; _builder_version=&#8220;4.23.4&#8243; _module_preset=&#8220;default&#8220; global_colors_info=&#8220;{}&#8220;][et_pb_row _builder_version=&#8220;4.23.4&#8243; _module_preset=&#8220;default&#8220; global_colors_info=&#8220;{}&#8220;][et_pb_column type=&#8220;4_4&#8243; _builder_version=&#8220;4.23.4&#8243; _module_preset=&#8220;default&#8220; global_colors_info=&#8220;{}&#8220;][et_pb_text _builder_version=&#8220;4.23.4&#8243; _module_preset=&#8220;default&#8220; global_colors_info=&#8220;{}&#8220;]<\/p>\n<h1>SGAP-Guidelines<\/h1>\n<p>[\/et_pb_text][\/et_pb_column][\/et_pb_row][et_pb_row column_structure=&#8220;1_2,1_2&#8243; _builder_version=&#8220;4.23.4&#8243; _module_preset=&#8220;default&#8220; global_colors_info=&#8220;{}&#8220;][et_pb_column type=&#8220;1_2&#8243; _builder_version=&#8220;4.23.4&#8243; _module_preset=&#8220;default&#8220; global_colors_info=&#8220;{}&#8220;][et_pb_text _builder_version=&#8220;4.24.2&#8243; _module_preset=&#8220;default&#8220; global_colors_info=&#8220;{}&#8220;]<\/p>\n<h3>Deutschsprachige Artikel<\/h3>\n<p>[\/et_pb_text][et_pb_text _builder_version=&#8220;4.24.3&#8243; _module_preset=&#8220;default&#8220; hover_enabled=&#8220;0&#8243; global_colors_info=&#8220;{}&#8220; sticky_enabled=&#8220;0&#8243;]<\/p>\n<h4>2024<\/h4>\n<ul>\n<li><a href=\"http:\/\/sgap-sppa.ch\/wp-content\/uploads\/2024\/08\/Flyer-Langversion_Behavioralen-und-Psychischen-Symptomen-der-Demenz.pdf\" target=\"_blank\" rel=\"noopener\">Flyer &#8222;Empfehlungen zur Diagnostik und Therapie der behavioralen und psychischen Symptome der Demenz (BPSD)&#8220; &#8211; erschienen im Hogrefe Verlag 2024<\/a><\/li>\n<li><a href=\"https:\/\/sgap-sppa.ch\/wp-content\/uploads\/2024\/03\/12_21_praxis_02_24_MR_Savaskan_Behavioralen_und_Psychischen_Symptomen_der_Demenz.pdf\" target=\"_blank\" rel=\"noopener\">Empfehlungen f\u00fcr die Diagnostik und Therapie der Behavioralen und Psychischen Symptome der Demenz (BPSD) ver\u00f6ffentlicht in: PRAXIS 02\/2024 \u00a9 2024 Aerzteverlag medinfo AG<\/a><\/li>\n<\/ul>\n<h4>2023<\/h4>\n<ul>\n<li><a href=\"https:\/\/sgap-sppa.ch\/wp-content\/uploads\/2024\/03\/Freiheitsbeschraenkende-Massnahmen_Open-Access.pdf\" target=\"_blank\" rel=\"noopener\">Freiheitsbeschr\u00e4nkende Massnahmen in der Alterspsychiatrie ver\u00f6ffentlicht in: PRAXIS 2023 \u00a9 2023 Aerzteverlag medinfo AG<\/a><\/li>\n<\/ul>\n<h4>2022<\/h4>\n<ul>\n<li><a href=\"https:\/\/sgap-sppa.ch\/wp-content\/uploads\/2023\/07\/Qualitaetsstandards_in_der_Alterspsychiatrie_2022.pdf\" target=\"_blank\" rel=\"noopener\" title=\"Qualit\u00e4tsstandards in der Alterspsychiatrie\">Qualit\u00e4tsstandards in der Alterspsychiatrie<\/a><\/li>\n<\/ul>\n<h4>\u00a02021<\/h4>\n<ul>\n<li><a href=\"https:\/\/sgap-sppa.ch\/wp-content\/uploads\/2023\/07\/Abhaengigkeitserkrankungen_im_Alter_2022.pdf\" target=\"_blank\" rel=\"noopener\" title=\"Empfehlungen f\u00fcr Pr\u00e4vention, Diagnostik und Therapie der Abh\u00e4nigigkeitserkrankungen im Alter\">Empfehlungen f\u00fcr Pr\u00e4vention, Diagnostik und Therapie der Abh\u00e4nigigkeitserkrankungen im Alter<\/a><\/li>\n<li><a href=\"https:\/\/econtent.hogrefe.com\/doi\/10.1024\/1661-8157\/a003748\" target=\"_blank\" rel=\"noopener\">Psychosen im Alter. Empfehlungen zur Pr\u00e4vention, Diagnostik und Therapie.<\/a><\/li>\n<\/ul>\n<h4>\u00a02019<\/h4>\n<ul>\n<li><a href=\"https:\/\/sgap-sppa.ch\/wp-content\/uploads\/2023\/07\/Empfehlungen_fuer_die_Diagnostik_und_Therapie_der_Depression_im_Alter_2019.pdf\" target=\"_blank\" rel=\"noopener\" title=\"Empfehlungen f\u00fcr die Diagnostik und Therapie der Depression im Alter\">Empfehlungen f\u00fcr die Diagnostik und Therapie der Depression im Alter<\/a><\/li>\n<li><a href=\"https:\/\/sgap-sppa.ch\/wp-content\/uploads\/2023\/07\/Kurzversion_Empfehlungen_Delir_im_Alter.pdf\" target=\"_blank\" rel=\"noopener\" title=\"Kurzversion - Empfehlungen f\u00fcr die Diagnostik und Therapie der Depression im Alter\">Kurzversion &#8211; Empfehlungen f\u00fcr die Diagnostik und Therapie der Depression im Alter<\/a><\/li>\n<\/ul>\n<h4>\u00a02018<\/h4>\n<ul>\n<li><a href=\"https:\/\/sgap-sppa.ch\/wp-content\/uploads\/2023\/07\/Empfehlungen_fuer_Diagnostik_und_Therapie_der_Depression_im_Alter_2018.pdf\" target=\"_blank\" rel=\"noopener\" title=\"Empfehlungen zur Diagnostik und Therapie der Depression im Alter\">Empfehlungen zur Diagnostik und Therapie der Depression im Alter<\/a><\/li>\n<li><a href=\"https:\/\/sgap-sppa.ch\/wp-content\/uploads\/2023\/07\/Alterssuizid_2018.pdf\" target=\"_blank\" rel=\"noopener\" title=\"Suizid im Alter\">Suizid im Alter<\/a><\/li>\n<\/ul>\n<h4>\u00a02014<\/h4>\n<ul>\n<li><a href=\"https:\/\/sgap-sppa.ch\/wp-content\/uploads\/2023\/07\/Empfehlungen_zur_Diagnostik_und_Therapie_der_BPSD_2014.pdf\" target=\"_blank\" rel=\"noopener\" title=\"Empfehlungen zur Diagnostik und Therapie der BPSD\">Empfehlungen zur Diagnostik und Therapie der BPSD<\/a><\/li>\n<li><a href=\"https:\/\/sgap-sppa.ch\/wp-content\/uploads\/2023\/07\/Suizidbeihilfe_Positionspapier_2014.pdf\" target=\"_blank\" rel=\"noopener\">Suizidhilfe f\u00fcr alte Menschen &#8211; Positionspapier<\/a><\/li>\n<\/ul>\n<h4>\u00a02013<\/h4>\n<ul>\n<li><a href=\"https:\/\/sgap-sppa.ch\/wp-content\/uploads\/2023\/07\/Suizidalitaet_im_Alter_2013.pdf\" target=\"_blank\" rel=\"noopener\" title=\"Suizidalit\u00e4t im Alter\">Suizidalit\u00e4t im Alter<\/a><\/li>\n<li><a href=\"https:\/\/sgap-sppa.ch\/wp-content\/uploads\/2023\/07\/Suizidpraevention_im_Alter_2013_Teil_2.pdf\" target=\"_blank\" rel=\"noopener\" title=\"Suizidpr\u00e4vention im Alter\">Suizidpr\u00e4vention im Alter<\/a><\/li>\n<\/ul>\n<p>[\/et_pb_text][\/et_pb_column][et_pb_column type=&#8220;1_2&#8243; _builder_version=&#8220;4.23.4&#8243; _module_preset=&#8220;default&#8220; global_colors_info=&#8220;{}&#8220;][et_pb_text _builder_version=&#8220;4.24.2&#8243; _module_preset=&#8220;default&#8220; global_colors_info=&#8220;{}&#8220;]<\/p>\n<h3>Franz\u00f6sischsprachige Artikel<\/h3>\n<p>[\/et_pb_text][et_pb_text _builder_version=&#8220;4.24.2&#8243; _module_preset=&#8220;default&#8220; global_colors_info=&#8220;{}&#8220;]<\/p>\n<h4>2022<\/h4>\n<ul>\n<li><a href=\"https:\/\/sgap-sppa.ch\/wp-content\/uploads\/2024\/03\/Standards_de_qualite_en_psychiatrie_de_la_personne_agee.pdf\" target=\"_blank\" rel=\"noopener\">Standards de qualit\u00e9 en psychiatrie de la personne \u00e2g\u00e9e<\/a><\/li>\n<\/ul>\n<h4>2017<\/h4>\n<ul>\n<li><a href=\"https:\/\/sgap-sppa.ch\/wp-content\/uploads\/2024\/03\/Psychiatrie_de_la_personne_agee_en_Suisse__A._von_Gunten_et_D._Georgescu_-_SANP_2_-_2017.pdf\" target=\"_blank\" rel=\"noopener\">Psychiatrie de la personne \u00e2g\u00e9e en Suisse &#8211; SANP 2<\/a><\/li>\n<\/ul>\n<h4>2014<\/h4>\n<ul>\n<li><a href=\"https:\/\/sgap-sppa.ch\/wp-content\/uploads\/2024\/03\/f-Suizidbeihilfe_Positionspapier_SGG_SFGG_SGAP_Stand_24-11-2014_-_def.pdf\" target=\"_blank\" rel=\"noopener\">Suicide assist\u00e9 pour les personnes \u00e2ge\u00e9s<\/a><\/li>\n<li><a href=\"https:\/\/sgap-sppa.ch\/wp-content\/uploads\/2024\/03\/f_Schweizer_Guidelines_BPSD_bei__Demenz_November__2014_FR.pdf\" target=\"_blank\" rel=\"noopener\">Recommandations sur le diagnostic et le traitement des SCPD<\/a><\/li>\n<\/ul>\n<p>[\/et_pb_text][\/et_pb_column][\/et_pb_row][et_pb_row _builder_version=&#8220;4.24.2&#8243; _module_preset=&#8220;default&#8220; global_colors_info=&#8220;{}&#8220;][et_pb_column type=&#8220;4_4&#8243; _builder_version=&#8220;4.24.2&#8243; _module_preset=&#8220;default&#8220; global_colors_info=&#8220;{}&#8220;][et_pb_text _builder_version=&#8220;4.23.4&#8243; _module_preset=&#8220;default&#8220; global_colors_info=&#8220;{}&#8220;]<\/p>\n<h3>B\u00fccher<\/h3>\n<p>[\/et_pb_text][et_pb_text _builder_version=&#8220;4.24.2&#8243; _module_preset=&#8220;default&#8220; global_colors_info=&#8220;{}&#8220;]<\/p>\n<ul>\n<li>Hatzinger M., Savaskan E. (Hrsg), Empfehlungen f\u00fcr die Diagnostik und Therapie der Depression im Alter. Hogrefe Verlag, 2019. (ISBN 978-3-456-95956-6)<\/li>\n<li>Kl\u00f6ppel S., Savaskan E. (Hrsg), Psychosen im Alter. Empfehlungen zur Pr\u00e4vention, Diagnostik und Therapie. Hogrefe Verlag, 2021 (ISBN 978-3-3456-86103-6)<\/li>\n<li>Savaskan E. &amp; Laimbacher S., (Hrsg). Abh\u00e4ngigkeitserkrankungen im Alter, Empfehlungen zur Pr\u00e4vention, Diagnostik und Therapie. Hogrefe Verlag, 2021. (ISBN 978-3-456-86097-8)<\/li>\n<li>Savaskan, E., Hasemann, W. (Eds.) (2017). Leitlinie Delir: Empfehlungen zur Pr\u00e4vention, Diagnostik und Therapie des Delirs im Alter. Hogrefe-Verlag, Bern.<\/li>\n<\/ul>\n<p>[\/et_pb_text][\/et_pb_column][\/et_pb_row][\/et_pb_section][et_pb_section fb_built=&#8220;1&#8243; admin_label=&#8220;Sektion&#8220; module_class=&#8220;elementColor-grey400&#8243; _builder_version=&#8220;4.23.4&#8243; _module_preset=&#8220;default&#8220; global_colors_info=&#8220;{}&#8220;][et_pb_row _builder_version=&#8220;4.24.2&#8243; _module_preset=&#8220;default&#8220; global_colors_info=&#8220;{}&#8220;][et_pb_column type=&#8220;4_4&#8243; _builder_version=&#8220;4.24.2&#8243; _module_preset=&#8220;default&#8220; global_colors_info=&#8220;{}&#8220;][et_pb_text _builder_version=&#8220;4.23.4&#8243; _module_preset=&#8220;default&#8220; global_colors_info=&#8220;{}&#8220;]<\/p>\n<h1>Sonstige CH-Guidelines<\/h1>\n<p>[\/et_pb_text][\/et_pb_column][\/et_pb_row][et_pb_row _builder_version=&#8220;4.16&#8243; _module_preset=&#8220;default&#8220; global_colors_info=&#8220;{}&#8220;][et_pb_column type=&#8220;4_4&#8243; _builder_version=&#8220;4.16&#8243; _module_preset=&#8220;default&#8220; global_colors_info=&#8220;{}&#8220;][et_pb_text _builder_version=&#8220;4.24.2&#8243; _module_preset=&#8220;default&#8220; global_colors_info=&#8220;{}&#8220;]<\/p>\n<ul>\n<li><a href=\"https:\/\/www.samw.ch\/en\/Publications\/Medical-ethical-Guidelines.html\" target=\"_blank\" rel=\"noopener\">Medizin-ethische Richtlinien der Zentralen Ethikkommission der SAMW<\/a><\/li>\n<\/ul>\n<p>[\/et_pb_text][\/et_pb_column][\/et_pb_row][\/et_pb_section][et_pb_section fb_built=&#8220;1&#8243; _builder_version=&#8220;4.23.4&#8243; _module_preset=&#8220;default&#8220; global_colors_info=&#8220;{}&#8220;][et_pb_row _builder_version=&#8220;4.23.4&#8243; _module_preset=&#8220;default&#8220; global_colors_info=&#8220;{}&#8220;][et_pb_column type=&#8220;4_4&#8243; _builder_version=&#8220;4.23.4&#8243; _module_preset=&#8220;default&#8220; global_colors_info=&#8220;{}&#8220;][et_pb_text _builder_version=&#8220;4.23.4&#8243; _module_preset=&#8220;default&#8220; global_colors_info=&#8220;{}&#8220;]<\/p>\n<h1>Internationale Guidelines<\/h1>\n<p>[\/et_pb_text][\/et_pb_column][\/et_pb_row][et_pb_row _builder_version=&#8220;4.23.4&#8243; _module_preset=&#8220;default&#8220; global_colors_info=&#8220;{}&#8220;][et_pb_column type=&#8220;4_4&#8243; _builder_version=&#8220;4.23.4&#8243; _module_preset=&#8220;default&#8220; global_colors_info=&#8220;{}&#8220;][et_pb_text _builder_version=&#8220;4.23.4&#8243; _module_preset=&#8220;default&#8220; global_colors_info=&#8220;{}&#8220;]<\/p>\n<h3>Deutschsprachige Guidelines<\/h3>\n<p>[\/et_pb_text][et_pb_text _builder_version=&#8220;4.24.2&#8243; _module_preset=&#8220;default&#8220; global_colors_info=&#8220;{}&#8220;]<\/p>\n<ul>\n<li><a href=\"https:\/\/www.dgppn.de\/_Resources\/Persistent\/1f641e4edaf5c5d5a5114ee69146ba459a7da6b3\/S3-Leitlinie%20Demenzen_Langversion_2023_11_28_Final%20(003).pdf\" target=\"_blank\" rel=\"noopener\">Deutsche Gesellschaft f\u00fcr Psychiatrie und Psychotherapie, Psychosomatik und Nervenheilkunde (2023). S3-Leitlinie \u201eDemenzen\u201c<\/a><\/li>\n<\/ul>\n<p>[\/et_pb_text][\/et_pb_column][\/et_pb_row][\/et_pb_section]<\/p>\n","protected":false},"excerpt":{"rendered":"<p>GuidelinesSGAP-GuidelinesDeutschsprachige Artikel2024 Flyer &#8222;Empfehlungen zur Diagnostik und Therapie der behavioralen und psychischen Symptome der Demenz (BPSD)&#8220; &#8211; erschienen im Hogrefe Verlag 2024 Empfehlungen f\u00fcr die Diagnostik und Therapie der Behavioralen [&hellip;]<\/p>\n","protected":false},"author":2,"featured_media":0,"parent":0,"menu_order":0,"comment_status":"closed","ping_status":"closed","template":"","meta":{"_et_pb_use_builder":"on","_et_pb_old_content":"","_et_gb_content_width":"","footnotes":""},"class_list":["post-6250","page","type-page","status-publish","hentry"],"_links":{"self":[{"href":"https:\/\/sgap-sppa.ch\/de\/wp-json\/wp\/v2\/pages\/6250","targetHints":{"allow":["GET"]}}],"collection":[{"href":"https:\/\/sgap-sppa.ch\/de\/wp-json\/wp\/v2\/pages"}],"about":[{"href":"https:\/\/sgap-sppa.ch\/de\/wp-json\/wp\/v2\/types\/page"}],"author":[{"embeddable":true,"href":"https:\/\/sgap-sppa.ch\/de\/wp-json\/wp\/v2\/users\/2"}],"replies":[{"embeddable":true,"href":"https:\/\/sgap-sppa.ch\/de\/wp-json\/wp\/v2\/comments?post=6250"}],"version-history":[{"count":42,"href":"https:\/\/sgap-sppa.ch\/de\/wp-json\/wp\/v2\/pages\/6250\/revisions"}],"predecessor-version":[{"id":7292,"href":"https:\/\/sgap-sppa.ch\/de\/wp-json\/wp\/v2\/pages\/6250\/revisions\/7292"}],"wp:attachment":[{"href":"https:\/\/sgap-sppa.ch\/de\/wp-json\/wp\/v2\/media?parent=6250"}],"curies":[{"name":"wp","href":"https:\/\/api.w.org\/{rel}","templated":true}]}}