{"id":6325,"date":"2023-11-21T23:40:34","date_gmt":"2023-11-21T22:40:34","guid":{"rendered":"https:\/\/sgap-sppa.com\/?page_id=6325"},"modified":"2024-03-30T12:22:43","modified_gmt":"2024-03-30T11:22:43","slug":"nationale-strategien","status":"publish","type":"page","link":"https:\/\/sgap-sppa.ch\/de\/guidelines-und-literatur\/nationale-strategien\/","title":{"rendered":"Nationale Strategien"},"content":{"rendered":"<p>[et_pb_section fb_built=&#8220;1&#8243; disabled_on=&#8220;on|on|on&#8220; module_class=&#8220;header-section-container&#8220; _builder_version=&#8220;4.24.2&#8243; _module_preset=&#8220;default&#8220; background_color=&#8220;#FFFFFF&#8220; positioning=&#8220;fixed&#8220; position_origin_f=&#8220;top_center&#8220; custom_padding=&#8220;0px||0px||false|false&#8220; box_shadow_style=&#8220;preset1&#8243; disabled=&#8220;on&#8220; global_colors_info=&#8220;{}&#8220;][et_pb_row use_custom_gutter=&#8220;on&#8220; gutter_width=&#8220;2&#8243; custom_padding_last_edited=&#8220;on|phone&#8220; _builder_version=&#8220;4.22.1&#8243; _module_preset=&#8220;default&#8220; width=&#8220;100%&#8220; max_width=&#8220;100%&#8220; custom_padding=&#8220;10px||10px||false|false&#8220; custom_padding_tablet=&#8220;2%||2%||false|false&#8220; custom_padding_phone=&#8220;4%||4%||false|false&#8220; custom_css_main_element=&#8220;display: flex;||align-items: center;&#8220; global_colors_info=&#8220;{}&#8220;][et_pb_column type=&#8220;4_4&#8243; _builder_version=&#8220;4.21.0&#8243; _module_preset=&#8220;default&#8220; global_colors_info=&#8220;{}&#8220;][et_pb_menu dropdown_menu_line_color=&#8220;RGBA(255,255,255,0)&#8220; logo=&#8220;https:\/\/sgap-sppa.ch\/wp-content\/uploads\/2023\/11\/SGAP-webicon-header.svg&#8220; logo_url=&#8220;@ET-DC@eyJkeW5hbWljIjp0cnVlLCJjb250ZW50IjoiaG9tZV91cmwiLCJzZXR0aW5ncyI6e319@&#8220; show_search_icon=&#8220;on&#8220; _builder_version=&#8220;4.23.1&#8243; _dynamic_attributes=&#8220;logo_url&#8220; _module_preset=&#8220;default&#8220; menu_font_size=&#8220;16px&#8220; background_enable_color=&#8220;off&#8220; custom_margin=&#8220;||0px|10%|false|false&#8220; custom_margin_tablet=&#8220;|5%|0px|5%|false|false&#8220; custom_margin_phone=&#8220;|5%|0px|5%|false|false&#8220; custom_margin_last_edited=&#8220;on|tablet&#8220; custom_css_menu_logo=&#8220;margin-right: 8vw !important;&#8220; global_colors_info=&#8220;{}&#8220; custom_css_menu_logo_last_edited=&#8220;on|desktop&#8220; custom_css_menu_logo_tablet=&#8220;margin-right: 0px !important;&#8220; custom_css_menu_logo_phone=&#8220;margin-right: 0px !important;&#8220;][\/et_pb_menu][et_pb_code _builder_version=&#8220;4.21.0&#8243; _module_preset=&#8220;default&#8220; global_colors_info=&#8220;{}&#8220;]<script><!-- [et_pb_line_break_holder] -->jQuery(function($){<!-- [et_pb_line_break_holder] -->   <!-- [et_pb_line_break_holder] -->var headerSection = $('.header-section-container');   <!-- [et_pb_line_break_holder] -->headerSection.wrap('<\/p>\n<div class=\"header-placeholder\"><\/div>\n<p>');<!-- [et_pb_line_break_holder] -->var headerWrap = $('.header-placeholder');<!-- [et_pb_line_break_holder] -->    <!-- [et_pb_line_break_holder] -->var headerHeight = headerSection.outerHeight();<!-- [et_pb_line_break_holder] -->headerWrap.css('height', headerHeight);  <!-- [et_pb_line_break_holder] -->   <!-- [et_pb_line_break_holder] -->$(window).resize(function() {<!-- [et_pb_line_break_holder] -->  headerHeight = headerSection.outerHeight();<!-- [et_pb_line_break_holder] -->  headerWrap.css('height', headerHeight);<!-- [et_pb_line_break_holder] -->});  <!-- [et_pb_line_break_holder] -->   <!-- [et_pb_line_break_holder] -->});<!-- [et_pb_line_break_holder] --><\/script><!-- [et_pb_line_break_holder] --><!-- [et_pb_line_break_holder] --><\/p>\n<style><!-- [et_pb_line_break_holder] -->.et_pb_column {<!-- [et_pb_line_break_holder] -->margin-bottom: 0px !important;<!-- [et_pb_line_break_holder] -->}<!-- [et_pb_line_break_holder] --><\/style>\n<p>[\/et_pb_code][\/et_pb_column][\/et_pb_row][\/et_pb_section][et_pb_section fb_built=&#8220;1&#8243; module_class=&#8220;page-hero-section-image&#8220; _builder_version=&#8220;4.21.0&#8243; _module_preset=&#8220;default&#8220; background_image=&#8220;https:\/\/sgap-sppa.ch\/wp-content\/uploads\/2023\/08\/mesh-gradient-3c.jpg&#8220; background_last_edited=&#8220;on|phone&#8220; background_image_phone=&#8220;https:\/\/sgap-sppa.ch\/wp-content\/uploads\/2023\/08\/mesh-gradient-3-mobile-2.jpg&#8220; background_enable_image_phone=&#8220;on&#8220; saved_tabs=&#8220;all&#8220; global_colors_info=&#8220;{}&#8220;][et_pb_row _builder_version=&#8220;4.16&#8243; _module_preset=&#8220;default&#8220; global_colors_info=&#8220;{}&#8220;][et_pb_column type=&#8220;4_4&#8243; _builder_version=&#8220;4.16&#8243; _module_preset=&#8220;default&#8220; global_colors_info=&#8220;{}&#8220;][et_pb_text _builder_version=&#8220;4.24.2&#8243; _module_preset=&#8220;default&#8220; global_colors_info=&#8220;{}&#8220;]<\/p>\n<h1>Nationale Strategien<\/h1>\n<p>[\/et_pb_text][\/et_pb_column][\/et_pb_row][\/et_pb_section][et_pb_section fb_built=&#8220;1&#8243; module_class=&#8220;elementColor-grey400&#8243; _builder_version=&#8220;4.23.4&#8243; _module_preset=&#8220;default&#8220; locked=&#8220;off&#8220; global_colors_info=&#8220;{}&#8220;][et_pb_row column_structure=&#8220;1_3,1_3,1_3&#8243; make_equal=&#8220;on&#8220; _builder_version=&#8220;4.23.1&#8243; _module_preset=&#8220;default&#8220; global_colors_info=&#8220;{}&#8220;][et_pb_column type=&#8220;1_3&#8243; _builder_version=&#8220;4.23.1&#8243; _module_preset=&#8220;default&#8220; global_colors_info=&#8220;{}&#8220;][et_pb_button button_url=&#8220;@ET-DC@eyJkeW5hbWljIjp0cnVlLCJjb250ZW50IjoicG9zdF9saW5rX3VybF9wYWdlIiwic2V0dGluZ3MiOnsicG9zdF9pZCI6IjYyNTAifX0=@&#8220; button_text=&#8220;Guidelines&#8220; button_alignment=&#8220;center&#8220; module_class=&#8220;vv-et-btn-accent-outline-light vv-et-btn-100&#8243; _builder_version=&#8220;4.24.2&#8243; _dynamic_attributes=&#8220;button_url&#8220; _module_preset=&#8220;default&#8220; global_colors_info=&#8220;{}&#8220;][\/et_pb_button][\/et_pb_column][et_pb_column type=&#8220;1_3&#8243; _builder_version=&#8220;4.23.1&#8243; _module_preset=&#8220;default&#8220; global_colors_info=&#8220;{}&#8220;][et_pb_button button_url=&#8220;@ET-DC@eyJkeW5hbWljIjp0cnVlLCJjb250ZW50IjoicG9zdF9saW5rX3VybF9wYWdlIiwic2V0dGluZ3MiOnsicG9zdF9pZCI6IjYzMjUifX0=@&#8220; button_text=&#8220;Nationalen Strategien&#8220; button_alignment=&#8220;center&#8220; module_class=&#8220;vv-et-btn-accent vv-et-btn-100&#8243; _builder_version=&#8220;4.24.2&#8243; _dynamic_attributes=&#8220;button_url&#8220; _module_preset=&#8220;default&#8220; global_colors_info=&#8220;{}&#8220;][\/et_pb_button][\/et_pb_column][et_pb_column type=&#8220;1_3&#8243; _builder_version=&#8220;4.23.1&#8243; _module_preset=&#8220;default&#8220; global_colors_info=&#8220;{}&#8220;][et_pb_button button_url=&#8220;@ET-DC@eyJkeW5hbWljIjp0cnVlLCJjb250ZW50IjoicG9zdF9saW5rX3VybF9wYWdlIiwic2V0dGluZ3MiOnsicG9zdF9pZCI6IjYzMTcifX0=@&#8220; button_text=&#8220;Empfohlene Fachliteratur&#8220; button_alignment=&#8220;center&#8220; module_class=&#8220;vv-et-btn-accent-outline-light vv-et-btn-100&#8243; _builder_version=&#8220;4.24.2&#8243; _dynamic_attributes=&#8220;button_url&#8220; _module_preset=&#8220;default&#8220; global_colors_info=&#8220;{}&#8220;][\/et_pb_button][\/et_pb_column][\/et_pb_row][\/et_pb_section][et_pb_section fb_built=&#8220;1&#8243; _builder_version=&#8220;4.16&#8243; _module_preset=&#8220;default&#8220; global_colors_info=&#8220;{}&#8220;][et_pb_row _builder_version=&#8220;4.23.4&#8243; _module_preset=&#8220;default&#8220; locked=&#8220;off&#8220; global_colors_info=&#8220;{}&#8220;][et_pb_column type=&#8220;4_4&#8243; _builder_version=&#8220;4.23.4&#8243; _module_preset=&#8220;default&#8220; global_colors_info=&#8220;{}&#8220;][et_pb_text _builder_version=&#8220;4.24.2&#8243; _module_preset=&#8220;default&#8220; global_colors_info=&#8220;{}&#8220;]<\/p>\n<h1>Nationale Demenzstrategie (NDS)<\/h1>\n<p>[\/et_pb_text][\/et_pb_column][\/et_pb_row][et_pb_row _builder_version=&#8220;4.16&#8243; _module_preset=&#8220;default&#8220; global_colors_info=&#8220;{}&#8220;][et_pb_column type=&#8220;4_4&#8243; _builder_version=&#8220;4.16&#8243; _module_preset=&#8220;default&#8220; global_colors_info=&#8220;{}&#8220;][et_pb_text _builder_version=&#8220;4.24.2&#8243; _module_preset=&#8220;default&#8220; global_colors_info=&#8220;{}&#8220;]<\/p>\n<p>Demenzkranke Menschen erleben einschneidende Ver\u00e4nderungen in ihrer Lebensgestaltung und ihren sozialen Beziehungen. Bund und Kantone haben gemeinsam Ziele festgelegt, um die Lebensqualit\u00e4t der Betroffenen zu verbessern, Belastungen zu verringern und die Qualit\u00e4t der Versorgung zu garantieren.<\/p>\n<p>Weitere Informationen zum Projekt, Handlungsfelder und Ziele sind auf der Seite des <a href=\"https:\/\/www.bag.admin.ch\/bag\/de\/home\/strategie-und-politik\/nationale-gesundheitsstrategien\/demenz\/nationale-demenzstrategie.html\" target=\"_blank\" class=\"external-link\" rel=\"noopener noreferrer\">Bundesamt f\u00fcr Gesundheit BAG<\/a> zu finden.<\/p>\n<p>[\/et_pb_text][et_pb_text _builder_version=&#8220;4.24.2&#8243; _module_preset=&#8220;default&#8220; global_colors_info=&#8220;{}&#8220;]<\/p>\n<h3>Projekte und Dokumente der NDS, die unter Mitwirkung von SGAP-Mitgliedern erstellt wurden:<\/h3>\n<p>[\/et_pb_text][et_pb_text _builder_version=&#8220;4.24.2&#8243; _module_preset=&#8220;default&#8220; hover_enabled=&#8220;0&#8243; global_colors_info=&#8220;{}&#8220; sticky_enabled=&#8220;0&#8243;]<\/p>\n<table>\n<tbody>\n<tr>\n<td style=\"width: 60.8667px;\"><strong>Projekt<\/strong><\/td>\n<td style=\"width: 168.767px;\"><strong>Titel<\/strong><\/td>\n<td style=\"width: 76.5px;\"><strong>Mitglied<\/strong><\/td>\n<\/tr>\n<tr>\n<td style=\"width: 60.8667px;\">3.1<\/td>\n<td style=\"width: 168.767px;\"><a href=\"https:\/\/boris.unibe.ch\/114777\/1\/1661-8157_a002948.pdf\" target=\"_blank\" rel=\"noopener\">Auf- und Ausbau regionaler und vernetzter Kompetenzzentren f\u00fcr Diagnostik | Die Empfehlungen der Swiss Memory Clinics f\u00fcr die Diagnostik der Demenzerkrankungen<\/a><\/td>\n<td style=\"width: 76.5px;\">E. Savaskan<br \/>D. Georgescu<\/td>\n<\/tr>\n<tr>\n<td style=\"width: 60.8667px;\">3.4<\/td>\n<td style=\"width: 168.767px;\">\n<p><a href=\"https:\/\/www.hplus.ch\/fileadmin\/hplus.ch\/public\/Politik\/Demenz\/2017-09_Hplus_Bericht_NDS-3.4_Demenzgerechte_Versorgung.pdf\" target=\"_blank\" rel=\"noopener\">Demenzgerechte Versorgung in Akutspit\u00e4lern und Kliniken<\/a><\/p>\n<p><a href=\"https:\/\/www.hplus.ch\/fileadmin\/hplus.ch\/public\/Politik\/Demenz\/2018-03-13-Savaskan-Feedback-Demenzbericht.pdf\" target=\"_blank\" rel=\"noopener\">Stellungnahme zur H+\u2010Mitgliederbefragung von Prof. E. Savaskan<\/a><\/p>\n<\/td>\n<td style=\"width: 76.5px;\">E. Savaskan<br \/>D. Georgescu<\/td>\n<\/tr>\n<tr>\n<td style=\"width: 60.8667px;\">4.1<\/td>\n<td style=\"width: 168.767px;\"><a href=\"https:\/\/www.bag.admin.ch\/dam\/bag\/de\/dokumente\/nat-gesundheitsstrategien\/nationale-demenzstrategie\/veranstaltungen\/fachtagung-nds-2017\/demenz-abgeltung.pdf.download.pdf\/Fachtagung_NDS_Abgeltung_SilviaMarti.pdf\" target=\"_blank\" rel=\"noopener\">Abbildung und angemessene Abgeltung der Leistungen<\/a><\/td>\n<td style=\"width: 76.5px;\">J. Minder<br \/>J. Strnad<br \/>D. Georgescu<\/td>\n<\/tr>\n<tr>\n<td style=\"width: 60.8667px;\">5.1<\/td>\n<td style=\"width: 168.767px;\"><a href=\"https:\/\/www.samw.ch\/de\/Ethik\/Vulnerable-Patientengruppen\/Behandlung-und-Betreuung-von-Menschen-mit-Demenz.html\" target=\"_blank\" rel=\"noopener\">Ethische Richtlinien <\/a><\/td>\n<td style=\"width: 76.5px;\">A. von Gunten<\/td>\n<\/tr>\n<tr>\n<td style=\"width: 60.8667px;\">6.1<\/td>\n<td style=\"width: 168.767px;\"><a href=\"https:\/\/www.bag.admin.ch\/dam\/bag\/de\/dokumente\/nat-gesundheitsstrategien\/nationale-demenzstrategie\/hf-qualitaet\/6_1_grundversorgung\/Empfehlungen_Grundversorgung%20.pdf.download.pdf\/Empfehlungen%20in%20den%20Bereichen%20Fr%C3%BCherkennung,%20Diagnostik%20und%20Behandlung%20f%C3%BCr%20die%20Grundversorgung.pdf\" target=\"_blank\" rel=\"noopener\">Weiterentwicklung von Empfehlungen in den Bereichen Fr\u00fcherkennung, Diagnostik und Behandlung f\u00fcr die Grundversorgung<\/a><\/td>\n<td style=\"width: 76.5px;\">J. Strnad,<br \/>U. Hemmeter<\/td>\n<\/tr>\n<tr>\n<td style=\"width: 60.8667px;\">6.2<\/td>\n<td style=\"width: 168.767px;\"><a href=\"https:\/\/www.bag.admin.ch\/dam\/bag\/de\/dokumente\/nat-gesundheitsstrategien\/nationale-demenzstrategie\/assessment.pdf.download.pdf\/Demenz_Assessments_DE.pdf\" target=\"_blank\" rel=\"noopener\">F\u00f6rderung der interdisziplin\u00e4ren Assessments<\/a><\/td>\n<td style=\"width: 76.5px;\">D. Georgescu<br \/>E. Savaskan<br \/>S. Kl\u00f6ppel<\/td>\n<\/tr>\n<tr>\n<td style=\"width: 60.8667px;\">7.1<\/td>\n<td style=\"width: 168.767px;\"><a href=\"https:\/\/www.bag.admin.ch\/dam\/bag\/de\/dokumente\/nat-gesundheitsstrategien\/nationale-demenzstrategie\/hf-qualitaet\/7_1_aus-weiter-fortbildung\/vorstudie-demenz-bildung-schlussbericht-2016.pdf.download.pdf\/vorstudie-demenz-bildung-schlussbericht-2016.pdf\" target=\"_blank\" rel=\"noopener\">Ausbau der demenzspezifischen Aus-, Weiter- und Fortbildung<\/a><\/td>\n<td style=\"width: 76.5px;\">E. Savaskan<br \/>D. Georgescu<\/td>\n<\/tr>\n<tr>\n<td style=\"width: 60.8667px;\">8.1<\/td>\n<td style=\"width: 168.767px;\"><a href=\"https:\/\/www.bag.admin.ch\/dam\/bag\/de\/dokumente\/nat-gesundheitsstrategien\/nationale-demenzstrategie\/hf-daten\/8_1_versorgungsmonitoring\/Projekt%208.1%20Versorgungsmonitoring%20%E2%80%93%20Teilprojekt%20Online%20Indikatoren%20Set.pdf.download.pdf\/Plakat_Projekt%208.1%20NDS_indikatorenset_2017.pdf\" target=\"_blank\" rel=\"noopener\">Versorgungsmonitoring<\/a><\/td>\n<td style=\"width: 76.5px;\">E. Savaskan<br \/>A. von Gunten<\/td>\n<\/tr>\n<\/tbody>\n<\/table>\n<p>[\/et_pb_text][\/et_pb_column][\/et_pb_row][\/et_pb_section][et_pb_section fb_built=&#8220;1&#8243; admin_label=&#8220;Sektion&#8220; _builder_version=&#8220;4.24.2&#8243; _module_preset=&#8220;default&#8220; locked=&#8220;off&#8220; global_colors_info=&#8220;{}&#8220;][et_pb_row _builder_version=&#8220;4.24.2&#8243; _module_preset=&#8220;default&#8220; global_colors_info=&#8220;{}&#8220;][et_pb_column type=&#8220;4_4&#8243; _builder_version=&#8220;4.24.2&#8243; _module_preset=&#8220;default&#8220; global_colors_info=&#8220;{}&#8220;][et_pb_text _builder_version=&#8220;4.24.2&#8243; _module_preset=&#8220;default&#8220; global_colors_info=&#8220;{}&#8220;]<\/p>\n<h1>Nationale Strategie Palliative Care<\/h1>\n<p>[\/et_pb_text][\/et_pb_column][\/et_pb_row][et_pb_row _builder_version=&#8220;4.16&#8243; _module_preset=&#8220;default&#8220; global_colors_info=&#8220;{}&#8220;][et_pb_column type=&#8220;4_4&#8243; _builder_version=&#8220;4.16&#8243; _module_preset=&#8220;default&#8220; global_colors_info=&#8220;{}&#8220;][et_pb_text _builder_version=&#8220;4.24.2&#8243; _module_preset=&#8220;default&#8220; global_colors_info=&#8220;{}&#8220;]<\/p>\n<p>Der Bundesrat hat Ende 2020 den Bericht \u00abBessere Betreuung und Behandlung von Menschen am Lebensende\u00bb verabschiedet. Mit einer Reihe von Massnahmen will er die Palliative Care weiter f\u00f6rdern.<\/p>\n<p>Weitere Informationen sind auf der Seite des <a href=\"https:\/\/www.bag.admin.ch\/bag\/de\/home\/strategie-und-politik\/nationale-gesundheitsstrategien\/strategie-palliative-care.html\" target=\"_blank\" class=\"external-link\" rel=\"noopener noreferrer\">Bundesamt f\u00fcr Gesundheit BAG<\/a> zu finden.<\/p>\n<p>[\/et_pb_text][et_pb_text _builder_version=&#8220;4.24.2&#8243; _module_preset=&#8220;default&#8220; global_colors_info=&#8220;{}&#8220;]<\/p>\n<h3>Publikationen im Bereich Palliative Care:<\/h3>\n<p>[\/et_pb_text][et_pb_text _builder_version=&#8220;4.24.2&#8243; _module_preset=&#8220;default&#8220; global_colors_info=&#8220;{}&#8220;]<\/p>\n<ul>\n<li><a href=\"https:\/\/www.bag.admin.ch\/bag\/de\/home\/das-bag\/publikationen\/broschueren\/publikationen-im-bereich-palliative-care\/interprofessionelles-team-palliative-care-brosch.html\" target=\"_blank\" rel=\"noopener\">Brosch\u00fcre zum interprofessionellen Team in der Palliative Care<\/a><\/li>\n<li><a href=\"https:\/\/www.bag.admin.ch\/bag\/de\/home\/das-bag\/publikationen\/broschueren\/publikationen-im-bereich-palliative-care\/palliative-care-infoblatt-hausaerzte.html\" target=\"_blank\" rel=\"noopener\">Palliative Care: Lebensqualit\u00e4t bis zuletzt (Informationen f\u00fcr Haus\u00e4rzte)<\/a><\/li>\n<li><a href=\"https:\/\/www.bag.admin.ch\/bag\/de\/home\/das-bag\/publikationen\/broschueren\/publikationen-im-bereich-palliative-care\/nationale-leitlinien-palliative-care.html\" target=\"_blank\" rel=\"noopener\">Nationale Leitlinien Palliative Care<\/a><\/li>\n<li><a href=\"https:\/\/www.bag.admin.ch\/bag\/de\/home\/das-bag\/publikationen\/broschueren\/publikationen-im-bereich-palliative-care\/checkliste-migrationssensitive-palliative-care.html\" target=\"_blank\" rel=\"noopener\">Checkliste in der Palliative Care<\/a><\/li>\n<li><a href=\"https:\/\/www.bag.admin.ch\/bag\/de\/home\/das-bag\/publikationen\/broschueren\/publikationen-im-bereich-palliative-care\/unheilbar-krank-und-jetzt.html\" target=\"_blank\" rel=\"noopener\">Unheilbar krank \u2013 und jetzt?<\/a><\/li>\n<li><a href=\"https:\/\/www.bag.admin.ch\/bag\/de\/home\/das-bag\/publikationen\/broschueren\/publikationen-im-bereich-palliative-care\/menschen-am-lebensende-begleiten.html\" target=\"_blank\" rel=\"noopener\">Menschen am Lebensende begleiten<\/a><\/li>\n<li><a href=\"https:\/\/www.bag.admin.ch\/bag\/de\/home\/das-bag\/publikationen\/broschueren\/publikationen-im-bereich-palliative-care\/palliative-care-beizug-fachpersonen.html\" target=\"_blank\" rel=\"noopener\">Palliative Care-Beizug von Fachpersonen<\/a><\/li>\n<li><a href=\"https:\/\/www.bag.admin.ch\/bag\/de\/home\/das-bag\/publikationen\/broschueren\/publikationen-im-bereich-palliative-care\/formelle-freiwilligenarbeit.html\" target=\"_blank\" rel=\"noopener\">Formelle Freiwilligenarbeit<\/a><\/li>\n<li><a href=\"https:\/\/www.bag.admin.ch\/bag\/de\/home\/das-bag\/publikationen\/broschueren\/publikationen-im-bereich-palliative-care\/finanzierung-palliative-care-leistung.html\" target=\"_blank\" rel=\"noopener\">Finanzierung der Palliative-Care-Leistung<\/a><\/li>\n<li><a href=\"https:\/\/www.bag.admin.ch\/bag\/de\/home\/das-bag\/publikationen\/broschueren\/publikationen-im-bereich-palliative-care\/indikationskriterien-palliative-care.html\" target=\"_blank\" rel=\"noopener\">Indikationskriterien Palliative Care<\/a><\/li>\n<\/ul>\n<p>[\/et_pb_text][\/et_pb_column][\/et_pb_row][\/et_pb_section]<\/p>\n","protected":false},"excerpt":{"rendered":"<p>Nationale StrategienNationale Demenzstrategie (NDS)Demenzkranke Menschen erleben einschneidende Ver\u00e4nderungen in ihrer Lebensgestaltung und ihren sozialen Beziehungen. Bund und Kantone haben gemeinsam Ziele festgelegt, um die Lebensqualit\u00e4t der Betroffenen zu verbessern, Belastungen [&hellip;]<\/p>\n","protected":false},"author":1,"featured_media":0,"parent":6250,"menu_order":0,"comment_status":"closed","ping_status":"closed","template":"","meta":{"_et_pb_use_builder":"on","_et_pb_old_content":"","_et_gb_content_width":"","footnotes":""},"class_list":["post-6325","page","type-page","status-publish","hentry"],"_links":{"self":[{"href":"https:\/\/sgap-sppa.ch\/de\/wp-json\/wp\/v2\/pages\/6325","targetHints":{"allow":["GET"]}}],"collection":[{"href":"https:\/\/sgap-sppa.ch\/de\/wp-json\/wp\/v2\/pages"}],"about":[{"href":"https:\/\/sgap-sppa.ch\/de\/wp-json\/wp\/v2\/types\/page"}],"author":[{"embeddable":true,"href":"https:\/\/sgap-sppa.ch\/de\/wp-json\/wp\/v2\/users\/1"}],"replies":[{"embeddable":true,"href":"https:\/\/sgap-sppa.ch\/de\/wp-json\/wp\/v2\/comments?post=6325"}],"version-history":[{"count":21,"href":"https:\/\/sgap-sppa.ch\/de\/wp-json\/wp\/v2\/pages\/6325\/revisions"}],"predecessor-version":[{"id":7164,"href":"https:\/\/sgap-sppa.ch\/de\/wp-json\/wp\/v2\/pages\/6325\/revisions\/7164"}],"up":[{"embeddable":true,"href":"https:\/\/sgap-sppa.ch\/de\/wp-json\/wp\/v2\/pages\/6250"}],"wp:attachment":[{"href":"https:\/\/sgap-sppa.ch\/de\/wp-json\/wp\/v2\/media?parent=6325"}],"curies":[{"name":"wp","href":"https:\/\/api.w.org\/{rel}","templated":true}]}}