{"id":4813,"date":"2023-06-24T18:14:22","date_gmt":"2023-06-24T16:14:22","guid":{"rendered":"https:\/\/sgap-sppa.com\/specialistes\/prix-jean-wertheimer\/"},"modified":"2025-09-08T15:54:24","modified_gmt":"2025-09-08T13:54:24","slug":"jacques-richard-jean-wertheimer-award","status":"publish","type":"page","link":"https:\/\/sgap-sppa.ch\/fr\/a-propos-de-nous\/jacques-richard-jean-wertheimer-award\/","title":{"rendered":"Jacques Richard-Jean Wertheimer-Award"},"content":{"rendered":"<p>[et_pb_section fb_built=\u00a0\u00bb1&Prime; module_class=\u00a0\u00bbpage-hero-section-image\u00a0\u00bb _builder_version=\u00a0\u00bb4.22.1&Prime; _module_preset=\u00a0\u00bbdefault\u00a0\u00bb background_image=\u00a0\u00bbhttps:\/\/sgap-sppa.ch\/wp-content\/uploads\/2023\/08\/mesh-gradient-3c.jpg\u00a0\u00bb background_last_edited=\u00a0\u00bbon|phone\u00a0\u00bb background_image_phone=\u00a0\u00bbhttps:\/\/sgap-sppa.ch\/wp-content\/uploads\/2023\/08\/mesh-gradient-3-mobile-2.jpg\u00a0\u00bb background_enable_image_phone=\u00a0\u00bbon\u00a0\u00bb saved_tabs=\u00a0\u00bball\u00a0\u00bb global_colors_info=\u00a0\u00bb{}\u00a0\u00bb][et_pb_row _builder_version=\u00a0\u00bb4.16&Prime; _module_preset=\u00a0\u00bbdefault\u00a0\u00bb global_colors_info=\u00a0\u00bb{}\u00a0\u00bb][et_pb_column type=\u00a0\u00bb4_4&Prime; _builder_version=\u00a0\u00bb4.16&Prime; _module_preset=\u00a0\u00bbdefault\u00a0\u00bb global_colors_info=\u00a0\u00bb{}\u00a0\u00bb][et_pb_text _builder_version=\u00a0\u00bb4.21.0&Prime; _module_preset=\u00a0\u00bbdefault\u00a0\u00bb global_colors_info=\u00a0\u00bb{}\u00a0\u00bb]<\/p>\n<h1>Jacques Richard-Jean Wertheimer-Award<\/h1>\n<p>[\/et_pb_text][\/et_pb_column][\/et_pb_row][\/et_pb_section][et_pb_section fb_built=\u00a0\u00bb1&Prime; _builder_version=\u00a0\u00bb4.21.0&Prime; _module_preset=\u00a0\u00bbdefault\u00a0\u00bb global_colors_info=\u00a0\u00bb{}\u00a0\u00bb][et_pb_row _builder_version=\u00a0\u00bb4.21.0&Prime; _module_preset=\u00a0\u00bbdefault\u00a0\u00bb global_colors_info=\u00a0\u00bb{}\u00a0\u00bb][et_pb_column type=\u00a0\u00bb4_4&Prime; _builder_version=\u00a0\u00bb4.21.0&Prime; _module_preset=\u00a0\u00bbdefault\u00a0\u00bb global_colors_info=\u00a0\u00bb{}\u00a0\u00bb][et_pb_text module_class=\u00a0\u00bbfont-weight-400&Prime; _builder_version=\u00a0\u00bb4.27.4&Prime; _module_preset=\u00a0\u00bbdefault\u00a0\u00bb global_colors_info=\u00a0\u00bb{}\u00a0\u00bb]<\/p>\n<h4>Le professeur Jean Wertheimer (1933 -1999) a \u00e9t\u00e9 un pionnier dans le domaine de la psychiatrie de la personne \u00e2g\u00e9e. En 1971, il a \u00e9t\u00e9 nomm\u00e9 \u00e0 l&rsquo;Universit\u00e9 de Lausanne, o\u00f9 il a occup\u00e9 la premi\u00e8re chaire de psychiatrie de la personne \u00e2g\u00e9e en Suisse. Il a contribu\u00e9 \u00e0 \u00e9tablir une psychiatrie g\u00e9riatrique reconnue dans le monde entier. Il a ensuite pr\u00e9sid\u00e9 la section de psychiatrie g\u00e9riatrique de l&rsquo;OMS.<\/h4>\n<h4>Le professeur Jacques Richard (1932) \u00e9tait m\u00e9decin-chef et psychiatre g\u00e9riatrique \u00e0 l\u2019Universit\u00e9 de Gen\u00e8ve. Il a soutenu cette discipline et la cr\u00e9ation de la Soci\u00e9t\u00e9 suisse de psychiatrie et psychoth\u00e9rapie de la personne \u00e2g\u00e9e. Il a mis \u00e0 disposition les moyens financiers n\u00e9cessaires \u00e0 la cr\u00e9ation du prix Jacques Richard-Jean Wertheimer. C\u2019est pourquoi ce prix porte le nom des deux pionniers de la psychiatrie g\u00e9riatrique en Suisse.   <span style=\"font-size: 11.0pt; font-family: 'Trebuchet MS',sans-serif; color: windowtext; font-style: normal;\"><o:p><\/o:p><\/span><\/h4>\n<h4>En son honneur, la Soci\u00e9t\u00e9 suisse de psychiatrie et psychoth\u00e9rapie de la personne \u00e2g\u00e9e a cr\u00e9\u00e9 un prix destin\u00e9 \u00e0 soutenir des projets de recherche clinique innovants en Suisse. Ce prix est d\u00e9cern\u00e9 tous les deux ans. <span style=\"font-size: 11.0pt; font-family: 'Trebuchet MS',sans-serif; color: windowtext; font-style: normal;\"><o:p><\/o:p><\/span><\/h4>\n<p>[\/et_pb_text][\/et_pb_column][\/et_pb_row][\/et_pb_section][et_pb_section fb_built=\u00a0\u00bb1&Prime; module_class=\u00a0\u00bbelementColor-grey400&Prime; _builder_version=\u00a0\u00bb4.21.0&Prime; _module_preset=\u00a0\u00bbdefault\u00a0\u00bb global_colors_info=\u00a0\u00bb{}\u00a0\u00bb][et_pb_row column_structure=\u00a0\u00bb1_2,1_2&Prime; make_equal=\u00a0\u00bbon\u00a0\u00bb _builder_version=\u00a0\u00bb4.27.4&Prime; _module_preset=\u00a0\u00bbdefault\u00a0\u00bb global_colors_info=\u00a0\u00bb{}\u00a0\u00bb][et_pb_column type=\u00a0\u00bb1_2&Prime; _builder_version=\u00a0\u00bb4.27.4&Prime; _module_preset=\u00a0\u00bbdefault\u00a0\u00bb global_colors_info=\u00a0\u00bb{}\u00a0\u00bb][et_pb_image src=\u00a0\u00bbhttps:\/\/sgap-sppa.ch\/wp-content\/uploads\/2025\/06\/20250619_162139-scaled-e1750671110134.jpg\u00a0\u00bb title_text=\u00a0\u00bb20250619_162139&Prime; _builder_version=\u00a0\u00bb4.27.4&Prime; _module_preset=\u00a0\u00bbdefault\u00a0\u00bb global_colors_info=\u00a0\u00bb{}\u00a0\u00bb][\/et_pb_image][\/et_pb_column][et_pb_column type=\u00a0\u00bb1_2&Prime; _builder_version=\u00a0\u00bb4.27.4&Prime; _module_preset=\u00a0\u00bbdefault\u00a0\u00bb global_colors_info=\u00a0\u00bb{}\u00a0\u00bb][et_pb_text _builder_version=\u00a0\u00bb4.27.4&Prime; _module_preset=\u00a0\u00bbdefault\u00a0\u00bb global_colors_info=\u00a0\u00bb{}\u00a0\u00bb][\/et_pb_text][et_pb_text _builder_version=\u00a0\u00bb4.27.4&Prime; _module_preset=\u00a0\u00bbdefault\u00a0\u00bb global_colors_info=\u00a0\u00bb{}\u00a0\u00bb]<\/p>\n<header>\n<h1 style=\"text-align: center;\">Gagnante 2025<\/h1>\n<\/header>\n<p>[\/et_pb_text][et_pb_text _builder_version=\u00a0\u00bb4.27.4&Prime; _module_preset=\u00a0\u00bbdefault\u00a0\u00bb global_colors_info=\u00a0\u00bb{}\u00a0\u00bb]<\/p>\n<p style=\"text-align: center;\">La remise du prix Jacques Richard-Jean Wertheimer a eu lieu le 19 juin dans le cadre de l\u2019assembl\u00e9e g\u00e9n\u00e9rale.<\/p>\n<p style=\"text-align: center;\">Le prix a \u00e9t\u00e9 d\u00e9cern\u00e9 \u00e0 <strong>Madame Beatriz Pozuelo Moyano<\/strong>.<\/p>\n<p style=\"text-align: center;\">Toutes nos f\u00e9licitations !<\/p>\n<p>[\/et_pb_text][\/et_pb_column][\/et_pb_row][\/et_pb_section][et_pb_section fb_built=\u00a0\u00bb1&Prime; _builder_version=\u00a0\u00bb4.21.0&Prime; _module_preset=\u00a0\u00bbdefault\u00a0\u00bb global_colors_info=\u00a0\u00bb{}\u00a0\u00bb][et_pb_row _builder_version=\u00a0\u00bb4.21.0&Prime; _module_preset=\u00a0\u00bbdefault\u00a0\u00bb global_colors_info=\u00a0\u00bb{}\u00a0\u00bb][et_pb_column type=\u00a0\u00bb4_4&Prime; _builder_version=\u00a0\u00bb4.21.0&Prime; _module_preset=\u00a0\u00bbdefault\u00a0\u00bb global_colors_info=\u00a0\u00bb{}\u00a0\u00bb][et_pb_text _builder_version=\u00a0\u00bb4.21.0&Prime; _module_preset=\u00a0\u00bbdefault\u00a0\u00bb global_colors_info=\u00a0\u00bb{}\u00a0\u00bb]<\/p>\n<h1>R\u00e8gles de concurrence<\/h1>\n<p>[\/et_pb_text][\/et_pb_column][\/et_pb_row][et_pb_row column_structure=\u00a0\u00bb1_2,1_2&Prime; _builder_version=\u00a0\u00bb4.21.0&Prime; _module_preset=\u00a0\u00bbdefault\u00a0\u00bb global_colors_info=\u00a0\u00bb{}\u00a0\u00bb][et_pb_column type=\u00a0\u00bb1_2&Prime; _builder_version=\u00a0\u00bb4.21.0&Prime; _module_preset=\u00a0\u00bbdefault\u00a0\u00bb global_colors_info=\u00a0\u00bb{}\u00a0\u00bb][et_pb_text _builder_version=\u00a0\u00bb4.27.4&Prime; _module_preset=\u00a0\u00bbdefault\u00a0\u00bb global_colors_info=\u00a0\u00bb{}\u00a0\u00bb]<\/p>\n<h3>Objectif<\/h3>\n<p>Ce prix vise \u00e0 encourager les jeunes chercheurs qui contribuent \u00e0 la recherche clinique en psychiatrie g\u00e9riatrique par le biais d&rsquo;un projet scientifique original. Les travaux soumis doivent se distinguer par leur aspect innovant et d\u00e9montrer leur importance clinique.<\/p>\n<p>Le prix Jacques Richard-Jean Wertheimer est d\u00e9cern\u00e9 \u00e0 une seule personne. Le montant du prix s\u2019\u00e9l\u00e8ve \u00e0 10 000 CHF.  Le prix est remis personnellement au laur\u00e9at lors de l&rsquo;assembl\u00e9e annuelle de la Soci\u00e9t\u00e9 Suisse de Psychiatrie de la Personne \u00c2g\u00e9e.<\/p>\n<p>[\/et_pb_text][\/et_pb_column][et_pb_column type=\u00a0\u00bb1_2&Prime; _builder_version=\u00a0\u00bb4.21.0&Prime; _module_preset=\u00a0\u00bbdefault\u00a0\u00bb global_colors_info=\u00a0\u00bb{}\u00a0\u00bb][et_pb_text _builder_version=\u00a0\u00bb4.24.3&Prime; _module_preset=\u00a0\u00bbdefault\u00a0\u00bb global_colors_info=\u00a0\u00bb{}\u00a0\u00bb]<\/p>\n<h3>Jury<\/h3>\n<p>Le prix est d\u00e9cern\u00e9 tous les deux ans et le jury d\u00e9cide \u00e0 qui il est attribu\u00e9 sur la base d\u2019une proc\u00e9dure de s\u00e9lection diff\u00e9renci\u00e9e.<\/p>\n<p>Le jury est compos\u00e9 du comit\u00e9 directeur de la SGAP-SPPA ainsi que d&rsquo;experts externes formant un comit\u00e9 \u00e9largi.<\/p>\n<p>Le jury est libre et ind\u00e9pendant dans toutes ses d\u00e9cisions. Les d\u00e9cisions ne peuvent pas \u00eatre contest\u00e9es et tout recours juridique est exclu. Les projets non retenus seront renvoy\u00e9s \u00e0 l&rsquo;exp\u00e9diteur sans justification, sans que cela implique une \u00e9valuation positive ou n\u00e9gative. L&rsquo;attribution du prix peut \u00eatre suspendue si les projets soumis sont jug\u00e9s insuffisants en termes de qualit\u00e9 ou de quantit\u00e9.   <\/p>\n<p>[\/et_pb_text][\/et_pb_column][\/et_pb_row][et_pb_row column_structure=\u00a0\u00bb1_2,1_2&Prime; _builder_version=\u00a0\u00bb4.21.0&Prime; _module_preset=\u00a0\u00bbdefault\u00a0\u00bb global_colors_info=\u00a0\u00bb{}\u00a0\u00bb][et_pb_column type=\u00a0\u00bb1_2&Prime; _builder_version=\u00a0\u00bb4.21.0&Prime; _module_preset=\u00a0\u00bbdefault\u00a0\u00bb global_colors_info=\u00a0\u00bb{}\u00a0\u00bb][et_pb_text _builder_version=\u00a0\u00bb4.27.4&Prime; _module_preset=\u00a0\u00bbdefault\u00a0\u00bb global_colors_info=\u00a0\u00bb{}\u00a0\u00bb]<\/p>\n<h3>Soumission\/ crit\u00e8res<\/h3>\n<p>Le travail soumis doit avoir \u00e9t\u00e9 r\u00e9alis\u00e9 principalement en Suisse. Le lieu de travail de l&rsquo;auteur principal doit se trouver en Suisse. Le travail peut \u00eatre soumis en allemand, en fran\u00e7ais ou en anglais.  <\/p>\n<p>Les documents suivants doivent \u00eatre joints \u00e0 la candidature :<\/p>\n<ul>\n<li>Curriculum vitae et liste des publications<\/li>\n<li>Lettre d&rsquo;accompagnement expliquant la pertinence du travail soumis<\/li>\n<li>R\u00e9sum\u00e9 du projet scientifique et des r\u00e9sultats obtenus jusqu&rsquo;\u00e0 pr\u00e9sent, s&rsquo;il y en a (th\u00e8ses de master et de doctorat, publications, contributions \u00e0 des congr\u00e8s, etc,) d&rsquo;une longueur maximale d&rsquo;une page A4<\/li>\n<li>Travaux originaux \u00e9ventuellement d\u00e9j\u00e0 publi\u00e9s dans le cadre du projet<\/li>\n<li>Le projet et les travaux originaux ne doivent pas, le cas \u00e9ch\u00e9ant, avoir d\u00e9j\u00e0 re\u00e7u un autre prix scientifique ou avoir \u00e9t\u00e9 s\u00e9lectionn\u00e9s pour un tel prix. Les participations parall\u00e8les \u00e0 plusieurs concours doivent \u00eatre annonc\u00e9es lors de la soumission. <\/li>\n<li>Ce prix vise \u00e0 soutenir des projets en cours de grande qualit\u00e9 qui ont le potentiel de fa\u00e7onner l&rsquo;avenir de la psychiatrie g\u00e9riatrique.<\/li>\n<\/ul>\n<p>[\/et_pb_text][\/et_pb_column][et_pb_column type=\u00a0\u00bb1_2&Prime; _builder_version=\u00a0\u00bb4.21.0&Prime; _module_preset=\u00a0\u00bbdefault\u00a0\u00bb global_colors_info=\u00a0\u00bb{}\u00a0\u00bb][et_pb_text _builder_version=\u00a0\u00bb4.27.4&Prime; _module_preset=\u00a0\u00bbdefault\u00a0\u00bb hover_enabled=\u00a0\u00bb0&Prime; global_colors_info=\u00a0\u00bb{}\u00a0\u00bb sticky_enabled=\u00a0\u00bb0&Prime;]<\/p>\n<h3>D\u00e9lai et adresse<\/h3>\n<p>Les candidatures pour le prix Jacques Richard-Jean Wertheimer pouvaient \u00eatre d\u00e9pos\u00e9es jusqu\u2019au <strong>1er mai 2025<\/strong>.<\/p>\n<p>Richten Sie Ihre Bewerbung bitte an:<br \/>SGAP-SPPA<br \/>Kehlhofh\u00f6he 1B<br \/>6043 Adligenswil<\/p>\n<p>Adresse \u00e9lectronique : <a href=\"mailto:info@sgap-sppa.ch\">info@sgap-sppa.ch<\/a><\/p>\n<p>La remise des prix a eu lieu en 2025 \u00e0 l&rsquo;occasion de l&rsquo;assembl\u00e9e g\u00e9n\u00e9rale.<\/p>\n<p>[\/et_pb_text][\/et_pb_column][\/et_pb_row][\/et_pb_section]<\/p>\n","protected":false},"excerpt":{"rendered":"<p>Jacques Richard-Jean Wertheimer-AwardLe professeur Jean Wertheimer (1933 -1999) a \u00e9t\u00e9 un pionnier dans le domaine de la psychiatrie de la personne \u00e2g\u00e9e. En 1971, il a \u00e9t\u00e9 nomm\u00e9 \u00e0 l&rsquo;Universit\u00e9 [&hellip;]<\/p>\n","protected":false},"author":1,"featured_media":0,"parent":4816,"menu_order":0,"comment_status":"closed","ping_status":"closed","template":"","meta":{"_et_pb_use_builder":"on","_et_pb_old_content":"","_et_gb_content_width":"","footnotes":""},"class_list":["post-4813","page","type-page","status-publish","hentry"],"_links":{"self":[{"href":"https:\/\/sgap-sppa.ch\/fr\/wp-json\/wp\/v2\/pages\/4813","targetHints":{"allow":["GET"]}}],"collection":[{"href":"https:\/\/sgap-sppa.ch\/fr\/wp-json\/wp\/v2\/pages"}],"about":[{"href":"https:\/\/sgap-sppa.ch\/fr\/wp-json\/wp\/v2\/types\/page"}],"author":[{"embeddable":true,"href":"https:\/\/sgap-sppa.ch\/fr\/wp-json\/wp\/v2\/users\/1"}],"replies":[{"embeddable":true,"href":"https:\/\/sgap-sppa.ch\/fr\/wp-json\/wp\/v2\/comments?post=4813"}],"version-history":[{"count":41,"href":"https:\/\/sgap-sppa.ch\/fr\/wp-json\/wp\/v2\/pages\/4813\/revisions"}],"predecessor-version":[{"id":7799,"href":"https:\/\/sgap-sppa.ch\/fr\/wp-json\/wp\/v2\/pages\/4813\/revisions\/7799"}],"up":[{"embeddable":true,"href":"https:\/\/sgap-sppa.ch\/fr\/wp-json\/wp\/v2\/pages\/4816"}],"wp:attachment":[{"href":"https:\/\/sgap-sppa.ch\/fr\/wp-json\/wp\/v2\/media?parent=4813"}],"curies":[{"name":"wp","href":"https:\/\/api.w.org\/{rel}","templated":true}]}}