{"id":4819,"date":"2023-06-20T20:23:00","date_gmt":"2023-06-20T18:23:00","guid":{"rendered":"https:\/\/sgap-sppa.com\/formation-approfondie\/"},"modified":"2024-01-03T14:02:43","modified_gmt":"2024-01-03T13:02:43","slug":"formation-approfondie","status":"publish","type":"page","link":"https:\/\/sgap-sppa.ch\/fr\/formation-approfondie\/","title":{"rendered":"Formation approfondie"},"content":{"rendered":"<p>[et_pb_section fb_built=\u00a0\u00bb1&Prime; module_class=\u00a0\u00bbpage-hero-section-image\u00a0\u00bb _builder_version=\u00a0\u00bb4.21.0&Prime; _module_preset=\u00a0\u00bbdefault\u00a0\u00bb background_image=\u00a0\u00bbhttps:\/\/sgap-sppa.ch\/wp-content\/uploads\/2023\/08\/mesh-gradient-3c.jpg\u00a0\u00bb background_last_edited=\u00a0\u00bbon|phone\u00a0\u00bb background_image_phone=\u00a0\u00bbhttps:\/\/sgap-sppa.ch\/wp-content\/uploads\/2023\/08\/mesh-gradient-3-mobile-2.jpg\u00a0\u00bb background_enable_image_phone=\u00a0\u00bbon\u00a0\u00bb saved_tabs=\u00a0\u00bball\u00a0\u00bb global_colors_info=\u00a0\u00bb{}\u00a0\u00bb][et_pb_row _builder_version=\u00a0\u00bb4.16&Prime; _module_preset=\u00a0\u00bbdefault\u00a0\u00bb global_colors_info=\u00a0\u00bb{}\u00a0\u00bb][et_pb_column type=\u00a0\u00bb4_4&Prime; _builder_version=\u00a0\u00bb4.16&Prime; _module_preset=\u00a0\u00bbdefault\u00a0\u00bb global_colors_info=\u00a0\u00bb{}\u00a0\u00bb][et_pb_text _builder_version=\u00a0\u00bb4.16&Prime; _module_preset=\u00a0\u00bbdefault\u00a0\u00bb global_colors_info=\u00a0\u00bb{}\u00a0\u00bb]<\/p>\n<h1>Formation approfondie<\/h1>\n<p>[\/et_pb_text][\/et_pb_column][\/et_pb_row][\/et_pb_section][et_pb_section fb_built=\u00a0\u00bb1&Prime; module_class=\u00a0\u00bbelementColor-grey400&Prime; _builder_version=\u00a0\u00bb4.16&Prime; _module_preset=\u00a0\u00bbdefault\u00a0\u00bb global_colors_info=\u00a0\u00bb{}\u00a0\u00bb][et_pb_row _builder_version=\u00a0\u00bb4.16&Prime; _module_preset=\u00a0\u00bbdefault\u00a0\u00bb global_colors_info=\u00a0\u00bb{}\u00a0\u00bb][et_pb_column type=\u00a0\u00bb4_4&Prime; _builder_version=\u00a0\u00bb4.16&Prime; _module_preset=\u00a0\u00bbdefault\u00a0\u00bb global_colors_info=\u00a0\u00bb{}\u00a0\u00bb][et_pb_text module_class=\u00a0\u00bbfont-weight-400&Prime; _builder_version=\u00a0\u00bb4.21.0&Prime; _module_preset=\u00a0\u00bbdefault\u00a0\u00bb global_colors_info=\u00a0\u00bb{}\u00a0\u00bb]<\/p>\n<h3 class=\"\">\u00ab\u00a0Je fais la formation!\u00a0\u00bb<\/h3>\n<h3 class=\"\">Sp\u00e9cialisation en psychiatrie et psychoth\u00e9rapie de la personne \u00e2g\u00e9e<\/h3>\n<p>[\/et_pb_text][\/et_pb_column][\/et_pb_row][\/et_pb_section][et_pb_section fb_built=\u00a0\u00bb1&Prime; _builder_version=\u00a0\u00bb4.21.0&Prime; _module_preset=\u00a0\u00bbdefault\u00a0\u00bb global_colors_info=\u00a0\u00bb{}\u00a0\u00bb][et_pb_row _builder_version=\u00a0\u00bb4.21.0&Prime; _module_preset=\u00a0\u00bbdefault\u00a0\u00bb global_colors_info=\u00a0\u00bb{}\u00a0\u00bb][et_pb_column type=\u00a0\u00bb4_4&Prime; _builder_version=\u00a0\u00bb4.21.0&Prime; _module_preset=\u00a0\u00bbdefault\u00a0\u00bb global_colors_info=\u00a0\u00bb{}\u00a0\u00bb][et_pb_text _builder_version=\u00a0\u00bb4.21.0&Prime; _module_preset=\u00a0\u00bbdefault\u00a0\u00bb global_colors_info=\u00a0\u00bb{}\u00a0\u00bb]<\/p>\n<h1>Lancez-vous dans la formation approfondie en psychiatre et psychoth\u00e9rapie de la personne \u00e2g\u00e9e ! Cela vaut la peine !<\/h1>\n<p>[\/et_pb_text][\/et_pb_column][\/et_pb_row][et_pb_row _builder_version=\u00a0\u00bb4.21.0&Prime; _module_preset=\u00a0\u00bbdefault\u00a0\u00bb global_colors_info=\u00a0\u00bb{}\u00a0\u00bb][et_pb_column type=\u00a0\u00bb4_4&Prime; _builder_version=\u00a0\u00bb4.21.0&Prime; _module_preset=\u00a0\u00bbdefault\u00a0\u00bb global_colors_info=\u00a0\u00bb{}\u00a0\u00bb][et_pb_text _builder_version=\u00a0\u00bb4.21.0&Prime; _module_preset=\u00a0\u00bbdefault\u00a0\u00bb global_colors_info=\u00a0\u00bb{}\u00a0\u00bb]<\/p>\n<p>La prise de conscience de la possibilit\u00e9, voire de la n\u00e9cessit\u00e9 d\u2019entreprendre quelque chose afin de soutenir m\u00e9dicalement les personnes \u00e2g\u00e9es souffrant de troubles psychiques n\u2019est pas si vieille.<br \/>Jusqu\u2019\u00e0 assez r\u00e9cemment, peu de personnes \u00e2g\u00e9es consultaient de leur gr\u00e9 un psychiatre, entre autres parce que le psychiatre lui-m\u00eame avait des r\u00e9serves \u00e0 cet \u00e9gard, notamment concernant les questions somatiques.<br \/>Le nombre de personnes \u00e2g\u00e9es ne cesse d\u2019augmenter et leurs exigences \u00e9voluent : Elles attendent des prestations psychiatriques de qualit\u00e9 \u2013 aussi pour leur groupe d\u2019\u00e2ge. Sont donc actuellement recherch\u00e9s des psychiatres de la personne \u00e2g\u00e9e dont les comp\u00e9tences professionnelles sont \u00e0 la pointe du progr\u00e8s.<\/p>\n<p>[\/et_pb_text][et_pb_text _builder_version=\u00a0\u00bb4.21.0&Prime; _module_preset=\u00a0\u00bbdefault\u00a0\u00bb global_colors_info=\u00a0\u00bb{}\u00a0\u00bb]<\/p>\n<div class=\"ce-textpic ce-center ce-above\">\n<div class=\"ce-bodytext\">\n<h3>Voici quelques raisons :<\/h3>\n<ul>\n<li>La p\u00e9riode de six mois de formation postgradu\u00e9e en psychiatrie de la personne \u00e2g\u00e9e qui fait partie de la formation postgradu\u00e9e en vue du titre de sp\u00e9cialiste ne suffit pas pour acqu\u00e9rir des connaissances approfondies dans ce domaine.<\/li>\n<\/ul>\n<ul>\n<li>Gr\u00e2ce au nombre croissant de personnes \u00e2g\u00e9es, mais aussi \u00e0 la disparition des inhibitions \u00e0 solliciter une aide psychiatrique, les psychiatres de la personne \u00e2g\u00e9e sont des gens de plus en plus demand\u00e9s.<\/li>\n<\/ul>\n<ul>\n<li>En mati\u00e8re de politique professionnelle dans le d\u00e9veloppement des structures de prise en charge psychiatrique pour les personnes \u00e2g\u00e9es, la Suisse fait \u0153uvre de pionni\u00e8re ! En Europe, elle est un des rares pays \u00e0 offrir une formation approfondie en psychiatrie et psychoth\u00e9rapie de la personne \u00e2g\u00e9e, parmi les pays germanophones, m\u00eame le seul. Un plus qui montre les comp\u00e9tences et la qualit\u00e9 du titulaire de cette formation approfondie et, de ce fait, favorise sa carri\u00e8re professionnelle et acc\u00e9l\u00e8re la constitution de son r\u00e9seau.<\/li>\n<\/ul>\n<ul>\n<li>Seule une institution dirig\u00e9e par un titulaire d\u2019une formation approfondie en psychiatrie et psychoth\u00e9rapie de la personne \u00e2g\u00e9e peut \u00eatre reconnue par la FMH comme \u00e9tablissement de formation postgradu\u00e9e en psychiatrie et psychoth\u00e9rapie de la personne \u00e2g\u00e9e.<\/li>\n<\/ul>\n<\/div>\n<\/div>\n<p>[\/et_pb_text][\/et_pb_column][\/et_pb_row][\/et_pb_section][et_pb_section fb_built=\u00a0\u00bb1&Prime; _builder_version=\u00a0\u00bb4.21.0&Prime; _module_preset=\u00a0\u00bbdefault\u00a0\u00bb global_colors_info=\u00a0\u00bb{}\u00a0\u00bb][et_pb_row column_structure=\u00a0\u00bb1_2,1_2&Prime; _builder_version=\u00a0\u00bb4.21.0&Prime; _module_preset=\u00a0\u00bbdefault\u00a0\u00bb global_colors_info=\u00a0\u00bb{}\u00a0\u00bb][et_pb_column type=\u00a0\u00bb1_2&Prime; _builder_version=\u00a0\u00bb4.21.0&Prime; _module_preset=\u00a0\u00bbdefault\u00a0\u00bb global_colors_info=\u00a0\u00bb{}\u00a0\u00bb][et_pb_image src=\u00a0\u00bbhttps:\/\/sgap-sppa.ch\/wp-content\/uploads\/2024\/01\/SGAP_Icon_Weiterbildung-Teal-1.svg\u00a0\u00bb title_text=\u00a0\u00bbSGAP_Icon_Weiterbildung Teal\u00a0\u00bb module_class=\u00a0\u00bbsgap-image-wide\u00a0\u00bb _builder_version=\u00a0\u00bb4.23.4&Prime; _module_preset=\u00a0\u00bbdefault\u00a0\u00bb background_color=\u00a0\u00bb#d6f2f8&Prime; hover_enabled=\u00a0\u00bb0&Prime; global_colors_info=\u00a0\u00bb{}\u00a0\u00bb sticky_enabled=\u00a0\u00bb0&Prime;][\/et_pb_image][\/et_pb_column][et_pb_column type=\u00a0\u00bb1_2&Prime; _builder_version=\u00a0\u00bb4.21.0&Prime; _module_preset=\u00a0\u00bbdefault\u00a0\u00bb global_colors_info=\u00a0\u00bb{}\u00a0\u00bb][et_pb_text _builder_version=\u00a0\u00bb4.21.0&Prime; _module_preset=\u00a0\u00bbdefault\u00a0\u00bb global_colors_info=\u00a0\u00bb{}\u00a0\u00bb]<\/p>\n<h2>Cours de formation approfondie et examen<\/h2>\n<p>[\/et_pb_text][et_pb_text _builder_version=\u00a0\u00bb4.21.0&Prime; _module_preset=\u00a0\u00bbdefault\u00a0\u00bb global_colors_info=\u00a0\u00bb{}\u00a0\u00bb]<\/p>\n<p>Vous trouverez ici toutes les informations et les dates concernant les cours de formation continue de la SSPA et les examens (\u00e9crit et oral).<\/p>\n<p>[\/et_pb_text][et_pb_button button_url=\u00a0\u00bb@ET-DC@eyJkeW5hbWljIjp0cnVlLCJjb250ZW50IjoicG9zdF9saW5rX3VybF9wYWdlIiwic2V0dGluZ3MiOnsicG9zdF9pZCI6IjQzOTUifX0=@\u00a0\u00bb button_text=\u00a0\u00bbContinuer\u00a0\u00bb module_class=\u00a0\u00bbvv-et-btn-accent-outline-light\u00a0\u00bb _builder_version=\u00a0\u00bb4.21.0&Prime; _dynamic_attributes=\u00a0\u00bbbutton_url\u00a0\u00bb _module_preset=\u00a0\u00bbdefault\u00a0\u00bb global_colors_info=\u00a0\u00bb{}\u00a0\u00bb][\/et_pb_button][\/et_pb_column][\/et_pb_row][\/et_pb_section][et_pb_section fb_built=\u00a0\u00bb1&Prime; _builder_version=\u00a0\u00bb4.21.0&Prime; _module_preset=\u00a0\u00bbdefault\u00a0\u00bb global_colors_info=\u00a0\u00bb{}\u00a0\u00bb][et_pb_row column_structure=\u00a0\u00bb1_2,1_2&Prime; _builder_version=\u00a0\u00bb4.21.0&Prime; _module_preset=\u00a0\u00bbdefault\u00a0\u00bb global_colors_info=\u00a0\u00bb{}\u00a0\u00bb][et_pb_column type=\u00a0\u00bb1_2&Prime; _builder_version=\u00a0\u00bb4.21.0&Prime; _module_preset=\u00a0\u00bbdefault\u00a0\u00bb global_colors_info=\u00a0\u00bb{}\u00a0\u00bb][et_pb_text _builder_version=\u00a0\u00bb4.22.1&Prime; _module_preset=\u00a0\u00bbdefault\u00a0\u00bb link_option_url_new_window=\u00a0\u00bbon\u00a0\u00bb global_colors_info=\u00a0\u00bb{}\u00a0\u00bb]<\/p>\n<header>\n<h3 class=\"\">Programme de formation approfondie<\/h3>\n<\/header>\n<div class=\"ce-textpic ce-center ce-above\">\n<div class=\"ce-bodytext\">\n<p>Le programme de formation postgradu\u00e9e en vue de l\u2019obtention du titre de sp\u00e9cialiste en psychiatrie et psychoth\u00e9rapie, y compris l&rsquo;approfondissement en psychiatrie et psychoth\u00e9rapie de la personne \u00e2g\u00e9e, ainsi que tous les autres renseignements relatifs \u00e0 la formation postgradu\u00e9e sont disponibles sur le site Internet de l&rsquo;ISFM.<\/p>\n<\/div>\n<\/div>\n<p>[\/et_pb_text][et_pb_button button_url=\u00a0\u00bbhttps:\/\/www.siwf.ch\/weiterbildung\/facharzttitel-und-schwerpunkte\/psychiatrie-und-psychotherapie.cfm\u00a0\u00bb url_new_window=\u00a0\u00bbon\u00a0\u00bb button_text=\u00a0\u00bbVers le programme\u00a0\u00bb module_class=\u00a0\u00bbvv-et-btn-accent-outline-light\u00a0\u00bb _builder_version=\u00a0\u00bb4.21.0&Prime; _module_preset=\u00a0\u00bbdefault\u00a0\u00bb global_colors_info=\u00a0\u00bb{}\u00a0\u00bb][\/et_pb_button][\/et_pb_column][et_pb_column type=\u00a0\u00bb1_2&Prime; _builder_version=\u00a0\u00bb4.21.0&Prime; _module_preset=\u00a0\u00bbdefault\u00a0\u00bb global_colors_info=\u00a0\u00bb{}\u00a0\u00bb][et_pb_image src=\u00a0\u00bbhttps:\/\/sgap-sppa.ch\/wp-content\/uploads\/2023\/08\/SIWF_Logo_3x2.png\u00a0\u00bb title_text=\u00a0\u00bbSIWF_Logo_3x2&Prime; module_class=\u00a0\u00bbsgap-image-wide elementColor-grey400&Prime; _builder_version=\u00a0\u00bb4.22.2&Prime; _module_preset=\u00a0\u00bbdefault\u00a0\u00bb background_color=\u00a0\u00bbRGBA(255,255,255,0)\u00a0\u00bb global_colors_info=\u00a0\u00bb{}\u00a0\u00bb][\/et_pb_image][\/et_pb_column][\/et_pb_row][\/et_pb_section][et_pb_section fb_built=\u00a0\u00bb1&Prime; _builder_version=\u00a0\u00bb4.21.0&Prime; _module_preset=\u00a0\u00bbdefault\u00a0\u00bb global_colors_info=\u00a0\u00bb{}\u00a0\u00bb][et_pb_row column_structure=\u00a0\u00bb1_2,1_2&Prime; _builder_version=\u00a0\u00bb4.21.0&Prime; _module_preset=\u00a0\u00bbdefault\u00a0\u00bb global_colors_info=\u00a0\u00bb{}\u00a0\u00bb][et_pb_column type=\u00a0\u00bb1_2&Prime; _builder_version=\u00a0\u00bb4.21.0&Prime; _module_preset=\u00a0\u00bbdefault\u00a0\u00bb global_colors_info=\u00a0\u00bb{}\u00a0\u00bb][et_pb_image src=\u00a0\u00bbhttps:\/\/sgap-sppa.ch\/wp-content\/uploads\/2024\/01\/SGAP_Icon_Register-SIWF-Teal-1.svg\u00a0\u00bb title_text=\u00a0\u00bbSGAP_Icon_Register-SIWF Teal\u00a0\u00bb align=\u00a0\u00bbcenter\u00a0\u00bb module_class=\u00a0\u00bbsgap-image-wide\u00a0\u00bb _builder_version=\u00a0\u00bb4.23.4&Prime; _module_preset=\u00a0\u00bbdefault\u00a0\u00bb background_color=\u00a0\u00bb#d6f2f8&Prime; hover_enabled=\u00a0\u00bb0&Prime; global_colors_info=\u00a0\u00bb{}\u00a0\u00bb sticky_enabled=\u00a0\u00bb0&Prime;][\/et_pb_image][\/et_pb_column][et_pb_column type=\u00a0\u00bb1_2&Prime; _builder_version=\u00a0\u00bb4.21.0&Prime; _module_preset=\u00a0\u00bbdefault\u00a0\u00bb global_colors_info=\u00a0\u00bb{}\u00a0\u00bb][et_pb_text _builder_version=\u00a0\u00bb4.21.0&Prime; _module_preset=\u00a0\u00bbdefault\u00a0\u00bb global_colors_info=\u00a0\u00bb{}\u00a0\u00bb]<\/p>\n<div id=\"c7034\" class=\"csc-frame csc-frame-greybox frame-type-textmedia frame-layout-0\">\n<header>\n<h3 class=\"\">\u00c9tablissements de formation postgradu\u00e9e<\/h3>\n<h5 class=\"\">Information importante aux responsables des \u00e9tablissements de formation postgradu\u00e9e en psychiatrie de l&rsquo;\u00e2ge avanc\u00e9, qu&rsquo;ils soient sp\u00e9cifiques ou non :<\/h5>\n<\/header>\n<div class=\"ce-textpic ce-center ce-above\">\n<div class=\"ce-bodytext\">\n<p>Nous prions les responsables des \u00e9tablissements de formation reconnus des titres de sp\u00e9cialiste et de formation approfondie suivants, de communiquer \u00e0 la SPPA leurs cours de formation, en particulier dans le domaine de la psychiatrie et psychoth\u00e9rapie de la personne \u00e2g\u00e9e.<\/p>\n<ul>\n<li>Psychiatrie et psychoth\u00e9rapie<\/li>\n<li>Psychiatrie et psychoth\u00e9rapie de la personne \u00e2g\u00e9e<\/li>\n<li>Neurologie<\/li>\n<li>G\u00e9riatrie<\/li>\n<\/ul>\n<\/div>\n<\/div>\n<\/div>\n<p>[\/et_pb_text][et_pb_button button_url=\u00a0\u00bbhttps:\/\/www.siwf-register.ch\/\u00a0\u00bb url_new_window=\u00a0\u00bbon\u00a0\u00bb button_text=\u00a0\u00bbRegistre des \u00e9tablissements de formation postgradu\u00e9e certifi\u00e9s\u00a0\u00bb module_class=\u00a0\u00bbvv-et-btn-accent-outline-light\u00a0\u00bb _builder_version=\u00a0\u00bb4.21.0&Prime; _module_preset=\u00a0\u00bbdefault\u00a0\u00bb global_colors_info=\u00a0\u00bb{}\u00a0\u00bb][\/et_pb_button][\/et_pb_column][\/et_pb_row][\/et_pb_section]<\/p>\n","protected":false},"excerpt":{"rendered":"<p>Formation approfondie\u00a0\u00bbJe fais la formation!\u00a0\u00bb Sp\u00e9cialisation en psychiatrie et psychoth\u00e9rapie de la personne \u00e2g\u00e9eLancez-vous dans la formation approfondie en psychiatre et psychoth\u00e9rapie de la personne \u00e2g\u00e9e ! Cela vaut la [&hellip;]<\/p>\n","protected":false},"author":1,"featured_media":0,"parent":0,"menu_order":0,"comment_status":"closed","ping_status":"closed","template":"","meta":{"_et_pb_use_builder":"on","_et_pb_old_content":"","_et_gb_content_width":"","footnotes":""},"class_list":["post-4819","page","type-page","status-publish","hentry"],"_links":{"self":[{"href":"https:\/\/sgap-sppa.ch\/fr\/wp-json\/wp\/v2\/pages\/4819","targetHints":{"allow":["GET"]}}],"collection":[{"href":"https:\/\/sgap-sppa.ch\/fr\/wp-json\/wp\/v2\/pages"}],"about":[{"href":"https:\/\/sgap-sppa.ch\/fr\/wp-json\/wp\/v2\/types\/page"}],"author":[{"embeddable":true,"href":"https:\/\/sgap-sppa.ch\/fr\/wp-json\/wp\/v2\/users\/1"}],"replies":[{"embeddable":true,"href":"https:\/\/sgap-sppa.ch\/fr\/wp-json\/wp\/v2\/comments?post=4819"}],"version-history":[{"count":17,"href":"https:\/\/sgap-sppa.ch\/fr\/wp-json\/wp\/v2\/pages\/4819\/revisions"}],"predecessor-version":[{"id":6756,"href":"https:\/\/sgap-sppa.ch\/fr\/wp-json\/wp\/v2\/pages\/4819\/revisions\/6756"}],"wp:attachment":[{"href":"https:\/\/sgap-sppa.ch\/fr\/wp-json\/wp\/v2\/media?parent=4819"}],"curies":[{"name":"wp","href":"https:\/\/api.w.org\/{rel}","templated":true}]}}