{"id":4827,"date":"2023-06-24T18:19:14","date_gmt":"2023-06-24T16:19:14","guid":{"rendered":"https:\/\/sgap-sppa.com\/a-propos-de-nous\/reseau\/"},"modified":"2024-01-03T09:41:39","modified_gmt":"2024-01-03T08:41:39","slug":"reseau","status":"publish","type":"page","link":"https:\/\/sgap-sppa.ch\/fr\/a-propos-de-nous\/reseau\/","title":{"rendered":"R\u00e9seau"},"content":{"rendered":"<p>[et_pb_section fb_built=\u00a0\u00bb1&Prime; module_class=\u00a0\u00bbpage-hero-section-image\u00a0\u00bb _builder_version=\u00a0\u00bb4.22.1&Prime; _module_preset=\u00a0\u00bbdefault\u00a0\u00bb background_image=\u00a0\u00bbhttps:\/\/sgap-sppa.ch\/wp-content\/uploads\/2023\/08\/mesh-gradient-3c.jpg\u00a0\u00bb background_last_edited=\u00a0\u00bbon|phone\u00a0\u00bb background_image_phone=\u00a0\u00bbhttps:\/\/sgap-sppa.ch\/wp-content\/uploads\/2023\/08\/mesh-gradient-3-mobile-2.jpg\u00a0\u00bb background_enable_image_phone=\u00a0\u00bbon\u00a0\u00bb saved_tabs=\u00a0\u00bball\u00a0\u00bb global_colors_info=\u00a0\u00bb{}\u00a0\u00bb][et_pb_row _builder_version=\u00a0\u00bb4.16&Prime; _module_preset=\u00a0\u00bbdefault\u00a0\u00bb global_colors_info=\u00a0\u00bb{}\u00a0\u00bb][et_pb_column type=\u00a0\u00bb4_4&Prime; _builder_version=\u00a0\u00bb4.16&Prime; _module_preset=\u00a0\u00bbdefault\u00a0\u00bb global_colors_info=\u00a0\u00bb{}\u00a0\u00bb][et_pb_text _builder_version=\u00a0\u00bb4.21.0&Prime; _module_preset=\u00a0\u00bbdefault\u00a0\u00bb global_colors_info=\u00a0\u00bb{}\u00a0\u00bb]<\/p>\n<h1>R\u00e9seau<\/h1>\n<p>[\/et_pb_text][\/et_pb_column][\/et_pb_row][\/et_pb_section][et_pb_section fb_built=\u00a0\u00bb1&Prime; module_class=\u00a0\u00bbelementColor-grey400&Prime; _builder_version=\u00a0\u00bb4.21.0&Prime; _module_preset=\u00a0\u00bbdefault\u00a0\u00bb global_colors_info=\u00a0\u00bb{}\u00a0\u00bb][et_pb_row _builder_version=\u00a0\u00bb4.21.0&Prime; _module_preset=\u00a0\u00bbdefault\u00a0\u00bb global_colors_info=\u00a0\u00bb{}\u00a0\u00bb][et_pb_column type=\u00a0\u00bb4_4&Prime; _builder_version=\u00a0\u00bb4.21.0&Prime; _module_preset=\u00a0\u00bbdefault\u00a0\u00bb global_colors_info=\u00a0\u00bb{}\u00a0\u00bb][et_pb_text module_class=\u00a0\u00bbfont-weight-400&Prime; _builder_version=\u00a0\u00bb4.23.4&Prime; _module_preset=\u00a0\u00bbdefault\u00a0\u00bb hover_enabled=\u00a0\u00bb0&Prime; global_colors_info=\u00a0\u00bb{}\u00a0\u00bb sticky_enabled=\u00a0\u00bb0&Prime;]<\/p>\n<h4>Outre les liens \u00e9troits qu\u2019elle entretient au sein de la FMH et de la SSPP, la SPPA est aussi engag\u00e9e dans d\u2019autres organisations, suisses et internationales, qui \u0153uvrent dans le domaine du grand \u00e2ge.<\/h4>\n<h4>La SPPA est ainsi, depuis 2013, membre affili\u00e9 de la Soci\u00e9t\u00e9 Suisse de G\u00e9rontologie (SSG) et membre corporatif de l\u2019European Association of Geriatric Psychiatry (EAGP).<\/h4>\n<p>[\/et_pb_text][\/et_pb_column][\/et_pb_row][\/et_pb_section][et_pb_section fb_built=\u00a0\u00bb1&Prime; _builder_version=\u00a0\u00bb4.21.0&Prime; _module_preset=\u00a0\u00bbdefault\u00a0\u00bb global_colors_info=\u00a0\u00bb{}\u00a0\u00bb][et_pb_row _builder_version=\u00a0\u00bb4.21.0&Prime; _module_preset=\u00a0\u00bbdefault\u00a0\u00bb global_colors_info=\u00a0\u00bb{}\u00a0\u00bb][et_pb_column type=\u00a0\u00bb4_4&Prime; _builder_version=\u00a0\u00bb4.21.0&Prime; _module_preset=\u00a0\u00bbdefault\u00a0\u00bb global_colors_info=\u00a0\u00bb{}\u00a0\u00bb][et_pb_text _builder_version=\u00a0\u00bb4.23.4&Prime; _module_preset=\u00a0\u00bbdefault\u00a0\u00bb hover_enabled=\u00a0\u00bb0&Prime; global_colors_info=\u00a0\u00bb{}\u00a0\u00bb sticky_enabled=\u00a0\u00bb0&Prime;]<\/p>\n<div class=\"ce-textpic ce-center ce-above\">\n<header><\/header>\n<div class=\"ce-textpic ce-center ce-above\">\n<div class=\"ce-bodytext\">\n<h3>Des liens existent notamment avec les organisations suivantes :<\/h3>\n<p>SGPP &#8211; Schweizerische Gesellschaft f\u00fcr Psychiatrie und PsychotherapieSSPP &#8211; Soci\u00e9t\u00e9 Suisse de Psychiatrie et Psychoth\u00e9rapie<br \/>\u2192 <a href=\"http:\/\/www.psychiatrie.ch\" target=\"_blank\" class=\"external-link\" rel=\"noopener\">www.psychiatrie.ch<\/a><\/p>\n<p>EAGP &#8211; European Association of Geriatric Psychiatry<br \/>\u2192 <a href=\"http:\/\/www.eagp.com\/\" target=\"_blank\" class=\"external-link\" rel=\"noopener noreferrer\">www.eagp.com <\/a> <\/p>\n<p>European Psychiatric Association, Section for Geriatric Psychiatry (EPA)<br \/>\u2192 <a href=\"http:\/\/www.europsy.net\/\" target=\"_blank\" rel=\"noopener noreferrer\">www.europsy.net<\/a><\/p>\n<p>World Psychiatric Association, Section of Old Age Psychiatry (WPA)<br \/>\u2192 <a href=\"http:\/\/www.wpanet.org\/\" target=\"_blank\" rel=\"noopener noreferrer\">www.wpanet.org<\/a><\/p>\n<p>IPA &#8211; International Psychogeriatric Association<br \/>\u2192 <a href=\"http:\/\/www.ipa-online.org\/\" target=\"_blank\" class=\"external-link\" rel=\"noopener noreferrer\">www.ipa-online.org <\/a> <\/p>\n<p>Deutsche Gesellschaft f\u00fcr Gerontopsychiatrie und \u2013psychotherapie (DGGPP)<br \/>\u2192 <a href=\"http:\/\/www.dggpp.de\" target=\"_blank\" rel=\"noopener noreferrer\">www.dggpp.de<\/a><\/p>\n<p>Institut Alter &#8211; Berner Fachhochschule (BFH)<br \/>\u2192 <a href=\"http:\/\/www.alter.bfh.ch\" target=\"_blank\" class=\"external-link\" rel=\"noopener noreferrer\">www.alter.bfh.ch<\/a><\/p>\n<p>Berner Gesellschaft f\u00fcr Alterspsychiatrie<br \/>\u2192 <a href=\"http:\/\/www.begap.ch\" target=\"_blank\" rel=\"noopener noreferrer\">www.begap.ch<\/a><\/p>\n<\/div>\n<\/div>\n<\/div>\n<p>[\/et_pb_text][\/et_pb_column][\/et_pb_row][\/et_pb_section]<\/p>\n","protected":false},"excerpt":{"rendered":"<p>R\u00e9seauOutre les liens \u00e9troits qu\u2019elle entretient au sein de la FMH et de la SSPP, la SPPA est aussi engag\u00e9e dans d\u2019autres organisations, suisses et internationales, qui \u0153uvrent dans le [&hellip;]<\/p>\n","protected":false},"author":1,"featured_media":0,"parent":4816,"menu_order":0,"comment_status":"closed","ping_status":"closed","template":"","meta":{"_et_pb_use_builder":"on","_et_pb_old_content":"","_et_gb_content_width":"","footnotes":""},"class_list":["post-4827","page","type-page","status-publish","hentry"],"_links":{"self":[{"href":"https:\/\/sgap-sppa.ch\/fr\/wp-json\/wp\/v2\/pages\/4827","targetHints":{"allow":["GET"]}}],"collection":[{"href":"https:\/\/sgap-sppa.ch\/fr\/wp-json\/wp\/v2\/pages"}],"about":[{"href":"https:\/\/sgap-sppa.ch\/fr\/wp-json\/wp\/v2\/types\/page"}],"author":[{"embeddable":true,"href":"https:\/\/sgap-sppa.ch\/fr\/wp-json\/wp\/v2\/users\/1"}],"replies":[{"embeddable":true,"href":"https:\/\/sgap-sppa.ch\/fr\/wp-json\/wp\/v2\/comments?post=4827"}],"version-history":[{"count":16,"href":"https:\/\/sgap-sppa.ch\/fr\/wp-json\/wp\/v2\/pages\/4827\/revisions"}],"predecessor-version":[{"id":6657,"href":"https:\/\/sgap-sppa.ch\/fr\/wp-json\/wp\/v2\/pages\/4827\/revisions\/6657"}],"up":[{"embeddable":true,"href":"https:\/\/sgap-sppa.ch\/fr\/wp-json\/wp\/v2\/pages\/4816"}],"wp:attachment":[{"href":"https:\/\/sgap-sppa.ch\/fr\/wp-json\/wp\/v2\/media?parent=4827"}],"curies":[{"name":"wp","href":"https:\/\/api.w.org\/{rel}","templated":true}]}}