{"id":5099,"date":"2023-06-22T09:56:53","date_gmt":"2023-06-22T07:56:53","guid":{"rendered":"https:\/\/sgap-sppa.com\/formation-approfondie\/cours-et-examen\/"},"modified":"2026-01-28T11:16:55","modified_gmt":"2026-01-28T10:16:55","slug":"cours-et-examen","status":"publish","type":"page","link":"https:\/\/sgap-sppa.ch\/fr\/formation-approfondie\/cours-et-examen\/","title":{"rendered":"Cours et examen"},"content":{"rendered":"<p>[et_pb_section fb_built=\u00a0\u00bb1&Prime; module_class=\u00a0\u00bbpage-hero-section-image\u00a0\u00bb _builder_version=\u00a0\u00bb4.22.1&Prime; _module_preset=\u00a0\u00bbdefault\u00a0\u00bb background_image=\u00a0\u00bbhttps:\/\/sgap-sppa.ch\/wp-content\/uploads\/2023\/08\/mesh-gradient-3c.jpg\u00a0\u00bb background_last_edited=\u00a0\u00bbon|phone\u00a0\u00bb background_image_phone=\u00a0\u00bbhttps:\/\/sgap-sppa.ch\/wp-content\/uploads\/2023\/08\/mesh-gradient-3-mobile-2.jpg\u00a0\u00bb background_enable_image_phone=\u00a0\u00bbon\u00a0\u00bb saved_tabs=\u00a0\u00bball\u00a0\u00bb global_colors_info=\u00a0\u00bb{}\u00a0\u00bb][et_pb_row _builder_version=\u00a0\u00bb4.16&Prime; _module_preset=\u00a0\u00bbdefault\u00a0\u00bb global_colors_info=\u00a0\u00bb{}\u00a0\u00bb][et_pb_column type=\u00a0\u00bb4_4&Prime; _builder_version=\u00a0\u00bb4.16&Prime; _module_preset=\u00a0\u00bbdefault\u00a0\u00bb global_colors_info=\u00a0\u00bb{}\u00a0\u00bb][et_pb_text _builder_version=\u00a0\u00bb4.21.0&Prime; _module_preset=\u00a0\u00bbdefault\u00a0\u00bb background_enable_image=\u00a0\u00bboff\u00a0\u00bb global_colors_info=\u00a0\u00bb{}\u00a0\u00bb]<\/p>\n<h1>Cours et examen<\/h1>\n<p>[\/et_pb_text][\/et_pb_column][\/et_pb_row][\/et_pb_section][et_pb_section fb_built=\u00a0\u00bb1&Prime; disabled_on=\u00a0\u00bbon|on|on\u00a0\u00bb module_class=\u00a0\u00bbvv-section-breadcrumb\u00a0\u00bb _builder_version=\u00a0\u00bb4.23.1&Prime; _module_preset=\u00a0\u00bbdefault\u00a0\u00bb disabled=\u00a0\u00bbon\u00a0\u00bb global_colors_info=\u00a0\u00bb{}\u00a0\u00bb][et_pb_row _builder_version=\u00a0\u00bb4.21.0&Prime; _module_preset=\u00a0\u00bbdefault\u00a0\u00bb global_colors_info=\u00a0\u00bb{}\u00a0\u00bb][et_pb_column type=\u00a0\u00bb4_4&Prime; _builder_version=\u00a0\u00bb4.21.0&Prime; _module_preset=\u00a0\u00bbdefault\u00a0\u00bb global_colors_info=\u00a0\u00bb{}\u00a0\u00bb][et_pb_text _builder_version=\u00a0\u00bb4.23&Prime; _module_preset=\u00a0\u00bbdefault\u00a0\u00bb global_colors_info=\u00a0\u00bb{}\u00a0\u00bb]<\/p>\n<ul class=\"vv-breadcrumb\">\n<li><a href=\"\/fr\">Home<\/a><\/li>\n<li><a href=\"https:\/\/sgap-sppa.ch\/fr\/formation-approfondie\/\">Formation approfondie<\/a><\/li>\n<li><strong>Cours et examen<br \/><\/strong><\/li>\n<\/ul>\n<p>[\/et_pb_text][\/et_pb_column][\/et_pb_row][\/et_pb_section][et_pb_section fb_built=\u00a0\u00bb1&Prime; _builder_version=\u00a0\u00bb4.21.0&Prime; _module_preset=\u00a0\u00bbdefault\u00a0\u00bb global_colors_info=\u00a0\u00bb{}\u00a0\u00bb][et_pb_row _builder_version=\u00a0\u00bb4.21.0&Prime; _module_preset=\u00a0\u00bbdefault\u00a0\u00bb global_colors_info=\u00a0\u00bb{}\u00a0\u00bb][et_pb_column type=\u00a0\u00bb4_4&Prime; _builder_version=\u00a0\u00bb4.21.0&Prime; _module_preset=\u00a0\u00bbdefault\u00a0\u00bb global_colors_info=\u00a0\u00bb{}\u00a0\u00bb][et_pb_text _builder_version=\u00a0\u00bb4.21.0&Prime; _module_preset=\u00a0\u00bbdefault\u00a0\u00bb global_colors_info=\u00a0\u00bb{}\u00a0\u00bb]<\/p>\n<h1>Cours de formation approfondie SPPA<\/h1>\n<p>[\/et_pb_text][et_pb_text _builder_version=\u00a0\u00bb4.27.4&Prime; _module_preset=\u00a0\u00bbdefault\u00a0\u00bb global_colors_info=\u00a0\u00bb{}\u00a0\u00bb]<\/p>\n<header>Pour accomplir la formation approfondie en psychiatrie et psychoth\u00e9rapie de la personne \u00e2g\u00e9e, il faut justifier d&rsquo;au moins 60 heures (cr\u00e9dits) de formation th\u00e9orique, selon <a href=\"https:\/\/smex12-5-en-ctp.trendmicro.com:443\/wis\/clicktime\/v1\/query?url=https%3a%2f%2fwww.siwf.ch%2ffiles%2fpdf19%2falterspsychiatrie%5fversion%5finternet%5fd.pdf&amp;umid=7b6a2995-af6a-48f7-8942-3c61eead2808&amp;auth=1ce68cb0d1a73955da6eaf58be89e0354ec088e8-e140ac38a74c019cc88bca699a1b07da6da69c2d\" target=\"_blank\" rel=\"noopener noreferrer\">le programme de formation approfondie (point 2.2.2.).<\/a> Au moins 40 de ces cr\u00e9dits doivent \u00eatre acquis dans le cadre du cours de formation approfondie de la SPPA.<\/p>\n<p>Le cours de formation approfondie dure deux ans et contiens les bases th\u00e9oriques en 14 modules.<\/p>\n<ul>\n<li>1\u00e8re partie : Module 1 \u00e0 6<\/li>\n<li>2\u00e8me partie : Module 7 \u00e0 14<\/li>\n<\/ul>\n<\/header>\n<p>[\/et_pb_text][\/et_pb_column][\/et_pb_row][et_pb_row column_structure=\u00a0\u00bb1_2,1_2&Prime; _builder_version=\u00a0\u00bb4.21.0&Prime; _module_preset=\u00a0\u00bbdefault\u00a0\u00bb global_colors_info=\u00a0\u00bb{}\u00a0\u00bb][et_pb_column type=\u00a0\u00bb1_2&Prime; _builder_version=\u00a0\u00bb4.21.0&Prime; _module_preset=\u00a0\u00bbdefault\u00a0\u00bb global_colors_info=\u00a0\u00bb{}\u00a0\u00bb][et_pb_text _builder_version=\u00a0\u00bb4.27.4&Prime; _module_preset=\u00a0\u00bbdefault\u00a0\u00bb hover_enabled=\u00a0\u00bb0&Prime; global_colors_info=\u00a0\u00bb{}\u00a0\u00bb sticky_enabled=\u00a0\u00bb0&Prime;]<\/p>\n<h3>Inscription et annulation<\/h3>\n<p>Les cours ont lieu chaque fois \u00e0 un mercredi de 9h00 \u00e0 17h30 au SUPPA \u00e0 Prilly.<\/p>\n<p>Veuillez noter qu&rsquo;en soumettant votre inscription, les conditions suivantes entrent en vigueur :<\/p>\n<p>Inscription<\/p>\n<ul>\n<li>Les participants sont pri\u00e9s de s&rsquo;inscrire pour chaque partie du cours.<\/li>\n<li>Veuillez noter que la p\u00e9riode d&rsquo;inscription est close 5 jours avant le prochain cours \u00e0 venir.<\/li>\n<li>Il est possible de rejoindre le cours \u00e0 tout moment.<\/li>\n<\/ul>\n<p>Annulation \/ Rattrapage<\/p>\n<ul>\n<li>Nous vous prions de nous informer si vous ne pouvez pas participer \u00e0 un module. Le droit \u00e0 la prestation n&rsquo;est toutefois pas perdu. Le module peut \u00eatre suivi soit<br \/>a) \u00eatre r\u00e9p\u00e9t\u00e9 la deuxi\u00e8me ann\u00e9e suivante, si le cours a lieu \u00e0 nouveau<br \/>b) soit \u00eatre \u00e9chang\u00e9 par un module de son choix.<\/li>\n<li>En cas d&rsquo;absence, aucun cr\u00e9dit ou annulation n&rsquo;est accord\u00e9.<\/li>\n<\/ul>\n<p>Pour pouvoir b\u00e9n\u00e9ficier de la prestation manqu\u00e9e, il faut s&rsquo;inscrire \u00e0 nouveau. Veuillez imp\u00e9rativement indiquer qu&rsquo;il s&rsquo;agit d&rsquo;un rattrapage.<\/p>\n<p>[\/et_pb_text][\/et_pb_column][et_pb_column type=\u00a0\u00bb1_2&Prime; _builder_version=\u00a0\u00bb4.21.0&Prime; _module_preset=\u00a0\u00bbdefault\u00a0\u00bb global_colors_info=\u00a0\u00bb{}\u00a0\u00bb][et_pb_text _builder_version=\u00a0\u00bb4.27.4&Prime; _module_preset=\u00a0\u00bbdefault\u00a0\u00bb global_colors_info=\u00a0\u00bb{}\u00a0\u00bb]<\/p>\n<h3>Co\u00fbts et cr\u00e9dits<\/h3>\n<p>La participation par module co\u00fbte 350.00 CHF.<br \/>Le cours complet 2026 s&rsquo;\u00e9l\u00e8ve \u00e0 2&rsquo;800.00 CHF.<\/p>\n<p>Les cr\u00e9dits restants peuvent \u00eatre obtenus dans les cours reconnus par la SPPA &#8211; \u00e0 votre choix.<\/p>\n<p>Pour plus d&rsquo;informations voir<\/p>\n<p>\u2192\u00a0<a href=\"https:\/\/sgap-sppa.ch\/fr\/formation-continue\/\">Cours de formation continue de la SPPA<\/a><br \/>\u2192 <a href=\"https:\/\/sgap-sppa.ch\/fr\/a-propos-de-nous\/manifestations\/\">Calendrier des manifestations<\/a><\/p>\n<p>&nbsp;<\/p>\n<p>[\/et_pb_text][\/et_pb_column][\/et_pb_row][et_pb_row _builder_version=\u00a0\u00bb4.24.3&Prime; _module_preset=\u00a0\u00bbdefault\u00a0\u00bb global_colors_info=\u00a0\u00bb{}\u00a0\u00bb][et_pb_column type=\u00a0\u00bb4_4&Prime; _builder_version=\u00a0\u00bb4.24.3&Prime; _module_preset=\u00a0\u00bbdefault\u00a0\u00bb global_colors_info=\u00a0\u00bb{}\u00a0\u00bb][et_pb_text _builder_version=\u00a0\u00bb4.27.4&Prime; _module_preset=\u00a0\u00bbdefault\u00a0\u00bb global_colors_info=\u00a0\u00bb{}\u00a0\u00bb]<\/p>\n<h3>Dates 2026 (2\u00e8me partie)<\/h3>\n<p>Module 7 : <strong>28 janvier 2026<\/strong><br \/>Module 8 : <strong>28 janvier 2026<\/strong><br \/>Module 9 : <strong>10 juin 2026<\/strong><br \/>Module 10 : <strong>10 juin 2026<\/strong><br \/>Module 11 : <strong>28 octobre 2026<\/strong><br \/>Module 12 : <strong>28 octobre 2026<br \/><\/strong>Module 13 : <strong>16 d\u00e9cembre 2026<br \/><\/strong>Module 14 : <strong>16 d\u00e9cembre 2026<\/strong><\/p>\n<p>[\/et_pb_text][et_pb_button button_url=\u00a0\u00bbhttps:\/\/sgap-sppa.ch\/wp-content\/uploads\/2025\/10\/Weiterbildung_F_2026_Programm.pdf\u00a0\u00bb url_new_window=\u00a0\u00bbon\u00a0\u00bb button_text=\u00a0\u00bbVoir le programme\u00a0\u00bb module_class=\u00a0\u00bbvv-et-btn-accent-outline-light\u00a0\u00bb _builder_version=\u00a0\u00bb4.27.4&Prime; _module_preset=\u00a0\u00bbdefault\u00a0\u00bb global_colors_info=\u00a0\u00bb{}\u00a0\u00bb][\/et_pb_button][et_pb_button button_url=\u00a0\u00bbhttps:\/\/sgap-sppa.ch\/wp-content\/uploads\/2026\/01\/Weiterbildung_2026_F_Anmeldung-1.pdf\u00a0\u00bb url_new_window=\u00a0\u00bbon\u00a0\u00bb button_text=\u00a0\u00bbFormulaire d&rsquo;inscription\u00a0\u00bb module_class=\u00a0\u00bbvv-et-btn-accent-outline-light\u00a0\u00bb _builder_version=\u00a0\u00bb4.27.4&Prime; _module_preset=\u00a0\u00bbdefault\u00a0\u00bb hover_enabled=\u00a0\u00bb0&Prime; global_colors_info=\u00a0\u00bb{}\u00a0\u00bb sticky_enabled=\u00a0\u00bb0&Prime;][\/et_pb_button][\/et_pb_column][\/et_pb_row][\/et_pb_section][et_pb_section fb_built=\u00a0\u00bb1&Prime; module_class=\u00a0\u00bbelementColor-grey400&Prime; _builder_version=\u00a0\u00bb4.21.0&Prime; _module_preset=\u00a0\u00bbdefault\u00a0\u00bb global_colors_info=\u00a0\u00bb{}\u00a0\u00bb][et_pb_row _builder_version=\u00a0\u00bb4.21.0&Prime; _module_preset=\u00a0\u00bbdefault\u00a0\u00bb global_colors_info=\u00a0\u00bb{}\u00a0\u00bb][et_pb_column type=\u00a0\u00bb4_4&Prime; _builder_version=\u00a0\u00bb4.21.0&Prime; _module_preset=\u00a0\u00bbdefault\u00a0\u00bb global_colors_info=\u00a0\u00bb{}\u00a0\u00bb][et_pb_text _builder_version=\u00a0\u00bb4.21.0&Prime; _module_preset=\u00a0\u00bbdefault\u00a0\u00bb global_colors_info=\u00a0\u00bb{}\u00a0\u00bb]<\/p>\n<h1>Examen de formation approfondie<\/h1>\n<p>[\/et_pb_text][\/et_pb_column][\/et_pb_row][et_pb_row column_structure=\u00a0\u00bb1_2,1_2&Prime; _builder_version=\u00a0\u00bb4.21.0&Prime; _module_preset=\u00a0\u00bbdefault\u00a0\u00bb global_colors_info=\u00a0\u00bb{}\u00a0\u00bb][et_pb_column type=\u00a0\u00bb1_2&Prime; _builder_version=\u00a0\u00bb4.21.0&Prime; _module_preset=\u00a0\u00bbdefault\u00a0\u00bb global_colors_info=\u00a0\u00bb{}\u00a0\u00bb][et_pb_text _builder_version=\u00a0\u00bb4.21.0&Prime; _module_preset=\u00a0\u00bbdefault\u00a0\u00bb link_option_url_new_window=\u00a0\u00bbon\u00a0\u00bb global_colors_info=\u00a0\u00bb{}\u00a0\u00bb]<\/p>\n<header><\/header>\n<div class=\"ce-textpic ce-center ce-above\">\n<div class=\"ce-bodytext\">\n<h3>Organisation de l&rsquo;examen de formation approfondie<\/h3>\n<p>L&rsquo;examen de sp\u00e9cialiste pour l\u2019obtention de la formation approfondie en psychiatrie et psychoth\u00e9rapie de la personne \u00e2g\u00e9e en compl\u00e9ment de titre de sp\u00e9cialiste en psychiatrie et psychoth\u00e9rapie se compose d&rsquo;une partie \u00e9crite et d&rsquo;une partie orale.<\/p>\n<ul>\n<li>1\u00e8re partie \u00e9crite, chaque fois en novembre<br \/>(taxe d&rsquo;examen CHF 700.-)<\/li>\n<li>2\u00e8me partie oral, entre fin avril ou d\u00e9but mai <br \/>(taxe d&rsquo;examen CHF 700.-)<\/li>\n<\/ul>\n<\/div>\n<\/div>\n<p>[\/et_pb_text][et_pb_text _builder_version=\u00a0\u00bb4.21.0&Prime; _module_preset=\u00a0\u00bbdefault\u00a0\u00bb global_colors_info=\u00a0\u00bb{}\u00a0\u00bb]<\/p>\n<h3>Crit\u00e8res de validation<\/h3>\n<p>D\u00e8s le 1\u00e8re janvier 2010, seuls les titulaires d\u2019un dipl\u00f4me f\u00e9d\u00e9ral de m\u00e9decin ou d\u2019un dipl\u00f4me de m\u00e9decin \u00e9tranger reconnu par l\u2019OFSP sont admis \u00e0 l\u2019examen de sp\u00e9cialiste (art. 23 RFP). Les dispositions transitoires correspondantes figurent \u00e0 l\u2019art. 69, al. 3 de la RFP.<\/p>\n<p>Seuls les candidats qui ont r\u00e9ussi l\u2019examen \u00e9crit sont autoris\u00e9s \u00e0 participer \u00e0 l\u2019examen oral.<\/p>\n<p>[\/et_pb_text][et_pb_text _builder_version=\u00a0\u00bb4.27.4&Prime; _module_preset=\u00a0\u00bbdefault\u00a0\u00bb global_colors_info=\u00a0\u00bb{}\u00a0\u00bb]<\/p>\n<h3>Inscription et annulation<\/h3>\n<p>Veuillez prendre connaissance des conditions d&rsquo;inscription et d&rsquo;annulation suivantes.<\/p>\n<p>Une fois votre inscription envoy\u00e9e, ces conditions entrent en vigueur.<\/p>\n<p><strong>Conditions d&rsquo;inscription<\/strong><em><br \/><\/em><\/p>\n<ul>\n<li>Les d\u00e9lais d&rsquo;inscription pour les examens \u00e9crits et oraux sont indiqu\u00e9s sur le site web et dans le formulaire d&rsquo;inscription.<\/li>\n<li>L&rsquo;inscription \u00e0 l&rsquo;examen vous engage \u00e0 payer les frais d&rsquo;examen (700,00 CHF). Ceux-ci doivent \u00eatre vers\u00e9s sur notre compte au plus tard quatre semaines avant la date de l&rsquo;examen.<\/li>\n<li>Veuillez noter que vous ne serez pas admis \u00e0 l&rsquo;examen si votre paiement n&rsquo;a pas \u00e9t\u00e9 enregistr\u00e9 chez nous avant le jour de l&rsquo;examen.<\/li>\n<\/ul>\n<p><strong>Conditions d&rsquo;annulation<\/strong><em><br \/><\/em><\/p>\n<ul>\n<li>Si vous ne pouvez pas vous pr\u00e9senter \u00e0 un examen pour cause de maladie ou d&rsquo;accident, les frais d&rsquo;examen ne seront pas rembours\u00e9s.<\/li>\n<li>Une annulation de l&rsquo;examen pour d&rsquo;autres raisons exclut \u00e9galement tout remboursement des frais d&rsquo;examen.<\/li>\n<\/ul>\n<p>[\/et_pb_text][et_pb_text _builder_version=\u00a0\u00bb4.21.0&Prime; _module_preset=\u00a0\u00bbdefault\u00a0\u00bb global_colors_info=\u00a0\u00bb{}\u00a0\u00bb]<\/p>\n<h3>Informations<\/h3>\n<p>La r\u00e9ussite de l\u2019examen de sp\u00e9cialiste est la condition pour l\u2019obtention d\u2019un titre en psychiatrie et psychoth\u00e9rapie de la personne \u00e2g\u00e9e en compl\u00e9ment du titre de sp\u00e9cialiste en Plus d&rsquo;informations dans le programme de formation postgradu\u00e9e.<\/p>\n<p>Plus d&rsquo;informations dans le programme de formation postgradu\u00e9e.<\/p>\n<p>[\/et_pb_text][et_pb_button button_url=\u00a0\u00bbhttps:\/\/www.siwf.ch\/weiterbildung\/facharzttitel-und-schwerpunkte\/psychiatrie-und-psychotherapie.cfm\u00a0\u00bb url_new_window=\u00a0\u00bbon\u00a0\u00bb button_text=\u00a0\u00bbContinuer\u00a0\u00bb module_class=\u00a0\u00bbvv-et-btn-accent-outline-light\u00a0\u00bb _builder_version=\u00a0\u00bb4.21.0&Prime; _module_preset=\u00a0\u00bbdefault\u00a0\u00bb global_colors_info=\u00a0\u00bb{}\u00a0\u00bb][\/et_pb_button][\/et_pb_column][et_pb_column type=\u00a0\u00bb1_2&Prime; _builder_version=\u00a0\u00bb4.21.0&Prime; _module_preset=\u00a0\u00bbdefault\u00a0\u00bb global_colors_info=\u00a0\u00bb{}\u00a0\u00bb][et_pb_text _builder_version=\u00a0\u00bb4.27.4&Prime; _module_preset=\u00a0\u00bbdefault\u00a0\u00bb global_colors_info=\u00a0\u00bb{}\u00a0\u00bb]<\/p>\n<h3 style=\"text-align: left;\">2i\u00e8me partie : Examen oral 2026<\/h3>\n<p><strong>Date :<\/strong><br \/>Vendredi, 1 mai 2026<\/p>\n<p><strong>Lieu :<\/strong><br \/>H\u00f4pital de psychiatrie de l\u2019\u00e2ge avanc\u00e9<br \/>Site de <span class=\"error-spellcheck\" data-word=\"Cery\" data-suggestion=\"Cerf|Cergy\">Cery<\/span><br \/>1008 <span class=\"error-spellcheck\" data-word=\"Prilly\" data-suggestion=\"Illyrie\">Prilly<\/span><\/p>\n<p><strong>D\u00e9lai d&rsquo;insciption :<br \/><\/strong>Vendredi, 27 f\u00e9vrier 2026<\/p>\n<p>[\/et_pb_text][et_pb_button button_url=\u00a0\u00bbhttps:\/\/sgap-sppa.ch\/wp-content\/uploads\/2025\/11\/Pruefung-muendlich-01.05.2026_F_Anmeldung-1.pdf\u00a0\u00bb url_new_window=\u00a0\u00bbon\u00a0\u00bb button_text=\u00a0\u00bbFormulaire d\u2018inscription\u00a0\u00bb button_alignment=\u00a0\u00bbleft\u00a0\u00bb module_class=\u00a0\u00bbvv-et-btn-accent-outline-light\u00a0\u00bb _builder_version=\u00a0\u00bb4.27.4&Prime; _module_preset=\u00a0\u00bbdefault\u00a0\u00bb global_colors_info=\u00a0\u00bb{}\u00a0\u00bb][\/et_pb_button][et_pb_text _builder_version=\u00a0\u00bb4.27.4&Prime; _module_preset=\u00a0\u00bbdefault\u00a0\u00bb global_colors_info=\u00a0\u00bb{}\u00a0\u00bb]<\/p>\n<h3 style=\"text-align: left;\">1\u00e8re partie : Examen \u00e9crit 2026<\/h3>\n<p><strong>Date :<\/strong><br \/>Mercredi, 4 novembre 2026<\/p>\n<p><strong>Lieu :<\/strong><br \/>Universit\u00e4re Psychiatrische Dienste Bern<br \/>Bolligenstrasse 111<br \/>3000 Berne 60<\/p>\n<p><strong>D\u00e9lai d&rsquo;insciption :<br \/><\/strong>28 ao\u00fbt 2026<strong><\/strong><\/p>\n<p>[\/et_pb_text][et_pb_button button_url=\u00a0\u00bbhttps:\/\/sgap-sppa.ch\/wp-content\/uploads\/2025\/11\/Pruefung-Schriftlich_04.11.2026_F_Anmeldung.pdf\u00a0\u00bb url_new_window=\u00a0\u00bbon\u00a0\u00bb button_text=\u00a0\u00bbFormulaire d&rsquo;inscription\u00a0\u00bb module_class=\u00a0\u00bbvv-et-btn-accent-outline-light\u00a0\u00bb _builder_version=\u00a0\u00bb4.27.4&Prime; _module_preset=\u00a0\u00bbdefault\u00a0\u00bb global_colors_info=\u00a0\u00bb{}\u00a0\u00bb][\/et_pb_button][\/et_pb_column][\/et_pb_row][\/et_pb_section][et_pb_section fb_built=\u00a0\u00bb1&Prime; _builder_version=\u00a0\u00bb4.21.0&Prime; _module_preset=\u00a0\u00bbdefault\u00a0\u00bb global_colors_info=\u00a0\u00bb{}\u00a0\u00bb][et_pb_row _builder_version=\u00a0\u00bb4.21.0&Prime; _module_preset=\u00a0\u00bbdefault\u00a0\u00bb global_colors_info=\u00a0\u00bb{}\u00a0\u00bb][et_pb_column type=\u00a0\u00bb4_4&Prime; _builder_version=\u00a0\u00bb4.21.0&Prime; _module_preset=\u00a0\u00bbdefault\u00a0\u00bb global_colors_info=\u00a0\u00bb{}\u00a0\u00bb][et_pb_text _builder_version=\u00a0\u00bb4.21.0&Prime; _module_preset=\u00a0\u00bbdefault\u00a0\u00bb global_colors_info=\u00a0\u00bb{}\u00a0\u00bb]<\/p>\n<h1>Cr\u00e9dits<\/h1>\n<p>[\/et_pb_text][et_pb_text _builder_version=\u00a0\u00bb4.27.4&Prime; _module_preset=\u00a0\u00bbdefault\u00a0\u00bb global_colors_info=\u00a0\u00bb{}\u00a0\u00bb]<\/p>\n<div class=\"ce-textpic ce-center ce-above\">\n<div class=\"ce-bodytext\">\n<ul>\n<li>Minimum 40 heures\/ cr\u00e9dits de formation approfondie dans les cours SPPA (max. : 48 credits) -&gt;\u00a0\u00e0 partir de 2026 : 56 cr\u00e9dits peuvent \u00eatre attribu\u00e9s pour la participation \u00e0 tous les modules.<\/li>\n<li>Des cours librement choisis mais approuv\u00e9s par\u00a0la SPPA\u00a0jusqu&rsquo;\u00e0 ce que le minimum de 60 heures\/cr\u00e9dits soit atteint<\/li>\n<li>Exception : ceux qui ont rempli tous les points du programme de\u00a0formation approfondie\u00a0jusqu&rsquo;au 30 juin 2019 peuvent toujours recevoir le titre comme avant avec le minimum de 40 cr\u00e9dits des cours\u00a0SPPA (disposition transitoire)<\/li>\n<\/ul>\n<\/div>\n<\/div>\n<p>[\/et_pb_text][\/et_pb_column][\/et_pb_row][et_pb_row column_structure=\u00a0\u00bb1_4,1_4,1_4,1_4&Prime; make_equal=\u00a0\u00bbon\u00a0\u00bb _builder_version=\u00a0\u00bb4.23&Prime; _module_preset=\u00a0\u00bbdefault\u00a0\u00bb global_colors_info=\u00a0\u00bb{}\u00a0\u00bb][et_pb_column type=\u00a0\u00bb1_4&Prime; _builder_version=\u00a0\u00bb4.22.1&Prime; _module_preset=\u00a0\u00bbdefault\u00a0\u00bb global_colors_info=\u00a0\u00bb{}\u00a0\u00bb][et_pb_blurb title=\u00a0\u00bbLogbook \u00e9lectronique\u00a0\u00bb image=\u00a0\u00bbhttps:\/\/sgap-sppa.ch\/wp-content\/uploads\/2024\/01\/SGAP_Icon_ELogbuch-B-1.svg\u00a0\u00bb module_class=\u00a0\u00bbelementColor-grey400&Prime; _builder_version=\u00a0\u00bb4.23.4&Prime; _module_preset=\u00a0\u00bbdefault\u00a0\u00bb global_colors_info=\u00a0\u00bb{}\u00a0\u00bb]<\/p>\n<p>Sert \u00e0 documenter les formations continues que vous avez suivies. Les donn\u00e9es saisies sont enregistr\u00e9es en toute s\u00e9curit\u00e9 \u00e0 l&rsquo;ISFM et peuvent \u00eatre consult\u00e9es et imprim\u00e9es \u00e0 tout moment.<\/p>\n<p>\u2192 <a href=\"https:\/\/www.siwf.ch\/weiterbildung\/e-logbuch.cfm\" target=\"_blank\" rel=\"noopener\">Vers le Logbook<\/a><\/p>\n<p>[\/et_pb_blurb][\/et_pb_column][et_pb_column type=\u00a0\u00bb1_4&Prime; _builder_version=\u00a0\u00bb4.22.1&Prime; _module_preset=\u00a0\u00bbdefault\u00a0\u00bb global_colors_info=\u00a0\u00bb{}\u00a0\u00bb][et_pb_blurb title=\u00a0\u00bbReconnaissance de cr\u00e9dit\u00a0\u00bb image=\u00a0\u00bbhttps:\/\/sgap-sppa.ch\/wp-content\/uploads\/2024\/01\/SGAP_Icon_Creditanerkennung-II-B.svg\u00a0\u00bb module_class=\u00a0\u00bbelementColor-grey400&Prime; _builder_version=\u00a0\u00bb4.23.4&Prime; _module_preset=\u00a0\u00bbdefault\u00a0\u00bb min_height=\u00a0\u00bb100%\u00a0\u00bb global_colors_info=\u00a0\u00bb{}\u00a0\u00bb]<\/p>\n<p>Pour la participation \u00e0 des manifestations dans le cadre de la formation approfondie en psychiatrie et psychoth\u00e9rapie de la personne \u00e2g\u00e9e.<\/p>\n<p>\u2192 <a href=\"https:\/\/sgap-sppa.ch\/wp-content\/uploads\/2023\/09\/Weiterbildung-Teilnahme-Veranstaltungen-Creditbeantragung_F.pdf\" target=\"_blank\" rel=\"noopener\">T\u00e9l\u00e9charger le formulaire<\/a><\/p>\n<p>[\/et_pb_blurb][\/et_pb_column][et_pb_column type=\u00a0\u00bb1_4&Prime; _builder_version=\u00a0\u00bb4.22.1&Prime; _module_preset=\u00a0\u00bbdefault\u00a0\u00bb global_colors_info=\u00a0\u00bb{}\u00a0\u00bb][\/et_pb_column][et_pb_column type=\u00a0\u00bb1_4&Prime; _builder_version=\u00a0\u00bb4.22.1&Prime; _module_preset=\u00a0\u00bbdefault\u00a0\u00bb global_colors_info=\u00a0\u00bb{}\u00a0\u00bb][\/et_pb_column][\/et_pb_row][\/et_pb_section]<\/p>\n","protected":false},"excerpt":{"rendered":"<p>Cours et examen Home Formation approfondie Cours et examen Cours de formation approfondie SPPAPour accomplir la formation approfondie en psychiatrie et psychoth\u00e9rapie de la personne \u00e2g\u00e9e, il faut justifier d&rsquo;au [&hellip;]<\/p>\n","protected":false},"author":1,"featured_media":0,"parent":4819,"menu_order":0,"comment_status":"closed","ping_status":"closed","template":"","meta":{"_et_pb_use_builder":"on","_et_pb_old_content":"","_et_gb_content_width":"","footnotes":""},"class_list":["post-5099","page","type-page","status-publish","hentry"],"_links":{"self":[{"href":"https:\/\/sgap-sppa.ch\/fr\/wp-json\/wp\/v2\/pages\/5099","targetHints":{"allow":["GET"]}}],"collection":[{"href":"https:\/\/sgap-sppa.ch\/fr\/wp-json\/wp\/v2\/pages"}],"about":[{"href":"https:\/\/sgap-sppa.ch\/fr\/wp-json\/wp\/v2\/types\/page"}],"author":[{"embeddable":true,"href":"https:\/\/sgap-sppa.ch\/fr\/wp-json\/wp\/v2\/users\/1"}],"replies":[{"embeddable":true,"href":"https:\/\/sgap-sppa.ch\/fr\/wp-json\/wp\/v2\/comments?post=5099"}],"version-history":[{"count":49,"href":"https:\/\/sgap-sppa.ch\/fr\/wp-json\/wp\/v2\/pages\/5099\/revisions"}],"predecessor-version":[{"id":7985,"href":"https:\/\/sgap-sppa.ch\/fr\/wp-json\/wp\/v2\/pages\/5099\/revisions\/7985"}],"up":[{"embeddable":true,"href":"https:\/\/sgap-sppa.ch\/fr\/wp-json\/wp\/v2\/pages\/4819"}],"wp:attachment":[{"href":"https:\/\/sgap-sppa.ch\/fr\/wp-json\/wp\/v2\/media?parent=5099"}],"curies":[{"name":"wp","href":"https:\/\/api.w.org\/{rel}","templated":true}]}}