{"id":6251,"date":"2023-11-10T10:03:45","date_gmt":"2023-11-10T09:03:45","guid":{"rendered":"https:\/\/sgap-sppa.com\/?page_id=6251"},"modified":"2024-08-20T13:07:38","modified_gmt":"2024-08-20T11:07:38","slug":"publications-specialisees-2","status":"publish","type":"page","link":"https:\/\/sgap-sppa.ch\/fr\/publications-specialisees-2\/","title":{"rendered":"Publications sp\u00e9cialis\u00e9es"},"content":{"rendered":"<p>[et_pb_section fb_built=\u00a0\u00bb1&Prime; module_class=\u00a0\u00bbheader-section-container\u00a0\u00bb _builder_version=\u00a0\u00bb4.21.0&Prime; _module_preset=\u00a0\u00bbdefault\u00a0\u00bb background_color=\u00a0\u00bb#FFFFFF\u00a0\u00bb positioning=\u00a0\u00bbfixed\u00a0\u00bb position_origin_f=\u00a0\u00bbtop_center\u00a0\u00bb custom_padding=\u00a0\u00bb0px||0px||false|false\u00a0\u00bb box_shadow_style=\u00a0\u00bbpreset1&Prime; global_colors_info=\u00a0\u00bb{}\u00a0\u00bb][et_pb_row use_custom_gutter=\u00a0\u00bbon\u00a0\u00bb gutter_width=\u00a0\u00bb2&Prime; custom_padding_last_edited=\u00a0\u00bbon|phone\u00a0\u00bb _builder_version=\u00a0\u00bb4.22.1&Prime; _module_preset=\u00a0\u00bbdefault\u00a0\u00bb width=\u00a0\u00bb100%\u00a0\u00bb max_width=\u00a0\u00bb100%\u00a0\u00bb custom_padding=\u00a0\u00bb10px||10px||false|false\u00a0\u00bb custom_padding_tablet=\u00a0\u00bb2%||2%||false|false\u00a0\u00bb custom_padding_phone=\u00a0\u00bb4%||4%||false|false\u00a0\u00bb custom_css_main_element=\u00a0\u00bbdisplay: flex;||align-items: center;\u00a0\u00bb global_colors_info=\u00a0\u00bb{}\u00a0\u00bb][et_pb_column type=\u00a0\u00bb4_4&Prime; _builder_version=\u00a0\u00bb4.21.0&Prime; _module_preset=\u00a0\u00bbdefault\u00a0\u00bb global_colors_info=\u00a0\u00bb{}\u00a0\u00bb][et_pb_menu dropdown_menu_line_color=\u00a0\u00bbRGBA(255,255,255,0)\u00a0\u00bb logo=\u00a0\u00bbhttps:\/\/sgap-sppa.ch\/wp-content\/uploads\/2023\/11\/SGAP-webicon-header.svg\u00a0\u00bb logo_url=\u00a0\u00bb@ET-DC@eyJkeW5hbWljIjp0cnVlLCJjb250ZW50IjoiaG9tZV91cmwiLCJzZXR0aW5ncyI6e319@\u00a0\u00bb show_search_icon=\u00a0\u00bbon\u00a0\u00bb _builder_version=\u00a0\u00bb4.23.1&Prime; _dynamic_attributes=\u00a0\u00bblogo_url\u00a0\u00bb _module_preset=\u00a0\u00bbdefault\u00a0\u00bb menu_font_size=\u00a0\u00bb16px\u00a0\u00bb background_enable_color=\u00a0\u00bboff\u00a0\u00bb custom_margin=\u00a0\u00bb||0px|10%|false|false\u00a0\u00bb custom_margin_tablet=\u00a0\u00bb|5%|0px|5%|false|false\u00a0\u00bb custom_margin_phone=\u00a0\u00bb|5%|0px|5%|false|false\u00a0\u00bb custom_margin_last_edited=\u00a0\u00bbon|tablet\u00a0\u00bb custom_css_menu_logo=\u00a0\u00bbmargin-right: 8vw !important;\u00a0\u00bb global_colors_info=\u00a0\u00bb{}\u00a0\u00bb custom_css_menu_logo_last_edited=\u00a0\u00bbon|desktop\u00a0\u00bb custom_css_menu_logo_tablet=\u00a0\u00bbmargin-right: 0px !important;\u00a0\u00bb custom_css_menu_logo_phone=\u00a0\u00bbmargin-right: 0px !important;\u00a0\u00bb][\/et_pb_menu][et_pb_code _builder_version=\u00a0\u00bb4.21.0&Prime; _module_preset=\u00a0\u00bbdefault\u00a0\u00bb global_colors_info=\u00a0\u00bb{}\u00a0\u00bb]<script><!-- [et_pb_line_break_holder] -->jQuery(function($){<!-- [et_pb_line_break_holder] -->   <!-- [et_pb_line_break_holder] -->var headerSection = $('.header-section-container');   <!-- [et_pb_line_break_holder] -->headerSection.wrap('<\/p>\n<div class=\"header-placeholder\"><\/div>\n<p>');<!-- [et_pb_line_break_holder] -->var headerWrap = $('.header-placeholder');<!-- [et_pb_line_break_holder] -->    <!-- [et_pb_line_break_holder] -->var headerHeight = headerSection.outerHeight();<!-- [et_pb_line_break_holder] -->headerWrap.css('height', headerHeight);  <!-- [et_pb_line_break_holder] -->   <!-- [et_pb_line_break_holder] -->$(window).resize(function() {<!-- [et_pb_line_break_holder] -->  headerHeight = headerSection.outerHeight();<!-- [et_pb_line_break_holder] -->  headerWrap.css('height', headerHeight);<!-- [et_pb_line_break_holder] -->});  <!-- [et_pb_line_break_holder] -->   <!-- [et_pb_line_break_holder] -->});<!-- [et_pb_line_break_holder] --><\/script><!-- [et_pb_line_break_holder] --><!-- [et_pb_line_break_holder] --><\/p>\n<style><!-- [et_pb_line_break_holder] -->.et_pb_column {<!-- [et_pb_line_break_holder] -->margin-bottom: 0px !important;<!-- [et_pb_line_break_holder] -->}<!-- [et_pb_line_break_holder] --><\/style>\n<p>[\/et_pb_code][\/et_pb_column][\/et_pb_row][\/et_pb_section][et_pb_section fb_built=\u00a0\u00bb1&Prime; disabled_on=\u00a0\u00bbon|on|on\u00a0\u00bb module_class=\u00a0\u00bbheader-section-container\u00a0\u00bb _builder_version=\u00a0\u00bb4.24.2&Prime; _module_preset=\u00a0\u00bbdefault\u00a0\u00bb background_color=\u00a0\u00bb#FFFFFF\u00a0\u00bb positioning=\u00a0\u00bbfixed\u00a0\u00bb position_origin_f=\u00a0\u00bbtop_center\u00a0\u00bb custom_padding=\u00a0\u00bb0px||0px||false|false\u00a0\u00bb box_shadow_style=\u00a0\u00bbpreset1&Prime; disabled=\u00a0\u00bbon\u00a0\u00bb global_colors_info=\u00a0\u00bb{}\u00a0\u00bb][et_pb_row use_custom_gutter=\u00a0\u00bbon\u00a0\u00bb gutter_width=\u00a0\u00bb2&Prime; custom_padding_last_edited=\u00a0\u00bbon|phone\u00a0\u00bb _builder_version=\u00a0\u00bb4.22.1&Prime; _module_preset=\u00a0\u00bbdefault\u00a0\u00bb width=\u00a0\u00bb100%\u00a0\u00bb max_width=\u00a0\u00bb100%\u00a0\u00bb custom_padding=\u00a0\u00bb10px||10px||false|false\u00a0\u00bb custom_padding_tablet=\u00a0\u00bb2%||2%||false|false\u00a0\u00bb custom_padding_phone=\u00a0\u00bb4%||4%||false|false\u00a0\u00bb custom_css_main_element=\u00a0\u00bbdisplay: flex;||align-items: center;\u00a0\u00bb global_colors_info=\u00a0\u00bb{}\u00a0\u00bb][et_pb_column type=\u00a0\u00bb4_4&Prime; _builder_version=\u00a0\u00bb4.21.0&Prime; _module_preset=\u00a0\u00bbdefault\u00a0\u00bb global_colors_info=\u00a0\u00bb{}\u00a0\u00bb][et_pb_menu dropdown_menu_line_color=\u00a0\u00bbRGBA(255,255,255,0)\u00a0\u00bb logo=\u00a0\u00bbhttps:\/\/sgap-sppa.ch\/wp-content\/uploads\/2023\/11\/SGAP-webicon-header.svg\u00a0\u00bb logo_url=\u00a0\u00bb@ET-DC@eyJkeW5hbWljIjp0cnVlLCJjb250ZW50IjoiaG9tZV91cmwiLCJzZXR0aW5ncyI6e319@\u00a0\u00bb show_search_icon=\u00a0\u00bbon\u00a0\u00bb _builder_version=\u00a0\u00bb4.23.1&Prime; _dynamic_attributes=\u00a0\u00bblogo_url\u00a0\u00bb _module_preset=\u00a0\u00bbdefault\u00a0\u00bb menu_font_size=\u00a0\u00bb16px\u00a0\u00bb background_enable_color=\u00a0\u00bboff\u00a0\u00bb custom_margin=\u00a0\u00bb||0px|10%|false|false\u00a0\u00bb custom_margin_tablet=\u00a0\u00bb|5%|0px|5%|false|false\u00a0\u00bb custom_margin_phone=\u00a0\u00bb|5%|0px|5%|false|false\u00a0\u00bb custom_margin_last_edited=\u00a0\u00bbon|tablet\u00a0\u00bb custom_css_menu_logo=\u00a0\u00bbmargin-right: 8vw !important;\u00a0\u00bb global_colors_info=\u00a0\u00bb{}\u00a0\u00bb custom_css_menu_logo_last_edited=\u00a0\u00bbon|desktop\u00a0\u00bb custom_css_menu_logo_tablet=\u00a0\u00bbmargin-right: 0px !important;\u00a0\u00bb custom_css_menu_logo_phone=\u00a0\u00bbmargin-right: 0px !important;\u00a0\u00bb][\/et_pb_menu][et_pb_code disabled_on=\u00a0\u00bboff|off|off\u00a0\u00bb _builder_version=\u00a0\u00bb4.24.2&Prime; _module_preset=\u00a0\u00bbdefault\u00a0\u00bb global_colors_info=\u00a0\u00bb{}\u00a0\u00bb]<script><!-- [et_pb_line_break_holder] -->jQuery(function($){<!-- [et_pb_line_break_holder] -->   <!-- [et_pb_line_break_holder] -->var headerSection = $('.header-section-container');   <!-- [et_pb_line_break_holder] -->headerSection.wrap('<\/p>\n<div class=\"header-placeholder\"\/>');<!-- [et_pb_line_break_holder] -->var headerWrap = $('.header-placeholder');<!-- [et_pb_line_break_holder] -->    <!-- [et_pb_line_break_holder] -->var headerHeight = headerSection.outerHeight();<!-- [et_pb_line_break_holder] -->headerWrap.css('height', headerHeight);  <!-- [et_pb_line_break_holder] -->   <!-- [et_pb_line_break_holder] -->$(window).resize(function() {<!-- [et_pb_line_break_holder] -->  headerHeight = headerSection.outerHeight();<!-- [et_pb_line_break_holder] -->  headerWrap.css('height', headerHeight);<!-- [et_pb_line_break_holder] -->});  <!-- [et_pb_line_break_holder] -->   <!-- [et_pb_line_break_holder] -->});<!-- [et_pb_line_break_holder] --><\/script><!-- [et_pb_line_break_holder] --><!-- [et_pb_line_break_holder] --><\/p>\n<style><!-- [et_pb_line_break_holder] -->.et_pb_column {<!-- [et_pb_line_break_holder] -->margin-bottom: 0px !important;<!-- [et_pb_line_break_holder] -->}<!-- [et_pb_line_break_holder] --><\/style>\n<p>[\/et_pb_code][\/et_pb_column][\/et_pb_row][\/et_pb_section][et_pb_section fb_built=\u00a0\u00bb1&Prime; admin_label=\u00a0\u00bbSektion\u00a0\u00bb module_class=\u00a0\u00bbpage-hero-section-image\u00a0\u00bb _builder_version=\u00a0\u00bb4.21.0&Prime; _module_preset=\u00a0\u00bbdefault\u00a0\u00bb background_image=\u00a0\u00bbhttps:\/\/sgap-sppa.ch\/wp-content\/uploads\/2023\/08\/mesh-gradient-3c.jpg\u00a0\u00bb background_last_edited=\u00a0\u00bbon|phone\u00a0\u00bb background_image_phone=\u00a0\u00bbhttps:\/\/sgap-sppa.ch\/wp-content\/uploads\/2023\/08\/mesh-gradient-3-mobile-2.jpg\u00a0\u00bb background_enable_image_phone=\u00a0\u00bbon\u00a0\u00bb saved_tabs=\u00a0\u00bball\u00a0\u00bb global_colors_info=\u00a0\u00bb{}\u00a0\u00bb][et_pb_row _builder_version=\u00a0\u00bb4.23.1&Prime; _module_preset=\u00a0\u00bbdefault\u00a0\u00bb global_colors_info=\u00a0\u00bb{}\u00a0\u00bb][et_pb_column type=\u00a0\u00bb4_4&Prime; _builder_version=\u00a0\u00bb4.23.1&Prime; _module_preset=\u00a0\u00bbdefault\u00a0\u00bb global_colors_info=\u00a0\u00bb{}\u00a0\u00bb][et_pb_text _builder_version=\u00a0\u00bb4.23.1&Prime; _module_preset=\u00a0\u00bbdefault\u00a0\u00bb global_colors_info=\u00a0\u00bb{}\u00a0\u00bb]<\/p>\n<h1>Lignes directrices<\/h1>\n<p>[\/et_pb_text][\/et_pb_column][\/et_pb_row][\/et_pb_section][et_pb_section fb_built=\u00a0\u00bb1&Prime; module_class=\u00a0\u00bbelementColor-grey400&Prime; _builder_version=\u00a0\u00bb4.23.4&Prime; _module_preset=\u00a0\u00bbdefault\u00a0\u00bb global_colors_info=\u00a0\u00bb{}\u00a0\u00bb][et_pb_row column_structure=\u00a0\u00bb1_3,1_3,1_3&Prime; make_equal=\u00a0\u00bbon\u00a0\u00bb _builder_version=\u00a0\u00bb4.23.1&Prime; _module_preset=\u00a0\u00bbdefault\u00a0\u00bb global_colors_info=\u00a0\u00bb{}\u00a0\u00bb][et_pb_column type=\u00a0\u00bb1_3&Prime; _builder_version=\u00a0\u00bb4.23.1&Prime; _module_preset=\u00a0\u00bbdefault\u00a0\u00bb global_colors_info=\u00a0\u00bb{}\u00a0\u00bb][et_pb_button button_url=\u00a0\u00bb@ET-DC@eyJkeW5hbWljIjp0cnVlLCJjb250ZW50IjoicG9zdF9saW5rX3VybF9wYWdlIiwic2V0dGluZ3MiOnsicG9zdF9pZCI6IjYyNTAifX0=@\u00a0\u00bb button_text=\u00a0\u00bbLignes directrices\u00a0\u00bb button_alignment=\u00a0\u00bbcenter\u00a0\u00bb module_class=\u00a0\u00bbvv-et-btn-accent vv-et-btn-100&Prime; _builder_version=\u00a0\u00bb4.23.4&Prime; _dynamic_attributes=\u00a0\u00bbbutton_url\u00a0\u00bb _module_preset=\u00a0\u00bbdefault\u00a0\u00bb global_colors_info=\u00a0\u00bb{}\u00a0\u00bb][\/et_pb_button][\/et_pb_column][et_pb_column type=\u00a0\u00bb1_3&Prime; _builder_version=\u00a0\u00bb4.23.1&Prime; _module_preset=\u00a0\u00bbdefault\u00a0\u00bb global_colors_info=\u00a0\u00bb{}\u00a0\u00bb][et_pb_button button_url=\u00a0\u00bb@ET-DC@eyJkeW5hbWljIjp0cnVlLCJjb250ZW50IjoicG9zdF9saW5rX3VybF9wYWdlIiwic2V0dGluZ3MiOnsicG9zdF9pZCI6IjYzMjUifX0=@\u00a0\u00bb button_text=\u00a0\u00bbStrat\u00e9gie nationale\u00a0\u00bb button_alignment=\u00a0\u00bbcenter\u00a0\u00bb module_class=\u00a0\u00bbvv-et-btn-accent-outline-light vv-et-btn-100&Prime; _builder_version=\u00a0\u00bb4.23.4&Prime; _dynamic_attributes=\u00a0\u00bbbutton_url\u00a0\u00bb _module_preset=\u00a0\u00bbdefault\u00a0\u00bb global_colors_info=\u00a0\u00bb{}\u00a0\u00bb][\/et_pb_button][\/et_pb_column][et_pb_column type=\u00a0\u00bb1_3&Prime; _builder_version=\u00a0\u00bb4.23.1&Prime; _module_preset=\u00a0\u00bbdefault\u00a0\u00bb global_colors_info=\u00a0\u00bb{}\u00a0\u00bb][et_pb_button button_url=\u00a0\u00bb@ET-DC@eyJkeW5hbWljIjp0cnVlLCJjb250ZW50IjoicG9zdF9saW5rX3VybF9wYWdlIiwic2V0dGluZ3MiOnsicG9zdF9pZCI6IjYzMTcifX0=@\u00a0\u00bb button_text=\u00a0\u00bbLitt\u00e9rature sp\u00e9cialis\u00e9e\u00a0\u00bb button_alignment=\u00a0\u00bbcenter\u00a0\u00bb module_class=\u00a0\u00bbvv-et-btn-accent-outline-light vv-et-btn-100&Prime; _builder_version=\u00a0\u00bb4.24.2&Prime; _dynamic_attributes=\u00a0\u00bbbutton_url\u00a0\u00bb _module_preset=\u00a0\u00bbdefault\u00a0\u00bb global_colors_info=\u00a0\u00bb{}\u00a0\u00bb][\/et_pb_button][\/et_pb_column][\/et_pb_row][\/et_pb_section][et_pb_section fb_built=\u00a0\u00bb1&Prime; _builder_version=\u00a0\u00bb4.23.4&Prime; _module_preset=\u00a0\u00bbdefault\u00a0\u00bb global_colors_info=\u00a0\u00bb{}\u00a0\u00bb][et_pb_row _builder_version=\u00a0\u00bb4.23.4&Prime; _module_preset=\u00a0\u00bbdefault\u00a0\u00bb global_colors_info=\u00a0\u00bb{}\u00a0\u00bb][et_pb_column type=\u00a0\u00bb4_4&Prime; _builder_version=\u00a0\u00bb4.23.4&Prime; _module_preset=\u00a0\u00bbdefault\u00a0\u00bb global_colors_info=\u00a0\u00bb{}\u00a0\u00bb][et_pb_text _builder_version=\u00a0\u00bb4.23.4&Prime; _module_preset=\u00a0\u00bbdefault\u00a0\u00bb global_colors_info=\u00a0\u00bb{}\u00a0\u00bb]<\/p>\n<h1>Lignes directrices du SPPA<\/h1>\n<p>[\/et_pb_text][\/et_pb_column][\/et_pb_row][et_pb_row column_structure=\u00a0\u00bb1_2,1_2&Prime; _builder_version=\u00a0\u00bb4.23.4&Prime; _module_preset=\u00a0\u00bbdefault\u00a0\u00bb global_colors_info=\u00a0\u00bb{}\u00a0\u00bb][et_pb_column type=\u00a0\u00bb1_2&Prime; _builder_version=\u00a0\u00bb4.23.4&Prime; _module_preset=\u00a0\u00bbdefault\u00a0\u00bb global_colors_info=\u00a0\u00bb{}\u00a0\u00bb][et_pb_text _builder_version=\u00a0\u00bb4.24.2&Prime; _module_preset=\u00a0\u00bbdefault\u00a0\u00bb global_colors_info=\u00a0\u00bb{}\u00a0\u00bb]<\/p>\n<h3>Articles en allemand<\/h3>\n<p>[\/et_pb_text][et_pb_text _builder_version=\u00a0\u00bb4.24.3&Prime; _module_preset=\u00a0\u00bbdefault\u00a0\u00bb hover_enabled=\u00a0\u00bb0&Prime; global_colors_info=\u00a0\u00bb{}\u00a0\u00bb sticky_enabled=\u00a0\u00bb0&Prime;]<\/p>\n<h4>2024<a href=\"https:\/\/sgap-sppa.ch\/wp-content\/uploads\/2024\/03\/12_21_praxis_02_24_MR_Savaskan_Behavioralen_und_Psychischen_Symptomen_der_Demenz.pdf\" target=\"_blank\" rel=\"noopener\"><\/a><\/h4>\n<ul>\n<li><a href=\"http:\/\/sgap-sppa.ch\/wp-content\/uploads\/2024\/08\/Flyer-Langversion_Behavioralen-und-Psychischen-Symptomen-der-Demenz.pdf\" target=\"_blank\" rel=\"noopener\">Flyer \u00ab\u00a0Empfehlungen zur Diagnostik und Therapie der behavioralen und psychischen Symptome der Demenz (BPSD)\u00a0\u00bb &#8211; erschienen im Hogrefe Verlag 2024<\/a><\/li>\n<li><a href=\"https:\/\/sgap-sppa.ch\/wp-content\/uploads\/2024\/03\/12_21_praxis_02_24_MR_Savaskan_Behavioralen_und_Psychischen_Symptomen_der_Demenz.pdf\" target=\"_blank\" rel=\"noopener\">Empfehlungen f\u00fcr die Diagnostik und Therapie der Behavioralen und Psychischen Symptome der Demenz (BPSD) ver\u00f6ffentlicht in: PRAXIS 02\/2024 \u00a9 2024 Aerzteverlag medinfo AG<\/a><\/li>\n<\/ul>\n<h4>2023<\/h4>\n<ul>\n<li><a href=\"https:\/\/sgap-sppa.ch\/wp-content\/uploads\/2024\/03\/Freiheitsbeschraenkende-Massnahmen_Open-Access.pdf\" target=\"_blank\" rel=\"noopener\">Freiheitsbeschr\u00e4nkende Massnahmen in der Alterspsychiatrie ver\u00f6ffentlicht in: PRAXIS 2023 \u00a9 2023 Aerzteverlag medinfo AG<\/a><\/li>\n<\/ul>\n<h4>2022<\/h4>\n<ul>\n<li><a href=\"https:\/\/sgap-sppa.ch\/wp-content\/uploads\/2023\/07\/Qualitaetsstandards_in_der_Alterspsychiatrie_2022.pdf\" target=\"_blank\" rel=\"noopener\" title=\"Qualit\u00e4tsstandards in der Alterspsychiatrie\">Qualit\u00e4tsstandards in der Alterspsychiatrie<\/a><\/li>\n<\/ul>\n<h4>2021<\/h4>\n<ul>\n<li><a href=\"https:\/\/sgap-sppa.ch\/wp-content\/uploads\/2023\/07\/Abhaengigkeitserkrankungen_im_Alter_2022.pdf\" target=\"_blank\" rel=\"noopener\" title=\"Empfehlungen f\u00fcr Pr\u00e4vention, Diagnostik und Therapie der Abh\u00e4nigigkeitserkrankungen im Alter\">Empfehlungen f\u00fcr Pr\u00e4vention, Diagnostik und Therapie der Abh\u00e4nigigkeitserkrankungen im Alter<\/a><\/li>\n<li><a href=\"https:\/\/econtent.hogrefe.com\/doi\/10.1024\/1661-8157\/a003748\" target=\"_blank\" rel=\"noopener\">Psychosen im Alter. Empfehlungen zur Pr\u00e4vention, Diagnostik und Therapie. <\/a><\/li>\n<\/ul>\n<h4>2019<\/h4>\n<ul>\n<li><a href=\"https:\/\/sgap-sppa.ch\/wp-content\/uploads\/2023\/07\/Empfehlungen_fuer_die_Diagnostik_und_Therapie_der_Depression_im_Alter_2019.pdf\" target=\"_blank\" rel=\"noopener\" title=\"Empfehlungen f\u00fcr die Diagnostik und Therapie der Depression im Alter\">Empfehlungen f\u00fcr die Diagnostik und Therapie der Depression im Alter<\/a><\/li>\n<li><a href=\"https:\/\/sgap-sppa.ch\/wp-content\/uploads\/2023\/07\/Kurzversion_Empfehlungen_Delir_im_Alter.pdf\" target=\"_blank\" rel=\"noopener\" title=\"Kurzversion - Empfehlungen f\u00fcr die Diagnostik und Therapie der Depression im Alter\">Kurzversion &#8211; Empfehlungen f\u00fcr die Diagnostik und Therapie der Depression im Alter<\/a><\/li>\n<\/ul>\n<h4>2018<\/h4>\n<ul>\n<li><a href=\"https:\/\/sgap-sppa.ch\/wp-content\/uploads\/2023\/07\/Empfehlungen_fuer_Diagnostik_und_Therapie_der_Depression_im_Alter_2018.pdf\" target=\"_blank\" rel=\"noopener\" title=\"Empfehlungen zur Diagnostik und Therapie der Depression im Alter\">Empfehlungen zur Diagnostik und Therapie der Depression im Alter<\/a><\/li>\n<li><a href=\"https:\/\/sgap-sppa.ch\/wp-content\/uploads\/2023\/07\/Alterssuizid_2018.pdf\" target=\"_blank\" rel=\"noopener\" title=\"Suizid im Alter\">Suizid im Alter<\/a><\/li>\n<\/ul>\n<h4>2014<\/h4>\n<ul>\n<li><a href=\"https:\/\/sgap-sppa.ch\/wp-content\/uploads\/2023\/07\/Empfehlungen_zur_Diagnostik_und_Therapie_der_BPSD_2014.pdf\" target=\"_blank\" rel=\"noopener\" title=\"Empfehlungen zur Diagnostik und Therapie der BPSD\">Empfehlungen zur Diagnostik und Therapie der BPSD<\/a><\/li>\n<li><a href=\"https:\/\/sgap-sppa.ch\/wp-content\/uploads\/2023\/07\/Suizidbeihilfe_Positionspapier_2014.pdf\" target=\"_blank\" rel=\"noopener\">Suizidhilfe f\u00fcr alte Menschen &#8211; Positionspapier<\/a><\/li>\n<\/ul>\n<h4>2013<\/h4>\n<ul>\n<li><a href=\"https:\/\/sgap-sppa.ch\/wp-content\/uploads\/2023\/07\/Suizidalitaet_im_Alter_2013.pdf\" target=\"_blank\" rel=\"noopener\" title=\"Suizidalit\u00e4t im Alter\">Suizidalit\u00e4t im Alter<\/a><\/li>\n<li><a href=\"https:\/\/sgap-sppa.ch\/wp-content\/uploads\/2023\/07\/Suizidpraevention_im_Alter_2013_Teil_2.pdf\" target=\"_blank\" rel=\"noopener\" title=\"Suizidpr\u00e4vention im Alter\">Suizidpr\u00e4vention im Alter<\/a><\/li>\n<\/ul>\n<p>[\/et_pb_text][\/et_pb_column][et_pb_column type=\u00a0\u00bb1_2&Prime; _builder_version=\u00a0\u00bb4.23.4&Prime; _module_preset=\u00a0\u00bbdefault\u00a0\u00bb global_colors_info=\u00a0\u00bb{}\u00a0\u00bb][et_pb_text _builder_version=\u00a0\u00bb4.24.2&Prime; _module_preset=\u00a0\u00bbdefault\u00a0\u00bb global_colors_info=\u00a0\u00bb{}\u00a0\u00bb]<\/p>\n<h3>Articles en fran\u00e7ais<\/h3>\n<p>[\/et_pb_text][et_pb_text _builder_version=\u00a0\u00bb4.24.2&Prime; _module_preset=\u00a0\u00bbdefault\u00a0\u00bb global_colors_info=\u00a0\u00bb{}\u00a0\u00bb]<\/p>\n<h4>2022<\/h4>\n<ul>\n<li><a href=\"https:\/\/sgap-sppa.ch\/wp-content\/uploads\/2024\/03\/Standards_de_qualite_en_psychiatrie_de_la_personne_agee.pdf\" target=\"_blank\" rel=\"noopener\">Standards de qualit\u00e9 en psychiatrie de la personne \u00e2g\u00e9e<\/a><\/li>\n<\/ul>\n<h4>2017<\/h4>\n<ul>\n<li><a href=\"https:\/\/sgap-sppa.ch\/wp-content\/uploads\/2024\/03\/Psychiatrie_de_la_personne_agee_en_Suisse__A._von_Gunten_et_D._Georgescu_-_SANP_2_-_2017.pdf\" target=\"_blank\" rel=\"noopener\">Psychiatrie de la personne \u00e2g\u00e9e en Suisse &#8211; SANP 2<\/a><\/li>\n<\/ul>\n<h4>2014<\/h4>\n<ul>\n<li><a href=\"https:\/\/sgap-sppa.ch\/wp-content\/uploads\/2024\/03\/f-Suizidbeihilfe_Positionspapier_SGG_SFGG_SGAP_Stand_24-11-2014_-_def.pdf\" target=\"_blank\" rel=\"noopener\">Suicide assist\u00e9 pour les personnes \u00e2ge\u00e9s<\/a><\/li>\n<li><a href=\"https:\/\/sgap-sppa.ch\/wp-content\/uploads\/2024\/03\/f_Schweizer_Guidelines_BPSD_bei__Demenz_November__2014_FR.pdf\" target=\"_blank\" rel=\"noopener\">Recommandations sur le diagnostic et le traitement des SCPD<\/a><\/li>\n<\/ul>\n<p>[\/et_pb_text][\/et_pb_column][\/et_pb_row][et_pb_row _builder_version=\u00a0\u00bb4.24.2&Prime; _module_preset=\u00a0\u00bbdefault\u00a0\u00bb global_colors_info=\u00a0\u00bb{}\u00a0\u00bb][et_pb_column type=\u00a0\u00bb4_4&Prime; _builder_version=\u00a0\u00bb4.24.2&Prime; _module_preset=\u00a0\u00bbdefault\u00a0\u00bb global_colors_info=\u00a0\u00bb{}\u00a0\u00bb][et_pb_text _builder_version=\u00a0\u00bb4.23.4&Prime; _module_preset=\u00a0\u00bbdefault\u00a0\u00bb global_colors_info=\u00a0\u00bb{}\u00a0\u00bb]<\/p>\n<h3>Livres<\/h3>\n<p>[\/et_pb_text][et_pb_text _builder_version=\u00a0\u00bb4.24.2&Prime; _module_preset=\u00a0\u00bbdefault\u00a0\u00bb global_colors_info=\u00a0\u00bb{}\u00a0\u00bb]<\/p>\n<ul>\n<li>Hatzinger M., Savaskan E. (Hrsg), Empfehlungen f\u00fcr die Diagnostik und Therapie der Depression im Alter. Hogrefe Verlag, 2019. (ISBN 978-3-456-95956-6)<\/li>\n<li>Kl\u00f6ppel S., Savaskan E. (Hrsg), Psychosen im Alter. Empfehlungen zur Pr\u00e4vention, Diagnostik und Therapie. Hogrefe Verlag, 2021 (ISBN 978-3-3456-86103-6)<\/li>\n<li>Savaskan E. &amp; Laimbacher S., (Hrsg). Abh\u00e4ngigkeitserkrankungen im Alter, Empfehlungen zur Pr\u00e4vention, Diagnostik und Therapie. Hogrefe Verlag, 2021. (ISBN 978-3-456-86097-8)<\/li>\n<li>Savaskan, E., Hasemann, W. (Eds.) (2017). Leitlinie Delir: Empfehlungen zur Pr\u00e4vention, Diagnostik und Therapie des Delirs im Alter. Hogrefe-Verlag, Bern.<\/li>\n<\/ul>\n<p>[\/et_pb_text][\/et_pb_column][\/et_pb_row][\/et_pb_section][et_pb_section fb_built=\u00a0\u00bb1&Prime; admin_label=\u00a0\u00bbSektion\u00a0\u00bb module_class=\u00a0\u00bbelementColor-grey400&Prime; _builder_version=\u00a0\u00bb4.23.4&Prime; _module_preset=\u00a0\u00bbdefault\u00a0\u00bb global_colors_info=\u00a0\u00bb{}\u00a0\u00bb][et_pb_row _builder_version=\u00a0\u00bb4.24.2&Prime; _module_preset=\u00a0\u00bbdefault\u00a0\u00bb global_colors_info=\u00a0\u00bb{}\u00a0\u00bb][et_pb_column type=\u00a0\u00bb4_4&Prime; _builder_version=\u00a0\u00bb4.24.2&Prime; _module_preset=\u00a0\u00bbdefault\u00a0\u00bb global_colors_info=\u00a0\u00bb{}\u00a0\u00bb][et_pb_text _builder_version=\u00a0\u00bb4.23.4&Prime; _module_preset=\u00a0\u00bbdefault\u00a0\u00bb global_colors_info=\u00a0\u00bb{}\u00a0\u00bb]<\/p>\n<h1>Autres lignes directrices CH<\/h1>\n<p>[\/et_pb_text][\/et_pb_column][\/et_pb_row][et_pb_row _builder_version=\u00a0\u00bb4.16&Prime; _module_preset=\u00a0\u00bbdefault\u00a0\u00bb global_colors_info=\u00a0\u00bb{}\u00a0\u00bb][et_pb_column type=\u00a0\u00bb4_4&Prime; _builder_version=\u00a0\u00bb4.16&Prime; _module_preset=\u00a0\u00bbdefault\u00a0\u00bb global_colors_info=\u00a0\u00bb{}\u00a0\u00bb][et_pb_text _builder_version=\u00a0\u00bb4.24.2&Prime; _module_preset=\u00a0\u00bbdefault\u00a0\u00bb global_colors_info=\u00a0\u00bb{}\u00a0\u00bb]<\/p>\n<ul>\n<li><a href=\"https:\/\/www.samw.ch\/en\/Publications\/Medical-ethical-Guidelines.html\" target=\"_blank\" rel=\"noopener\">Directives m\u00e9dico-\u00e9thiques de la Commission Centrale d&rsquo;Ethique de l&rsquo;ASSM<\/a><\/li>\n<\/ul>\n<p>[\/et_pb_text][\/et_pb_column][\/et_pb_row][\/et_pb_section][et_pb_section fb_built=\u00a0\u00bb1&Prime; _builder_version=\u00a0\u00bb4.23.4&Prime; _module_preset=\u00a0\u00bbdefault\u00a0\u00bb global_colors_info=\u00a0\u00bb{}\u00a0\u00bb][et_pb_row _builder_version=\u00a0\u00bb4.23.4&Prime; _module_preset=\u00a0\u00bbdefault\u00a0\u00bb global_colors_info=\u00a0\u00bb{}\u00a0\u00bb][et_pb_column type=\u00a0\u00bb4_4&Prime; _builder_version=\u00a0\u00bb4.23.4&Prime; _module_preset=\u00a0\u00bbdefault\u00a0\u00bb global_colors_info=\u00a0\u00bb{}\u00a0\u00bb][et_pb_text _builder_version=\u00a0\u00bb4.23.4&Prime; _module_preset=\u00a0\u00bbdefault\u00a0\u00bb global_colors_info=\u00a0\u00bb{}\u00a0\u00bb]<\/p>\n<h1>Lignes directrices internationales<\/h1>\n<p>[\/et_pb_text][\/et_pb_column][\/et_pb_row][et_pb_row _builder_version=\u00a0\u00bb4.23.4&Prime; _module_preset=\u00a0\u00bbdefault\u00a0\u00bb global_colors_info=\u00a0\u00bb{}\u00a0\u00bb][et_pb_column type=\u00a0\u00bb4_4&Prime; _builder_version=\u00a0\u00bb4.23.4&Prime; _module_preset=\u00a0\u00bbdefault\u00a0\u00bb global_colors_info=\u00a0\u00bb{}\u00a0\u00bb][et_pb_text _builder_version=\u00a0\u00bb4.23.4&Prime; _module_preset=\u00a0\u00bbdefault\u00a0\u00bb global_colors_info=\u00a0\u00bb{}\u00a0\u00bb]<\/p>\n<h3>Lignes directrices en allemand<\/h3>\n<p>[\/et_pb_text][et_pb_text _builder_version=\u00a0\u00bb4.24.2&Prime; _module_preset=\u00a0\u00bbdefault\u00a0\u00bb global_colors_info=\u00a0\u00bb{}\u00a0\u00bb]<\/p>\n<ul>\n<li><a href=\"https:\/\/www.dgppn.de\/_Resources\/Persistent\/1f641e4edaf5c5d5a5114ee69146ba459a7da6b3\/S3-Leitlinie%20Demenzen_Langversion_2023_11_28_Final%20(003).pdf\" target=\"_blank\" rel=\"noopener\">Deutsche Gesellschaft f\u00fcr Psychiatrie und Psychotherapie, Psychosomatik und Nervenheilkunde (2023). S3-Leitlinie \u201eDemenzen\u201c<\/a><\/li>\n<\/ul>\n<p>[\/et_pb_text][\/et_pb_column][\/et_pb_row][\/et_pb_section]<\/p>\n","protected":false},"excerpt":{"rendered":"<p>Lignes directricesLignes directrices du SPPAArticles en allemand2024 Flyer \u00ab\u00a0Empfehlungen zur Diagnostik und Therapie der behavioralen und psychischen Symptome der Demenz (BPSD)\u00a0\u00bb &#8211; erschienen im Hogrefe Verlag 2024 Empfehlungen f\u00fcr die [&hellip;]<\/p>\n","protected":false},"author":2,"featured_media":0,"parent":0,"menu_order":0,"comment_status":"closed","ping_status":"closed","template":"","meta":{"_et_pb_use_builder":"on","_et_pb_old_content":"","_et_gb_content_width":"","footnotes":""},"class_list":["post-6251","page","type-page","status-publish","hentry"],"_links":{"self":[{"href":"https:\/\/sgap-sppa.ch\/fr\/wp-json\/wp\/v2\/pages\/6251","targetHints":{"allow":["GET"]}}],"collection":[{"href":"https:\/\/sgap-sppa.ch\/fr\/wp-json\/wp\/v2\/pages"}],"about":[{"href":"https:\/\/sgap-sppa.ch\/fr\/wp-json\/wp\/v2\/types\/page"}],"author":[{"embeddable":true,"href":"https:\/\/sgap-sppa.ch\/fr\/wp-json\/wp\/v2\/users\/2"}],"replies":[{"embeddable":true,"href":"https:\/\/sgap-sppa.ch\/fr\/wp-json\/wp\/v2\/comments?post=6251"}],"version-history":[{"count":22,"href":"https:\/\/sgap-sppa.ch\/fr\/wp-json\/wp\/v2\/pages\/6251\/revisions"}],"predecessor-version":[{"id":7291,"href":"https:\/\/sgap-sppa.ch\/fr\/wp-json\/wp\/v2\/pages\/6251\/revisions\/7291"}],"wp:attachment":[{"href":"https:\/\/sgap-sppa.ch\/fr\/wp-json\/wp\/v2\/media?parent=6251"}],"curies":[{"name":"wp","href":"https:\/\/api.w.org\/{rel}","templated":true}]}}