{"id":6326,"date":"2023-11-21T23:40:34","date_gmt":"2023-11-21T22:40:34","guid":{"rendered":"https:\/\/sgap-sppa.com\/?page_id=6326"},"modified":"2024-03-30T12:24:52","modified_gmt":"2024-03-30T11:24:52","slug":"publications-specialisees-3","status":"publish","type":"page","link":"https:\/\/sgap-sppa.ch\/fr\/publications-specialisees-2\/publications-specialisees-3\/","title":{"rendered":"Strat\u00e9gie nationale"},"content":{"rendered":"<p>[et_pb_section fb_built=\u00a0\u00bb1&Prime; disabled_on=\u00a0\u00bbon|on|on\u00a0\u00bb module_class=\u00a0\u00bbheader-section-container\u00a0\u00bb _builder_version=\u00a0\u00bb4.24.2&Prime; _module_preset=\u00a0\u00bbdefault\u00a0\u00bb background_color=\u00a0\u00bb#FFFFFF\u00a0\u00bb positioning=\u00a0\u00bbfixed\u00a0\u00bb position_origin_f=\u00a0\u00bbtop_center\u00a0\u00bb custom_padding=\u00a0\u00bb0px||0px||false|false\u00a0\u00bb box_shadow_style=\u00a0\u00bbpreset1&Prime; disabled=\u00a0\u00bbon\u00a0\u00bb global_colors_info=\u00a0\u00bb{}\u00a0\u00bb][et_pb_row use_custom_gutter=\u00a0\u00bbon\u00a0\u00bb gutter_width=\u00a0\u00bb2&Prime; custom_padding_last_edited=\u00a0\u00bbon|phone\u00a0\u00bb _builder_version=\u00a0\u00bb4.22.1&Prime; _module_preset=\u00a0\u00bbdefault\u00a0\u00bb width=\u00a0\u00bb100%\u00a0\u00bb max_width=\u00a0\u00bb100%\u00a0\u00bb custom_padding=\u00a0\u00bb10px||10px||false|false\u00a0\u00bb custom_padding_tablet=\u00a0\u00bb2%||2%||false|false\u00a0\u00bb custom_padding_phone=\u00a0\u00bb4%||4%||false|false\u00a0\u00bb custom_css_main_element=\u00a0\u00bbdisplay: flex;||align-items: center;\u00a0\u00bb global_colors_info=\u00a0\u00bb{}\u00a0\u00bb][et_pb_column type=\u00a0\u00bb4_4&Prime; _builder_version=\u00a0\u00bb4.21.0&Prime; _module_preset=\u00a0\u00bbdefault\u00a0\u00bb global_colors_info=\u00a0\u00bb{}\u00a0\u00bb][et_pb_menu dropdown_menu_line_color=\u00a0\u00bbRGBA(255,255,255,0)\u00a0\u00bb logo=\u00a0\u00bbhttps:\/\/sgap-sppa.ch\/wp-content\/uploads\/2023\/11\/SGAP-webicon-header.svg\u00a0\u00bb logo_url=\u00a0\u00bb@ET-DC@eyJkeW5hbWljIjp0cnVlLCJjb250ZW50IjoiaG9tZV91cmwiLCJzZXR0aW5ncyI6e319@\u00a0\u00bb show_search_icon=\u00a0\u00bbon\u00a0\u00bb _builder_version=\u00a0\u00bb4.23.1&Prime; _dynamic_attributes=\u00a0\u00bblogo_url\u00a0\u00bb _module_preset=\u00a0\u00bbdefault\u00a0\u00bb menu_font_size=\u00a0\u00bb16px\u00a0\u00bb background_enable_color=\u00a0\u00bboff\u00a0\u00bb custom_margin=\u00a0\u00bb||0px|10%|false|false\u00a0\u00bb custom_margin_tablet=\u00a0\u00bb|5%|0px|5%|false|false\u00a0\u00bb custom_margin_phone=\u00a0\u00bb|5%|0px|5%|false|false\u00a0\u00bb custom_margin_last_edited=\u00a0\u00bbon|tablet\u00a0\u00bb custom_css_menu_logo=\u00a0\u00bbmargin-right: 8vw !important;\u00a0\u00bb global_colors_info=\u00a0\u00bb{}\u00a0\u00bb custom_css_menu_logo_last_edited=\u00a0\u00bbon|desktop\u00a0\u00bb custom_css_menu_logo_tablet=\u00a0\u00bbmargin-right: 0px !important;\u00a0\u00bb custom_css_menu_logo_phone=\u00a0\u00bbmargin-right: 0px !important;\u00a0\u00bb][\/et_pb_menu][et_pb_code _builder_version=\u00a0\u00bb4.21.0&Prime; _module_preset=\u00a0\u00bbdefault\u00a0\u00bb global_colors_info=\u00a0\u00bb{}\u00a0\u00bb]<script><!-- [et_pb_line_break_holder] -->jQuery(function($){<!-- [et_pb_line_break_holder] -->   <!-- [et_pb_line_break_holder] -->var headerSection = $('.header-section-container');   <!-- [et_pb_line_break_holder] -->headerSection.wrap('<\/p>\n<div class=\"header-placeholder\"\/>');<!-- [et_pb_line_break_holder] -->var headerWrap = $('.header-placeholder');<!-- [et_pb_line_break_holder] -->    <!-- [et_pb_line_break_holder] -->var headerHeight = headerSection.outerHeight();<!-- [et_pb_line_break_holder] -->headerWrap.css('height', headerHeight);  <!-- [et_pb_line_break_holder] -->   <!-- [et_pb_line_break_holder] -->$(window).resize(function() {<!-- [et_pb_line_break_holder] -->  headerHeight = headerSection.outerHeight();<!-- [et_pb_line_break_holder] -->  headerWrap.css('height', headerHeight);<!-- [et_pb_line_break_holder] -->});  <!-- [et_pb_line_break_holder] -->   <!-- [et_pb_line_break_holder] -->});<!-- [et_pb_line_break_holder] --><\/script><!-- [et_pb_line_break_holder] --><!-- [et_pb_line_break_holder] --><\/p>\n<style><!-- [et_pb_line_break_holder] -->.et_pb_column {<!-- [et_pb_line_break_holder] -->margin-bottom: 0px !important;<!-- [et_pb_line_break_holder] -->}<!-- [et_pb_line_break_holder] --><\/style>\n<p>[\/et_pb_code][\/et_pb_column][\/et_pb_row][\/et_pb_section][et_pb_section fb_built=\u00a0\u00bb1&Prime; module_class=\u00a0\u00bbpage-hero-section-image\u00a0\u00bb _builder_version=\u00a0\u00bb4.21.0&Prime; _module_preset=\u00a0\u00bbdefault\u00a0\u00bb background_image=\u00a0\u00bbhttps:\/\/sgap-sppa.ch\/wp-content\/uploads\/2023\/08\/mesh-gradient-3c.jpg\u00a0\u00bb background_last_edited=\u00a0\u00bbon|phone\u00a0\u00bb background_image_phone=\u00a0\u00bbhttps:\/\/sgap-sppa.ch\/wp-content\/uploads\/2023\/08\/mesh-gradient-3-mobile-2.jpg\u00a0\u00bb background_enable_image_phone=\u00a0\u00bbon\u00a0\u00bb saved_tabs=\u00a0\u00bball\u00a0\u00bb global_colors_info=\u00a0\u00bb{}\u00a0\u00bb][et_pb_row _builder_version=\u00a0\u00bb4.16&Prime; _module_preset=\u00a0\u00bbdefault\u00a0\u00bb global_colors_info=\u00a0\u00bb{}\u00a0\u00bb][et_pb_column type=\u00a0\u00bb4_4&Prime; _builder_version=\u00a0\u00bb4.16&Prime; _module_preset=\u00a0\u00bbdefault\u00a0\u00bb global_colors_info=\u00a0\u00bb{}\u00a0\u00bb][et_pb_text _builder_version=\u00a0\u00bb4.24.2&Prime; _module_preset=\u00a0\u00bbdefault\u00a0\u00bb global_colors_info=\u00a0\u00bb{}\u00a0\u00bb]<\/p>\n<h1>Strat\u00e9gie nationale<\/h1>\n<p>[\/et_pb_text][\/et_pb_column][\/et_pb_row][\/et_pb_section][et_pb_section fb_built=\u00a0\u00bb1&Prime; module_class=\u00a0\u00bbelementColor-grey400&Prime; _builder_version=\u00a0\u00bb4.23.4&Prime; _module_preset=\u00a0\u00bbdefault\u00a0\u00bb locked=\u00a0\u00bboff\u00a0\u00bb global_colors_info=\u00a0\u00bb{}\u00a0\u00bb][et_pb_row column_structure=\u00a0\u00bb1_3,1_3,1_3&Prime; make_equal=\u00a0\u00bbon\u00a0\u00bb _builder_version=\u00a0\u00bb4.23.1&Prime; _module_preset=\u00a0\u00bbdefault\u00a0\u00bb global_colors_info=\u00a0\u00bb{}\u00a0\u00bb][et_pb_column type=\u00a0\u00bb1_3&Prime; _builder_version=\u00a0\u00bb4.23.1&Prime; _module_preset=\u00a0\u00bbdefault\u00a0\u00bb global_colors_info=\u00a0\u00bb{}\u00a0\u00bb][et_pb_button button_url=\u00a0\u00bb@ET-DC@eyJkeW5hbWljIjp0cnVlLCJjb250ZW50IjoicG9zdF9saW5rX3VybF9wYWdlIiwic2V0dGluZ3MiOnsicG9zdF9pZCI6IjYyNTAifX0=@\u00a0\u00bb button_text=\u00a0\u00bbLignes directrices\u00a0\u00bb button_alignment=\u00a0\u00bbcenter\u00a0\u00bb module_class=\u00a0\u00bbvv-et-btn-accent-outline-light vv-et-btn-100&Prime; _builder_version=\u00a0\u00bb4.24.2&Prime; _dynamic_attributes=\u00a0\u00bbbutton_url\u00a0\u00bb _module_preset=\u00a0\u00bbdefault\u00a0\u00bb global_colors_info=\u00a0\u00bb{}\u00a0\u00bb][\/et_pb_button][\/et_pb_column][et_pb_column type=\u00a0\u00bb1_3&Prime; _builder_version=\u00a0\u00bb4.23.1&Prime; _module_preset=\u00a0\u00bbdefault\u00a0\u00bb global_colors_info=\u00a0\u00bb{}\u00a0\u00bb][et_pb_button button_url=\u00a0\u00bb@ET-DC@eyJkeW5hbWljIjp0cnVlLCJjb250ZW50IjoicG9zdF9saW5rX3VybF9wYWdlIiwic2V0dGluZ3MiOnsicG9zdF9pZCI6IjYzMjUifX0=@\u00a0\u00bb button_text=\u00a0\u00bbStrat\u00e9gie nationale\u00a0\u00bb button_alignment=\u00a0\u00bbcenter\u00a0\u00bb module_class=\u00a0\u00bbvv-et-btn-accent vv-et-btn-100&Prime; _builder_version=\u00a0\u00bb4.24.2&Prime; _dynamic_attributes=\u00a0\u00bbbutton_url\u00a0\u00bb _module_preset=\u00a0\u00bbdefault\u00a0\u00bb global_colors_info=\u00a0\u00bb{}\u00a0\u00bb][\/et_pb_button][\/et_pb_column][et_pb_column type=\u00a0\u00bb1_3&Prime; _builder_version=\u00a0\u00bb4.23.1&Prime; _module_preset=\u00a0\u00bbdefault\u00a0\u00bb global_colors_info=\u00a0\u00bb{}\u00a0\u00bb][et_pb_button button_url=\u00a0\u00bb@ET-DC@eyJkeW5hbWljIjp0cnVlLCJjb250ZW50IjoicG9zdF9saW5rX3VybF9wYWdlIiwic2V0dGluZ3MiOnsicG9zdF9pZCI6IjYzMTcifX0=@\u00a0\u00bb button_text=\u00a0\u00bbLitt\u00e9rature sp\u00e9cialis\u00e9e\u00a0\u00bb button_alignment=\u00a0\u00bbcenter\u00a0\u00bb module_class=\u00a0\u00bbvv-et-btn-accent-outline-light vv-et-btn-100&Prime; _builder_version=\u00a0\u00bb4.24.2&Prime; _dynamic_attributes=\u00a0\u00bbbutton_url\u00a0\u00bb _module_preset=\u00a0\u00bbdefault\u00a0\u00bb global_colors_info=\u00a0\u00bb{}\u00a0\u00bb][\/et_pb_button][\/et_pb_column][\/et_pb_row][\/et_pb_section][et_pb_section fb_built=\u00a0\u00bb1&Prime; _builder_version=\u00a0\u00bb4.16&Prime; _module_preset=\u00a0\u00bbdefault\u00a0\u00bb global_colors_info=\u00a0\u00bb{}\u00a0\u00bb][et_pb_row _builder_version=\u00a0\u00bb4.23.4&Prime; _module_preset=\u00a0\u00bbdefault\u00a0\u00bb locked=\u00a0\u00bboff\u00a0\u00bb global_colors_info=\u00a0\u00bb{}\u00a0\u00bb][et_pb_column type=\u00a0\u00bb4_4&Prime; _builder_version=\u00a0\u00bb4.23.4&Prime; _module_preset=\u00a0\u00bbdefault\u00a0\u00bb global_colors_info=\u00a0\u00bb{}\u00a0\u00bb][et_pb_text _builder_version=\u00a0\u00bb4.24.2&Prime; _module_preset=\u00a0\u00bbdefault\u00a0\u00bb global_colors_info=\u00a0\u00bb{}\u00a0\u00bb]<\/p>\n<h1>Strat\u00e9gie nationale en mati\u00e8re de d\u00e9mences<\/h1>\n<p>[\/et_pb_text][\/et_pb_column][\/et_pb_row][et_pb_row _builder_version=\u00a0\u00bb4.16&Prime; _module_preset=\u00a0\u00bbdefault\u00a0\u00bb global_colors_info=\u00a0\u00bb{}\u00a0\u00bb][et_pb_column type=\u00a0\u00bb4_4&Prime; _builder_version=\u00a0\u00bb4.16&Prime; _module_preset=\u00a0\u00bbdefault\u00a0\u00bb global_colors_info=\u00a0\u00bb{}\u00a0\u00bb][et_pb_text _builder_version=\u00a0\u00bb4.24.2&Prime; _module_preset=\u00a0\u00bbdefault\u00a0\u00bb global_colors_info=\u00a0\u00bb{}\u00a0\u00bb]<\/p>\n<p>Les personnes atteintes de d\u00e9mence voient leur vie et leurs relations sociales fortement boulevers\u00e9es. Les personnes atteintes de d\u00e9mence voient leur vie et leurs relations sociales fortement boulevers\u00e9es. La Conf\u00e9d\u00e9ration et les cantons entendent am\u00e9liorer la qualit\u00e9 de vie de ces personnes et de leur entourage, r\u00e9duire la charge li\u00e9e \u00e0 la maladie et assurer une bonne prise en charge. <\/p>\n<p>Plus d&rsquo;information sur le projet et les champs d&rsquo;action sont publi\u00e9 sur le site de <a href=\"https:\/\/www.bag.admin.ch\/bag\/de\/home\/strategie-und-politik\/nationale-gesundheitsstrategien\/demenz\/nationale-demenzstrategie.html\" target=\"_blank\" class=\"external-link\" rel=\"noopener noreferrer\">l&rsquo;office f\u00e9d\u00e9ral de la sant\u00e9 publique (OFSP)<\/a>.<\/p>\n<p>[\/et_pb_text][et_pb_text _builder_version=\u00a0\u00bb4.24.2&Prime; _module_preset=\u00a0\u00bbdefault\u00a0\u00bb global_colors_info=\u00a0\u00bb{}\u00a0\u00bb]<\/p>\n<h3>Les projets et documents de la strategie nationale en mati\u00e8re de d\u00e9mences, elabor\u00e9 avec la participation des membres de la SPPA :<\/h3>\n<p>[\/et_pb_text][et_pb_text _builder_version=\u00a0\u00bb4.24.2&Prime; _module_preset=\u00a0\u00bbdefault\u00a0\u00bb hover_enabled=\u00a0\u00bb0&Prime; global_colors_info=\u00a0\u00bb{}\u00a0\u00bb sticky_enabled=\u00a0\u00bb0&Prime;]<\/p>\n<table>\n<tbody>\n<tr>\n<td style=\"width: 60.8667px;\"><strong>Projet<\/strong><\/td>\n<td style=\"width: 168.767px;\"><strong>Titre<\/strong><\/td>\n<td style=\"width: 76.5px;\"><strong>Membre<\/strong><\/td>\n<\/tr>\n<tr>\n<td style=\"width: 60.8667px;\">3.1<\/td>\n<td style=\"width: 168.767px;\"><a href=\"https:\/\/boris.unibe.ch\/114777\/1\/1661-8157_a002948.pdf\" target=\"_blank\" rel=\"noopener\">Normes de qualit\u00e9 pour le diagnostic de la d\u00e9mence (seulement en allemand)<\/a><\/td>\n<td style=\"width: 76.5px;\">E. Savaskan<br \/>D. Georgescu<\/td>\n<\/tr>\n<tr>\n<td style=\"width: 60.8667px;\">3.4<\/td>\n<td style=\"width: 168.767px;\">\n<p><a href=\"https:\/\/www.hplus.ch\/fileadmin\/hplus.ch\/public\/Politik\/Demenz\/2017-09_Hplus_Bericht_NDS-3.4_Demenzgerechte_Versorgung.pdf\" target=\"_blank\" rel=\"noopener\">Soins appropri\u00e9s \u00e0 la d\u00e9mence : Le rapport de H+ (septembre 2017) (en allemand, avec un r\u00e9sum\u00e9 en fran\u00e7ais)<\/a><\/p>\n<p><a href=\"https:\/\/www.hplus.ch\/fileadmin\/hplus.ch\/public\/Politik\/Demenz\/2018-03-13-Savaskan-Feedback-Demenzbericht.pdf\" target=\"_blank\" rel=\"noopener\">Commentaire du prof. Dr Egemen Savaskan, m\u00e9decin-chef du service de psychiatrie g\u00e9riatrique, Clinique psychiatrique universitaire de Zurich, mars 2018 (seulement en allemand)<\/a><\/p>\n<\/td>\n<td style=\"width: 76.5px;\">E. Savaskan<br \/>D. Georgescu<\/td>\n<\/tr>\n<tr>\n<td style=\"width: 60.8667px;\">4.1<\/td>\n<td style=\"width: 168.767px;\"><a href=\"https:\/\/www.bag.admin.ch\/dam\/bag\/de\/dokumente\/nat-gesundheitsstrategien\/nationale-demenzstrategie\/veranstaltungen\/fachtagung-nds-2017\/demenz-abgeltung.pdf.download.pdf\/Fachtagung_NDS_Abgeltung_SilviaMarti.pdf\" target=\"_blank\" rel=\"noopener\">Financement appropri\u00e9 des prestations propos\u00e9es par les services d\u2019aide et de soins \u00e0 domicile (Spitex) ou les EMS<\/a><\/td>\n<td style=\"width: 76.5px;\">J. Minder<br \/>J. Strnad<br \/>D. Georgescu<\/td>\n<\/tr>\n<tr>\n<td style=\"width: 60.8667px;\">5.1<\/td>\n<td style=\"width: 168.767px;\"><a href=\"https:\/\/www.samw.ch\/de\/Ethik\/Vulnerable-Patientengruppen\/Behandlung-und-Betreuung-von-Menschen-mit-Demenz.html\" target=\"_blank\" rel=\"noopener\">Prise en charge des personnes atteintes de d\u00e9mence <\/a><\/td>\n<td style=\"width: 76.5px;\">A. von Gunten<\/td>\n<\/tr>\n<tr>\n<td style=\"width: 60.8667px;\">6.1<\/td>\n<td style=\"width: 168.767px;\"><a href=\"https:\/\/www.bag.admin.ch\/dam\/bag\/de\/dokumente\/nat-gesundheitsstrategien\/nationale-demenzstrategie\/hf-qualitaet\/6_1_grundversorgung\/Empfehlungen_Grundversorgung%20.pdf.download.pdf\/Empfehlungen%20in%20den%20Bereichen%20Fr%C3%BCherkennung,%20Diagnostik%20und%20Behandlung%20f%C3%BCr%20die%20Grundversorgung.pdf\" target=\"_blank\" rel=\"noopener\">Recommendations dans les domaines du d\u00e9pistage pr\u00e9coce, du diagnostic et du traitement pour les soins de base<\/a><\/td>\n<td style=\"width: 76.5px;\">J. Strnad<br \/>U. Hemmeter<\/td>\n<\/tr>\n<tr>\n<td style=\"width: 60.8667px;\">6.2<\/td>\n<td style=\"width: 168.767px;\"><a href=\"https:\/\/www.bag.admin.ch\/dam\/bag\/de\/dokumente\/nat-gesundheitsstrategien\/nationale-demenzstrategie\/assessment.pdf.download.pdf\/Demenz_Assessments_DE.pdf\" target=\"_blank\" rel=\"noopener\">Rapport promouvoir l\u2019utilisation d\u2019outils d\u2019\u00e9valuation sp\u00e9cifiques \u00e0 la d\u00e9mence<\/a><\/td>\n<td style=\"width: 76.5px;\">D. Georgescu<br \/>E. Savaskan<br \/>S. Kl\u00f6ppel<\/td>\n<\/tr>\n<tr>\n<td style=\"width: 60.8667px;\">7.1<\/td>\n<td style=\"width: 168.767px;\"><a href=\"https:\/\/www.bag.admin.ch\/dam\/bag\/de\/dokumente\/nat-gesundheitsstrategien\/nationale-demenzstrategie\/hf-qualitaet\/7_1_aus-weiter-fortbildung\/vorstudie-demenz-bildung-schlussbericht-2016.pdf.download.pdf\/vorstudie-demenz-bildung-schlussbericht-2016.pdf\" target=\"_blank\" rel=\"noopener\">Elargissement de la formation de base, de la formation continue et du perfectionnement sp\u00e9cifiques \u00e0 la d\u00e9mence (seulement allemand)<\/a><\/td>\n<td style=\"width: 76.5px;\">E. Savaskan<br \/>D. Georgescu<\/td>\n<\/tr>\n<tr>\n<td style=\"width: 60.8667px;\">8.1<\/td>\n<td style=\"width: 168.767px;\"><a href=\"https:\/\/www.bag.admin.ch\/dam\/bag\/de\/dokumente\/nat-gesundheitsstrategien\/nationale-demenzstrategie\/hf-daten\/8_1_versorgungsmonitoring\/Projekt%208.1%20Versorgungsmonitoring%20%E2%80%93%20Teilprojekt%20Online%20Indikatoren%20Set.pdf.download.pdf\/Plakat_Projekt%208.1%20NDS_indikatorenset_2017.pdf\" target=\"_blank\" rel=\"noopener\">Surveillance des approvisionnements<\/a><\/td>\n<td style=\"width: 76.5px;\">E. Savaskan<br \/>A. von Gunten<\/td>\n<\/tr>\n<\/tbody>\n<\/table>\n<p>[\/et_pb_text][\/et_pb_column][\/et_pb_row][\/et_pb_section][et_pb_section fb_built=\u00a0\u00bb1&Prime; admin_label=\u00a0\u00bbSektion\u00a0\u00bb _builder_version=\u00a0\u00bb4.24.2&Prime; _module_preset=\u00a0\u00bbdefault\u00a0\u00bb locked=\u00a0\u00bboff\u00a0\u00bb global_colors_info=\u00a0\u00bb{}\u00a0\u00bb][et_pb_row _builder_version=\u00a0\u00bb4.24.2&Prime; _module_preset=\u00a0\u00bbdefault\u00a0\u00bb global_colors_info=\u00a0\u00bb{}\u00a0\u00bb][et_pb_column type=\u00a0\u00bb4_4&Prime; _builder_version=\u00a0\u00bb4.24.2&Prime; _module_preset=\u00a0\u00bbdefault\u00a0\u00bb global_colors_info=\u00a0\u00bb{}\u00a0\u00bb][et_pb_text _builder_version=\u00a0\u00bb4.24.2&Prime; _module_preset=\u00a0\u00bbdefault\u00a0\u00bb global_colors_info=\u00a0\u00bb{}\u00a0\u00bb]<\/p>\n<h1>Strat\u00e9gie nationale en mati\u00e8re de soins palliatifs<\/h1>\n<p>[\/et_pb_text][\/et_pb_column][\/et_pb_row][et_pb_row _builder_version=\u00a0\u00bb4.16&Prime; _module_preset=\u00a0\u00bbdefault\u00a0\u00bb global_colors_info=\u00a0\u00bb{}\u00a0\u00bb][et_pb_column type=\u00a0\u00bb4_4&Prime; _builder_version=\u00a0\u00bb4.16&Prime; _module_preset=\u00a0\u00bbdefault\u00a0\u00bb global_colors_info=\u00a0\u00bb{}\u00a0\u00bb][et_pb_text _builder_version=\u00a0\u00bb4.24.2&Prime; _module_preset=\u00a0\u00bbdefault\u00a0\u00bb global_colors_info=\u00a0\u00bb{}\u00a0\u00bb]<\/p>\n<p>Fin 2020, le Conseil f\u00e9d\u00e9ral a approuv\u00e9 le rapport \u00ab Am\u00e9liorer la prise en charge et le traitement des personnes en fin de vie \u00bb. Avec une s\u00e9rie de mesures, il entend promouvoir les soins palliatifs.<\/p>\n<p>De plus amples informations sont disponibles sur le site de <a href=\"https:\/\/www.bag.admin.ch\/bag\/de\/home\/strategie-und-politik\/nationale-gesundheitsstrategien\/strategie-palliative-care.html\" target=\"_blank\" class=\"external-link\" rel=\"noopener noreferrer\">l&rsquo;Office f\u00e9d\u00e9ral de la sant\u00e9 publique (OFSP)<\/a>.<\/p>\n<p>[\/et_pb_text][et_pb_text _builder_version=\u00a0\u00bb4.24.2&Prime; _module_preset=\u00a0\u00bbdefault\u00a0\u00bb global_colors_info=\u00a0\u00bb{}\u00a0\u00bb]<\/p>\n<h3>Publications au sujet des soins palliatifs<\/h3>\n<p>[\/et_pb_text][et_pb_text _builder_version=\u00a0\u00bb4.24.2&Prime; _module_preset=\u00a0\u00bbdefault\u00a0\u00bb global_colors_info=\u00a0\u00bb{}\u00a0\u00bb]<\/p>\n<ul>\n<li><a href=\"https:\/\/www.bag.admin.ch\/bag\/de\/home\/das-bag\/publikationen\/broschueren\/publikationen-im-bereich-palliative-care\/interprofessionelles-team-palliative-care-brosch.html\" target=\"_blank\" rel=\"noopener\">L&rsquo;\u00e9quipe interprofessionnelle dans les soins palliatifs<\/a><\/li>\n<li><a href=\"https:\/\/www.bag.admin.ch\/bag\/de\/home\/das-bag\/publikationen\/broschueren\/publikationen-im-bereich-palliative-care\/palliative-care-infoblatt-hausaerzte.html\" target=\"_blank\" rel=\"noopener\">Soins palliatifs : une bonne qualit\u00e9 de vie jusqu&rsquo; \u00e0 la fin (Fiche d&rsquo;information m\u00e9decins de famille)<\/a><\/li>\n<li><a href=\"https:\/\/www.bag.admin.ch\/bag\/de\/home\/das-bag\/publikationen\/broschueren\/publikationen-im-bereich-palliative-care\/nationale-leitlinien-palliative-care.html\" target=\"_blank\" rel=\"noopener\">Directives nationales soins palliatifs<\/a><\/li>\n<li><a href=\"https:\/\/www.bag.admin.ch\/bag\/de\/home\/das-bag\/publikationen\/broschueren\/publikationen-im-bereich-palliative-care\/checkliste-migrationssensitive-palliative-care.html\" target=\"_blank\" rel=\"noopener\">Check-list en mati\u00e8re de soins palliatif<\/a><\/li>\n<li><a href=\"https:\/\/www.bag.admin.ch\/bag\/de\/home\/das-bag\/publikationen\/broschueren\/publikationen-im-bereich-palliative-care\/unheilbar-krank-und-jetzt.html\" target=\"_blank\" rel=\"noopener\">Maladie incurable : et maintenant?<\/a><\/li>\n<li><a href=\"https:\/\/www.bag.admin.ch\/bag\/de\/home\/das-bag\/publikationen\/broschueren\/publikationen-im-bereich-palliative-care\/menschen-am-lebensende-begleiten.html\" target=\"_blank\" rel=\"noopener\">Accompagner jusqu&rsquo;au bout de la vie<\/a><\/li>\n<li><a href=\"https:\/\/www.bag.admin.ch\/bag\/de\/home\/das-bag\/publikationen\/broschueren\/publikationen-im-bereich-palliative-care\/palliative-care-beizug-fachpersonen.html\" target=\"_blank\" rel=\"noopener\">Soins palliatifs-recours professionnels<\/a><\/li>\n<li><a href=\"https:\/\/www.bag.admin.ch\/bag\/de\/home\/das-bag\/publikationen\/broschueren\/publikationen-im-bereich-palliative-care\/formelle-freiwilligenarbeit.html\" target=\"_blank\" rel=\"noopener\">Le b\u00e9n\u00e9volat formel en soins palliatifs<\/a><\/li>\n<li><a href=\"https:\/\/www.bag.admin.ch\/bag\/de\/home\/das-bag\/publikationen\/broschueren\/publikationen-im-bereich-palliative-care\/finanzierung-palliative-care-leistung.html\" target=\"_blank\" rel=\"noopener\">Financement des prestations des soins palliatifs<\/a><\/li>\n<li><a href=\"https:\/\/www.bag.admin.ch\/bag\/de\/home\/das-bag\/publikationen\/broschueren\/publikationen-im-bereich-palliative-care\/indikationskriterien-palliative-care.html\" target=\"_blank\" rel=\"noopener\">Crit\u00e8res d&rsquo;indication soins palliatifs<\/a><\/li>\n<\/ul>\n<p>[\/et_pb_text][\/et_pb_column][\/et_pb_row][\/et_pb_section]<\/p>\n","protected":false},"excerpt":{"rendered":"<p>Strat\u00e9gie nationaleStrat\u00e9gie nationale en mati\u00e8re de d\u00e9mencesLes personnes atteintes de d\u00e9mence voient leur vie et leurs relations sociales fortement boulevers\u00e9es. Les personnes atteintes de d\u00e9mence voient leur vie et leurs [&hellip;]<\/p>\n","protected":false},"author":1,"featured_media":0,"parent":6251,"menu_order":0,"comment_status":"closed","ping_status":"closed","template":"","meta":{"_et_pb_use_builder":"on","_et_pb_old_content":"","_et_gb_content_width":"","footnotes":""},"class_list":["post-6326","page","type-page","status-publish","hentry"],"_links":{"self":[{"href":"https:\/\/sgap-sppa.ch\/fr\/wp-json\/wp\/v2\/pages\/6326","targetHints":{"allow":["GET"]}}],"collection":[{"href":"https:\/\/sgap-sppa.ch\/fr\/wp-json\/wp\/v2\/pages"}],"about":[{"href":"https:\/\/sgap-sppa.ch\/fr\/wp-json\/wp\/v2\/types\/page"}],"author":[{"embeddable":true,"href":"https:\/\/sgap-sppa.ch\/fr\/wp-json\/wp\/v2\/users\/1"}],"replies":[{"embeddable":true,"href":"https:\/\/sgap-sppa.ch\/fr\/wp-json\/wp\/v2\/comments?post=6326"}],"version-history":[{"count":19,"href":"https:\/\/sgap-sppa.ch\/fr\/wp-json\/wp\/v2\/pages\/6326\/revisions"}],"predecessor-version":[{"id":7166,"href":"https:\/\/sgap-sppa.ch\/fr\/wp-json\/wp\/v2\/pages\/6326\/revisions\/7166"}],"up":[{"embeddable":true,"href":"https:\/\/sgap-sppa.ch\/fr\/wp-json\/wp\/v2\/pages\/6251"}],"wp:attachment":[{"href":"https:\/\/sgap-sppa.ch\/fr\/wp-json\/wp\/v2\/media?parent=6326"}],"curies":[{"name":"wp","href":"https:\/\/api.w.org\/{rel}","templated":true}]}}