{"id":6508,"date":"2023-06-24T18:14:35","date_gmt":"2023-06-24T16:14:35","guid":{"rendered":"https:\/\/sgap-sppa.com\/a-propos-de-nous\/comite\/"},"modified":"2025-12-16T11:30:21","modified_gmt":"2025-12-16T10:30:21","slug":"comite","status":"publish","type":"page","link":"https:\/\/sgap-sppa.ch\/fr\/a-propos-de-nous\/comite\/","title":{"rendered":"Comit\u00e9"},"content":{"rendered":"<p>[et_pb_section fb_built=\u00a0\u00bb1&Prime; module_class=\u00a0\u00bbheader-section-container\u00a0\u00bb _builder_version=\u00a0\u00bb4.21.0&Prime; _module_preset=\u00a0\u00bbdefault\u00a0\u00bb background_color=\u00a0\u00bb#FFFFFF\u00a0\u00bb positioning=\u00a0\u00bbfixed\u00a0\u00bb position_origin_f=\u00a0\u00bbtop_center\u00a0\u00bb custom_padding=\u00a0\u00bb0px||0px||false|false\u00a0\u00bb box_shadow_style=\u00a0\u00bbpreset1&Prime; global_colors_info=\u00a0\u00bb{}\u00a0\u00bb][et_pb_row use_custom_gutter=\u00a0\u00bbon\u00a0\u00bb gutter_width=\u00a0\u00bb2&Prime; custom_padding_last_edited=\u00a0\u00bbon|phone\u00a0\u00bb _builder_version=\u00a0\u00bb4.22.1&Prime; _module_preset=\u00a0\u00bbdefault\u00a0\u00bb width=\u00a0\u00bb100%\u00a0\u00bb max_width=\u00a0\u00bb100%\u00a0\u00bb custom_padding=\u00a0\u00bb10px||10px||false|false\u00a0\u00bb custom_padding_tablet=\u00a0\u00bb2%||2%||false|false\u00a0\u00bb custom_padding_phone=\u00a0\u00bb4%||4%||false|false\u00a0\u00bb custom_css_main_element=\u00a0\u00bbdisplay: flex;||align-items: center;\u00a0\u00bb global_colors_info=\u00a0\u00bb{}\u00a0\u00bb][et_pb_column type=\u00a0\u00bb4_4&Prime; _builder_version=\u00a0\u00bb4.21.0&Prime; _module_preset=\u00a0\u00bbdefault\u00a0\u00bb global_colors_info=\u00a0\u00bb{}\u00a0\u00bb][et_pb_menu dropdown_menu_line_color=\u00a0\u00bbRGBA(255,255,255,0)\u00a0\u00bb logo=\u00a0\u00bbhttps:\/\/sgap-sppa.ch\/wp-content\/uploads\/2023\/11\/SGAP-webicon-header.svg\u00a0\u00bb logo_url=\u00a0\u00bb@ET-DC@eyJkeW5hbWljIjp0cnVlLCJjb250ZW50IjoiaG9tZV91cmwiLCJzZXR0aW5ncyI6e319@\u00a0\u00bb show_search_icon=\u00a0\u00bbon\u00a0\u00bb _builder_version=\u00a0\u00bb4.23.1&Prime; _dynamic_attributes=\u00a0\u00bblogo_url\u00a0\u00bb _module_preset=\u00a0\u00bbdefault\u00a0\u00bb menu_font_size=\u00a0\u00bb16px\u00a0\u00bb background_enable_color=\u00a0\u00bboff\u00a0\u00bb custom_margin=\u00a0\u00bb||0px|10%|false|false\u00a0\u00bb custom_margin_tablet=\u00a0\u00bb|5%|0px|5%|false|false\u00a0\u00bb custom_margin_phone=\u00a0\u00bb|5%|0px|5%|false|false\u00a0\u00bb custom_margin_last_edited=\u00a0\u00bbon|tablet\u00a0\u00bb custom_css_menu_logo=\u00a0\u00bbmargin-right: 8vw !important;\u00a0\u00bb global_colors_info=\u00a0\u00bb{}\u00a0\u00bb custom_css_menu_logo_last_edited=\u00a0\u00bbon|desktop\u00a0\u00bb custom_css_menu_logo_tablet=\u00a0\u00bbmargin-right: 0px !important;\u00a0\u00bb custom_css_menu_logo_phone=\u00a0\u00bbmargin-right: 0px !important;\u00a0\u00bb][\/et_pb_menu][et_pb_code _builder_version=\u00a0\u00bb4.21.0&Prime; _module_preset=\u00a0\u00bbdefault\u00a0\u00bb global_colors_info=\u00a0\u00bb{}\u00a0\u00bb]<script><!-- [et_pb_line_break_holder] -->jQuery(function($){<!-- [et_pb_line_break_holder] -->   <!-- [et_pb_line_break_holder] -->var headerSection = $('.header-section-container');   <!-- [et_pb_line_break_holder] -->headerSection.wrap('<\/p>\n<div class=\"header-placeholder\"\/>');<!-- [et_pb_line_break_holder] -->var headerWrap = $('.header-placeholder');<!-- [et_pb_line_break_holder] -->    <!-- [et_pb_line_break_holder] -->var headerHeight = headerSection.outerHeight();<!-- [et_pb_line_break_holder] -->headerWrap.css('height', headerHeight);  <!-- [et_pb_line_break_holder] -->   <!-- [et_pb_line_break_holder] -->$(window).resize(function() {<!-- [et_pb_line_break_holder] -->  headerHeight = headerSection.outerHeight();<!-- [et_pb_line_break_holder] -->  headerWrap.css('height', headerHeight);<!-- [et_pb_line_break_holder] -->});  <!-- [et_pb_line_break_holder] -->   <!-- [et_pb_line_break_holder] -->});<!-- [et_pb_line_break_holder] --><\/script><!-- [et_pb_line_break_holder] --><!-- [et_pb_line_break_holder] --><\/p>\n<style><!-- [et_pb_line_break_holder] -->.et_pb_column {<!-- [et_pb_line_break_holder] -->margin-bottom: 0px !important;<!-- [et_pb_line_break_holder] -->}<!-- [et_pb_line_break_holder] --><\/style>\n<p>[\/et_pb_code][\/et_pb_column][\/et_pb_row][\/et_pb_section][et_pb_section fb_built=\u00a0\u00bb1&Prime; module_class=\u00a0\u00bbpage-hero-section-image\u00a0\u00bb _builder_version=\u00a0\u00bb4.22.1&Prime; _module_preset=\u00a0\u00bbdefault\u00a0\u00bb background_image=\u00a0\u00bbhttps:\/\/sgap-sppa.ch\/wp-content\/uploads\/2023\/08\/mesh-gradient-3c.jpg\u00a0\u00bb background_last_edited=\u00a0\u00bbon|phone\u00a0\u00bb background_image_phone=\u00a0\u00bbhttps:\/\/sgap-sppa.ch\/wp-content\/uploads\/2023\/08\/mesh-gradient-3-mobile-2.jpg\u00a0\u00bb background_enable_image_phone=\u00a0\u00bbon\u00a0\u00bb saved_tabs=\u00a0\u00bball\u00a0\u00bb global_colors_info=\u00a0\u00bb{}\u00a0\u00bb][et_pb_row _builder_version=\u00a0\u00bb4.16&Prime; _module_preset=\u00a0\u00bbdefault\u00a0\u00bb global_colors_info=\u00a0\u00bb{}\u00a0\u00bb][et_pb_column type=\u00a0\u00bb4_4&Prime; _builder_version=\u00a0\u00bb4.16&Prime; _module_preset=\u00a0\u00bbdefault\u00a0\u00bb global_colors_info=\u00a0\u00bb{}\u00a0\u00bb][et_pb_text _builder_version=\u00a0\u00bb4.21.0&Prime; _module_preset=\u00a0\u00bbdefault\u00a0\u00bb global_colors_info=\u00a0\u00bb{}\u00a0\u00bb]<\/p>\n<h1>Comit\u00e9<\/h1>\n<p>[\/et_pb_text][\/et_pb_column][\/et_pb_row][\/et_pb_section][et_pb_section fb_built=\u00a0\u00bb1&Prime; _builder_version=\u00a0\u00bb4.21.0&Prime; _module_preset=\u00a0\u00bbdefault\u00a0\u00bb global_colors_info=\u00a0\u00bb{}\u00a0\u00bb][et_pb_row _builder_version=\u00a0\u00bb4.21.0&Prime; _module_preset=\u00a0\u00bbdefault\u00a0\u00bb global_colors_info=\u00a0\u00bb{}\u00a0\u00bb][et_pb_column type=\u00a0\u00bb4_4&Prime; _builder_version=\u00a0\u00bb4.21.0&Prime; _module_preset=\u00a0\u00bbdefault\u00a0\u00bb global_colors_info=\u00a0\u00bb{}\u00a0\u00bb][et_pb_text _builder_version=\u00a0\u00bb4.21.0&Prime; _module_preset=\u00a0\u00bbdefault\u00a0\u00bb global_colors_info=\u00a0\u00bb{}\u00a0\u00bb]<\/p>\n<h1>Pr\u00e9sidence<\/h1>\n<p>[\/et_pb_text][\/et_pb_column][\/et_pb_row][et_pb_row column_structure=\u00a0\u00bb1_3,1_3,1_3&Prime; _builder_version=\u00a0\u00bb4.21.0&Prime; _module_preset=\u00a0\u00bbdefault\u00a0\u00bb global_colors_info=\u00a0\u00bb{}\u00a0\u00bb][et_pb_column type=\u00a0\u00bb1_3&Prime; _builder_version=\u00a0\u00bb4.21.0&Prime; _module_preset=\u00a0\u00bbdefault\u00a0\u00bb global_colors_info=\u00a0\u00bb{}\u00a0\u00bb][et_pb_blurb title=\u00a0\u00bbDr. m\u00e9d. Dan Georgescu\u00a0\u00bb image=\u00a0\u00bbhttps:\/\/sgap-sppa.ch\/wp-content\/uploads\/2023\/12\/Vorstand_Dan_Gerogescu-1.jpg\u00a0\u00bb _builder_version=\u00a0\u00bb4.27.4&Prime; _module_preset=\u00a0\u00bbdefault\u00a0\u00bb hover_enabled=\u00a0\u00bb0&Prime; global_colors_info=\u00a0\u00bb{}\u00a0\u00bb sticky_enabled=\u00a0\u00bb0&Prime;]<\/p>\n<p>Co-pr\u00e9sident<\/p>\n<p>Praxis f\u00fcr Alters- und Neuropsychiatrie<br \/>Konsiliarpsychiatrie und Psychosomatik<br \/>Neumattstrasse 15<br \/>5000 Aarau<\/p>\n<p><a href=\"mailto:dan.georgescu@hin.ch\">dan.georgescu@hin.ch<\/a><\/p>\n<p><a href=\"https:\/\/www.sgap-sppa.ch\/oeffentlichkeit\/vorstand#\" class=\"mail-link\" data-mailto-token=\"ocknvq,fcp0igqtiguewBrfci0ej\" data-mailto-vector=\"2\"><\/a><\/p>\n<p>[\/et_pb_blurb][\/et_pb_column][et_pb_column type=\u00a0\u00bb1_3&Prime; _builder_version=\u00a0\u00bb4.21.0&Prime; _module_preset=\u00a0\u00bbdefault\u00a0\u00bb global_colors_info=\u00a0\u00bb{}\u00a0\u00bb][et_pb_blurb title=\u00a0\u00bbProf. Dr. m\u00e9d. Egemen Savaskan\u00a0\u00bb image=\u00a0\u00bbhttps:\/\/sgap-sppa.ch\/wp-content\/uploads\/2023\/12\/Vorstand_Egeman_Savaskan-1.jpg\u00a0\u00bb _builder_version=\u00a0\u00bb4.23.1&Prime; _module_preset=\u00a0\u00bbdefault\u00a0\u00bb global_colors_info=\u00a0\u00bb{}\u00a0\u00bb]<\/p>\n<p>Co-pr\u00e9sident<\/p>\n<p><strong><\/strong>Psychiatrische Universit\u00e4tsklinik Z\u00fcrich<br \/>Klinik f\u00fcr Alterspsychiatrie<br \/>Minervastrasse 145<br \/>8032 Z\u00fcrich<\/p>\n<p>T\u00e9l. +41 44 389 16 58<br \/><a href=\"https:\/\/www.sgap-sppa.ch\/oeffentlichkeit\/vorstand#\" data-mailto-token=\"ocknvq,gigogp0ucxcumcpBrwmbj0ej\" data-mailto-vector=\"2\">egemen.savaskan@pukzh.ch<\/a><\/p>\n<p>[\/et_pb_blurb][\/et_pb_column][et_pb_column type=\u00a0\u00bb1_3&Prime; _builder_version=\u00a0\u00bb4.21.0&Prime; _module_preset=\u00a0\u00bbdefault\u00a0\u00bb global_colors_info=\u00a0\u00bb{}\u00a0\u00bb][et_pb_blurb title=\u00a0\u00bbPD Dr. m\u00e9d. Dr. phil. Ulrich Hemmeter\u00a0\u00bb image=\u00a0\u00bbhttps:\/\/sgap-sppa.ch\/wp-content\/uploads\/2023\/12\/Vorstand_Ulrich_Hemmeter-1.jpg\u00a0\u00bb _builder_version=\u00a0\u00bb4.23.1&Prime; _module_preset=\u00a0\u00bbdefault\u00a0\u00bb global_colors_info=\u00a0\u00bb{}\u00a0\u00bb]<\/p>\n<p>Vice-pr\u00e9sident<\/p>\n<p>Psychiatrische Dienste Graub\u00fcnden<br \/>Lo\u00ebstrasse 220<br \/>7000 Chur<\/p>\n<p><a href=\"https:\/\/www.sgap-sppa.ch\/oeffentlichkeit\/vorstand#\" data-mailto-token=\"ocknvq,wntkej0jgoogvgtBrfit0ej\" data-mailto-vector=\"2\">ulrich.hemmeter@pdgr.ch<\/a><\/p>\n<p>[\/et_pb_blurb][\/et_pb_column][\/et_pb_row][\/et_pb_section][et_pb_section fb_built=\u00a0\u00bb1&Prime; _builder_version=\u00a0\u00bb4.16&Prime; _module_preset=\u00a0\u00bbdefault\u00a0\u00bb global_colors_info=\u00a0\u00bb{}\u00a0\u00bb][et_pb_row _builder_version=\u00a0\u00bb4.21.0&Prime; _module_preset=\u00a0\u00bbdefault\u00a0\u00bb global_colors_info=\u00a0\u00bb{}\u00a0\u00bb][et_pb_column type=\u00a0\u00bb4_4&Prime; _builder_version=\u00a0\u00bb4.21.0&Prime; _module_preset=\u00a0\u00bbdefault\u00a0\u00bb global_colors_info=\u00a0\u00bb{}\u00a0\u00bb][et_pb_text _builder_version=\u00a0\u00bb4.21.0&Prime; _module_preset=\u00a0\u00bbdefault\u00a0\u00bb global_colors_info=\u00a0\u00bb{}\u00a0\u00bb]<\/p>\n<h1>Assesseur et Tr\u00e9sorier<\/h1>\n<p>[\/et_pb_text][\/et_pb_column][\/et_pb_row][et_pb_row column_structure=\u00a0\u00bb1_3,1_3,1_3&Prime; _builder_version=\u00a0\u00bb4.21.0&Prime; _module_preset=\u00a0\u00bbdefault\u00a0\u00bb global_colors_info=\u00a0\u00bb{}\u00a0\u00bb][et_pb_column type=\u00a0\u00bb1_3&Prime; _builder_version=\u00a0\u00bb4.21.0&Prime; _module_preset=\u00a0\u00bbdefault\u00a0\u00bb global_colors_info=\u00a0\u00bb{}\u00a0\u00bb][et_pb_blurb title=\u00a0\u00bbProf. Dr. m\u00e9d. Armin von Gunten\u00a0\u00bb image=\u00a0\u00bbhttps:\/\/sgap-sppa.ch\/wp-content\/uploads\/2023\/12\/Vorstand_Armin_von_Gunten-1.jpg\u00a0\u00bb _builder_version=\u00a0\u00bb4.23.1&Prime; _module_preset=\u00a0\u00bbdefault\u00a0\u00bb global_colors_info=\u00a0\u00bb{}\u00a0\u00bb]<\/p>\n<p>Assesseur<strong><br \/><\/strong><\/p>\n<p>Centre hospitalier universitaire vaudois (CHUV)<br \/>Service universitaire de psychiatrie de l\u2019\u00e2ge avanc\u00e9 (SUPAA)<br \/>D\u00e9partement de psychiatrie<br \/>Site de Cery<br \/>1008 Prilly<\/p>\n<p>T\u00e9l. +41 21 643 62 67<br \/><a href=\"https:\/\/www.sgap-sppa.ch\/oeffentlichkeit\/vorstand#\" class=\"mail-link\" data-mailto-token=\"ocknvq,ctokp0xqp\/iwpvgpBejwx0ej\" data-mailto-vector=\"2\">armin.von-gunten@chuv.ch<\/a><\/p>\n<p>[\/et_pb_blurb][\/et_pb_column][et_pb_column type=\u00a0\u00bb1_3&Prime; _builder_version=\u00a0\u00bb4.21.0&Prime; _module_preset=\u00a0\u00bbdefault\u00a0\u00bb global_colors_info=\u00a0\u00bb{}\u00a0\u00bb][et_pb_blurb title=\u00a0\u00bbDr. m\u00e9d. Jacqueline Minder\u00a0\u00bb image=\u00a0\u00bbhttps:\/\/sgap-sppa.ch\/wp-content\/uploads\/2023\/12\/Vorstand_Jacqueline_Minder-1.jpg\u00a0\u00bb _builder_version=\u00a0\u00bb4.23.1&Prime; _module_preset=\u00a0\u00bbdefault\u00a0\u00bb global_colors_info=\u00a0\u00bb{}\u00a0\u00bb]<\/p>\n<p>Assesseur<strong><br \/><\/strong><\/p>\n<p>Integrierte Psychiatrie Winterthur &#8211; Z\u00fcricher Unterland (IPW)<br \/>Wieshofstr. 102<br \/>8408 Winterthur <\/p>\n<p>T\u00e9l. +41 52 224 35 22<br \/><a href=\"https:\/\/www.sgap-sppa.ch\/oeffentlichkeit\/vorstand#\" class=\"mail-link\" data-mailto-token=\"ocknvq,Lceswgnkpg0OkpfgtBkry0ej\" data-mailto-vector=\"2\">Jacqueline.Minder@ipw.ch<\/a><\/p>\n<p>[\/et_pb_blurb][\/et_pb_column][et_pb_column type=\u00a0\u00bb1_3&Prime; _builder_version=\u00a0\u00bb4.21.0&Prime; _module_preset=\u00a0\u00bbdefault\u00a0\u00bb global_colors_info=\u00a0\u00bb{}\u00a0\u00bb][et_pb_blurb title=\u00a0\u00bbProf. Dr. m\u00e9d. Paul G. Unschuld\u00a0\u00bb image=\u00a0\u00bbhttps:\/\/sgap-sppa.ch\/wp-content\/uploads\/2023\/12\/Vorstand_Paul_Unschuld-1.jpg\u00a0\u00bb _builder_version=\u00a0\u00bb4.23.1&Prime; _module_preset=\u00a0\u00bbdefault\u00a0\u00bb global_colors_info=\u00a0\u00bb{}\u00a0\u00bb]<\/p>\n<p>Assesseur<strong><br \/><\/strong><\/p>\n<p>Service de psychiatrie g\u00e9riatrique<br \/>D\u00e9partement de psychiatrie<br \/>H\u00f4pitaux Universitaires de Gen\u00e8ve<br \/>Chemin du Petit-Bel-Air<br \/>1226 Th\u00f4nex<\/p>\n<p>Tel: +41 22 305 50 13<br \/><a href=\"https:\/\/www.sgap-sppa.ch\/oeffentlichkeit\/vorstand#\" class=\"mail-link\" data-mailto-token=\"ocknvq,rcwn0wpuejwnfBjewig0ej\" data-mailto-vector=\"2\">paul.unschuld@hcuge.ch<\/a><\/p>\n<p>[\/et_pb_blurb][\/et_pb_column][\/et_pb_row][et_pb_row column_structure=\u00a0\u00bb1_3,1_3,1_3&Prime; _builder_version=\u00a0\u00bb4.21.0&Prime; _module_preset=\u00a0\u00bbdefault\u00a0\u00bb global_colors_info=\u00a0\u00bb{}\u00a0\u00bb][et_pb_column type=\u00a0\u00bb1_3&Prime; _builder_version=\u00a0\u00bb4.21.0&Prime; _module_preset=\u00a0\u00bbdefault\u00a0\u00bb global_colors_info=\u00a0\u00bb{}\u00a0\u00bb][et_pb_blurb title=\u00a0\u00bbProf. Dr. m\u00e9d. Stefan Kl\u00f6ppel\u00a0\u00bb image=\u00a0\u00bbhttps:\/\/sgap-sppa.ch\/wp-content\/uploads\/2023\/12\/Vorstand_Stefan_Kloeppel-1.jpg\u00a0\u00bb _builder_version=\u00a0\u00bb4.23.1&Prime; _module_preset=\u00a0\u00bbdefault\u00a0\u00bb global_colors_info=\u00a0\u00bb{}\u00a0\u00bb]<\/p>\n<p>Assesseur<strong><\/strong><strong><\/strong><\/p>\n<p>Universit\u00e4re Psychiatrische Dienste Bern (UPD)<br \/>Universit\u00e4tsklinik f\u00fcr Alterspsychiatrie<br \/>und Psychotherapie<br \/>Murtenstrasse 21<br \/>3008 Bern<\/p>\n<p>T\u00e9l. +41 31 632 88 17<br \/><a href=\"https:\/\/www.sgap-sppa.ch\/oeffentlichkeit\/vorstand#\" data-mailto-token=\"ocknvq,Uvghcp0MnqgrrgnBwrf0ej\" data-mailto-vector=\"2\">Stefan.Kloeppel@upd.ch<\/a><\/p>\n<p><a href=\"https:\/\/www.sgap-sppa.ch\/oeffentlichkeit\/vorstand#\" class=\"mail-link\" data-mailto-token=\"ocknvq,ctokp0xqp\/iwpvgpBejwx0ej\" data-mailto-vector=\"2\"><\/a><\/p>\n<p>[\/et_pb_blurb][\/et_pb_column][et_pb_column type=\u00a0\u00bb1_3&Prime; _builder_version=\u00a0\u00bb4.21.0&Prime; _module_preset=\u00a0\u00bbdefault\u00a0\u00bb global_colors_info=\u00a0\u00bb{}\u00a0\u00bb][et_pb_blurb title=\u00a0\u00bbDr. m\u00e9d. Franziska Wenger\u00a0\u00bb image=\u00a0\u00bbhttps:\/\/sgap-sppa.ch\/wp-content\/uploads\/2023\/12\/Vorstand_Franziska_Wenger-1.jpg\u00a0\u00bb _builder_version=\u00a0\u00bb4.23.1&Prime; _module_preset=\u00a0\u00bbdefault\u00a0\u00bb global_colors_info=\u00a0\u00bb{}\u00a0\u00bb]<\/p>\n<p>Assesseur<strong><\/strong><strong><\/strong><\/p>\n<p>Spital STS AG<br \/>Krankenhausstrasse 12<br \/>3600 Thun<\/p>\n<p>T\u00e9l. +41 58 636 47 11<br \/><a href=\"https:\/\/www.sgap-sppa.ch\/oeffentlichkeit\/vorstand#\" title=\"mailto:dieter.hofer@stsag.ch\" data-mailto-token=\"ocknvq,htcpbkumc0ygpigtBurkvcnuvuci0ej\" data-mailto-vector=\"2\">franziska.wenger@spitalstsag.ch<\/a><\/p>\n<p><a href=\"https:\/\/www.sgap-sppa.ch\/oeffentlichkeit\/vorstand#\" class=\"mail-link\" data-mailto-token=\"ocknvq,Lceswgnkpg0OkpfgtBkry0ej\" data-mailto-vector=\"2\"><\/a><\/p>\n<p>[\/et_pb_blurb][\/et_pb_column][et_pb_column type=\u00a0\u00bb1_3&Prime; _builder_version=\u00a0\u00bb4.21.0&Prime; _module_preset=\u00a0\u00bbdefault\u00a0\u00bb global_colors_info=\u00a0\u00bb{}\u00a0\u00bb][et_pb_blurb title=\u00a0\u00bbDr. med. Silvia Ten\u00e9s Reino\u00a0\u00bb image=\u00a0\u00bbhttps:\/\/sgap-sppa.ch\/wp-content\/uploads\/2023\/12\/Vorstand_Silvia_Tenes-1.jpg\u00a0\u00bb _builder_version=\u00a0\u00bb4.23.1&Prime; _module_preset=\u00a0\u00bbdefault\u00a0\u00bb global_colors_info=\u00a0\u00bb{}\u00a0\u00bb]<\/p>\n<p>Assesseur<strong><\/strong><strong><\/strong><\/p>\n<p>Psychiatrie Baselland<br \/>Bienentalstrasse 7<br \/>4410 Liestal<\/p>\n<p>T\u00e9l. +41 61 553 52 81<br \/><a href=\"https:\/\/www.sgap-sppa.ch\/oeffentlichkeit\/vorstand#\" class=\"mail-link\" data-mailto-token=\"ocknvq,uknxkc0vgpguBrdn0ej\" data-mailto-vector=\"2\">silvia.tenes@pbl.ch<\/a><\/p>\n<p><a href=\"https:\/\/www.sgap-sppa.ch\/oeffentlichkeit\/vorstand#\" class=\"mail-link\" data-mailto-token=\"ocknvq,rcwn0wpuejwnfBjewig0ej\" data-mailto-vector=\"2\"><\/a><\/p>\n<p>[\/et_pb_blurb][\/et_pb_column][\/et_pb_row][et_pb_row column_structure=\u00a0\u00bb1_3,1_3,1_3&Prime; _builder_version=\u00a0\u00bb4.21.0&Prime; _module_preset=\u00a0\u00bbdefault\u00a0\u00bb global_colors_info=\u00a0\u00bb{}\u00a0\u00bb][et_pb_column type=\u00a0\u00bb1_3&Prime; _builder_version=\u00a0\u00bb4.21.0&Prime; _module_preset=\u00a0\u00bbdefault\u00a0\u00bb global_colors_info=\u00a0\u00bb{}\u00a0\u00bb][et_pb_blurb title=\u00a0\u00bbPD Dr. med. Bernd Ibach\u00a0\u00bb image=\u00a0\u00bbhttps:\/\/sgap-sppa.ch\/wp-content\/uploads\/2023\/12\/Vorstand_Bernd_Ibach-1.jpg\u00a0\u00bb _builder_version=\u00a0\u00bb4.24.3&Prime; _module_preset=\u00a0\u00bbdefault\u00a0\u00bb global_colors_info=\u00a0\u00bb{}\u00a0\u00bb]<\/p>\n<p>Assesseur<strong><\/strong><strong><\/strong><strong><\/strong><\/p>\n<p>ancien m\u00e9decin-chef <strong><br \/><\/strong><a href=\"mailto:bernd.ibach@uzh.ch\">bernd.ibach@uzh.ch<\/a><\/p>\n<p><a href=\"https:\/\/www.sgap-sppa.ch\/oeffentlichkeit\/vorstand#\" data-mailto-token=\"ocknvq,Uvghcp0MnqgrrgnBwrf0ej\" data-mailto-vector=\"2\"><\/a><\/p>\n<p><a href=\"https:\/\/www.sgap-sppa.ch\/oeffentlichkeit\/vorstand#\" class=\"mail-link\" data-mailto-token=\"ocknvq,ctokp0xqp\/iwpvgpBejwx0ej\" data-mailto-vector=\"2\"><\/a><\/p>\n<p>[\/et_pb_blurb][\/et_pb_column][et_pb_column type=\u00a0\u00bb1_3&Prime; _builder_version=\u00a0\u00bb4.21.0&Prime; _module_preset=\u00a0\u00bbdefault\u00a0\u00bb global_colors_info=\u00a0\u00bb{}\u00a0\u00bb][et_pb_blurb title=\u00a0\u00bbDr. m\u00e9d. Jean-Luc Boss\u00a0\u00bb image=\u00a0\u00bbhttps:\/\/sgap-sppa.ch\/wp-content\/uploads\/2023\/12\/Vorstand_Jean_Luc_Boss-1.jpg\u00a0\u00bb _builder_version=\u00a0\u00bb4.23.1&Prime; _module_preset=\u00a0\u00bbdefault\u00a0\u00bb global_colors_info=\u00a0\u00bb{}\u00a0\u00bb]<\/p>\n<p>Tr\u00e9sorier<\/p>\n<p>Rue du Mont-Blanc 21<br \/>1201 Geneve<\/p>\n<p>Tel: +41 22-738 88 28<br \/><a href=\"https:\/\/www.sgap-sppa.ch\/oeffentlichkeit\/vorstand#\" class=\"mail-link\" data-mailto-token=\"ocknvq,lndquuBjkp0ej\" data-mailto-vector=\"2\">jlboss@hin.ch<\/a><\/p>\n<p><a href=\"https:\/\/www.sgap-sppa.ch\/oeffentlichkeit\/vorstand#\" title=\"mailto:dieter.hofer@stsag.ch\" data-mailto-token=\"ocknvq,htcpbkumc0ygpigtBurkvcnuvuci0ej\" data-mailto-vector=\"2\"><\/a><\/p>\n<p><a href=\"https:\/\/www.sgap-sppa.ch\/oeffentlichkeit\/vorstand#\" class=\"mail-link\" data-mailto-token=\"ocknvq,Lceswgnkpg0OkpfgtBkry0ej\" data-mailto-vector=\"2\"><\/a><\/p>\n<p>[\/et_pb_blurb][\/et_pb_column][et_pb_column type=\u00a0\u00bb1_3&Prime; _builder_version=\u00a0\u00bb4.21.0&Prime; _module_preset=\u00a0\u00bbdefault\u00a0\u00bb global_colors_info=\u00a0\u00bb{}\u00a0\u00bb][et_pb_blurb title=\u00a0\u00bbDr. m\u00e9d. Anton Gietl\u00a0\u00bb image=\u00a0\u00bbhttps:\/\/sgap-sppa.ch\/wp-content\/uploads\/2025\/06\/Vorstand_Gietl.jpg\u00a0\u00bb _builder_version=\u00a0\u00bb4.27.4&Prime; _module_preset=\u00a0\u00bbdefault\u00a0\u00bb global_colors_info=\u00a0\u00bb{}\u00a0\u00bb]<\/p>\n<p>Assesseur<\/p>\n<p>Psychiatrische Universit\u00e4tsklinik Z\u00fcrich<br \/>Alterspsychiatrie und Psychotherapie<br \/>Minervastrasse 145<br \/>8032 Z\u00fcrich<\/p>\n<p>Tel: +41 58 384 44 49<br \/><a href=\"https:\/\/www.sgap-sppa.ch\/oeffentlichkeit\/vorstand#\" class=\"mail-link\" data-mailto-token=\"ocknvq,lndquuBjkp0ej\" data-mailto-vector=\"2\">anton.gietl@pukzh.ch<\/a><\/p>\n<p><a href=\"https:\/\/www.sgap-sppa.ch\/oeffentlichkeit\/vorstand#\" title=\"mailto:dieter.hofer@stsag.ch\" data-mailto-token=\"ocknvq,htcpbkumc0ygpigtBurkvcnuvuci0ej\" data-mailto-vector=\"2\"><\/a><\/p>\n<p><a href=\"https:\/\/www.sgap-sppa.ch\/oeffentlichkeit\/vorstand#\" class=\"mail-link\" data-mailto-token=\"ocknvq,Lceswgnkpg0OkpfgtBkry0ej\" data-mailto-vector=\"2\"><\/a><\/p>\n<p>[\/et_pb_blurb][\/et_pb_column][\/et_pb_row][et_pb_row column_structure=\u00a0\u00bb1_3,1_3,1_3&Prime; _builder_version=\u00a0\u00bb4.21.0&Prime; _module_preset=\u00a0\u00bbdefault\u00a0\u00bb global_colors_info=\u00a0\u00bb{}\u00a0\u00bb][et_pb_column type=\u00a0\u00bb1_3&Prime; _builder_version=\u00a0\u00bb4.21.0&Prime; _module_preset=\u00a0\u00bbdefault\u00a0\u00bb global_colors_info=\u00a0\u00bb{}\u00a0\u00bb][et_pb_blurb title=\u00a0\u00bbDr. m\u00e9d. Rafael Meyer\u00a0\u00bb image=\u00a0\u00bbhttps:\/\/sgap-sppa.ch\/wp-content\/uploads\/2025\/06\/Vorstand_Rafael_Meyer.jpg\u00a0\u00bb _builder_version=\u00a0\u00bb4.27.4&Prime; _module_preset=\u00a0\u00bbdefault\u00a0\u00bb global_colors_info=\u00a0\u00bb{}\u00a0\u00bb]<\/p>\n<p>Assesseur<\/p>\n<p>Psychiatrische Diensta Aargau (PDAG)<br \/>K\u00f6nigsfelderstrasse 1<br \/>5210 Windisch<\/p>\n<p>Tel: +41 56 461 97 00<br \/><a>Rafael.Meyer@pdag.ch <\/a> <a href=\"https:\/\/www.sgap-sppa.ch\/oeffentlichkeit\/vorstand#\" class=\"mail-link\" data-mailto-token=\"ocknvq,lndquuBjkp0ej\" data-mailto-vector=\"2\"><\/a><\/p>\n<p>[\/et_pb_blurb][\/et_pb_column][et_pb_column type=\u00a0\u00bb1_3&Prime; _builder_version=\u00a0\u00bb4.21.0&Prime; _module_preset=\u00a0\u00bbdefault\u00a0\u00bb global_colors_info=\u00a0\u00bb{}\u00a0\u00bb][et_pb_blurb title=\u00a0\u00bbDr. Sacha Celik\u00a0\u00bb image=\u00a0\u00bbhttps:\/\/sgap-sppa.ch\/wp-content\/uploads\/2025\/06\/Vorstand_Sascha_Celik.jpg\u00a0\u00bb _builder_version=\u00a0\u00bb4.27.4&Prime; _module_preset=\u00a0\u00bbdefault\u00a0\u00bb global_colors_info=\u00a0\u00bb{}\u00a0\u00bb]<\/p>\n<p>Assesseur<\/p>\n<p>H\u00f4pital de Mal\u00e9voz<br \/>Route de Morgins 10<br \/>1870 Monthey<\/p>\n<p><a>sacha.celik@hopitalvs.ch<\/a><\/p>\n<p>[\/et_pb_blurb][\/et_pb_column][et_pb_column type=\u00a0\u00bb1_3&Prime; _builder_version=\u00a0\u00bb4.21.0&Prime; _module_preset=\u00a0\u00bbdefault\u00a0\u00bb global_colors_info=\u00a0\u00bb{}\u00a0\u00bb][\/et_pb_column][\/et_pb_row][\/et_pb_section]<\/p>\n","protected":false},"excerpt":{"rendered":"<p>Comit\u00e9Pr\u00e9sidenceCo-pr\u00e9sident Praxis f\u00fcr Alters- und NeuropsychiatrieKonsiliarpsychiatrie und PsychosomatikNeumattstrasse 155000 Aarau dan.georgescu@hin.ch Co-pr\u00e9sident Psychiatrische Universit\u00e4tsklinik Z\u00fcrichKlinik f\u00fcr AlterspsychiatrieMinervastrasse 1458032 Z\u00fcrich T\u00e9l. +41 44 389 16 58egemen.savaskan@pukzh.chVice-pr\u00e9sident Psychiatrische Dienste Graub\u00fcndenLo\u00ebstrasse 2207000 Chur [&hellip;]<\/p>\n","protected":false},"author":1,"featured_media":0,"parent":4816,"menu_order":0,"comment_status":"closed","ping_status":"closed","template":"","meta":{"_et_pb_use_builder":"on","_et_pb_old_content":"","_et_gb_content_width":"","footnotes":""},"class_list":["post-6508","page","type-page","status-publish","hentry"],"_links":{"self":[{"href":"https:\/\/sgap-sppa.ch\/fr\/wp-json\/wp\/v2\/pages\/6508","targetHints":{"allow":["GET"]}}],"collection":[{"href":"https:\/\/sgap-sppa.ch\/fr\/wp-json\/wp\/v2\/pages"}],"about":[{"href":"https:\/\/sgap-sppa.ch\/fr\/wp-json\/wp\/v2\/types\/page"}],"author":[{"embeddable":true,"href":"https:\/\/sgap-sppa.ch\/fr\/wp-json\/wp\/v2\/users\/1"}],"replies":[{"embeddable":true,"href":"https:\/\/sgap-sppa.ch\/fr\/wp-json\/wp\/v2\/comments?post=6508"}],"version-history":[{"count":16,"href":"https:\/\/sgap-sppa.ch\/fr\/wp-json\/wp\/v2\/pages\/6508\/revisions"}],"predecessor-version":[{"id":7965,"href":"https:\/\/sgap-sppa.ch\/fr\/wp-json\/wp\/v2\/pages\/6508\/revisions\/7965"}],"up":[{"embeddable":true,"href":"https:\/\/sgap-sppa.ch\/fr\/wp-json\/wp\/v2\/pages\/4816"}],"wp:attachment":[{"href":"https:\/\/sgap-sppa.ch\/fr\/wp-json\/wp\/v2\/media?parent=6508"}],"curies":[{"name":"wp","href":"https:\/\/api.w.org\/{rel}","templated":true}]}}