{"id":6534,"date":"2021-05-02T20:26:59","date_gmt":"2021-05-02T18:26:59","guid":{"rendered":"https:\/\/sgap-sppa.com\/protection-des-donnees\/"},"modified":"2024-01-03T09:29:48","modified_gmt":"2024-01-03T08:29:48","slug":"protection-des-donnees","status":"publish","type":"page","link":"https:\/\/sgap-sppa.ch\/fr\/protection-des-donnees\/","title":{"rendered":"D\u00e9claration de confidentialit\u00e9"},"content":{"rendered":"<p>[et_pb_section fb_built=\u00a0\u00bb1&Prime; module_class=\u00a0\u00bbpage-hero-section\u00a0\u00bb _builder_version=\u00a0\u00bb4.16&Prime; _module_preset=\u00a0\u00bbdefault\u00a0\u00bb saved_tabs=\u00a0\u00bball\u00a0\u00bb global_colors_info=\u00a0\u00bb{}\u00a0\u00bb][et_pb_row _builder_version=\u00a0\u00bb4.16&Prime; _module_preset=\u00a0\u00bbdefault\u00a0\u00bb global_colors_info=\u00a0\u00bb{}\u00a0\u00bb][et_pb_column type=\u00a0\u00bb4_4&Prime; _builder_version=\u00a0\u00bb4.16&Prime; _module_preset=\u00a0\u00bbdefault\u00a0\u00bb global_colors_info=\u00a0\u00bb{}\u00a0\u00bb][et_pb_text _builder_version=\u00a0\u00bb4.16&Prime; _module_preset=\u00a0\u00bbdefault\u00a0\u00bb global_colors_info=\u00a0\u00bb{}\u00a0\u00bb]<\/p>\n<h1>D\u00e9claration de confidentialit\u00e9<\/h1>\n<p>[\/et_pb_text][\/et_pb_column][\/et_pb_row][\/et_pb_section][et_pb_section fb_built=\u00a0\u00bb1&Prime; _builder_version=\u00a0\u00bb4.16&Prime; global_colors_info=\u00a0\u00bb{}\u00a0\u00bb][et_pb_row _builder_version=\u00a0\u00bb4.16&Prime; background_size=\u00a0\u00bbinitial\u00a0\u00bb background_position=\u00a0\u00bbtop_left\u00a0\u00bb background_repeat=\u00a0\u00bbrepeat\u00a0\u00bb global_colors_info=\u00a0\u00bb{}\u00a0\u00bb][et_pb_column type=\u00a0\u00bb4_4&Prime; _builder_version=\u00a0\u00bb4.16&Prime; custom_padding=\u00a0\u00bb|||\u00a0\u00bb global_colors_info=\u00a0\u00bb{}\u00a0\u00bb custom_padding__hover=\u00a0\u00bb|||\u00a0\u00bb][et_pb_text _builder_version=\u00a0\u00bb4.23.4&Prime; _module_preset=\u00a0\u00bbdefault\u00a0\u00bb global_colors_info=\u00a0\u00bb{}\u00a0\u00bb]<\/p>\n<h2>Responsable du contenu du site web<\/h2>\n<p><strong>Soci\u00e9t\u00e9<\/strong> <strong>Suisse de Psychiatrie et Psychoth\u00e9rapie de la Personne Ag\u00e9e<\/strong><\/p>\n<ul>\n<li><a href=\"https:\/\/sgap-sppa.ch\/fr\/mentions-legales\/\">Contact<\/a><\/li>\n<\/ul>\n<p>En vertu de l\u2019article 13 de la Constitution f\u00e9d\u00e9rale suisse et des dispositions f\u00e9d\u00e9rales relatives \u00e0 la protection des donn\u00e9es (loi sur la protection des donn\u00e9es, LPD), toute personne a droit \u00e0 la protection de sa sph\u00e8re priv\u00e9e ainsi qu\u2019\u00e0 la protection contre l\u2019emploi abusif de ses donn\u00e9es personnelles. L\u2019association Suisse de Psychiatrie et Psychoth\u00e9rapie de la Personne Ag\u00e9e (SPPA) respecte ces dispositions. Les donn\u00e9es personnelles sont trait\u00e9es de mani\u00e8re strictement confidentielle et ne sont ni vendues ni transmises \u00e0 des tiers. En \u00e9troite collaboration avec nos fournisseurs d\u2019h\u00e9bergement, nous nous effor\u00e7ons de prot\u00e9ger autant que possible les bases de donn\u00e9es contre les acc\u00e8s \u00e9trangers, les pertes, les abus ou les falsifications. Lors de l\u2019acc\u00e8s \u00e0 nos pages web, les donn\u00e9es suivantes sont enregistr\u00e9es dans des fichiers journaux : Adresse IP, date, heure, demande de navigateur et informations g\u00e9n\u00e9rales transmises sur le syst\u00e8me d\u2019exploitation ou le navigateur. Ces donn\u00e9es d\u2019utilisation constituent la base d\u2019\u00e9valuations statistiques anonymes, de sorte que des tendances sont identifiables, \u00e0 l\u2019aide desquelles nous pouvons am\u00e9liorer nos offres en cons\u00e9quence.       <\/p>\n<p>[\/et_pb_text][et_pb_text _builder_version=\u00a0\u00bb4.23.4&Prime; _module_preset=\u00a0\u00bbdefault\u00a0\u00bb global_colors_info=\u00a0\u00bb{}\u00a0\u00bb]<\/p>\n<h2>Vos droits de personne concern\u00e9e<\/h2>\n<p>Vous pouvez \u00e0 tout moment exercer les droits suivants en utilisant nos coordonn\u00e9es :<\/p>\n<ul>\n<li>Renseignements sur vos donn\u00e9es enregistr\u00e9es chez nous et sur leur traitement,<\/li>\n<li>Rectification des donn\u00e9es \u00e0 caract\u00e8re personnel inexactes,<\/li>\n<li>Suppression des donn\u00e9es que nous d\u00e9tenons \u00e0 votre sujet,<\/li>\n<li>la limitation du traitement des donn\u00e9es, dans la mesure o\u00f9 nous ne sommes pas encore autoris\u00e9s \u00e0 supprimer vos donn\u00e9es en raison d\u2019obligations l\u00e9gales,<\/li>\n<li>vous opposer au traitement de vos donn\u00e9es par nos soins et<\/li>\n<li>la portabilit\u00e9 des donn\u00e9es, dans la mesure o\u00f9 vous avez consenti au traitement des donn\u00e9es ou conclu un contrat avec nous.<\/li>\n<\/ul>\n<p>Si vous nous avez donn\u00e9 votre consentement, vous pouvez le r\u00e9voquer \u00e0 tout moment avec effet pour l\u2019avenir.<\/p>\n<p>[\/et_pb_text][et_pb_text _builder_version=\u00a0\u00bb4.23.4&Prime; _module_preset=\u00a0\u00bbdefault\u00a0\u00bb global_colors_info=\u00a0\u00bb{}\u00a0\u00bb]<\/p>\n<h2>Finalit\u00e9s du traitement des donn\u00e9es par l\u2019organisme responsable et les tiers<\/h2>\n<p>Nous ne traitons vos donn\u00e9es personnelles qu\u2019aux fins mentionn\u00e9es dans la pr\u00e9sente d\u00e9claration de confidentialit\u00e9. Vos donn\u00e9es personnelles ne sont pas transmises \u00e0 des tiers \u00e0 des fins autres que celles mentionn\u00e9es. Nous ne transmettons vos donn\u00e9es personnelles \u00e0 des tiers que si :  <\/p>\n<ul>\n<li>Vous avez donn\u00e9 votre consentement explicite \u00e0 cet effet,<\/li>\n<li>le traitement est n\u00e9cessaire \u00e0 l\u2019ex\u00e9cution d\u2019un contrat avec vous,<\/li>\n<li>le traitement est n\u00e9cessaire au respect d\u2019une obligation l\u00e9gale,<\/li>\n<li>le traitement est n\u00e9cessaire \u00e0 la sauvegarde d\u2019int\u00e9r\u00eats l\u00e9gitimes et qu\u2019il n\u2019existe aucune raison de penser que vous avez un int\u00e9r\u00eat l\u00e9gitime pr\u00e9pond\u00e9rant \u00e0 ce que vos donn\u00e9es ne soient pas divulgu\u00e9es.<\/li>\n<\/ul>\n<p>[\/et_pb_text][et_pb_text _builder_version=\u00a0\u00bb4.23.4&Prime; _module_preset=\u00a0\u00bbdefault\u00a0\u00bb global_colors_info=\u00a0\u00bb{}\u00a0\u00bb]<\/p>\n<h2>Suppression ou blocage des donn\u00e9es<\/h2>\n<p>Nous respectons les principes de pr\u00e9vention et d\u2019\u00e9conomie des donn\u00e9es. Nous ne conservons donc vos donn\u00e9es personnelles qu\u2019aussi longtemps que cela est n\u00e9cessaire pour atteindre les objectifs mentionn\u00e9s ici ou que le pr\u00e9voient les multiples d\u00e9lais de conservation pr\u00e9vus par le l\u00e9gislateur. Apr\u00e8s la disparition de la finalit\u00e9 respective ou l\u2019expiration de ces d\u00e9lais, les donn\u00e9es correspondantes sont bloqu\u00e9es ou effac\u00e9es de mani\u00e8re routini\u00e8re et conform\u00e9ment aux prescriptions l\u00e9gales.  <\/p>\n<p>[\/et_pb_text][et_pb_text _builder_version=\u00a0\u00bb4.23.4&Prime; _module_preset=\u00a0\u00bbdefault\u00a0\u00bb global_colors_info=\u00a0\u00bb{}\u00a0\u00bb]<\/p>\n<h2>Collecte d\u2019informations g\u00e9n\u00e9rales lors de la visite de notre site web<\/h2>\n<p>Nous collectons des informations sur chaque acc\u00e8s au serveur sur lequel se trouve ce service. Ces informations (fichiers journaux du serveur) comprennent par exemple le type de navigateur web, le syst\u00e8me d\u2019exploitation utilis\u00e9, le nom de domaine de votre fournisseur de services Internet et d\u2019autres informations similaires. Il s\u2019agit exclusivement d\u2019informations qui ne permettent pas de tirer des conclusions sur votre personne. Ces informations sont techniquement n\u00e9cessaires pour fournir correctement les contenus de pages web que vous avez demand\u00e9s et sont obligatoires lors de l\u2019utilisation d\u2019Internet. Elles sont notamment trait\u00e9es aux fins suivantes :    <\/p>\n<ul>\n<li>Assurer une connexion sans probl\u00e8me du site web,<\/li>\n<li>Assurer une bonne utilisation de notre site web,<\/li>\n<li>l\u2019\u00e9valuation de la s\u00e9curit\u00e9 et de la stabilit\u00e9 du syst\u00e8me, et<\/li>\n<li>\u00e0 d\u2019autres fins administratives.<\/li>\n<\/ul>\n<p>Le traitement de vos donn\u00e9es personnelles se fonde sur notre int\u00e9r\u00eat l\u00e9gitime d\u00e9coulant des objectifs de collecte de donn\u00e9es susmentionn\u00e9s. Nous n\u2019utilisons pas vos donn\u00e9es pour tirer des conclusions sur votre personne. Les destinataires des donn\u00e9es sont uniquement le service responsable et, le cas \u00e9ch\u00e9ant, les sous-traitants. Les informations anonymes de ce type sont \u00e9ventuellement \u00e9valu\u00e9es statistiquement par nos soins afin d\u2019optimiser notre site Internet et la technique qui le sous-tend.    <\/p>\n<p>En ce qui concerne notre site web, nous renvoyons \u00e9galement \u00e0 la d\u00e9claration de protection des donn\u00e9es de l\u2019h\u00e9bergeur Infomaniak Network AG, Rue Eug\u00e8ne Marziano 25, 1227 Les Acacias, Gen\u00e8ve, Suisse : <a href=\"https:\/\/www.infomaniak.com\/de\/agb\/datenschutzrichtlinien\">https:\/\/www.infomaniak.com\/de\/agb\/datenschutzrichtlinien<\/a><\/p>\n<p>[\/et_pb_text][et_pb_text _builder_version=\u00a0\u00bb4.23.4&Prime; _module_preset=\u00a0\u00bbdefault\u00a0\u00bb global_colors_info=\u00a0\u00bb{}\u00a0\u00bb]<\/p>\n<h2>Cookies<\/h2>\n<p>Comme de nombreux autres sites web, nous utilisons \u00e9galement des \u00ab cookies \u00bb. Les cookies sont de petits fichiers texte qui sont transf\u00e9r\u00e9s sur votre disque dur par un serveur de site web. Cela nous permet d\u2019obtenir automatiquement certaines donn\u00e9es telles que l\u2019adresse IP, le navigateur utilis\u00e9, le syst\u00e8me d\u2019exploitation et votre connexion \u00e0 Internet. Les cookies ne peuvent pas \u00eatre utilis\u00e9s pour lancer des programmes ou transmettre des virus \u00e0 un ordinateur. Gr\u00e2ce aux informations contenues dans les cookies, nous pouvons vous faciliter la navigation et vous permettre d\u2019afficher correctement nos pages web. En aucun cas, les donn\u00e9es que nous collectons ne sont transmises \u00e0 des tiers ou mises en relation avec des donn\u00e9es personnelles sans votre consentement. Bien entendu, vous pouvez en principe aussi consulter notre site web sans cookies. Les navigateurs Internet sont r\u00e9guli\u00e8rement configur\u00e9s de mani\u00e8re \u00e0 accepter les cookies. En g\u00e9n\u00e9ral, vous pouvez \u00e0 tout moment d\u00e9sactiver l\u2019utilisation de cookies en modifiant les param\u00e8tres de votre navigateur. Veuillez utiliser les fonctions d\u2019aide de votre navigateur Internet pour savoir comment modifier ces param\u00e8tres. Veuillez noter que certaines fonctions de notre site web peuvent ne pas fonctionner si vous avez d\u00e9sactiv\u00e9 l\u2019utilisation de cookies.          <\/p>\n<p>[\/et_pb_text][et_pb_text _builder_version=\u00a0\u00bb4.23.4&Prime; _module_preset=\u00a0\u00bbdefault\u00a0\u00bb global_colors_info=\u00a0\u00bb{}\u00a0\u00bb]<\/p>\n<h2>Mesures de s\u00e9curit\u00e9<\/h2>\n<p>Afin de prot\u00e9ger la s\u00e9curit\u00e9 de vos donn\u00e9es lors de leur transmission, nous utilisons des proc\u00e9dures de cryptage conformes \u00e0 l\u2019\u00e9tat actuel de la technique (par ex. SSL) via HTTPS.<\/p>\n<p>Nous prenons \u00e9galement les mesures techniques et organisationnelles (TOM) appropri\u00e9es afin de garantir un niveau de protection ad\u00e9quat. \u00c0 cet \u00e9gard, il est tenu compte de l\u2019\u00e9tat de la technique, des co\u00fbts de mise en \u0153uvre, de la nature, de la port\u00e9e, des circonstances et des finalit\u00e9s du traitement, ainsi que des diff\u00e9rents degr\u00e9s de probabilit\u00e9 et de gravit\u00e9 des risques que le traitement comporte pour les droits et libert\u00e9s des personnes physiques. <\/p>\n<p>Nous attirons votre attention sur le fait que des failles de s\u00e9curit\u00e9 ne peuvent jamais \u00eatre totalement exclues lors de la transmission de donn\u00e9es sur Internet.<\/p>\n<p>[\/et_pb_text][et_pb_text _builder_version=\u00a0\u00bb4.23.4&Prime; _module_preset=\u00a0\u00bbdefault\u00a0\u00bb global_colors_info=\u00a0\u00bb{}\u00a0\u00bb]<\/p>\n<h2>Prise de contact par formulaires en ligne et par t\u00e9l\u00e9phone<\/h2>\n<p>Si vous nous contactez par e-mail ou via le formulaire en ligne pour des questions de toute nature, vous nous donnez votre accord volontaire pour la prise de contact. Pour cela, il est n\u00e9cessaire d\u2019indiquer au moins une adresse e-mail valide. Celle-ci sert \u00e0 l\u2019attribution de la demande et \u00e0 la r\u00e9ponse ult\u00e9rieure \u00e0 celle-ci. D\u2019autres donn\u00e9es sont n\u00e9cessaires pour les demandes de conseil. Les donn\u00e9es que vous avez fournies sont enregistr\u00e9es dans le but de traiter la demande ainsi que pour d\u2019\u00e9ventuelles questions de suivi.    <\/p>\n<p>En ce qui concerne nos num\u00e9ros de t\u00e9l\u00e9phone, nous renvoyons \u00e9galement \u00e0 la d\u00e9claration de protection des donn\u00e9es de l\u2019op\u00e9rateur t\u00e9l\u00e9phonique Salt Mobile SA, Rue du Caudray 4, 1020 Renens, Suisse : <a href=\"https:\/\/www.salt.ch\/en\/legal\/privacy\">https:\/\/www.salt.ch\/en\/legal\/privacy<\/a><\/p>\n<p>[\/et_pb_text][et_pb_text _builder_version=\u00a0\u00bb4.23.4&Prime; _module_preset=\u00a0\u00bbdefault\u00a0\u00bb global_colors_info=\u00a0\u00bb{}\u00a0\u00bb]<\/p>\n<h2>Utilisation de Matomo<\/h2>\n<p>Ce site web utilise le service d\u2019analyse web Matomo de InnoCraft Ltd, 7 Waterloo Quay PO625, 6140 Wellington Nouvelle-Z\u00e9lande (\u00ab Matomo \u00bb).<\/p>\n<p>Matomo utilise des cookies et collecte ainsi des donn\u00e9es d\u2019utilisateur telles que votre adresse IP, le navigateur utilis\u00e9 et la dur\u00e9e de la session. Les donn\u00e9es collect\u00e9es sont trait\u00e9es exclusivement sur nos propres serveurs en Suisse et ne sont pas transmises \u00e0 des tiers. Nous utilisons Matomo pour l\u2019analyse web et la mesure d\u2019audience.  <\/p>\n<p>L\u2019utilisation se fait dans l\u2019int\u00e9r\u00eat l\u00e9gitime de l\u2019am\u00e9lioration de cette offre de site web, les principes selon les articles 6 et 8 de la nouvelle LPD CH sont respect\u00e9s.<\/p>\n<p>Pour plus d\u2019informations sur la protection des donn\u00e9es de Matomo, veuillez consulter : <a href=\"https:\/\/matomo.org\/privacy\/\">https:\/\/matomo.org\/privacy\/<\/a><\/p>\n<p>Il est possible d\u2019emp\u00eacher la mise en place des cookies d\u2019analyse en configurant le navigateur de mani\u00e8re \u00e0 ce qu\u2019il refuse tous les cookies, ce qui peut toutefois affecter les possibilit\u00e9s d\u2019utilisation de ce site web. Vous pouvez en outre vous opposer \u00e0 tout moment \u00e0 la collecte de donn\u00e9es anonymes par Matomo, avec effet pour l\u2019avenir, en d\u00e9sactivant la case ci-dessous. Un cookie opt-out sera alors d\u00e9pos\u00e9 dans votre navigateur, ce qui aura pour cons\u00e9quence que Matomo ne collectera plus de donn\u00e9es de session. Veuillez noter qu\u2019en cas de suppression g\u00e9n\u00e9rale des cookies, ce cookie opt-out sera \u00e9galement supprim\u00e9 et devra \u00eatre activ\u00e9 \u00e0 nouveau.   <\/p>\n<p>[\/et_pb_text][et_pb_code _builder_version=\u00a0\u00bb4.23.4&Prime; _module_preset=\u00a0\u00bbdefault\u00a0\u00bb hover_enabled=\u00a0\u00bb0&Prime; global_colors_info=\u00a0\u00bb{}\u00a0\u00bb sticky_enabled=\u00a0\u00bb0&Prime;]<p id=\"matomo_opted_out_intro\" style=\"display:none;\">Opt-out complete; your visits to this website will not be recorded by the Web Analytics tool. Note that if you clear your cookies, delete the opt-out cookie, or if you change computers or Web browsers, you will need to perform the opt-out procedure again.<\/p><p id=\"matomo_opted_in_intro\" >You may choose to prevent this website from aggregating and analyzing the actions you take here. Doing so will protect your privacy, but will also prevent the owner from learning from your actions and creating a better experience for you and other users.<\/p><form>\n        <input type=\"checkbox\" id=\"matomo_optout_checkbox\" checked=\"checked\"\/>\n        <label for=\"matomo_optout_checkbox\"><strong>\n        <span id=\"matomo_opted_in_label\" >You are not opted out. Uncheck this box to opt-out.<\/span>\n\t\t<span id=\"matomo_opted_out_label\" style=\"display:none;\">You are currently opted out. Check this box to opt-in.<\/span>\n        <\/strong><\/label><\/form><noscript><p><strong style=\"color: #ff0000;\">This opt out feature requires JavaScript.<\/strong><\/p><\/noscript><p id=\"matomo_outout_err_cookies\" style=\"display: none;\"><strong>The tracking opt-out feature requires cookies to be enabled.<\/strong><\/p>[\/et_pb_code][et_pb_text _builder_version=\u00a0\u00bb4.23.4&Prime; _module_preset=\u00a0\u00bbdefault\u00a0\u00bb global_colors_info=\u00a0\u00bb{}\u00a0\u00bb]<\/p>\n<h2>Modification de notre politique de confidentialit\u00e9<\/h2>\n<p>Nous nous r\u00e9servons le droit d\u2019adapter la pr\u00e9sente d\u00e9claration de protection des donn\u00e9es afin qu\u2019elle soit toujours conforme aux exigences l\u00e9gales actuelles ou afin de mettre en \u0153uvre les modifications de nos prestations dans la d\u00e9claration de protection des donn\u00e9es, par exemple lors de l\u2019introduction de nouveaux services. La nouvelle d\u00e9claration de protection des donn\u00e9es s\u2019appliquera alors \u00e0 votre nouvelle visite. <\/p>\n<p>[\/et_pb_text][et_pb_text _builder_version=\u00a0\u00bb4.23.4&Prime; _module_preset=\u00a0\u00bbdefault\u00a0\u00bb global_colors_info=\u00a0\u00bb{}\u00a0\u00bb]<\/p>\n<h2>Contact pour les questions de protection des donn\u00e9es<\/h2>\n<p>Si vous avez des questions concernant la protection des donn\u00e9es, veuillez nous envoyer un <a href=\"https:\/\/sgap-sppa.ch\/fr\/mentions-legales\/\">e-mail<\/a>.<\/p>\n<p>[\/et_pb_text][\/et_pb_column][\/et_pb_row][et_pb_row module_class=\u00a0\u00bbhideWhenLangDE\u00a0\u00bb _builder_version=\u00a0\u00bb4.23.4&Prime; _module_preset=\u00a0\u00bbdefault\u00a0\u00bb locked=\u00a0\u00bboff\u00a0\u00bb global_colors_info=\u00a0\u00bb{}\u00a0\u00bb][et_pb_column type=\u00a0\u00bb4_4&Prime; _builder_version=\u00a0\u00bb4.23.4&Prime; _module_preset=\u00a0\u00bbdefault\u00a0\u00bb global_colors_info=\u00a0\u00bb{}\u00a0\u00bb][et_pb_text module_class=\u00a0\u00bbbc-simple-tag\u00a0\u00bb _builder_version=\u00a0\u00bb4.23.4&Prime; _module_preset=\u00a0\u00bbdefault\u00a0\u00bb global_colors_info=\u00a0\u00bb{}\u00a0\u00bb]<\/p>\n<p>Traduit avec DeepL Pro<\/p>\n<p>[\/et_pb_text][\/et_pb_column][\/et_pb_row][\/et_pb_section]<\/p>\n","protected":false},"excerpt":{"rendered":"<p>D\u00e9claration de confidentialit\u00e9Responsable du contenu du site web Soci\u00e9t\u00e9 Suisse de Psychiatrie et Psychoth\u00e9rapie de la Personne Ag\u00e9e Contact En vertu de l\u2019article 13 de la Constitution f\u00e9d\u00e9rale suisse et [&hellip;]<\/p>\n","protected":false},"author":1,"featured_media":0,"parent":0,"menu_order":0,"comment_status":"closed","ping_status":"closed","template":"","meta":{"_et_pb_use_builder":"on","_et_pb_old_content":"","_et_gb_content_width":"","footnotes":""},"class_list":["post-6534","page","type-page","status-publish","hentry"],"_links":{"self":[{"href":"https:\/\/sgap-sppa.ch\/fr\/wp-json\/wp\/v2\/pages\/6534","targetHints":{"allow":["GET"]}}],"collection":[{"href":"https:\/\/sgap-sppa.ch\/fr\/wp-json\/wp\/v2\/pages"}],"about":[{"href":"https:\/\/sgap-sppa.ch\/fr\/wp-json\/wp\/v2\/types\/page"}],"author":[{"embeddable":true,"href":"https:\/\/sgap-sppa.ch\/fr\/wp-json\/wp\/v2\/users\/1"}],"replies":[{"embeddable":true,"href":"https:\/\/sgap-sppa.ch\/fr\/wp-json\/wp\/v2\/comments?post=6534"}],"version-history":[{"count":8,"href":"https:\/\/sgap-sppa.ch\/fr\/wp-json\/wp\/v2\/pages\/6534\/revisions"}],"predecessor-version":[{"id":6646,"href":"https:\/\/sgap-sppa.ch\/fr\/wp-json\/wp\/v2\/pages\/6534\/revisions\/6646"}],"wp:attachment":[{"href":"https:\/\/sgap-sppa.ch\/fr\/wp-json\/wp\/v2\/media?parent=6534"}],"curies":[{"name":"wp","href":"https:\/\/api.w.org\/{rel}","templated":true}]}}